{"id":35029,"date":"2021-03-11T20:02:52","date_gmt":"2021-03-11T23:02:52","guid":{"rendered":"https:\/\/www.ip.usp.br\/site\/?page_id=35029"},"modified":"2025-01-28T10:35:12","modified_gmt":"2025-01-28T13:35:12","slug":"ledis","status":"publish","type":"page","link":"https:\/\/www.ip.usp.br\/site\/ledis\/","title":{"rendered":"Laborat\u00f3rio de Etologia, Intera\u00e7\u00f5es Sociais e Desenvolvimento (LEDIS)"},"content":{"rendered":"<hr \/>\n<table style=\"border-collapse: collapse;width: 101.298%;height: 85px\">\n<tbody>\n<tr style=\"height: 85px\">\n<td style=\"width: 0.957314%;vertical-align: bottom;height: 85px\">\n<h1><\/h1>\n<\/td>\n<td style=\"width: 13.2154%;text-align: right;vertical-align: bottom;height: 85px\"><span style=\"text-align: right\"><img decoding=\"async\" class=\"wp-image-35162 size-thumbnail alignleft\" src=\"https:\/\/www.ip.usp.br\/site\/wp-content\/uploads\/2021\/03\/ledis-usp-150x150.jpg\" alt=\"\" width=\"150\" height=\"150\" srcset=\"https:\/\/www.ip.usp.br\/site\/wp-content\/uploads\/2021\/03\/ledis-usp-150x150.jpg 150w, https:\/\/www.ip.usp.br\/site\/wp-content\/uploads\/2021\/03\/ledis-usp-300x300.jpg 300w, https:\/\/www.ip.usp.br\/site\/wp-content\/uploads\/2021\/03\/ledis-usp-768x768.jpg 768w, https:\/\/www.ip.usp.br\/site\/wp-content\/uploads\/2021\/03\/ledis-usp.jpg 900w\" sizes=\"(max-width: 150px) 100vw, 150px\" \/><\/span><\/td>\n<td style=\"width: 0.829187%;text-align: right;vertical-align: bottom\"><span style=\"text-align: right\"><span style=\"color: #ffffff\">.<\/span>\u00a0<\/span><\/td>\n<td style=\"width: 83.172%;vertical-align: bottom;height: 85px;text-align: left\">\n<table style=\"border-collapse: collapse;width: 99.6974%\">\n<tbody>\n<tr>\n<td style=\"width: 85.2429%;text-align: left;vertical-align: bottom\">\n<h5 style=\"text-align: justify;line-height: 1.6\"><span style=\"text-align: right\">Av. Professor Mello de Moraes, 1721 \u2013 Sala 231, Bloco D<br \/>\n<\/span><span style=\"text-align: right\">Cidade Universit\u00e1ria \u2013 S\u00e3o Paulo, SP \u2013 05508-030<br \/>\n<\/span><span style=\"text-align: right\">Telefone: +55 11-3091-4444\/1551<br \/>\n<a class=\"oajrlxb2 g5ia77u1 qu0x051f esr5mh6w e9989ue4 r7d6kgcz rq0escxv nhd2j8a9 nc684nl6 p7hjln8o kvgmc6g5 cxmmr5t8 oygrvhab hcukyx3x jb3vyjys rz4wbd8a qt6c0cv9 a8nywdso i1ao9s8h esuyzwwr f1sip0of lzcic4wl py34i1dx gpro0wi8\" role=\"link\" href=\"mailto:ledisusp@gmail.com\" target=\"_blank\" rel=\"noopener\">ledisusp@gmail.com<\/a><\/span><\/h5>\n<\/td>\n<td style=\"width: 5.0276%;text-align: center;vertical-align: bottom\">\n<h5 style=\"line-height: 1.6\"><img decoding=\"async\" class=\"alignnone wp-image-35974\" style=\"text-align: center\" src=\"https:\/\/www.ip.usp.br\/site\/wp-content\/uploads\/2021\/06\/facebook_pq.png\" alt=\"\" width=\"30\" height=\"30\" \/><\/h5>\n<\/td>\n<td style=\"width: 5.1738%;text-align: center;vertical-align: bottom\">\n<h5 style=\"line-height: 1.6\"><a style=\"text-align: center\" href=\"https:\/\/www.instagram.com\/ledisusp\/\" target=\"_blank\" rel=\"noopener\"><img decoding=\"async\" class=\"alignnone wp-image-35978\" src=\"https:\/\/www.ip.usp.br\/site\/wp-content\/uploads\/2021\/06\/Instagram_pq.png\" alt=\"\" width=\"30\" height=\"30\" \/><\/a><\/h5>\n<\/td>\n<td style=\"width: 34.2564%;text-align: center;vertical-align: bottom\">\n<h5 style=\"line-height: 1.6\"><img loading=\"lazy\" decoding=\"async\" class=\"alignnone wp-image-36243\" style=\"text-align: center\" src=\"https:\/\/www.ip.usp.br\/site\/wp-content\/uploads\/2021\/07\/YouTube_pq.png\" alt=\"\" width=\"30\" height=\"30\" \/><\/h5>\n<\/td>\n<\/tr>\n<\/tbody>\n<\/table>\n<\/td>\n<td style=\"width: 1.8778%;text-align: right;vertical-align: bottom;height: 85px\"><span style=\"text-align: right\">\u00a0<\/span><\/p>\n<p>&nbsp;<\/td>\n<\/tr>\n<\/tbody>\n<\/table>\n<hr \/>\n<h5 style=\"text-align: justify;line-height: 1.6\"><span style=\"color: #333333\">O Laborat\u00f3rio de Etologia, Intera\u00e7\u00f5es Sociais e Desenvolvimento (LEDIS) foi criado em 2018 para formalizar um grupo de pesquisa que j\u00e1 funcionava havia cerca de 10 anos. Focamos no estudo etol\u00f3gico de intera\u00e7\u00f5es sociais envolvendo aprendizagem, trajet\u00f3rias de desenvolvimento e plasticidade. Visamos alavancar a compreens\u00e3o sobre os fen\u00f4menos comportamentais, as previs\u00f5es que possam ser feitas, e as interven\u00e7\u00f5es que possam ser elaboradas para problemas encontrados em diferentes \u00e1reas, desde situa\u00e7\u00f5es ligadas \u00e0 conserva\u00e7\u00e3o de animais silvestres, intera\u00e7\u00f5es entre animais humanos e n\u00e3o-humanos, e intera\u00e7\u00f5es envolvendo crian\u00e7as em diferentes contextos sociais.<\/span><\/h5>\n<table style=\"border-collapse: collapse;width: 100%\">\n<tbody>\n<tr>\n<td style=\"width: 28.6342%\">\n<h5 style=\"text-align: center\"><span style=\"color: #008000\"><a style=\"color: #008000\" href=\"https:\/\/www.youtube.com\/watch?v=ZuUwoOooPmE&amp;list=PLuAU_91kfxZmudblaqtjoBE1wbi7VnP-x\">CONHECENDO O LEDIS<\/a><\/span><\/h5>\n<h5 style=\"text-align: center\"><img loading=\"lazy\" decoding=\"async\" class=\"wp-image-36294\" src=\"https:\/\/www.ip.usp.br\/site\/wp-content\/uploads\/2021\/07\/Captura-de-Tela-2021-07-04-a\u0300s-01.14.42-e1625372554375.png\" alt=\"\" width=\"340\" height=\"190\" \/><br \/>\n<span style=\"color: #800000\"><a style=\"color: #800000\" href=\"https:\/\/www.youtube.com\/watch?v=ZuUwoOooPmE&amp;list=PLuAU_91kfxZmudblaqtjoBE1wbi7VnP-x\">clique aqui<\/a><\/span><\/h5>\n<h5 style=\"text-align: justify;line-height: 1.6\"><span style=\"text-align: right\">\u00a0<\/span><\/h5>\n<\/td>\n<td style=\"width: 71.3658%\">\n<h4 style=\"text-align: justify;line-height: 1.6\"><span style=\"color: #008000\">Objetivos<\/span><\/h4>\n<ul style=\"list-style-type: square\">\n<li style=\"text-align: justify\">\n<h5 style=\"line-height: 1.6;text-align: left\"><span style=\"color: #333333\">Ensino: pretendemos continuar a formar alunas e alunos de gradua\u00e7\u00e3o, em projetos de inicia\u00e7\u00e3o cient\u00edfica, nas disciplinas de Treino de Pesquisa em Etologia, na Tutoria, bem como de p\u00f3s-gradua\u00e7\u00e3o, em projetos de mestrado e doutorado<\/span><\/h5>\n<\/li>\n<li style=\"text-align: left\">\n<h5 style=\"text-align: justify;line-height: 1.6\"><span style=\"color: #333333\">Pesquisa: o objetivo de nossa pesquisa \u00e9 responder como as trajet\u00f3rias de desenvolvimento de configuram a partir da altera\u00e7\u00e3o social\/f\u00edsica do ambiente em diferentes contextos e em diferentes esp\u00e9cies.<\/span><\/h5>\n<\/li>\n<li>\n<h5 style=\"line-height: 1.6;text-align: left\"><span style=\"color: #333333\">Extens\u00e3o: No LEDIS, realizamos programas de extens\u00e3o que visam a:<\/span><br \/>\n<span style=\"color: #333333\"><span style=\"color: #008000\">1) <\/span>promover a\u00e7\u00f5es educativas que estimulem uma conviv\u00eancia mais harmoniosa entre humanos e outros animais em parques, escolas, coletivos;<\/span><br \/>\n<span style=\"color: #333333\"><span style=\"color: #008000\">2)<\/span> promover encontro inter\u00e9tnicos para valoriza\u00e7\u00e3o de toler\u00e2ncia via constru\u00e7\u00e3o de um espa\u00e7o psicol\u00f3gico interindividual;<\/span><br \/>\n<span style=\"color: #333333\"><span style=\"color: #008000\">3) <\/span>levar o estudo da etologia ao ensino fundamental\/m\u00e9dio;<\/span><br \/>\n<span style=\"color: #333333\"><span style=\"color: #008000\">4) <\/span>divulga\u00e7\u00e3o cient\u00edfica por meio de linguagem informal e acess\u00edvel, por meio das nossas redes sociais.<\/span><\/h5>\n<\/li>\n<\/ul>\n<\/td>\n<\/tr>\n<\/tbody>\n<\/table>\n<div id=\"hover-overlays\" class=\"style-scope ytd-playlist-thumbnail\" style=\"text-align: center\"><\/div>\n<h4 style=\"text-align: justify;line-height: 1.6\"><span style=\"color: #008000\">Coordena\u00e7\u00e3o<\/span><\/h4>\n<h5 style=\"text-align: justify;line-height: 1.6\"><span style=\"color: #333333\">Profa. Dra. <span style=\"text-decoration: underline\"><a style=\"color: #333333;text-decoration: underline\" href=\"https:\/\/www.ip.usp.br\/site\/briseida-dogo-de-resende\/\">Briseida D\u00f4go de Resende<\/a><\/span><\/span><br \/>\n<span style=\"color: #333333\">Profa. Dra. <span style=\"text-decoration: underline\"><a style=\"color: #333333;text-decoration: underline\" href=\"https:\/\/www.ip.usp.br\/site\/patricia-izar\/\">Patr\u00edcia Izar<\/a><\/span><\/span><\/h5>\n","protected":false},"excerpt":{"rendered":"<p>.\u00a0 Av. Professor Mello de Moraes, 1721 \u2013 Sala 231, Bloco D Cidade Universit\u00e1ria \u2013 S\u00e3o Paulo, SP \u2013 05508-030 Telefone: +55 11-3091-4444\/1551 ledisusp@gmail.com \u00a0 &nbsp; O Laborat\u00f3rio de Etologia, Intera\u00e7\u00f5es Sociais e Desenvolvimento (LEDIS) foi criado em 2018 para formalizar um grupo de pesquisa que j\u00e1 funcionava havia cerca de 10 anos. Focamos no [&hellip;]<\/p>\n","protected":false},"author":2,"featured_media":35210,"parent":0,"menu_order":0,"comment_status":"closed","ping_status":"closed","template":"","meta":{"_acf_changed":false,"footnotes":""},"categories":[492,401],"tags":[1513,1948,547,1950,1949,1030,423,1951],"class_list":["post-35029","page","type-page","status-publish","has-post-thumbnail","hentry","category-departamento-de-psicologia-experimental","category-laboratorios-2","tag-aprendizagem","tag-desenvolvimento","tag-etologia","tag-interacaosocial","tag-laboratorio","tag-ledis","tag-pesquisa","tag-plasticidade"],"acf":[],"jetpack_sharing_enabled":true,"_links":{"self":[{"href":"https:\/\/www.ip.usp.br\/site\/wp-json\/wp\/v2\/pages\/35029","targetHints":{"allow":["GET"]}}],"collection":[{"href":"https:\/\/www.ip.usp.br\/site\/wp-json\/wp\/v2\/pages"}],"about":[{"href":"https:\/\/www.ip.usp.br\/site\/wp-json\/wp\/v2\/types\/page"}],"author":[{"embeddable":true,"href":"https:\/\/www.ip.usp.br\/site\/wp-json\/wp\/v2\/users\/2"}],"replies":[{"embeddable":true,"href":"https:\/\/www.ip.usp.br\/site\/wp-json\/wp\/v2\/comments?post=35029"}],"version-history":[{"count":94,"href":"https:\/\/www.ip.usp.br\/site\/wp-json\/wp\/v2\/pages\/35029\/revisions"}],"predecessor-version":[{"id":49741,"href":"https:\/\/www.ip.usp.br\/site\/wp-json\/wp\/v2\/pages\/35029\/revisions\/49741"}],"wp:featuredmedia":[{"embeddable":true,"href":"https:\/\/www.ip.usp.br\/site\/wp-json\/wp\/v2\/media\/35210"}],"wp:attachment":[{"href":"https:\/\/www.ip.usp.br\/site\/wp-json\/wp\/v2\/media?parent=35029"}],"wp:term":[{"taxonomy":"category","embeddable":true,"href":"https:\/\/www.ip.usp.br\/site\/wp-json\/wp\/v2\/categories?post=35029"},{"taxonomy":"post_tag","embeddable":true,"href":"https:\/\/www.ip.usp.br\/site\/wp-json\/wp\/v2\/tags?post=35029"}],"curies":[{"name":"wp","href":"https:\/\/api.w.org\/{rel}","templated":true}]}}