{"id":35877,"date":"2021-06-08T18:58:09","date_gmt":"2021-06-08T21:58:09","guid":{"rendered":"https:\/\/www.ip.usp.br\/site\/?page_id=35877"},"modified":"2024-06-17T16:54:18","modified_gmt":"2024-06-17T19:54:18","slug":"coletivo-da-pos-do-ipusp","status":"publish","type":"page","link":"https:\/\/www.ip.usp.br\/site\/coletivo-da-pos-do-ipusp\/","title":{"rendered":"Coletivo da P\u00f3s do IPUSP"},"content":{"rendered":"<table style=\"border-collapse: collapse;width: 100%\">\n<tbody>\n<tr>\n<td style=\"width: 25%;text-align: center;vertical-align: middle\"><a href=\"http:\/\/www.facebook.com\/coletivodapodoipusp\"><img decoding=\"async\" class=\"alignnone wp-image-35974 size-full\" src=\"https:\/\/www.ip.usp.br\/site\/wp-content\/uploads\/2021\/06\/facebook_pq.png\" alt=\"\" width=\"85\" height=\"85\" \/><\/a><\/td>\n<td style=\"width: 25%;text-align: center;vertical-align: middle\"><a href=\"https:\/\/www.instagram.com\/coletivodaposdoipusp\/\"><img decoding=\"async\" class=\"alignnone size-large wp-image-35978\" src=\"https:\/\/www.ip.usp.br\/site\/wp-content\/uploads\/2021\/06\/Instagram_pq.png\" alt=\"\" width=\"85\" height=\"85\" \/><\/a><\/td>\n<td style=\"width: 25%;text-align: center;vertical-align: middle\">\n<h4><a href=\"coletivodaposdoipusp@gmail.com\"><img decoding=\"async\" class=\"alignnone size-full wp-image-36018\" src=\"https:\/\/www.ip.usp.br\/site\/wp-content\/uploads\/2021\/06\/gmail_pq-1.png\" alt=\"\" width=\"84\" height=\"85\" \/><\/a><\/h4>\n<h4><a href=\"mailto:coletivodaposdoipusp@gmail.com\">coletivodaposdoipusp@gmail.com<\/a><\/h4>\n<\/td>\n<td style=\"width: 25%;text-align: center;vertical-align: bottom\"><\/td>\n<\/tr>\n<\/tbody>\n<\/table>\n<p><img loading=\"lazy\" decoding=\"async\" class=\"alignnone wp-image-35884 size-large\" src=\"https:\/\/www.ip.usp.br\/site\/wp-content\/uploads\/2021\/06\/Coletivo2020-1024x396.png\" alt=\"\" width=\"1024\" height=\"396\" \/><\/p>\n<p>&nbsp;<\/p>\n<ul style=\"list-style-type: square\">\n<li>\n<h4><span style=\"text-decoration: underline\"><span style=\"color: #333399;text-decoration: underline\"><a style=\"color: #333399;text-decoration: underline\" href=\"https:\/\/www.instagram.com\/p\/Cv-EL6SOyGA\/?img_index=7\"><span style=\"font-family: inherit;font-size: inherit\">Conhe\u00e7a a gest\u00e3o de RDs 2023\/2024 \u00a0\u2013\u00a0 clique aqui<\/span><\/a><\/span><\/span><\/h4>\n<\/li>\n<li>\n<h4><span style=\"text-decoration: underline\"><span style=\"color: #333399;text-decoration: underline\"><a style=\"color: #333399;text-decoration: underline\" href=\"https:\/\/www.instagram.com\/p\/CgK3oL_A8Ew\/?img_index=1\">Conheca a gest\u00e3o de Rds 2022\/2023 \u00a0\u2013\u00a0 clique aqui<\/a><\/span><\/span><\/h4>\n<\/li>\n<\/ul>\n<p><strong><span style=\"color: #008000\">Como participar e onde nos encontrar?<\/span><\/strong><\/p>\n<p>Voc\u00ea pode nos acompanhar nas redes sociais para conhecer e participar do Coletivo da P\u00f3s do IPUSP, ficar por dentro das reuni\u00f5es que acontecem no formato virtual, com assuntos de interesse de todos n\u00f3s, p\u00f3s-graduandas e p\u00f3s-graduandos!<\/p>\n<table style=\"border-collapse: collapse;width: 100%\">\n<tbody>\n<tr>\n<td style=\"width: 4.87805%\"><\/td>\n<td style=\"width: 91.1922%\">\n<h4><strong><span style=\"color: #008000\">Como come\u00e7ou<\/span><\/strong><span style=\"color: #008000\">&#8230;<\/span><\/h4>\n<p style=\"text-align: justify\">Ao longo de sua trajet\u00f3ria acad\u00eamica, estudantes da P\u00f3s-Gradua\u00e7\u00e3o do Instituto de Psicologia sentiram a necessidade de construir novas intera\u00e7\u00f5es, novas parcerias e novas conex\u00f5es.<\/p>\n<p style=\"text-align: justify\">Dessa forma, surgiu o Coletivo da P\u00f3s-Gradua\u00e7\u00e3o do IPUSP, que vem se organizando desde 2017 como um espa\u00e7o de acolhimento e auto-organiza\u00e7\u00e3o de estudantes de mestrado e doutorado em torno de suas demandas, pautas e propostas.<\/p>\n<p><strong><span style=\"color: #008000\">Conex\u00f5es que geram fortalecimentos, decis\u00f5es democr\u00e1ticas<\/span><\/strong><span style=\"color: #008000\">&#8230;<\/span><\/p>\n<p>Assim s\u00e3o as reuni\u00f5es do coletivo e dos representantes discentes, um espa\u00e7o de constru\u00e7\u00e3o, acolhimento, mobiliza\u00e7\u00f5es e representa\u00e7\u00f5es nas comiss\u00f5es do IP.<\/p>\n<p>Nos organizamos para tornar a forma\u00e7\u00e3o na p\u00f3s-gradua\u00e7\u00e3o um processo mais coletivo, compartilhado e solid\u00e1rio, facilitando tamb\u00e9m a participa\u00e7\u00e3o nos espa\u00e7os de representa\u00e7\u00e3o discente e de tomada de decis\u00e3o no Instituto.<\/p>\n<p>No \u00faltimo per\u00edodo, participamos das principais discuss\u00f5es na USP, realizamos reuni\u00f5es peri\u00f3dicas, criamos espa\u00e7os de debate e socializa\u00e7\u00e3o, e organizamos os acolhimentos aos\/\u00e0s ingressantes na p\u00f3s-gradua\u00e7\u00e3o.<\/p>\n<p>Nossas principais pautas s\u00e3o a defesa da educa\u00e7\u00e3o p\u00fablica e de qualidade, a democratiza\u00e7\u00e3o do acesso \u00e0 P\u00f3s-Gradua\u00e7\u00e3o e a aprova\u00e7\u00e3o de cotas \u00e9tnico-raciais, a cria\u00e7\u00e3o de uma sala da p\u00f3s no IPUSP, e a cria\u00e7\u00e3o de pol\u00edticas de aten\u00e7\u00e3o \u00e0 sa\u00fade mental na universidade.<\/p>\n<p><strong><span style=\"color: #008000\">Como se candidatar \u00e0 Representa\u00e7\u00e3o Discente (RD)<\/span><\/strong><\/p>\n<p>Os alunos se candidatam \u00e0s elei\u00e7\u00f5es manifestando seu interesse em participar de uma das comiss\u00f5es dos <a href=\"https:\/\/www.ip.usp.br\/site\/colegiados\/\">\u00f3rg\u00e3os colegiados<\/a> do IP e pautando demandas importantes para a comunidade discente uspiana.<\/p>\n<p><span style=\"color: #008000\"><strong>As comiss\u00f5es do IPUSP s\u00e3o<\/strong>:<\/span><\/p>\n<table style=\"border-collapse: collapse;width: 99.717%;height: 537px\">\n<tbody>\n<tr style=\"height: 80px\">\n<td style=\"width: 33.3333%;text-align: center;height: 80px;border-color: #0a5227;border-style: double;background-color: #edf7ff\"><span style=\"color: #000000\"><span style=\"color: #f7fcde\">.<\/span><br \/>\n<span style=\"color: #008000\"><a style=\"color: #008000\" href=\"https:\/\/www.ip.usp.br\/site\/congregacao\/\" target=\"_blank\" rel=\"noopener\"><strong>CONGREGA\u00c7\u00c3O<\/strong><\/a><\/span><br \/>\n<span style=\"color: #f7fcde\">.<\/span><\/span><\/td>\n<td style=\"width: 33.3333%;text-align: center;height: 80px;border-color: #0a5227;border-style: double;background-color: #edf7ff\"><a href=\"https:\/\/www.ip.usp.br\/site\/pos_graduacao\/comissao-de-pos-graduacao-cpg\/\" target=\"_blank\" rel=\"noopener\"><span style=\"color: #000000\"><strong><span style=\"color: #008000\">CPG<\/span><br \/>\n<\/strong><\/span><span style=\"color: #000000\">Comiss\u00e3o de P\u00f3s-Gradua\u00e7\u00e3o<\/span><\/a><\/td>\n<td style=\"width: 34.8015%;text-align: center;height: 80px;border-color: #0a5227;border-style: double;background-color: #edf7ff\"><span style=\"color: #000000\"><span style=\"color: #f7fcde\">.<\/span><br \/>\n<a href=\"https:\/\/www.ip.usp.br\/site\/conselho-tecnico-administrativo-cta\/\" target=\"_blank\" rel=\"noopener\"><span style=\"color: #008000\"><strong>CTA<\/strong><\/span><\/a><br \/>\n<\/span><a href=\"https:\/\/www.ip.usp.br\/site\/conselho-tecnico-administrativo-cta\/\" target=\"_blank\" rel=\"noopener\"><span style=\"color: #000000\">Conselho<\/span><\/a><br \/>\n<span style=\"color: #000000\"><a style=\"color: #000000\" href=\"https:\/\/www.ip.usp.br\/site\/conselho-tecnico-administrativo-cta\/\" target=\"_blank\" rel=\"noopener\">T\u00e9cnico-Administrativo<\/a><br \/>\n<span style=\"color: #f7fcde\">.<\/span><br \/>\n<\/span><\/td>\n<\/tr>\n<tr style=\"height: 120px\">\n<td style=\"width: 33.3333%;text-align: center;height: 120px;border-color: #0a5227;border-style: double;background-color: #edf7ff\"><span style=\"color: #000000\"><span style=\"color: #f7fcde\">.<\/span><br \/>\n<span style=\"color: #008000\"><a style=\"color: #008000\" href=\"https:\/\/www.ip.usp.br\/site\/comissao-de-coordenacao-do-programa-do-psa-ccp-psa\/\"><strong>CCP-PSA<\/strong><\/a><\/span><br \/>\n<\/span><span style=\"color: #000000\"><a style=\"color: #000000\" href=\"https:\/\/www.ip.usp.br\/site\/comissao-de-coordenacao-do-programa-do-psa-ccp-psa\/\" target=\"_blank\" rel=\"noopener\">Comiss\u00e3o Coordenadora<br \/>\ndo Programa de<br \/>\nPsicologia Escolar e do Desenvolvimento Humano<br \/>\n<\/a><span style=\"color: #f7fcde\">.<\/span><a style=\"color: #000000\" href=\"https:\/\/www.ip.usp.br\/site\/comissao-de-coordenacao-do-programa-do-psa-ccp-psa\/\"><br \/>\n<\/a><\/span><\/td>\n<td style=\"width: 33.3333%;text-align: center;height: 120px;border-color: #0a5227;border-style: double;background-color: #edf7ff\"><a href=\"https:\/\/www.ip.usp.br\/site\/comissao-de-coordenacao-do-programa-do-psc-ccp-psc\/\" target=\"_blank\" rel=\"noopener\"><strong><span style=\"color: #000000\"><span style=\"color: #008000\">CCP-PSC<\/span><br \/>\n<\/span><\/strong><span style=\"color: #000000\">Comiss\u00e3o Coordenadora<br \/>\ndo Programa de<br \/>\nPsicologia Cl\u00ednica<\/span><\/a><\/td>\n<td style=\"width: 34.8015%;text-align: center;height: 120px;border-color: #0a5227;border-style: double;background-color: #edf7ff\"><a href=\"https:\/\/www.ip.usp.br\/site\/comissao-de-coordenacao-do-programa-de-pos-graduacao-do-pse-ccp-pse\/\" target=\"_blank\" rel=\"noopener\"><strong><span style=\"color: #000000\"><span style=\"color: #008000\">CCP-PSE<\/span><br \/>\n<\/span><\/strong><span style=\"color: #000000\">Comiss\u00e3o Coordenadora<br \/>\ndo Programa de<br \/>\nPsicologia Experimental<\/span><\/a><\/td>\n<\/tr>\n<tr style=\"height: 94px\">\n<td style=\"width: 33.3333%;text-align: center;height: 94px;border-color: #0a5227;border-style: double;background-color: #edf7ff\"><span style=\"color: #f7fcde\">.<\/span><strong><span style=\"color: #000000\"><br \/>\n<\/span><\/strong><a href=\"https:\/\/www.ip.usp.br\/site\/comissao-coordenadora-do-programa-de-pos-graduacao-do-pst-ccp-pst\/\" target=\"_blank\" rel=\"noopener\"><strong><span style=\"color: #000000\"><span style=\"color: #008000\">CCP-PST<\/span><br \/>\n<\/span><\/strong><\/a><span style=\"color: #000000\">Comiss\u00e3o Coordenadora<\/span><br \/>\n<span style=\"color: #000000\">do Programa de<\/span><br \/>\n<span style=\"color: #000000\">Psicologia Social<br \/>\n<span style=\"color: #f7fcde\">.<\/span><\/span><\/td>\n<td style=\"width: 33.3333%;height: 94px;text-align: center;border-color: #0a5227;border-style: double;background-color: #edf7ff\"><strong><span style=\"color: #000000\"><span style=\"color: #008000\"><a style=\"color: #008000\" href=\"https:\/\/www.ip.usp.br\/site\/comissao-coordenadora-nec\/\">CCP-NEC<\/a><\/span><br \/>\n<\/span><\/strong><span style=\"color: #000000\"><a style=\"color: #000000\" href=\"https:\/\/www.ip.usp.br\/site\/comissao-coordenadora-nec\/\">Comiss\u00e3o Coordenadora<br \/>\ndo Programa de P\u00f3s-Gradua\u00e7\u00e3o do NEC <\/a><\/span><\/td>\n<td style=\"width: 34.8015%;text-align: center;height: 94px;border-color: #0a5227;border-style: double;background-color: #edf7ff\"><strong><span style=\"color: #000000\"><span style=\"color: #008000\"><a style=\"color: #008000\" href=\"https:\/\/www.ip.usp.br\/site\/comite-de-etica-em-pesquisa-com-seres-humanos-ceph\/\">CEPH<\/a><\/span><br \/>\n<\/span><\/strong><span style=\"color: #000000\"><a style=\"color: #000000\" href=\"https:\/\/www.ip.usp.br\/site\/comite-de-etica-em-pesquisa-com-seres-humanos-ceph\/\">Comit\u00ea de \u00c9tica<br \/>\nem Pesquisa com<br \/>\nSeres Humanos\u00a0<\/a><\/span><\/td>\n<\/tr>\n<tr style=\"height: 65px\">\n<td style=\"width: 33.3333%;text-align: center;height: 65px;border-color: #0a5227;border-style: double;background-color: #edf7ff\"><span style=\"color: #f7fcde\">.<\/span><strong><span style=\"color: #000000\"><br \/>\n<span style=\"color: #008000\"><a style=\"color: #008000\" href=\"https:\/\/www.ip.usp.br\/site\/membros-8\/\">CEUA<\/a><\/span><br \/>\n<\/span><\/strong><span style=\"color: #000000\"><a style=\"color: #000000\" href=\"https:\/\/www.ip.usp.br\/site\/membros-8\/\">Comit\u00ea de \u00c9tica no<br \/>\nUso de Animais<\/a><br \/>\n<span style=\"color: #f7fcde\">.<\/span><\/span><\/td>\n<td style=\"width: 33.3333%;height: 65px;text-align: center;border-color: #0a5227;border-style: double;background-color: #edf7ff\"><a href=\"https:\/\/www.ip.usp.br\/site\/membros-7\/\" target=\"_blank\" rel=\"noopener\"><strong><span style=\"color: #000000\"><span style=\"color: #008000\">COPESQIP<\/span><br \/>\n<\/span><\/strong><span style=\"color: #000000\">Comiss\u00e3o de Pesquisa<\/span><\/a><\/td>\n<td style=\"width: 34.8015%;height: 65px;text-align: center;border-color: #0a5227;border-style: double;background-color: #edf7ff\"><strong><span style=\"color: #000000\"><span style=\"color: #008000\">MUSEU DE PSICOLOGIA<\/span><br \/>\n<\/span><\/strong><span style=\"color: #000000\">Conselho Consultivo<br \/>\n<\/span><\/td>\n<\/tr>\n<\/tbody>\n<\/table>\n<p><span style=\"color: #ffffff\">.<\/span><\/p>\n<div class=\"nZSzR\">\n<div class=\"AFWDX\">\n<div class=\"QBdPU \">\n<p>&nbsp;<\/p>\n<\/div>\n<\/div>\n<\/div>\n<\/td>\n<td style=\"width: 3.92954%\"><\/td>\n<\/tr>\n<\/tbody>\n<\/table>\n<p style=\"text-align: justify\">\n","protected":false},"excerpt":{"rendered":"<p>coletivodaposdoipusp@gmail.com &nbsp; Conhe\u00e7a a gest\u00e3o de RDs 2023\/2024 \u00a0\u2013\u00a0 clique aqui Conheca a gest\u00e3o de Rds 2022\/2023 \u00a0\u2013\u00a0 clique aqui Como participar e onde nos encontrar? Voc\u00ea pode nos acompanhar nas redes sociais para conhecer e participar do Coletivo da P\u00f3s do IPUSP, ficar por dentro das reuni\u00f5es que acontecem no formato virtual, com assuntos [&hellip;]<\/p>\n","protected":false},"author":2,"featured_media":0,"parent":0,"menu_order":0,"comment_status":"closed","ping_status":"closed","template":"","meta":{"_acf_changed":false,"footnotes":""},"categories":[1155,15],"tags":[1833,1156,1834,1835],"class_list":["post-35877","page","type-page","status-publish","hentry","category-coletivo-da-pos-do-ipusp","category-pos-graduacao","tag-coletivo","tag-historia","tag-pos","tag-posgraduacao"],"acf":[],"jetpack_sharing_enabled":true,"_links":{"self":[{"href":"https:\/\/www.ip.usp.br\/site\/wp-json\/wp\/v2\/pages\/35877","targetHints":{"allow":["GET"]}}],"collection":[{"href":"https:\/\/www.ip.usp.br\/site\/wp-json\/wp\/v2\/pages"}],"about":[{"href":"https:\/\/www.ip.usp.br\/site\/wp-json\/wp\/v2\/types\/page"}],"author":[{"embeddable":true,"href":"https:\/\/www.ip.usp.br\/site\/wp-json\/wp\/v2\/users\/2"}],"replies":[{"embeddable":true,"href":"https:\/\/www.ip.usp.br\/site\/wp-json\/wp\/v2\/comments?post=35877"}],"version-history":[{"count":79,"href":"https:\/\/www.ip.usp.br\/site\/wp-json\/wp\/v2\/pages\/35877\/revisions"}],"predecessor-version":[{"id":47365,"href":"https:\/\/www.ip.usp.br\/site\/wp-json\/wp\/v2\/pages\/35877\/revisions\/47365"}],"wp:attachment":[{"href":"https:\/\/www.ip.usp.br\/site\/wp-json\/wp\/v2\/media?parent=35877"}],"wp:term":[{"taxonomy":"category","embeddable":true,"href":"https:\/\/www.ip.usp.br\/site\/wp-json\/wp\/v2\/categories?post=35877"},{"taxonomy":"post_tag","embeddable":true,"href":"https:\/\/www.ip.usp.br\/site\/wp-json\/wp\/v2\/tags?post=35877"}],"curies":[{"name":"wp","href":"https:\/\/api.w.org\/{rel}","templated":true}]}}