{"id":36055,"date":"2021-06-22T10:57:14","date_gmt":"2021-06-22T13:57:14","guid":{"rendered":"https:\/\/www.ip.usp.br\/site\/?page_id=36055"},"modified":"2026-04-09T15:40:43","modified_gmt":"2026-04-09T18:40:43","slug":"lignes-de-recherche","status":"publish","type":"page","link":"https:\/\/www.ip.usp.br\/site\/lignes-de-recherche\/","title":{"rendered":"Axes de recherche"},"content":{"rendered":"<div>\n<table style=\"border-collapse: collapse; width: 100%;\" border=\"0\">\n<tbody>\n<tr>\n<td style=\"width: 92.2952%;\"><\/td>\n<td style=\"width: 2.01233%;\"><a href=\"https:\/\/www.ip.usp.br\/site\/linhas-de-pesquisa-psc-2\/\"><img decoding=\"async\" class=\"alignnone size-full wp-image-19624\" src=\"https:\/\/www.ip.usp.br\/site\/wp-content\/uploads\/2018\/08\/br.gif\" alt=\"\" width=\"20\" height=\"14\" \/><\/a><\/td>\n<td style=\"width: 2.30234%;\"><a href=\"https:\/\/www.ip.usp.br\/site\/lineas-de-busqueda\/\"><img decoding=\"async\" class=\"alignnone size-full wp-image-19623\" src=\"https:\/\/www.ip.usp.br\/site\/wp-content\/uploads\/2018\/08\/es.gif\" alt=\"\" width=\"20\" height=\"14\" \/><\/a><\/td>\n<td style=\"width: 1.69507%;\"><a href=\"https:\/\/www.ip.usp.br\/site\/research-lines\/\"><img decoding=\"async\" class=\"alignnone size-full wp-image-19626\" src=\"https:\/\/www.ip.usp.br\/site\/wp-content\/uploads\/2018\/08\/us.gif\" alt=\"\" width=\"20\" height=\"14\" \/><\/a><\/td>\n<td style=\"width: 1.69507%;\"><a href=\"https:\/\/www.ip.usp.br\/site\/lignes-de-recherche\/\"><img loading=\"lazy\" decoding=\"async\" class=\"alignnone wp-image-36034\" src=\"https:\/\/www.ip.usp.br\/site\/wp-content\/uploads\/2021\/06\/france_flag.png\" alt=\"\" width=\"20\" height=\"14\" srcset=\"https:\/\/www.ip.usp.br\/site\/wp-content\/uploads\/2021\/06\/france_flag.png 275w, https:\/\/www.ip.usp.br\/site\/wp-content\/uploads\/2021\/06\/france_flag-272x182.png 272w\" sizes=\"(max-width: 20px) 100vw, 20px\" \/><\/a><\/td>\n<\/tr>\n<\/tbody>\n<\/table>\n<\/div>\n<p>Les axes de recherche du PSC sont consacr\u00e9s \u00e0 l&#8217;\u00e9tude de la souffrance humaine et de ses conditions de vie actuelles. La perspective pr\u00e9ventive et le d\u00e9veloppement de mod\u00e8les cliniques applicables \u00e0 diff\u00e9rents contextes professionnels, notamment institutionnels, sont des principes fondamentaux de la recherche men\u00e9e au sein du Programme, m\u00eame si certains axes de recherche ont pour objet principal la pr\u00e9vention ou l&#8217;institution.<\/p>\n<p>&nbsp;<\/p>\n<p>Le PSC organise des s\u00e9minaires mensuels \u00e0 destination des enseignants-chercheurs du Programme afin d&#8217;am\u00e9liorer le projet p\u00e9dagogique et scientifique qui sous-tend nos travaux. Ces r\u00e9unions sont l&#8217;occasion d&#8217;\u00e9changer sur le r\u00e9seau de disciplines propos\u00e9 par nos enseignants-chercheurs, dans le souci de renforcer leur int\u00e9gration, ainsi qu&#8217;entre les diff\u00e9rents axes de recherche et projets du Programme.<\/p>\n<p>&nbsp;<\/p>\n<p><strong>Trois (3) axes de recherche<\/strong><\/p>\n<p><strong>\u00a0<\/strong><\/p>\n<p><strong>Psychanalyse, souffrance et politique<\/strong><\/p>\n<p>Cet axe de recherche \u00e9tudie les expressions cliniques et sociales de la souffrance \u00e0 partir des concepts et m\u00e9thodes propos\u00e9s par la psychanalyse. En tenant compte des facteurs de conditionnement politiques et discursifs, il \u00e9value, d&#8217;un point de vue \u00e9pist\u00e9mique et \u00e9thique, les strat\u00e9gies de transformation de la souffrance dans les contextes publics et priv\u00e9s, au sein des institutions et des communaut\u00e9s, en mettant l&#8217;accent sur la sant\u00e9. Leurs projets de recherche portent sur : l\u2019examen critique des proc\u00e9dures cliniques aupr\u00e8s de sujets en situation de vuln\u00e9rabilit\u00e9, notamment lorsqu\u2019elles sont r\u00e9f\u00e9renc\u00e9es par des marqueurs de race, de classe ou de genre ; la mise en place de fondements diagnostiques ; l\u2019\u00e9tude de l\u2019inscription sociale des sympt\u00f4mes et de l\u2019histoire de la formation des pathologies sociales, en vue d\u2019agir sur des politiques de reconnaissance, de subjectivation et d\u2019\u00e9coute. La recherche vise \u00e0 mobiliser des th\u00e9ories sociales et philosophiques critiques pour une confrontation psychanalytique et politique de l\u2019exp\u00e9rience de la souffrance.<\/p>\n<p><strong>Conseillers:<\/strong> <a href=\"http:\/\/lattes.cnpq.br\/5203317308697543\">Aline Souza Martins,<\/a> <a href=\"https:\/\/www.ip.usp.br\/site\/christian-ingo-lenz-dunker\/\">Christian Ingo Lenz Dunker<\/a>, <a href=\"https:\/\/www.ip.usp.br\/site\/gabriel-inticher-binkowski\/\">Gabriel Inticher Binkowski<\/a>, <a href=\"http:\/\/lattes.cnpq.br\/2418090615048015\">Ivan Ramos Estev\u00e3o<\/a>, <a href=\"https:\/\/www.ip.usp.br\/site\/maria-livia-tourinho-moretto-2\/\">Maria L\u00edvia Tourinho Moretto<\/a>, <a href=\"http:\/\/lattes.cnpq.br\/6671168816370381\">Mayra Moreira Xavier Castellani<\/a> e<strong>\u00a0 <\/strong><a href=\"https:\/\/www.ip.usp.br\/site\/miriam-debieux-rosa\/\">Miriam Debieux Rosa<\/a>.<\/p>\n<p>&nbsp;<\/p>\n<p><strong>Psychanalyse, traumatisme et attachements<\/strong><\/p>\n<p>&nbsp;<\/p>\n<p>Ce travail explore les subjectivit\u00e9s contemporaines \u2013 leur production, les traumatismes qu\u2019elles subissent et les souffrances qui en r\u00e9sultent \u2013 \u200b\u200bdans le contexte de leur environnement et de leurs liens, en vue du d\u00e9veloppement et de l\u2019am\u00e9lioration des outils cliniques fond\u00e9s sur une \u00e9thique du care. L&#8217;accent est mis non seulement sur le travail clinique individuel, mais aussi sur le travail clinique aupr\u00e8s des couples, des familles, des groupes et des institutions. Six axes de recherche privil\u00e9gi\u00e9s sont d\u00e9finis\u00a0: (1) la compr\u00e9hension des interactions intersubjectives et des liens constitutifs de l&#8217;\u00eatre humain\u00a0; (2) la compr\u00e9hension des \u00e9v\u00e9nements traumatiques \u00e0 l&#8217;interface de la constitution subjective et relationnelle\u00a0; (3) l&#8217;\u00e9tude des productions contemporaines de la souffrance psychique \u00e0 partir de l&#8217;articulation entre discours et pratiques sociales et de leurs intersections de genre, de classe et de race\u00a0; (4) le d\u00e9veloppement et l&#8217;am\u00e9lioration des dispositifs de soins et des nouvelles technologies sociales et cliniques\u00a0; (5) l&#8217;histoire et l&#8217;\u00e9pist\u00e9mologie de la psychanalyse, afin de contribuer \u00e0 la compr\u00e9hension de ses transformations contemporaines\u00a0; (6) le travail d&#8217;\u00e9quipe et l&#8217;interdisciplinarit\u00e9 dans le travail clinique au sein des \u00e9tablissements de sant\u00e9, des \u00e9coles, des institutions juridiques et des services sociaux.<\/p>\n<p><strong>Conseillers<\/strong>: <a href=\"https:\/\/www.ip.usp.br\/site\/daniel-kupermann\/\">Daniel Kupermann<\/a>, <a href=\"http:\/\/lattes.cnpq.br\/3154628149495092\">Danielly Passos de Oliveira<\/a>, <a href=\"https:\/\/www.ip.usp.br\/site\/isabel-cristina-gomes\/\">Isabel Cristina Gomes<\/a>, <a href=\"https:\/\/www.ip.usp.br\/site\/marina-ferreira-da-rosa-ribeiro\/\">Marina Ferreira da Rosa Ribeiro<\/a> e <a href=\"https:\/\/www.ip.usp.br\/site\/pablo-de-carvalho-godoy-castanho\/\">Pablo de Carvalho Godoy Castanho<\/a>.<\/p>\n<p>&nbsp;<\/p>\n<p><strong>Interventions cliniques en sant\u00e9 mentale: diagnostic, action th\u00e9rapeutique et pr\u00e9vention<\/strong><\/p>\n<p>Ce programme \u00e9tudie les interventions cliniques \u00e0 l\u2019aide de diff\u00e9rentes m\u00e9thodologies et dans divers contextes, en vue du d\u00e9veloppement de proc\u00e9dures de diagnostic, d\u2019intervention et de pr\u00e9vention pour la prise en charge et la pr\u00e9servation de la sant\u00e9 mentale. Ses principaux axes de recherche sont\u00a0: 1. L\u2019\u00e9valuation psychologique par des m\u00e9thodes projectives, expressives, perceptives et neuropsychologiques. 2. Les interventions cliniques individuelles, en famille, en institution et aupr\u00e8s des groupes sociaux. 3. Les traitements \u00e0 court et moyen terme et l\u2019\u00e9valuation des psychoth\u00e9rapies. 4. L\u2019\u00e9valuation et la mise en \u0153uvre d\u2019interventions pr\u00e9ventives en lien avec les politiques publiques.<\/p>\n<p><strong>Conseillers<\/strong>: <a href=\"https:\/\/www.ip.usp.br\/site\/andres-eduardo-aguirre-antunez\/\">Andr\u00e9s Eduardo Aguirre Ant\u00fanez<\/a>, <a href=\"http:\/\/lattes.cnpq.br\/1508845387926857\">Francisco Lotufo Neto<\/a>, <a href=\"https:\/\/www.ip.usp.br\/site\/leila-salomao-de-la-plata-cury-tardivo\/\">Leila Cury Tardivo<\/a>, <a href=\"https:\/\/www.ip.usp.br\/site\/marcia-helena-da-silva-melo-bertolla\/\">M\u00e1rcia Helena da Silva Melo<\/a> e <a href=\"https:\/\/www.ip.usp.br\/site\/renatha-el-rafihi-ferreira\/\">Renatha El Rafihi Ferreira<\/a>.<\/p>\n","protected":false},"excerpt":{"rendered":"<p>Les axes de recherche du PSC sont consacr\u00e9s \u00e0 l&#8217;\u00e9tude de la souffrance humaine et de ses conditions de vie actuelles. La perspective pr\u00e9ventive et le d\u00e9veloppement de mod\u00e8les cliniques applicables \u00e0 diff\u00e9rents contextes professionnels, notamment institutionnels, sont des principes fondamentaux de la recherche men\u00e9e au sein du Programme, m\u00eame si certains axes de recherche [&hellip;]<\/p>\n","protected":false},"author":4,"featured_media":0,"parent":0,"menu_order":0,"comment_status":"closed","ping_status":"closed","template":"","meta":{"_acf_changed":false,"footnotes":""},"categories":[1161,1160],"tags":[],"class_list":["post-36055","page","type-page","status-publish","hentry","category-programme-de-troisieme-cycle-psychologie-clinique","category-troisieme-cycle"],"acf":[],"jetpack_sharing_enabled":true,"_links":{"self":[{"href":"https:\/\/www.ip.usp.br\/site\/wp-json\/wp\/v2\/pages\/36055","targetHints":{"allow":["GET"]}}],"collection":[{"href":"https:\/\/www.ip.usp.br\/site\/wp-json\/wp\/v2\/pages"}],"about":[{"href":"https:\/\/www.ip.usp.br\/site\/wp-json\/wp\/v2\/types\/page"}],"author":[{"embeddable":true,"href":"https:\/\/www.ip.usp.br\/site\/wp-json\/wp\/v2\/users\/4"}],"replies":[{"embeddable":true,"href":"https:\/\/www.ip.usp.br\/site\/wp-json\/wp\/v2\/comments?post=36055"}],"version-history":[{"count":6,"href":"https:\/\/www.ip.usp.br\/site\/wp-json\/wp\/v2\/pages\/36055\/revisions"}],"predecessor-version":[{"id":54972,"href":"https:\/\/www.ip.usp.br\/site\/wp-json\/wp\/v2\/pages\/36055\/revisions\/54972"}],"wp:attachment":[{"href":"https:\/\/www.ip.usp.br\/site\/wp-json\/wp\/v2\/media?parent=36055"}],"wp:term":[{"taxonomy":"category","embeddable":true,"href":"https:\/\/www.ip.usp.br\/site\/wp-json\/wp\/v2\/categories?post=36055"},{"taxonomy":"post_tag","embeddable":true,"href":"https:\/\/www.ip.usp.br\/site\/wp-json\/wp\/v2\/tags?post=36055"}],"curies":[{"name":"wp","href":"https:\/\/api.w.org\/{rel}","templated":true}]}}