{"id":38365,"date":"2022-03-02T13:42:26","date_gmt":"2022-03-02T16:42:26","guid":{"rendered":"https:\/\/www.ip.usp.br\/site\/?page_id=38365"},"modified":"2026-02-04T16:58:42","modified_gmt":"2026-02-04T19:58:42","slug":"memoria","status":"publish","type":"page","link":"https:\/\/www.ip.usp.br\/site\/memoria\/","title":{"rendered":"Mem\u00f3ria"},"content":{"rendered":"<table style=\"border-collapse: collapse; width: 100%;\">\n<tbody>\n<tr>\n<td style=\"width: 45.649%;\"><\/td>\n<td style=\"width: 54.351%;\">\n<div>\n<p>Instagram: <a href=\"https:\/\/www.instagram.com\/teia_ip\/\" target=\"_blank\" rel=\"noopener\">https:\/\/www.instagram.com\/teia_ip\/<\/a><br \/>\nFacebook: <a href=\"https:\/\/www.facebook.com\/profile.php?id=61562014513079\" target=\"_blank\" rel=\"noopener\" data-saferedirecturl=\"https:\/\/www.google.com\/url?q=https:\/\/www.facebook.com\/profile.php?id%3D61562014513079&amp;source=gmail&amp;ust=1720873104092000&amp;usg=AOvVaw0SR4BpqPUjqrfl4pJjBvF5\">https:\/\/www.facebook.com\/<wbr \/>profile.php?id=61562014513079<\/a><br \/>\n<span style=\"font-family: inherit; font-size: inherit;\">Site: <\/span><a style=\"font-family: inherit; font-size: inherit;\" href=\"https:\/\/memoria.ip.usp.br\/\" target=\"_blank\" rel=\"noopener\" data-saferedirecturl=\"https:\/\/www.google.com\/url?q=https:\/\/memoria.ip.usp.br\/&amp;source=gmail&amp;ust=1720873104092000&amp;usg=AOvVaw17aUlKxuJ4jPqLIx6bnm2F\">https:\/\/memoria.ip.usp.br\/<\/a><\/p>\n<\/div>\n<\/td>\n<\/tr>\n<\/tbody>\n<\/table>\n<p>Em 27 de fevereiro de 2023 foi aprovada pela Congrega\u00e7\u00e3o do Instituto de Psicologia a <a href=\"https:\/\/drive.google.com\/file\/d\/1gyHAuMJb8DJms3HjOBGWM5gIiCuuFReR\/view\">Pol\u00edtica de Mem\u00f3ria do IP. <\/a><\/p>\n<p style=\"text-align: justify;\">O processo de elabora\u00e7\u00e3o do documento teve in\u00edcio em 2021 (Portaria IPUSP 02\/2021), e contou com a participa\u00e7\u00e3o de docentes, estudantes de gradua\u00e7\u00e3o e p\u00f3s-gradua\u00e7\u00e3o, e funcion\u00e1rios (as). A Pol\u00edtica de Mem\u00f3ria dar\u00e1 continuidade \u00e0s iniciativas desenvolvidas na \u00e1rea, representadas pelo Centro de Mem\u00f3ria (2001-2015) e pelo Museu de Psicologia (2015-2020).<\/p>\n<p style=\"text-align: justify;\">O Centro de Mem\u00f3ria do Instituto de Psicologia da Universidade de S\u00e3o Paulo (CM-IPUSP) foi criado em 2001, a partir da idealiza\u00e7\u00e3o e iniciativa do Professor C\u00e9sar Ades (1943-2012). Com o objetivo de resgatar, preservar e divulgar a mem\u00f3ria da Psicologia na USP, o CM-IPUSP, sediado na Biblioteca Dante Moreira Leite, foi coordenado pelo Prof. Cesar Ades, vice-coordenado pela bibliotec\u00e1ria Aparecida Ang\u00e9lica Z. Paulovic Sabadini e teve produ\u00e7\u00e3o significativa ao longo dos anos de seu funcionamento, realizando eventos diversos, publica\u00e7\u00f5es de livros, cap\u00edtulos de livros e artigos, produ\u00e7\u00e3o audiovisual, organiza\u00e7\u00e3o de cole\u00e7\u00e3o digital e site institucional (Sabadini, 2020).<\/p>\n<p style=\"text-align: justify;\">Em 2015 foi aprovada na Congrega\u00e7\u00e3o do Instituto de Psicologia o projeto para transformar o Centro de Mem\u00f3ria em Museu de Psicologia (MuP-IPUSP). A\u00e7\u00f5es foram desenvolvidas ao longo dos anos seguintes, no entanto a manuten\u00e7\u00e3o do Museu dependia do atendimento das exig\u00eancias t\u00e9cnicas e legais estabelecidas pelo Estatuto de Museus (Lei N\u00ba 11.904, de Janeiro de 2009). Reconhecendo a impossibilidade de atender tais exig\u00eancias, que demandariam investimento de recursos humanos e or\u00e7ament\u00e1rios, o projeto do MuP-IPUSP foi encerrado em 2020, momento em que instituiu-se o Grupo de transi\u00e7\u00e3o-Mem\u00f3ria IP (Portaria IPUSP 02\/2021), com o objetivo de formular uma Pol\u00edtica de Mem\u00f3ria Institucional para o Instituto de Psicologia.<\/p>\n<p style=\"text-align: justify;\">A Pol\u00edtica de Mem\u00f3ria busca congregar e articular iniciativas referentes aos trabalhos de mem\u00f3ria, que vem sendo feitas no Instituto de Psicologia. Em diversos espa\u00e7os institucionais, foram e s\u00e3o desenvolvidas a\u00e7\u00f5es, muitas vezes espont\u00e2neas, motivadas pelo prop\u00f3sito de criar e preservar apoios materiais e simb\u00f3licos para a rememora\u00e7\u00e3o de aspectos da vida institucional. Para a articula\u00e7\u00e3o, comunica\u00e7\u00e3o e execu\u00e7\u00e3o da Pol\u00edtica de Mem\u00f3ria, foi constitu\u00eddo o Grupo de Trabalho permanente chamado <strong>Teia \u2013 Mem\u00f3ria e Patrim\u00f4nio Cultural do IPUSP.<\/strong><\/p>\n<p style=\"text-align: justify;\">Para mais informa\u00e7\u00f5es e solicita\u00e7\u00f5es sobre assuntos referentes a mem\u00f3ria e acervos do Instituto de Psicologia, favor entrar em contato pelo e-mail <a href=\"mailto:teia.ip@usp.br\">teia.ip@usp.br<\/a><\/p>\n<p>&nbsp;<\/p>\n<p>&nbsp;<\/p>\n<h3>Textos e documentos de refer\u00eancia<\/h3>\n<ul>\n<li><a href=\"https:\/\/drive.google.com\/file\/d\/1gyHAuMJb8DJms3HjOBGWM5gIiCuuFReR\/view\">Documento da Pol\u00edtica de Mem\u00f3ria<\/a><\/li>\n<li><a href=\"https:\/\/www.ip.usp.br\/site\/wp-content\/uploads\/2022\/02\/01-Texto_De-Centro-de-Memoria-a-Museu-de-Psicologia_Angelica_BibliotecaIPUSP_50AnosIPUSP.pdf\" target=\"_blank\" rel=\"noopener\">SABADINI, A. A. Z. P. (2020). De Centro de Mem\u00f3ria a Museu de Psicologia do Instituto de Psicologia da Universidade de S\u00e3o Paulo. IN: SOUZA, M. P. R. de; ANT\u00daNEZ, A. E. A.; SABADINI, A. A. Z. P. (Orgs.), 50 Anos do Instituto de Psicologia da Universidade de S\u00e3o Paulo (pp. 130-179). S\u00e3o Paulo: Instituto de Psicologia da Universidade de S\u00e3o Paulo<\/a><\/li>\n<li><a href=\"https:\/\/www.ip.usp.br\/site\/wp-content\/uploads\/2022\/02\/02-dossie_museu_de_psicologia.pdf\" target=\"_blank\" rel=\"noopener\">PEREIRA, Jos\u00e9 Hermes M. Dossi\u00ea Museu de Psicologia. Elaborado a pedido da dire\u00e7\u00e3o do IPUSP (28 de setembro de 2020)<\/a><\/li>\n<li><a href=\"https:\/\/www.ip.usp.br\/site\/wp-content\/uploads\/2022\/02\/05-diretrizes_politica_memoria_aprovado.pdf\" target=\"_blank\" rel=\"noopener\">Diretrizes para uma nova pol\u00edtica de Mem\u00f3ria Institucional do IPUSP. Documento de refer\u00eancia aprovado na 511\u00aa sess\u00e3o ordin\u00e1ria da Congrega\u00e7\u00e3o<\/a><\/li>\n<li><a href=\"https:\/\/www.ip.usp.br\/site\/wp-content\/uploads\/2022\/02\/06-Portaria-02-2021-GT-Memoria-IP.pdf\" target=\"_blank\" rel=\"noopener\">Portaria IP 02\/2021, de 09 de mar\u00e7o de 2021 (Institui o Grupo de Transi\u00e7\u00e3o \u2013 Mem\u00f3ria IP)<\/a><\/li>\n<li><a href=\"https:\/\/www.ip.usp.br\/site\/wp-content\/uploads\/2023\/06\/Portaria-da-Teia-2023.pdf\" target=\"_blank\" rel=\"noopener\">Portaria da Teia 2023<\/a><\/li>\n<\/ul>\n","protected":false},"excerpt":{"rendered":"<p>Instagram: https:\/\/www.instagram.com\/teia_ip\/ Facebook: https:\/\/www.facebook.com\/profile.php?id=61562014513079 Site: https:\/\/memoria.ip.usp.br\/ Em 27 de fevereiro de 2023 foi aprovada pela Congrega\u00e7\u00e3o do Instituto de Psicologia a Pol\u00edtica de Mem\u00f3ria do IP. O processo de elabora\u00e7\u00e3o do documento teve in\u00edcio em 2021 (Portaria IPUSP 02\/2021), e contou com a participa\u00e7\u00e3o de docentes, estudantes de gradua\u00e7\u00e3o e p\u00f3s-gradua\u00e7\u00e3o, e funcion\u00e1rios (as). A [&hellip;]<\/p>\n","protected":false},"author":5,"featured_media":0,"parent":0,"menu_order":0,"comment_status":"closed","ping_status":"closed","template":"","meta":{"_acf_changed":false,"footnotes":""},"categories":[1029],"tags":[],"class_list":["post-38365","page","type-page","status-publish","hentry","category-memoria"],"acf":[],"jetpack_sharing_enabled":true,"_links":{"self":[{"href":"https:\/\/www.ip.usp.br\/site\/wp-json\/wp\/v2\/pages\/38365","targetHints":{"allow":["GET"]}}],"collection":[{"href":"https:\/\/www.ip.usp.br\/site\/wp-json\/wp\/v2\/pages"}],"about":[{"href":"https:\/\/www.ip.usp.br\/site\/wp-json\/wp\/v2\/types\/page"}],"author":[{"embeddable":true,"href":"https:\/\/www.ip.usp.br\/site\/wp-json\/wp\/v2\/users\/5"}],"replies":[{"embeddable":true,"href":"https:\/\/www.ip.usp.br\/site\/wp-json\/wp\/v2\/comments?post=38365"}],"version-history":[{"count":24,"href":"https:\/\/www.ip.usp.br\/site\/wp-json\/wp\/v2\/pages\/38365\/revisions"}],"predecessor-version":[{"id":50509,"href":"https:\/\/www.ip.usp.br\/site\/wp-json\/wp\/v2\/pages\/38365\/revisions\/50509"}],"wp:attachment":[{"href":"https:\/\/www.ip.usp.br\/site\/wp-json\/wp\/v2\/media?parent=38365"}],"wp:term":[{"taxonomy":"category","embeddable":true,"href":"https:\/\/www.ip.usp.br\/site\/wp-json\/wp\/v2\/categories?post=38365"},{"taxonomy":"post_tag","embeddable":true,"href":"https:\/\/www.ip.usp.br\/site\/wp-json\/wp\/v2\/tags?post=38365"}],"curies":[{"name":"wp","href":"https:\/\/api.w.org\/{rel}","templated":true}]}}