{"id":39771,"date":"2022-08-02T10:29:29","date_gmt":"2022-08-02T13:29:29","guid":{"rendered":"https:\/\/www.ip.usp.br\/site\/?page_id=39771"},"modified":"2022-08-02T10:34:28","modified_gmt":"2022-08-02T13:34:28","slug":"sumario","status":"publish","type":"page","link":"https:\/\/www.ip.usp.br\/site\/sumario\/","title":{"rendered":"Sum\u00e1rio"},"content":{"rendered":"<p><a href=\"https:\/\/www.ip.usp.br\/site\/sumario-videos\/\">PARA CONHECER O PROGRAMA DE P\u00d3S-GRADUA\u00c7\u00c3O EM PSICOLOGIA ESCOLAR E DO DESENVOLVIMENTO HUMANO (v\u00eddeos<\/a>)<\/p>\n<p>&nbsp;<\/p>\n<p><a href=\"https:\/\/www.ip.usp.br\/site\/sumario-textos\/\">TEXTOS APRESENTANDO O PROGRAMA DE P\u00d3S-GRADUA\u00c7\u00c3O EM PSICOLOGIA ESCOLAR E DO DESENVOLVIMENTO<\/a><\/p>\n","protected":false},"excerpt":{"rendered":"<p>PARA CONHECER O PROGRAMA DE P\u00d3S-GRADUA\u00c7\u00c3O EM PSICOLOGIA ESCOLAR E DO DESENVOLVIMENTO HUMANO (v\u00eddeos) &nbsp; TEXTOS APRESENTANDO O PROGRAMA DE P\u00d3S-GRADUA\u00c7\u00c3O EM PSICOLOGIA ESCOLAR E DO DESENVOLVIMENTO<\/p>\n","protected":false},"author":5,"featured_media":0,"parent":0,"menu_order":0,"comment_status":"closed","ping_status":"closed","template":"","meta":{"_acf_changed":false,"footnotes":""},"categories":[15,141],"tags":[],"class_list":["post-39771","page","type-page","status-publish","hentry","category-pos-graduacao","category-pos-graduacao-ensino-programa"],"acf":[],"jetpack_sharing_enabled":true,"_links":{"self":[{"href":"https:\/\/www.ip.usp.br\/site\/wp-json\/wp\/v2\/pages\/39771","targetHints":{"allow":["GET"]}}],"collection":[{"href":"https:\/\/www.ip.usp.br\/site\/wp-json\/wp\/v2\/pages"}],"about":[{"href":"https:\/\/www.ip.usp.br\/site\/wp-json\/wp\/v2\/types\/page"}],"author":[{"embeddable":true,"href":"https:\/\/www.ip.usp.br\/site\/wp-json\/wp\/v2\/users\/5"}],"replies":[{"embeddable":true,"href":"https:\/\/www.ip.usp.br\/site\/wp-json\/wp\/v2\/comments?post=39771"}],"version-history":[{"count":4,"href":"https:\/\/www.ip.usp.br\/site\/wp-json\/wp\/v2\/pages\/39771\/revisions"}],"predecessor-version":[{"id":39780,"href":"https:\/\/www.ip.usp.br\/site\/wp-json\/wp\/v2\/pages\/39771\/revisions\/39780"}],"wp:attachment":[{"href":"https:\/\/www.ip.usp.br\/site\/wp-json\/wp\/v2\/media?parent=39771"}],"wp:term":[{"taxonomy":"category","embeddable":true,"href":"https:\/\/www.ip.usp.br\/site\/wp-json\/wp\/v2\/categories?post=39771"},{"taxonomy":"post_tag","embeddable":true,"href":"https:\/\/www.ip.usp.br\/site\/wp-json\/wp\/v2\/tags?post=39771"}],"curies":[{"name":"wp","href":"https:\/\/api.w.org\/{rel}","templated":true}]}}