{"id":39777,"date":"2022-08-02T10:34:12","date_gmt":"2022-08-02T13:34:12","guid":{"rendered":"https:\/\/www.ip.usp.br\/site\/?page_id=39777"},"modified":"2023-07-03T11:08:24","modified_gmt":"2023-07-03T14:08:24","slug":"sumario-textos","status":"publish","type":"page","link":"https:\/\/www.ip.usp.br\/site\/sumario-textos\/","title":{"rendered":"Sum\u00e1rio &#8211; Textos"},"content":{"rendered":"<p><strong>TEXTOS APRESENTANDO O PROGRAMA DE P\u00d3S-GRADUA\u00c7\u00c3O EM PSICOLOGIA ESCOLAR E DO DESENVOLVIMENTO<\/strong><\/p>\n<p>&nbsp;<\/p>\n<p><a href=\"https:\/\/www.ip.usp.br\/site\/auxilios-e-bolsas-3\/\">AUX\u00cdLIOS E BOLSAS<\/a><\/p>\n<p><a href=\"https:\/\/www.ip.usp.br\/site\/historico-13\/\">HIST\u00d3RIA<\/a><\/p>\n<p><a href=\"https:\/\/www.ip.usp.br\/site\/objetivos\/\">OBJETIVOS<\/a><\/p>\n<p><a href=\"https:\/\/www.ip.usp.br\/site\/docentes-6\/\">ORIENTADORES<\/a><\/p>\n<p>ESTRUTURA CURRICULAR<\/p>\n<p><a href=\"https:\/\/www.ip.usp.br\/site\/creditos-2\/\">CR\u00c9DITOS<\/a><\/p>\n<p><a href=\"https:\/\/uspdigital.usp.br\/janus\/componente\/catalogoDisciplinasInicial.jsf?action=4&amp;tipo=D&amp;codcpg=47\" target=\"_blank\" rel=\"noopener\">DISCIPLINAS DO PROGRAMA<\/a><\/p>\n<p><a href=\"https:\/\/uspdigital.usp.br\/janus\/componente\/disciplinasOferecidasInicial.jsf?action=2&amp;codcpg=47&amp;codare=47131\" target=\"_blank\" rel=\"noopener\">DISCIPLINAS OFERECIDAS NO SEMESTRE<\/a><\/p>\n<p><a href=\"https:\/\/www.ip.usp.br\/site\/estrutura-do-programa-2\/\">ESTRUTURA DO PROGRAMA<\/a><\/p>\n<p>FORMA\u00c7\u00c3O DE COMPET\u00caNCIA<\/p>\n<p><a href=\"https:\/\/www.ip.usp.br\/site\/mestrado-2\/\">INFORMA\u00c7\u00d5ES SOBRE O MESTRADO<\/a><\/p>\n<p><a href=\"https:\/\/www.ip.usp.br\/site\/doutorado-2\/\">INFORMA\u00c7\u00d5ES SOBRE O DOUTORADO<\/a><\/p>\n<p><a href=\"https:\/\/www.ip.usp.br\/site\/doutorado-direto-2\/\">INFORMA\u00c7\u00d5ES SOBRE O DOUTORADO DIRETO<\/a><\/p>\n<p><a href=\"http:\/\/www.ip.usp.br\/site\/inscricao\/\">INFORMA\u00c7\u00d5ES SOBRE PROCESSO SELETIVO<\/a><\/p>\n<p><a href=\"https:\/\/www.ip.usp.br\/site\/linhas-de-pesquisa-8\/\">INFORMA\u00c7\u00d5ES SOBRE AS LINHAS DE PESQUISA<\/a><\/p>\n<p><a href=\"https:\/\/www.ip.usp.br\/site\/12147-2\/\">INFORMA\u00c7\u00d5ES SOBRE OS GRUPOS DE PESQUISA<\/a><\/p>\n<p><a href=\"https:\/\/www.ip.usp.br\/site\/laboratorios-do-psa-2\/\">INFORMA\u00c7\u00d5ES SOBRE OS AS LABORATORIOS<\/a><\/p>\n<p><a href=\"https:\/\/www.ip.usp.br\/site\/pos-doutorado-6\/\">INFORMA\u00c7\u00d5ES SOBRE O POS-DOUTORAMENTO<\/a><\/p>\n<p><a href=\"https:\/\/www.ip.usp.br\/site\/projetos-de-pesquisa-3\/\">INFORMA\u00c7\u00d5ES SOBRE OS PROJETOS DE PESQUISA<\/a><\/p>\n<p><a href=\"https:\/\/www.ip.usp.br\/site\/infra-estrutura\/\">INFRA-ESTRUTURA<\/a><\/p>\n<p>PLANO DE FORMA\u00c7\u00c3O<\/p>\n<p><a href=\"https:\/\/www.ip.usp.br\/site\/propostas-e-metas\/\">PROPOSTAS E METAS<\/a><\/p>\n<p><a href=\"https:\/\/teses.usp.br\/index.php?option=com_jumi&amp;fileid=9&amp;Itemid=159&amp;lang=pt-\" target=\"_blank\" rel=\"noopener\">TESES E DISSERTA\u00c7\u00d5ES<\/a><\/p>\n","protected":false},"excerpt":{"rendered":"<p>TEXTOS APRESENTANDO O PROGRAMA DE P\u00d3S-GRADUA\u00c7\u00c3O EM PSICOLOGIA ESCOLAR E DO DESENVOLVIMENTO &nbsp; AUX\u00cdLIOS E BOLSAS HIST\u00d3RIA OBJETIVOS ORIENTADORES ESTRUTURA CURRICULAR CR\u00c9DITOS DISCIPLINAS DO PROGRAMA DISCIPLINAS OFERECIDAS NO SEMESTRE ESTRUTURA DO PROGRAMA FORMA\u00c7\u00c3O DE COMPET\u00caNCIA INFORMA\u00c7\u00d5ES SOBRE O MESTRADO INFORMA\u00c7\u00d5ES SOBRE O DOUTORADO INFORMA\u00c7\u00d5ES SOBRE O DOUTORADO DIRETO INFORMA\u00c7\u00d5ES SOBRE PROCESSO SELETIVO INFORMA\u00c7\u00d5ES SOBRE AS [&hellip;]<\/p>\n","protected":false},"author":5,"featured_media":0,"parent":0,"menu_order":0,"comment_status":"closed","ping_status":"closed","template":"","meta":{"_acf_changed":false,"footnotes":""},"categories":[15,141],"tags":[],"class_list":["post-39777","page","type-page","status-publish","hentry","category-pos-graduacao","category-pos-graduacao-ensino-programa"],"acf":[],"jetpack_sharing_enabled":true,"_links":{"self":[{"href":"https:\/\/www.ip.usp.br\/site\/wp-json\/wp\/v2\/pages\/39777","targetHints":{"allow":["GET"]}}],"collection":[{"href":"https:\/\/www.ip.usp.br\/site\/wp-json\/wp\/v2\/pages"}],"about":[{"href":"https:\/\/www.ip.usp.br\/site\/wp-json\/wp\/v2\/types\/page"}],"author":[{"embeddable":true,"href":"https:\/\/www.ip.usp.br\/site\/wp-json\/wp\/v2\/users\/5"}],"replies":[{"embeddable":true,"href":"https:\/\/www.ip.usp.br\/site\/wp-json\/wp\/v2\/comments?post=39777"}],"version-history":[{"count":7,"href":"https:\/\/www.ip.usp.br\/site\/wp-json\/wp\/v2\/pages\/39777\/revisions"}],"predecessor-version":[{"id":43530,"href":"https:\/\/www.ip.usp.br\/site\/wp-json\/wp\/v2\/pages\/39777\/revisions\/43530"}],"wp:attachment":[{"href":"https:\/\/www.ip.usp.br\/site\/wp-json\/wp\/v2\/media?parent=39777"}],"wp:term":[{"taxonomy":"category","embeddable":true,"href":"https:\/\/www.ip.usp.br\/site\/wp-json\/wp\/v2\/categories?post=39777"},{"taxonomy":"post_tag","embeddable":true,"href":"https:\/\/www.ip.usp.br\/site\/wp-json\/wp\/v2\/tags?post=39777"}],"curies":[{"name":"wp","href":"https:\/\/api.w.org\/{rel}","templated":true}]}}