{"id":40916,"date":"2022-11-07T11:05:42","date_gmt":"2022-11-07T14:05:42","guid":{"rendered":"https:\/\/www.ip.usp.br\/site\/?page_id=40916"},"modified":"2023-04-03T17:44:36","modified_gmt":"2023-04-03T20:44:36","slug":"setor-de-analise-de-dados-ip-estatistica","status":"publish","type":"page","link":"https:\/\/www.ip.usp.br\/site\/setor-de-analise-de-dados-ip-estatistica\/","title":{"rendered":"Setor de An\u00e1lise de Dados IP-Estat\u00edstica"},"content":{"rendered":"<p style=\"text-align: right\">Av. Prof. Mello Moraes, 1721 &#8211; Bloco A &#8211; Sala A-01<br \/>\nCidade Universit\u00e1ria \u2013 S\u00e3o Paulo, SP \u2013 05008-030<br \/>\nE-mail: <a href=\"mailto:ipestatistica@usp.br\">ipestatistica@usp.br<\/a><\/p>\n<hr \/>\n<p>Os m\u00e9todos qualitativos e quantitativos s\u00e3o utilizados como estrat\u00e9gias de investiga\u00e7\u00e3o em Psicologia, ajudando a gerar novos saberes e questionamentos. Trabalhar com esses m\u00e9todos, entretanto, envolve um corpo de conhecimento relacionado \u00e0 prepara\u00e7\u00e3o, coleta e ao tratamento dos dados que tamb\u00e9m est\u00e1 em constante evolu\u00e7\u00e3o em rela\u00e7\u00e3o \u00e0s t\u00e9cnicas a serem aplicadas durante o desenvolvimento dos projetos de pesquisas acad\u00eamicas.<\/p>\n<p>O Setor de An\u00e1lise de Dados IP-Estat\u00edstica oferece apoio \u00e0s pesquisas do IPUSP que envolvam m\u00e9todos qualitativos e quantitativos. Alunos, professores e demais pesquisadores do Instituto podem usufruir e receber aux\u00edlio na defini\u00e7\u00e3o de estrat\u00e9gias metodol\u00f3gicas, de objetivos, c\u00e1lculo amostral, defini\u00e7\u00e3o ou elabora\u00e7\u00e3o de instrumentos de coleta e an\u00e1lise, an\u00e1lises descritivas e inferenciais, interpreta\u00e7\u00e3o de resultados e apoio para reda\u00e7\u00e3o cient\u00edfica. Os pesquisadores podem ser assessorados desde a elabora\u00e7\u00e3o do projeto, ou em diferentes etapas da pesquisa.<\/p>\n<p>O Setor est\u00e1 constantemente desenvolvendo e colocando em pr\u00e1tica novas estrat\u00e9gias para aprimorar o atendimento a comunidade do Instituto de Psicologia. Com a coordena\u00e7\u00e3o de Luiz Silva dos Santos Graduado em Ci\u00eancias Econ\u00f4micas e Estat\u00edstica, Especialista em Estat\u00edstica Aplicada, Mestre e Doutor em Administra\u00e7\u00e3o de Empresas.<\/p>\n<p><strong>Artigos Relacionados<\/strong><\/p>\n<p><strong><em><a href=\"https:\/\/periodicos.ufjf.br\/index.php\/psicologiaempesquisa\/article\/view\/35651\">Joint attention in postpartum depressed and non-depressed mother-child dyads<\/a><\/em><\/strong><br \/>\n<span style=\"color: #0000ff\"><strong><em>Aten\u00e7\u00e3o conjunta em d\u00edades de m\u00e3e-beb\u00ea com e sem depress\u00e3o p\u00f3s-parto<\/em><\/strong><\/span><\/p>\n<p><em><strong><a href=\"https:\/\/submission-pepsic.scielo.br\/index.php\/epsic\/article\/view\/19169\">Perfis formativos e ocupacionais de psic\u00f3logas\/os, segundo a ra\u00e7a-etnia<\/a><\/strong><\/em><\/p>\n<p><a href=\"https:\/\/revistas.ufpr.br\/psicologia\/article\/view\/61959\"><em><strong>Infant-direct speech and mother-infant attention in depressed and<\/strong><\/em> <em><strong>nondepressed mothers<\/strong><\/em><\/a><\/p>\n<p><a href=\"https:\/\/nepas.emnuvens.com.br\/abcshs\/article\/view\/873\"><em><strong>The influence of the knowledge towards the vaccine against Human Papillomavirus: a randomized clinical trial<\/strong><\/em><\/a><br \/>\n<span style=\"color: #0000ff\"><em><strong>A influ\u00eancia do conhecimento na atitude frente \u00e0 vacina contra o Papilomav\u00edrus Humano: ensaio cl\u00ednico randomizado<\/strong><\/em><\/span><\/p>\n","protected":false},"excerpt":{"rendered":"<p>Av. Prof. Mello Moraes, 1721 &#8211; Bloco A &#8211; Sala A-01 Cidade Universit\u00e1ria \u2013 S\u00e3o Paulo, SP \u2013 05008-030 E-mail: ipestatistica@usp.br Os m\u00e9todos qualitativos e quantitativos s\u00e3o utilizados como estrat\u00e9gias de investiga\u00e7\u00e3o em Psicologia, ajudando a gerar novos saberes e questionamentos. Trabalhar com esses m\u00e9todos, entretanto, envolve um corpo de conhecimento relacionado \u00e0 prepara\u00e7\u00e3o, coleta [&hellip;]<\/p>\n","protected":false},"author":5,"featured_media":0,"parent":0,"menu_order":0,"comment_status":"closed","ping_status":"closed","template":"","meta":{"_acf_changed":false,"footnotes":""},"categories":[492],"tags":[],"class_list":["post-40916","page","type-page","status-publish","hentry","category-departamento-de-psicologia-experimental"],"acf":[],"jetpack_sharing_enabled":true,"_links":{"self":[{"href":"https:\/\/www.ip.usp.br\/site\/wp-json\/wp\/v2\/pages\/40916","targetHints":{"allow":["GET"]}}],"collection":[{"href":"https:\/\/www.ip.usp.br\/site\/wp-json\/wp\/v2\/pages"}],"about":[{"href":"https:\/\/www.ip.usp.br\/site\/wp-json\/wp\/v2\/types\/page"}],"author":[{"embeddable":true,"href":"https:\/\/www.ip.usp.br\/site\/wp-json\/wp\/v2\/users\/5"}],"replies":[{"embeddable":true,"href":"https:\/\/www.ip.usp.br\/site\/wp-json\/wp\/v2\/comments?post=40916"}],"version-history":[{"count":7,"href":"https:\/\/www.ip.usp.br\/site\/wp-json\/wp\/v2\/pages\/40916\/revisions"}],"predecessor-version":[{"id":42813,"href":"https:\/\/www.ip.usp.br\/site\/wp-json\/wp\/v2\/pages\/40916\/revisions\/42813"}],"wp:attachment":[{"href":"https:\/\/www.ip.usp.br\/site\/wp-json\/wp\/v2\/media?parent=40916"}],"wp:term":[{"taxonomy":"category","embeddable":true,"href":"https:\/\/www.ip.usp.br\/site\/wp-json\/wp\/v2\/categories?post=40916"},{"taxonomy":"post_tag","embeddable":true,"href":"https:\/\/www.ip.usp.br\/site\/wp-json\/wp\/v2\/tags?post=40916"}],"curies":[{"name":"wp","href":"https:\/\/api.w.org\/{rel}","templated":true}]}}