{"id":41745,"date":"2023-01-20T09:46:12","date_gmt":"2023-01-20T12:46:12","guid":{"rendered":"https:\/\/www.ip.usp.br\/site\/?page_id=41745"},"modified":"2023-01-24T18:44:48","modified_gmt":"2023-01-24T21:44:48","slug":"maria-cristina-goncalves-vicentin","status":"publish","type":"page","link":"https:\/\/www.ip.usp.br\/site\/maria-cristina-goncalves-vicentin\/","title":{"rendered":"Maria Cristina Gon\u00e7alves Vicentin"},"content":{"rendered":"<p style=\"text-align: left\"><img decoding=\"async\" class=\"alignleft wp-image-41746 size-thumbnail\" src=\"https:\/\/www.ip.usp.br\/site\/wp-content\/uploads\/2023\/01\/Maria-Cristina-Goncalves-Vicentin-e1674596000775-150x150.png\" alt=\"\" width=\"150\" height=\"150\" \/><strong>Departamento de Psicologia Social e do Trabalho<br \/>\n<\/strong><strong>\u00c1rea:<\/strong> Psicologia e Direito<br \/>\n<strong>Linhas de Pesquisa:<\/strong> processos de subjetiva\u00e7\u00e3o e formas jur\u00eddicas; adolesc\u00eancia\/juventude e conflitualidade; dispositivos de sa\u00fade mental e produ\u00e7\u00e3o de subjetividade; sa\u00fade mental, justi\u00e7a e direitos humanos; modalidades de resist\u00eancia dos sujeitos em situa\u00e7\u00f5es de viol\u00eancias\/vulnerabiliza\u00e7\u00f5es.<br \/>\n<strong>Telefones:<\/strong> 55 11-3091-4360 | \u00a0<a href=\"mailto:cristinavicentin@usp.br\" target=\"_blank\" rel=\"noopener\">cristinavicentin@usp.br<\/a>\u00a0| <em><a href=\"http:\/\/lattes.cnpq.br\/6947268789571591\">Lattes<\/a><\/em><\/p>\n<p><strong>P\u00f3s-Gradua\u00e7\u00e3o<\/strong><br \/>\n<strong>Linha de Pesquisa:<\/strong> Processos e pr\u00e1ticas psicossociais: direitos humanos, desigualdades<br \/>\ne pol\u00edtica.<\/p>\n<p><strong>Disciplinas:<\/strong><br \/>\nPST5965 &#8211; Descolonizar a Inf\u00e2ncia: conflito e pol\u00edtica no campo da inf\u00e2ncia<br \/>\nPST5967 \u2013 An\u00e1lise Institucional e Pr\u00e1ticas de Pesquisas<\/p>\n<p><strong>Projetos <\/strong><\/p>\n<ul>\n<li><strong>Pesquisas<\/strong><\/li>\n<\/ul>\n<p>Impactos psicossociais da viol\u00eancia de estado: subs\u00eddios para pol\u00edticas p\u00fablicas e<br \/>\npol\u00edticas de repara\u00e7\u00e3o (Bolsa produtividade CNPq)<\/p>\n<p>Subjetiva\u00e7\u00e3o jur\u00eddico-pol\u00edtica de crian\u00e7as e adolescentes: o necess\u00e1rio debate<br \/>\nsobre a autonomia<\/p>\n<p>Observat\u00f3rio de pr\u00e1ticas de Gest\u00e3o Aut\u00f4noma da Medica\u00e7\u00e3o (GAM): rede<br \/>\ncolaborativa de apoio e fomento<\/p>\n<p><strong>Grupos de Pesquisa<\/strong><\/p>\n<p>Rede Internacional Coletivo Amarra\u00e7\u00f5es: pol\u00edticas com adolescentes;<\/p>\n<p>Grupo de pesquisa Direitos Humanos, Democracia e Mem\u00f3ria (IEA-USP);<\/p>\n<p>Rede de pesquisas em Sa\u00fade Mental de Crian\u00e7as e Adolescentes<\/p>\n<p>Grupo de Pesquisa sobre a efetividade da Conven\u00e7\u00e3o Internacional dos Direitos da<br \/>\nCrian\u00e7a no Brasil;<\/p>\n<p>Observat\u00f3rio Internacional de pr\u00e1ticas da Gest\u00e3o Aut\u00f4noma da Medica\u00e7\u00e3o (GAM)<\/p>\n<p>Vice-coordenadora do Grupo de Trabalho da ANPEPP Subjetividade Contempor\u00e2nea<br \/>\nVice-l\u00edder do grupo de pesquisa Pol\u00edticas da Subjetividade (CNPq).<\/p>\n<p><strong>Laborat\u00f3rios<\/strong><br \/>\nMembro do Laborat\u00f3rio Psican\u00e1lise, Sociedade e Pol\u00edtica, coordenado pela Profa.<br \/>\nMiriam Debieux Rosa (IPUSP)<\/p>\n<p><strong>Publica\u00e7\u00f5es selecionadas<\/strong><br \/>\nVICENTIN, Maria Cristina Gon\u00e7alves. A vida em rebeli\u00e3o: jovens em conflito com a lei.<br \/>\nS\u00e3o Paulo: Hucitec, FAPESP, 2005. 331p .<br \/>\nVICENTIN, M. C. G.; GONCALVES, M. G. M. (Org.) ; Miranda, S (Org.) ; RAMPIN, K (Org.)<br \/>\n. Construindo uma psicologia social \u00e9tico-politica na transversalidade te\u00f3rica. 1. ed.<br \/>\nSAO PAULO: Educ, 2019. v. 1. 285p.<br \/>\nVICENTIN, Maria Cristina Gon\u00e7alves; ASSIS, D. A. D. . Ni\u00f1as en el sistema de justicia<br \/>\nbrasile\u00f1o: el necesario debate sobre los derechos sexuales y reproductivos. ONATI<br \/>\nSOCIO &#8211; LEGAL SERIES, v. 01, p. 01-24, 2019.<br \/>\nTRIGO, C. A. ; VICENTIN, M. C. G. . Pol\u00edticas de seguran\u00e7a e guerra aos pobres: o caso<br \/>\nda Pra\u00e7a Sete Jovens. PSICOLOGIA: CI\u00caNCIA E PROFISS\u00c3O (ONLINE), v. 38, p. 238-251,<br \/>\n2018.<br \/>\nVICENTIN, Maria Cristina Gon\u00e7alves. Corpos em rebeli\u00e3o e o sofrimento-resist\u00eancia:<br \/>\nadolescente em conflito com a lei. Tempo Social (USP. Impresso), v. 23, p. 97-113,<br \/>\n2011.<br \/>\nVICENTIN, Maria Cristina Gon\u00e7alves; ROSA, M. D. Os intrat\u00e1veis: o adolescente, o ato e<br \/>\no imagin\u00e1rio social. Revista Psicologia Pol\u00edtica (Impresso), v. 10, p. 107-124, 2010.<\/p>\n","protected":false},"excerpt":{"rendered":"<p>Departamento de Psicologia Social e do Trabalho \u00c1rea: Psicologia e Direito Linhas de Pesquisa: processos de subjetiva\u00e7\u00e3o e formas jur\u00eddicas; adolesc\u00eancia\/juventude e conflitualidade; dispositivos de sa\u00fade mental e produ\u00e7\u00e3o de subjetividade; sa\u00fade mental, justi\u00e7a e direitos humanos; modalidades de resist\u00eancia dos sujeitos em situa\u00e7\u00f5es de viol\u00eancias\/vulnerabiliza\u00e7\u00f5es. Telefones: 55 11-3091-4360 | \u00a0cristinavicentin@usp.br\u00a0| Lattes P\u00f3s-Gradua\u00e7\u00e3o Linha de [&hellip;]<\/p>\n","protected":false},"author":2,"featured_media":0,"parent":0,"menu_order":0,"comment_status":"closed","ping_status":"closed","template":"","meta":{"_acf_changed":false,"footnotes":""},"categories":[395,458],"tags":[],"class_list":["post-41745","page","type-page","status-publish","hentry","category-institucional","category-servidores-docentes"],"acf":[],"jetpack_sharing_enabled":true,"_links":{"self":[{"href":"https:\/\/www.ip.usp.br\/site\/wp-json\/wp\/v2\/pages\/41745","targetHints":{"allow":["GET"]}}],"collection":[{"href":"https:\/\/www.ip.usp.br\/site\/wp-json\/wp\/v2\/pages"}],"about":[{"href":"https:\/\/www.ip.usp.br\/site\/wp-json\/wp\/v2\/types\/page"}],"author":[{"embeddable":true,"href":"https:\/\/www.ip.usp.br\/site\/wp-json\/wp\/v2\/users\/2"}],"replies":[{"embeddable":true,"href":"https:\/\/www.ip.usp.br\/site\/wp-json\/wp\/v2\/comments?post=41745"}],"version-history":[{"count":13,"href":"https:\/\/www.ip.usp.br\/site\/wp-json\/wp\/v2\/pages\/41745\/revisions"}],"predecessor-version":[{"id":41790,"href":"https:\/\/www.ip.usp.br\/site\/wp-json\/wp\/v2\/pages\/41745\/revisions\/41790"}],"wp:attachment":[{"href":"https:\/\/www.ip.usp.br\/site\/wp-json\/wp\/v2\/media?parent=41745"}],"wp:term":[{"taxonomy":"category","embeddable":true,"href":"https:\/\/www.ip.usp.br\/site\/wp-json\/wp\/v2\/categories?post=41745"},{"taxonomy":"post_tag","embeddable":true,"href":"https:\/\/www.ip.usp.br\/site\/wp-json\/wp\/v2\/tags?post=41745"}],"curies":[{"name":"wp","href":"https:\/\/api.w.org\/{rel}","templated":true}]}}