{"id":43518,"date":"2023-07-03T10:44:32","date_gmt":"2023-07-03T13:44:32","guid":{"rendered":"https:\/\/www.ip.usp.br\/site\/?page_id=43518"},"modified":"2025-04-15T13:58:36","modified_gmt":"2025-04-15T16:58:36","slug":"auxilios-e-bolsas-3","status":"publish","type":"page","link":"https:\/\/www.ip.usp.br\/site\/auxilios-e-bolsas-3\/","title":{"rendered":"Aux\u00edlios e Bolsas"},"content":{"rendered":"<p>&nbsp;<\/p>\n<table style=\"border-collapse: collapse; width: 100%;\">\n<tbody>\n<tr>\n<td style=\"width: 88.9392%;\"><\/td>\n<td style=\"width: 3.42143%;\"><\/td>\n<td style=\"width: 3.78349%;\"><a href=\"https:\/\/www.ip.usp.br\/site\/scholarship\/\"><img decoding=\"async\" class=\"alignnone size-full wp-image-19626\" src=\"https:\/\/www.ip.usp.br\/site\/wp-content\/uploads\/2018\/08\/us.gif\" alt=\"\" width=\"20\" height=\"14\" \/><\/a><\/td>\n<td style=\"width: 3.8559%;\"><a href=\"https:\/\/www.ip.usp.br\/site\/becas\/\"><img decoding=\"async\" class=\"alignnone size-full wp-image-19623\" src=\"https:\/\/www.ip.usp.br\/site\/wp-content\/uploads\/2018\/08\/es.gif\" alt=\"\" width=\"20\" height=\"14\" \/><\/a><\/td>\n<\/tr>\n<\/tbody>\n<\/table>\n<h3><strong>1. VERBA PROAP \/ CAPES<\/strong><\/h3>\n<p>Prazos: \u00e0s solicita\u00e7\u00f5es devem ser encaminhadas no m\u00ednimo at\u00e9 45 dias antes da data do evento, coincidindo, ainda, com uma data de fechamento de pauta de reuni\u00e3o da CCP<\/p>\n<p><span style=\"text-decoration: underline;\">1.1) O recurso \u00e9 usado para a aquisi\u00e7\u00e3o\/pagamento de<\/span>:<\/p>\n<p><strong>Materiais Consum\u00edveis ou Servi\u00e7os de Terceiros<\/strong> usados por pesquisadores dos Programas de P\u00f3s (PPGs);<\/p>\n<p><strong>Tradu\u00e7\u00e3o\/Revis\u00e3o\/Submiss\u00e3o<\/strong> de artigos, cap\u00edtulos e livros, que ser\u00e3o publicados e\/ou apresentados;<\/p>\n<p><strong>Despesa com Publica\u00e7\u00e3o<\/strong> de artigos, cap\u00edtulos e livros em peri\u00f3dico acad\u00eamico\/cient\u00edfico;<\/p>\n<p><strong>Participa\u00e7\u00e3o em Evento<\/strong> acad\u00eamico\/cient\u00edfico (congresso, simp\u00f3sio, semin\u00e1rio, workshop e similares);<\/p>\n<p><strong>Passagem a\u00e9rea<\/strong> para participa\u00e7\u00e3o em evento acad\u00eamico\/cient\u00edfico, realiza\u00e7\u00e3o de trabalho de campo;<\/p>\n<p><strong>Di\u00e1rias<\/strong> em evento acad\u00eamico\/cient\u00edfico, trabalho de campo (hospedagem, alimenta\u00e7\u00e3o, transporte urbano);<\/p>\n<p>&nbsp;<\/p>\n<p><span style=\"text-decoration: underline;\">N\u00e3o \u00e9 poss\u00edvel<\/span> adquirir material permanente (Despesa de Capital). Verba prevista s\u00f3 para despesa de custeio;<\/p>\n<p><span style=\"text-decoration: underline;\">N\u00e3o \u00e9 poss\u00edvel<\/span> pagar pr\u00f3-labore, consultoria, gratifica\u00e7\u00e3o, participa\u00e7\u00e3o em banca, remunerar curso\/aula etc;<\/p>\n<p><span style=\"text-decoration: underline;\">N\u00e3o \u00e9 poss\u00edvel<\/span> contratar servi\u00e7o de terceiro que caracterize contrato duradouro, v\u00ednculo empregat\u00edcio;<\/p>\n<p><em>Situa\u00e7\u00f5es n\u00e3o previstas devem ser comunicadas ao Programa de P\u00f3s para an\u00e1lise\/avalia\u00e7\u00e3o.<\/em><\/p>\n<p>&nbsp;<\/p>\n<p>1.2) <span style=\"text-decoration: underline;\"><strong>Roteiro relacionado ao Pedido\/Solicita\u00e7\u00e3o de Uso deste Recurso, Presta\u00e7\u00e3o de Contas e \u00e0 Realiza\u00e7\u00e3o do Reembolso<\/strong><\/span>:<\/p>\n<p>Os pedidos devem ser enviados \u00e0 Secretaria do PPG por e-mail, <span style=\"text-decoration: underline;\">com os anexos preliminares (veja os 3 primeiros arquivos do item 5)<\/span>;<\/p>\n<p>As solicita\u00e7\u00f5es\/pedidos de verba s\u00e3o avaliadas nas reuni\u00f5es mensais da CCP-PSA;<\/p>\n<p>O valor solicitado pode ser aprovado na \u00edntegra ou parcialmente, como pode tamb\u00e9m pode ser reprovado pela CCP;<\/p>\n<p>Arquivos da presta\u00e7\u00e3o de contas devem ser entregues ap\u00f3s a realiza\u00e7\u00e3o da Despesa\/Evento, em at\u00e9 1 m\u00eas;<\/p>\n<p><em>Situa\u00e7\u00f5es n\u00e3o previstas devem ser comunicadas ao Programa de P\u00f3s para an\u00e1lise\/avalia\u00e7\u00e3o<\/em>.<\/p>\n<p>&nbsp;<\/p>\n<p><span style=\"text-decoration: underline;\"><strong>1.3) Arquivos e Orienta\u00e7\u00f5es para Solicita\u00e7\u00e3o\/Pedido de Recurso CAPES PROAP\/<\/strong><\/span>:<\/p>\n<p><strong>1.3.1 Para materiais consum\u00edveis ou servi\u00e7os de terceiros<\/strong> usados por pesquisadores, devem apresentar os seguintes documentos:<\/p>\n<p>Formul\u00e1rio de solicita\u00e7\u00e3o\/pedido de Verba PROAP, assinado pelo Pesquisador (ou aluno + orientador);<\/p>\n<p>3 cota\u00e7\u00f5es somente (ou Carta de exclusividade da empresa, devidamente emitida.<\/p>\n<p><strong>1.3.2 Para tradu\u00e7\u00e3o\/revis\u00e3o\/submiss\u00e3o\/publica\u00e7\u00f5e<\/strong>s<\/p>\n<p>Formul\u00e1rio de solicita\u00e7\u00e3o\/pedido de Verba PROAP, assinado pelo pesquisador (ou aluno + orientador);<\/p>\n<p>Comprovante de aceite da publica\u00e7\u00e3o;<\/p>\n<p>Artigo\/material a ser publicado.<\/p>\n<p><strong>1.3.3 Participa\u00e7\u00e3o em Evento \/ Passagem a\u00e9rea e di\u00e1rias<\/strong><\/p>\n<p>Formul\u00e1rio de solicita\u00e7\u00e3o\/pedido de Verba PROAP, assinado pelo pesquisador (ou aluno + orientador);<\/p>\n<p>Comprovante de aceite no evento (ou apresentar Carta Convite, se for o caso);<\/p>\n<p>Artigo\/material a ser apresentado no evento.<\/p>\n<p>&nbsp;<\/p>\n<p><strong>1.4) Orienta\u00e7\u00f5es para Presta\u00e7\u00e3o de contas ap\u00f3s a realiza\u00e7\u00e3o do item solicitado<\/strong><\/p>\n<p><strong>1.4.1 Para materiais Consum\u00edveis ou Servi\u00e7os de Terceiros<\/strong><\/p>\n<p>Ap\u00f3s a realiza\u00e7\u00e3o do servi\u00e7o apresentar:<\/p>\n<p>Comprovante de pagamento da &#8220;Despesa Realizada&#8221;, e o Recibo do pagamento se houver<\/p>\n<p>&#8220;Nota Fiscal \/ Invoice \/ Recibo&#8221; emitida pela Empresa<\/p>\n<p>&nbsp;<\/p>\n<p><strong>1.4.2 Para tradu\u00e7\u00e3o\/revis\u00e3o\/submiss\u00e3o\/publica\u00e7\u00f5es<\/strong><\/p>\n<p>Comprovante de pagamento da &#8220;publica\u00e7\u00e3o&#8221;, e o recibo do pagamento se houver;<\/p>\n<p>&#8220;Nota Fiscal \/ Invoice&#8221; emitida pelo Peri\u00f3dico<\/p>\n<p>&nbsp;<\/p>\n<p><strong>1.4.3 Participa\u00e7\u00e3o em evento \/ passagem a\u00e9rea e di\u00e1rias<\/strong><\/p>\n<p>Certificado de Participa\u00e7\u00e3o\/Apresenta\u00e7\u00e3o no Evento;<\/p>\n<p>Comprovante de pagamento da inscri\u00e7\u00e3o e recibo, apenas se pediu verba p\/ Inscri\u00e7\u00e3o<\/p>\n<p>Relat\u00f3rio das atividades desenvolvidas\/realizadas, assinado pelo Pesquisador (ou Aluno + Orientador);<\/p>\n<p>Recibo Modelo &#8220;A&#8221; da CAPES (Modelo &#8220;B&#8221; qdo for Coordenador) indicando o valor das di\u00e1rias.<\/p>\n<p>E-ticket comprovando o valor da passagem na modalidade econ\u00f4mica;<\/p>\n<p>Bilhetes de Embarque Ida e Volta.<\/p>\n<p>&nbsp;<\/p>\n<p><strong>1.5) Arquivos e orienta\u00e7\u00f5es para solicita\u00e7\u00e3o\/pedido de Recurso CAPES PROAP<\/strong><\/p>\n<p><a href=\"https:\/\/www.ip.usp.br\/site\/wp-content\/uploads\/2025\/04\/1_Formulario_Solicitacao-PROAP-PSA_atualizado.pdf\" target=\"_blank\" rel=\"noopener\">Formul\u00e1rio de Solicita\u00e7\u00e3o\/Pedido de Verba (preenchimento obrigat\u00f3rio para solicitar Verba\/Recurso)<\/a><\/p>\n<p><a href=\"https:\/\/www.ip.usp.br\/site\/wp-content\/uploads\/2025\/04\/2_ANEXO_A_docente_aluno_recibo.pdf\" target=\"_blank\" rel=\"noopener\">Recibo de Di\u00e1rias Modelo A (para os Pesquisadores\/Alunos em geral \u2013 Solicitantes de Di\u00e1rias)<\/a><\/p>\n<p>Recibo de Di\u00e1rias Modelo B (somente para Coordenadores dos PPGs \u2013 Solicitantes de Di\u00e1rias)<\/p>\n<p><a href=\"https:\/\/www.ip.usp.br\/site\/wp-content\/uploads\/2025\/04\/6_Prestacao-de-contas-pos-evento_estudante-1.pdf\" target=\"_blank\" rel=\"noopener\">Relat\u00f3rio de Atividades Desenvolvidas &#8211; aluno (ao participar de evento acad\u00eamico\/cient\u00edfico)<\/a><\/p>\n<p><a href=\"https:\/\/www.ip.usp.br\/site\/wp-content\/uploads\/2025\/04\/5_Prestacao-de-contas-pos-evento_docente.pdf\" target=\"_blank\" rel=\"noopener\">Relat\u00f3rio de Atividades Desenvolvidas &#8211; docente (ao participar de evento acad\u00eamico\/cient\u00edfico)<\/a><\/p>\n<p>&nbsp;<\/p>\n<h3>2. Bolsas de estudo<\/h3>\n<p><strong>Regras para Bolsas<\/strong><\/p>\n<p>O aluno regular interessado em obter uma bolsa de estudos dever\u00e1 fazer a solicita\u00e7\u00e3o em per\u00edodo a ser definido anualmente.<\/p>\n<p>Todos os bolsistas devem solicitar a renova\u00e7\u00e3o da bolsa anualmente, em per\u00edodo a ser definido, e com a documenta\u00e7\u00e3o listada.<\/p>\n<p>A quota de bolsas de P\u00f3s-Gradua\u00e7\u00e3o dos cursos de Mestrado e Doutorado, modalidade de cota institucional do PPG-PSA\/IPUSP, destina-se a apoiar a forma\u00e7\u00e3o de recursos humanos em n\u00edvel de P\u00f3s-Gradua\u00e7\u00e3o. As bolsas das ag\u00eancias de fomento das ag\u00eancias de fomento Capes e do CNPq ser\u00e3o concedidas mediante disponibilidade por meio de processo seletivo. N\u00e3o h\u00e1 garantia de bolsas de estudos a todos os alunos ao curso de mestrado e doutorado do PPG-PSA. Isso depende do n\u00famero atual de bolsas, do n\u00famero de interessados em bolsas, dos programas de bolsa existentes em cada momento, da atual situa\u00e7\u00e3o dos atuais bolsistas, entre outras poss\u00edveis situa\u00e7\u00f5es. Importante notar que a simples manifesta\u00e7\u00e3o de interesse por bolsa e posterior classifica\u00e7\u00e3o na lista de bolsas n\u00e3o significa necessariamente atribui\u00e7\u00e3o de bolsa. Para informa\u00e7\u00f5es mais precisas, acesse as informa\u00e7\u00f5es abaixo:<\/p>\n<p><strong>Bolsas Capes \/ Demanda Social (DS) (cota do Programa):<\/strong><\/p>\n<p>\u00c9 importante que as pessoas interessadas em receber uma bolsa de mestrado ou doutorado do programa atentem-se aos requisitos definidos pela <a href=\"http:\/\/cad.capes.gov.br\/ato-administrativo-detalhar?idAtoAdmElastic=741#anchor\" target=\"_blank\" rel=\"noopener\">Portaria n\u00ba 76 de 14 de Abril de 2010<\/a>, inclusive a necessidade de realizar est\u00e1gio de doc\u00eancia para bolsistas de doutorado (EST\u00c1GIO DE DOC\u00caNCIA artigo 18. O est\u00e1gio de doc\u00eancia \u00e9 parte integrante da forma\u00e7\u00e3o do p\u00f3s-graduando, objetivando a prepara\u00e7\u00e3o para a doc\u00eancia, e a qualifica\u00e7\u00e3o do ensino de gradua\u00e7\u00e3o sendo obrigat\u00f3rio para todos os bolsistas do Programa de Demanda Social, obedecendo aos seguintes crit\u00e9rios: I &#8211; para o programa que possuir os dois n\u00edveis, mestrado e doutorado, a obrigatoriedade ficar\u00e1 restrita ao doutorado; II &#8211; para o programa que possuir apenas o n\u00edvel de mestrado, a obrigatoriedade do est\u00e1gio doc\u00eancia ser\u00e1 transferida para o mestrado; III &#8211; as Institui\u00e7\u00f5es que n\u00e3o oferecerem curso de gradua\u00e7\u00e3o, dever\u00e3o associar-se a outras Institui\u00e7\u00f5es de ensino superior para atender as exig\u00eancias do est\u00e1gio de doc\u00eancia; IV &#8211; o est\u00e1gio de doc\u00eancia poder\u00e1 ser remunerado a crit\u00e9rio da Institui\u00e7\u00e3o, vedado \u00e0 utiliza\u00e7\u00e3o de recursos repassados pela CAPES; V &#8211; a dura\u00e7\u00e3o m\u00ednima do est\u00e1gio de doc\u00eancia ser\u00e1 de um semestre para o mestrado e dois semestres para o doutorado e a dura\u00e7\u00e3o m\u00e1xima para o mestrado ser\u00e1 de dois semestres e tr\u00eas semestres para o doutorado; VII &#8211; o docente de ensino superior, que comprovar tais atividades, ficar\u00e1 dispensado do est\u00e1gio de doc\u00eancia; VIII &#8211; as atividades do est\u00e1gio de doc\u00eancia dever\u00e3o ser compat\u00edveis com a \u00e1rea de pesquisa do programa de p\u00f3s-gradua\u00e7\u00e3o realizado pelo p\u00f3s-graduando. IX &#8211; havendo espec\u00edfica articula\u00e7\u00e3o entre os sistemas de ensino pactuada pelas autoridades competentes e observadas as demais condi\u00e7\u00f5es estabelecidas neste artigo, admitir-se-\u00e1 a realiza\u00e7\u00e3o do est\u00e1gio docente na rede p\u00fablica de ensino m\u00e9dio; X &#8211; a carga hor\u00e1ria m\u00e1xima do est\u00e1gio doc\u00eancia ser\u00e1 de 4 horas semanais.)<\/p>\n<p><strong><span style=\"text-decoration: underline;\">Para bolsistas Capes (cota do Programa e cota da PRPG)<\/span>:<\/strong><\/p>\n<p>O aluno dever\u00e1 realizar para o Mestrado somente a disciplina Prepara\u00e7\u00e3o Pedag\u00f3gica, que pode ser no IP ou em outra unidade da USP. Neste link consta as disciplinas credenciadas. <a href=\"https:\/\/www.prpg.usp.br\/pt-br\/faca-pos-na-usp\/111-pae\/etapa-de-preparacao-pedagogica\" target=\"_blank\" rel=\"noopener\">https:\/\/www.prpg.usp.br\/pt-br\/faca-pos-na-usp\/111-pae\/etapa-de-preparacao-pedagogica<\/a><\/p>\n<p>Para alunos de Doutorado al\u00e9m da disciplina, dever\u00e1 tamb\u00e9m fazer o PAE- Programa de Aperfei\u00e7oamento de Ensino <a href=\"https:\/\/www.prpg.usp.br\/pt-br\/pae\/o-que-pae\" target=\"_blank\" rel=\"noopener\">https:\/\/www.prpg.usp.br\/pt-br\/pae\/o-que-pae<\/a><\/p>\n<p><strong><span style=\"text-decoration: underline;\">Para bolsas Fapesp<\/span>:<\/strong><\/p>\n<p>Para obter bolsas da Fapesp, \u00e9 necess\u00e1rio que o aluno juntamente com seu orientador fa\u00e7a um pedido de bolsa espec\u00edfico diretamente a essa ag\u00eancia de fomento. Para isso, \u00e9 necess\u00e1rio que um projeto de pesquisa seja apresentado.<\/p>\n<p>O aluno j\u00e1 precisa estar oficialmente matriculado no curso de mestrado ou doutorado para poder entrar com o pedido de bolsa na Fapesp.<\/p>\n<p>Por\u00e9m, de comum acordo com seu orientador, \u00e9 poss\u00edvel iniciar a elabora\u00e7\u00e3o do projeto antes da matr\u00edcula, uma vez que essa tarefa demanda bastante tempo e esfor\u00e7o. Para isso, \u00e9 importante que o aluno tenha certeza que realmente se matricular\u00e1 no curso de mestrado ou doutorado.<\/p>\n<p>Consulte informa\u00e7\u00f5es no website da <a href=\"http:\/\/www.fapesp.br\/bolsas\/\" target=\"_blank\" rel=\"noopener\">Fapesp<\/a> e converse com seu orientador.<\/p>\n<p><strong><span style=\"text-decoration: underline;\">Prazo de dura\u00e7\u00e3o da bolsa<\/span>:<\/strong><br \/>\na) mestrado &#8211; at\u00e9 24 (vinte e quatro) meses, improrrog\u00e1veis;<br \/>\nb) doutorado regular, at\u00e9 48 (quarenta e oito) meses, improrrog\u00e1veis;<br \/>\nO aluno que obtiver a bolsa ap\u00f3s o primeiro ano de ingresso no programa receber\u00e1 pelo per\u00edodo proporcional ao tempo que restar para sua forma\u00e7\u00e3o<\/p>\n<p><strong><span style=\"text-decoration: underline;\">Obriga\u00e7\u00f5es do bolsista<\/span>:<\/strong><\/p>\n<p>A concess\u00e3o de bolsa de estudos das ag\u00eancias federais de fomento \u00e0 pesquisa implica compromisso assumido pela\/o bolsista com o Programa de P\u00f3s-Gradua\u00e7\u00e3o em Psicologia Escolar e do Desenvolvimento Humano, dentro dos seguintes termos:<\/p>\n<p>\u2022 Dedica\u00e7\u00e3o integral \u00e0s atividades do Programa de P\u00f3s-Gradua\u00e7\u00e3o em Psicologia Escolar e do Desenvolvimento Humano;<br \/>\n\u2022 Comprova\u00e7\u00e3o de desempenho acad\u00eamico satisfat\u00f3rio, segundo as normas definidas pela entidade promotora do curso, com especial destaque aos seguintes pontos:<br \/>\n\u2022 Apresenta\u00e7\u00e3o anual de relat\u00f3rio de atividades (Relat\u00f3rio Cient\u00edfico Anual). Para a renova\u00e7\u00e3o da bolsa dever\u00e1 ser observado o parecer ou a avalia\u00e7\u00e3o do (a) orientador (a) no relat\u00f3rio de atividades;<br \/>\n\u2022 N\u00e3o ser reprovada\/o em nenhuma disciplina.<br \/>\n\u2022 N\u00e3o ter disciplina cancelada no semestre.<br \/>\n\u2022 N\u00e3o acumular outra bolsa de qualquer modalidade de aux\u00edlio ou bolsa de outro Programa ou de outra ag\u00eancia de fomento p\u00fablica;<br \/>\n\u2022 N\u00e3o se encontrar aposentada\/o ou em situa\u00e7\u00e3o equiparada;<br \/>\n\u2022 Realizar est\u00e1gio doc\u00eancia de acordo com o regulamento espec\u00edfico de cada ag\u00eancia de fomento (Capes);<br \/>\n\u2022 Prestar contas da taxa de bancada (somente CNPq doutorado) quando do encerramento da bolsa, conforme as orienta\u00e7\u00f5es no CNPq (sujeita \u00e0 disponibilidade mencionada no item 2, Da Bolsa);<br \/>\n\u2022 Atualizar periodicamente o curr\u00edculo lattes;<br \/>\n\u2022 Produzir a cada 12 meses de vig\u00eancia da bolsa, pelo menos: 1 apresenta\u00e7\u00e3o de trabalho em evento cient\u00edfico ou 1 publica\u00e7\u00e3o de artigo\/cap\u00edtulo\/livro;<br \/>\n\u2022 Os trabalhos produzidos ou publicados, em qualquer m\u00eddia, que decorram de atividades financiadas, integral ou parcialmente, pela CAPES, dever\u00e3o, obrigatoriamente, fazer refer\u00eancia ao apoio recebido conforme Portaria CAPES N\u00ba 206, de 4 de setembro de 2018;<br \/>\n\u2022 O n\u00e3o cumprimento das obriga\u00e7\u00f5es acima poder\u00e1 acarretar no cancelamento da bolsa.<\/p>\n<p><strong><span style=\"text-decoration: underline;\">Ac\u00famulo de bolsas<\/span>:<\/strong><\/p>\n<p>\u2022 A Capes, por meio da Portaria CAPES n\u00ba 133 de 10\/07\/2023 passou a permitir o ac\u00famulo de bolsa com atividades remuneradas e outros rendimentos. Entretanto, a CCP-PSA considerando os par\u00e2metros de diversidade e a\u00e7\u00f5es afirmativas, entende que os crit\u00e9rios de distribui\u00e7\u00e3o de bolsas devem priorizar os alunos que n\u00e3o possuam nenhum tipo de rendimento.<br \/>\n\u2022 A Portaria estabelece, ainda, que permanece vedado o ac\u00famulo de bolsas de mestrado, doutorado e p\u00f3s-doutorado no Pa\u00eds com outras bolsas, nacionais ou internacionais, de mesmo n\u00edvel, financiadas com recursos p\u00fablicos federais.<br \/>\n\u2022 Casos omissos ser\u00e3o levados para aprecia\u00e7\u00e3o da Comiss\u00e3o de Coordena\u00e7\u00e3o do Programa de P\u00f3s-Gradua\u00e7\u00e3o em Psicologia Escolar e do Desenvolvimento Humano.<\/p>\n<p>&nbsp;<\/p>\n","protected":false},"excerpt":{"rendered":"<p>&nbsp; 1. VERBA PROAP \/ CAPES Prazos: \u00e0s solicita\u00e7\u00f5es devem ser encaminhadas no m\u00ednimo at\u00e9 45 dias antes da data do evento, coincidindo, ainda, com uma data de fechamento de pauta de reuni\u00e3o da CCP 1.1) O recurso \u00e9 usado para a aquisi\u00e7\u00e3o\/pagamento de: Materiais Consum\u00edveis ou Servi\u00e7os de Terceiros usados por pesquisadores dos Programas [&hellip;]<\/p>\n","protected":false},"author":4,"featured_media":0,"parent":0,"menu_order":0,"comment_status":"closed","ping_status":"closed","template":"","meta":{"_acf_changed":false,"footnotes":""},"categories":[],"tags":[],"class_list":["post-43518","page","type-page","status-publish","hentry"],"acf":[],"jetpack_sharing_enabled":true,"_links":{"self":[{"href":"https:\/\/www.ip.usp.br\/site\/wp-json\/wp\/v2\/pages\/43518","targetHints":{"allow":["GET"]}}],"collection":[{"href":"https:\/\/www.ip.usp.br\/site\/wp-json\/wp\/v2\/pages"}],"about":[{"href":"https:\/\/www.ip.usp.br\/site\/wp-json\/wp\/v2\/types\/page"}],"author":[{"embeddable":true,"href":"https:\/\/www.ip.usp.br\/site\/wp-json\/wp\/v2\/users\/4"}],"replies":[{"embeddable":true,"href":"https:\/\/www.ip.usp.br\/site\/wp-json\/wp\/v2\/comments?post=43518"}],"version-history":[{"count":16,"href":"https:\/\/www.ip.usp.br\/site\/wp-json\/wp\/v2\/pages\/43518\/revisions"}],"predecessor-version":[{"id":51077,"href":"https:\/\/www.ip.usp.br\/site\/wp-json\/wp\/v2\/pages\/43518\/revisions\/51077"}],"wp:attachment":[{"href":"https:\/\/www.ip.usp.br\/site\/wp-json\/wp\/v2\/media?parent=43518"}],"wp:term":[{"taxonomy":"category","embeddable":true,"href":"https:\/\/www.ip.usp.br\/site\/wp-json\/wp\/v2\/categories?post=43518"},{"taxonomy":"post_tag","embeddable":true,"href":"https:\/\/www.ip.usp.br\/site\/wp-json\/wp\/v2\/tags?post=43518"}],"curies":[{"name":"wp","href":"https:\/\/api.w.org\/{rel}","templated":true}]}}