{"id":44110,"date":"2023-09-05T05:15:49","date_gmt":"2023-09-05T08:15:49","guid":{"rendered":"https:\/\/www.ip.usp.br\/site\/?page_id=44110"},"modified":"2026-02-11T17:32:22","modified_gmt":"2026-02-11T20:32:22","slug":"auditorios","status":"publish","type":"page","link":"https:\/\/www.ip.usp.br\/site\/auditorios\/","title":{"rendered":"Reserva de Audit\u00f3rios"},"content":{"rendered":"\t\t<div data-elementor-type=\"wp-page\" data-elementor-id=\"44110\" class=\"elementor elementor-44110\">\n\t\t\t\t<div class=\"elementor-element elementor-element-7ab1c5a6 e-flex e-con-boxed e-con e-parent\" data-id=\"7ab1c5a6\" data-element_type=\"container\" data-e-type=\"container\">\n\t\t\t\t\t<div class=\"e-con-inner\">\n\t\t\t\t<div class=\"elementor-element elementor-element-7025d43 elementor-widget elementor-widget-text-editor\" data-id=\"7025d43\" data-element_type=\"widget\" data-e-type=\"widget\" data-widget_type=\"text-editor.default\">\n\t\t\t\t<div class=\"elementor-widget-container\">\n\t\t\t\t\t\t\t\t\t<ul>\n<li style=\"list-style-type: none;\">\n<ul>\n<li style=\"list-style-type: none;\">\n<ul>\n<li style=\"list-style-type: none;\">\n<ul>\n<li style=\"list-style-type: none;\">\n<ul>\n<li style=\"list-style-type: none;\">\n<ul style=\"list-style-type: disc;\">\n<li style=\"text-align: left;\"><strong><a href=\"https:\/\/docs.google.com\/forms\/d\/e\/1FAIpQLSfWhC2KMfMPDz_Iso9T8PmXoMP_ZYZSFhsspBaizA5SYWq5Vg\/viewform\">Formul\u00e1rio para Reserva dos Audit\u00f3rios: clique aqui!<\/a><\/strong><\/li>\n<li style=\"text-align: left;\"><a href=\"https:\/\/www.ip.usp.br\/site\/wp-content\/uploads\/2023\/09\/Termo-de-responsabilidade-e-concessao-de-uso-2023.docx\"><strong>Termo de responsabilidade e concess\u00e3o de uso<\/strong><\/a><\/li>\n<li><strong><a href=\"https:\/\/www.ip.usp.br\/site\/wp-content\/uploads\/2023\/09\/Termo-Cessao-Imagem-2023.docx\">Termo de autoriza\u00e7\u00e3o e cess\u00e3o de direito de imagem<\/a><\/strong><\/li>\n<li>\n<div><strong><a href=\"https:\/\/calendar.google.com\/calendar\/embed?src=c_42b8d40f5dd3fad7e48c9a3767dbf746560bcb3cebc242e99ba11f2922691150%40group.calendar.google.com&amp;ctz=America%2FSao_Paulo\">Agenda do Carolina Bori \u2013 Bloco G<\/a><\/strong><\/div>\n<\/li>\n<li>\n<div><strong><a href=\"https:\/\/calendar.google.com\/calendar\/embed?src=c_d4575f19dbc99ce4ef56f7aefb5273f54e19367eb11ad496a0dccf8684343a16%40group.calendar.google.com&amp;ctz=America%2FSao_Paulo\">Agenda do Aurora Furtado \u2013 Bloco B<\/a><\/strong><\/div>\n<\/li>\n<\/ul>\n<\/li>\n<\/ul>\n<\/li>\n<\/ul>\n<\/li>\n<\/ul>\n<\/li>\n<\/ul>\n<\/li>\n<\/ul>\n<p>&nbsp;<\/p>\n<p><iframe style=\"border: 0; float: left; padding-right: 10px; padding-top: 1px;\" src=\"https:\/\/calendar.google.com\/calendar\/embed?src=c_d4575f19dbc99ce4ef56f7aefb5273f54e19367eb11ad496a0dccf8684343a16%40group.calendar.google.com&amp;ctz=America%2FSao_Paulo\" width=\"450\" height=\"500\" frameborder=\"0\" scrolling=\"no\"><\/iframe><\/p>\n<p><iframe style=\"border: 0; float: left; padding-left: 10px;\" src=\"https:\/\/calendar.google.com\/calendar\/embed?src=c_42b8d40f5dd3fad7e48c9a3767dbf746560bcb3cebc242e99ba11f2922691150%40group.calendar.google.com&amp;ctz=America%2FSao_Paulo\" width=\"450\" height=\"500\" frameborder=\"0\" scrolling=\"no\"><\/iframe><\/p>\n\t\t\t\t\t\t\t\t<\/div>\n\t\t\t\t<\/div>\n\t\t\t\t\t<\/div>\n\t\t\t\t<\/div>\n\t\t<div class=\"elementor-element elementor-element-4c957bd e-flex e-con-boxed e-con e-parent\" data-id=\"4c957bd\" data-element_type=\"container\" data-e-type=\"container\">\n\t\t\t\t\t<div class=\"e-con-inner\">\n\t\t\t\t\t<\/div>\n\t\t\t\t<\/div>\n\t\t\t\t<\/div>\n\t\t","protected":false},"excerpt":{"rendered":"<p>Formul\u00e1rio para Reserva dos Audit\u00f3rios: clique aqui! Termo de responsabilidade e concess\u00e3o de uso Termo de autoriza\u00e7\u00e3o e cess\u00e3o de direito de imagem Agenda do Carolina Bori \u2013 Bloco G Agenda do Aurora Furtado \u2013 Bloco B &nbsp;<\/p>\n","protected":false},"author":19,"featured_media":0,"parent":0,"menu_order":0,"comment_status":"closed","ping_status":"closed","template":"","meta":{"_acf_changed":false,"footnotes":""},"categories":[],"tags":[],"class_list":["post-44110","page","type-page","status-publish","hentry"],"acf":[],"jetpack_sharing_enabled":true,"_links":{"self":[{"href":"https:\/\/www.ip.usp.br\/site\/wp-json\/wp\/v2\/pages\/44110","targetHints":{"allow":["GET"]}}],"collection":[{"href":"https:\/\/www.ip.usp.br\/site\/wp-json\/wp\/v2\/pages"}],"about":[{"href":"https:\/\/www.ip.usp.br\/site\/wp-json\/wp\/v2\/types\/page"}],"author":[{"embeddable":true,"href":"https:\/\/www.ip.usp.br\/site\/wp-json\/wp\/v2\/users\/19"}],"replies":[{"embeddable":true,"href":"https:\/\/www.ip.usp.br\/site\/wp-json\/wp\/v2\/comments?post=44110"}],"version-history":[{"count":37,"href":"https:\/\/www.ip.usp.br\/site\/wp-json\/wp\/v2\/pages\/44110\/revisions"}],"predecessor-version":[{"id":54408,"href":"https:\/\/www.ip.usp.br\/site\/wp-json\/wp\/v2\/pages\/44110\/revisions\/54408"}],"wp:attachment":[{"href":"https:\/\/www.ip.usp.br\/site\/wp-json\/wp\/v2\/media?parent=44110"}],"wp:term":[{"taxonomy":"category","embeddable":true,"href":"https:\/\/www.ip.usp.br\/site\/wp-json\/wp\/v2\/categories?post=44110"},{"taxonomy":"post_tag","embeddable":true,"href":"https:\/\/www.ip.usp.br\/site\/wp-json\/wp\/v2\/tags?post=44110"}],"curies":[{"name":"wp","href":"https:\/\/api.w.org\/{rel}","templated":true}]}}