{"id":45326,"date":"2024-02-05T16:37:16","date_gmt":"2024-02-05T19:37:16","guid":{"rendered":"https:\/\/www.ip.usp.br\/site\/?page_id=45326"},"modified":"2024-02-05T17:02:46","modified_gmt":"2024-02-05T20:02:46","slug":"gabriel-vibert","status":"publish","type":"page","link":"https:\/\/www.ip.usp.br\/site\/gabriel-vibert\/","title":{"rendered":"Depoimento de interc\u00e2mbio\u2013 Gabriel Vibert"},"content":{"rendered":"<p>Antes do meu interc\u00e2mbio, eu tinha estudado o segundo ano do curso de Psicologia na Universidade Paris Cit\u00e9, no Departamento de Estudos Psicanal\u00edticos do Instituto das Humanidades, Ci\u00eancias e Sociedades.<\/p>\n<p style=\"text-align: justify\">Do lado da USP, o processo administrativo foi bastante simples, e foi agrad\u00e1vel ter uma \u00fanica interlocutora ao longo das diferentes etapas. Cheguei no inicio de agosto, e tivemos uma \u00f3tima recep\u00e7\u00e3o por parte da Diretoria do Instituto de Psicologia e dos alunos do programa Amigos USP.<\/p>\n<p style=\"text-align: justify\">Gostei muito da possibilidade de poder escolher cursos entre os diferentes anos e de poder experimentar todos aqueles que eu queria durante tr\u00eas semanas antes de fazer a matricula definitiva. Neste quesito, acho que esta liberdade na composi\u00e7\u00e3o do curr\u00edculo, desde que os professores aceitem os alunos no curso, \u00e9 um grande diferencial do interc\u00e2mbio na USP.<\/p>\n<p>O campus da USP e o IP s\u00e3o muito agrad\u00e1veis e arborizados, e era um prazer vir de bicicleta para as aulas.<\/p>\n<p>Achei muito interessante a experi\u00eancia das aulas e as diferen\u00e7as entre o sistema franc\u00eas e brasileiro.<\/p>\n<p style=\"text-align: justify\">Gostei do fato de ter bastante espa\u00e7o para trocas com os professores em aulas mais longas, e a acessibilidade deles para perguntas e orienta\u00e7\u00f5es. A divis\u00e3o de uma mat\u00e9ria entre professores \u00e9 tamb\u00e9m algo inovativo de um ponto de vista pedag\u00f3gico que eu achei inovativo. Finalmente, achei o dispositivo da Clinica Escola sensacional tanto de um ponto de vista clinico como te\u00f3rico, e o curso de Psicopatologia da Profa. Leila com os atendimentos no \u00e2mbito do projeto Apoiar foram um dos pontos altos do semestre. De forma geral, achei os professores de um excelente n\u00edvel e muito envolvidos com o trabalho de ensino deles.<\/p>\n<p>A greve que teve este semestre mostrou a uni\u00e3o e a organiza\u00e7\u00e3o dos estudantes do IP como da USP como um todo e foi tamb\u00e9m muito interessante de acompanhar.<\/p>\n<p>Recomendo muito para os estudantes estrangeiros virem passar um semestre ou um ano no IP, e espero poder voltar em breve.<\/p>\n","protected":false},"excerpt":{"rendered":"<p>Antes do meu interc\u00e2mbio, eu tinha estudado o segundo ano do curso de Psicologia na Universidade Paris Cit\u00e9, no Departamento de Estudos Psicanal\u00edticos do Instituto das Humanidades, Ci\u00eancias e Sociedades. Do lado da USP, o processo administrativo foi bastante simples, e foi agrad\u00e1vel ter uma \u00fanica interlocutora ao longo das diferentes etapas. Cheguei no inicio [&hellip;]<\/p>\n","protected":false},"author":2,"featured_media":0,"parent":0,"menu_order":0,"comment_status":"closed","ping_status":"closed","template":"","meta":{"_acf_changed":false,"footnotes":""},"categories":[414],"tags":[1803,1750,1804],"class_list":["post-45326","page","type-page","status-publish","hentry","category-intercambio","tag-depoimento","tag-intercambio","tag-internacionalizacao"],"acf":[],"jetpack_sharing_enabled":true,"_links":{"self":[{"href":"https:\/\/www.ip.usp.br\/site\/wp-json\/wp\/v2\/pages\/45326","targetHints":{"allow":["GET"]}}],"collection":[{"href":"https:\/\/www.ip.usp.br\/site\/wp-json\/wp\/v2\/pages"}],"about":[{"href":"https:\/\/www.ip.usp.br\/site\/wp-json\/wp\/v2\/types\/page"}],"author":[{"embeddable":true,"href":"https:\/\/www.ip.usp.br\/site\/wp-json\/wp\/v2\/users\/2"}],"replies":[{"embeddable":true,"href":"https:\/\/www.ip.usp.br\/site\/wp-json\/wp\/v2\/comments?post=45326"}],"version-history":[{"count":4,"href":"https:\/\/www.ip.usp.br\/site\/wp-json\/wp\/v2\/pages\/45326\/revisions"}],"predecessor-version":[{"id":45334,"href":"https:\/\/www.ip.usp.br\/site\/wp-json\/wp\/v2\/pages\/45326\/revisions\/45334"}],"wp:attachment":[{"href":"https:\/\/www.ip.usp.br\/site\/wp-json\/wp\/v2\/media?parent=45326"}],"wp:term":[{"taxonomy":"category","embeddable":true,"href":"https:\/\/www.ip.usp.br\/site\/wp-json\/wp\/v2\/categories?post=45326"},{"taxonomy":"post_tag","embeddable":true,"href":"https:\/\/www.ip.usp.br\/site\/wp-json\/wp\/v2\/tags?post=45326"}],"curies":[{"name":"wp","href":"https:\/\/api.w.org\/{rel}","templated":true}]}}