{"id":46561,"date":"2024-03-27T11:56:47","date_gmt":"2024-03-27T14:56:47","guid":{"rendered":"https:\/\/www.ip.usp.br\/site\/?page_id=46561"},"modified":"2024-11-19T11:01:35","modified_gmt":"2024-11-19T14:01:35","slug":"gabriela-junqueira-calazans","status":"publish","type":"page","link":"https:\/\/www.ip.usp.br\/site\/gabriela-junqueira-calazans\/","title":{"rendered":"Gabriela Junqueira Calazans"},"content":{"rendered":"<table style=\"border-collapse: collapse;width: 100%\" border=\"0\">\n<tbody>\n<tr>\n<td style=\"width: 12.5075%\"><img decoding=\"async\" class=\"alignnone wp-image-46560 size-full\" src=\"https:\/\/www.ip.usp.br\/site\/wp-content\/uploads\/2024\/03\/gabriela.png\" alt=\"\" width=\"139\" height=\"166\" \/><\/td>\n<td style=\"width: 1.01502%;text-align: left\">\n<h5 class=\"gmail_default\"><span style=\"color: #000000\"><strong>\u00a0<\/strong><\/span><\/h5>\n<\/td>\n<td style=\"width: 86.4776%;text-align: left\">\n<h5 class=\"gmail_default\" style=\"color: #000000;line-height: 1.6\"><a href=\"https:\/\/www.ip.usp.br\/site\/departamento-de-psicologia-social-e-do-trabalho-pst\/\"><strong>Departamento de Psicologia Social e do Trabalho<\/strong><\/a><br \/>\n<strong>Linhas de Pesquisa<\/strong>: Desenvolvimento de tecnologias e iniciativas inovadoras para a preven\u00e7\u00e3o prim\u00e1ria do HIV e do adoecimento pela AIDS. Processos sociais e vulnerabilidade em sa\u00fade.<br \/>\n<a href=\"https:\/\/www.ip.usp.br\/site\/nucleo-de-estudos-para-a-prevencao-da-aids-nepaids\/\">Laborat\u00f3rio N\u00facleo de Estudos para a preven\u00e7\u00e3o da AIDS (NEPAIDS-USP<\/a><br \/>\nSala 117 \/ Bloco A | 55 11-3091-4362<br \/>\n<a href=\"gajuca@usp.br\">gajuca@usp.br<\/a> | <a href=\"https:\/\/buscatextual.cnpq.br\/buscatextual\/visualizacv.do\">Lattes<\/a> | <a href=\"https:\/\/scholar.google.com.br\/citations?hl=pt-BR&amp;amp;user=56LbfiQAAAAJ\">Google Acad\u00eamico<\/a> | <a href=\"https:\/\/orcid.org\/0000-0003-2414-1281\">Orcid<\/a> | <a href=\"https:\/\/www.webofscience.com\/wos\/author\/record\/A-4542-2014\">ResearcherID<\/a> | <a href=\"https:\/\/www.scopus.com\/authid\/detail.uri?authorId=36955973300\">Scopus<\/a><\/h5>\n<\/td>\n<\/tr>\n<\/tbody>\n<\/table>\n<hr \/>\n<h5 style=\"text-align: justify;line-height: 1.6\">Graduada em Psicologia pela Universidade de S\u00e3o Paulo (1993), especialista em Sa\u00fade Coletiva pelo Departamento de Medicina Preventiva da Faculdade de Medicina da Universidade de S\u00e3o Paulo (1995), mestre em Psicologia (Psicologia Social) pela Pontif\u00edcia Universidade Cat\u00f3lica de S\u00e3o Paulo (2000) e doutora em Medicina Preventiva pela Faculdade de Medicina da Universidade de S\u00e3o Paulo (2018). Docente no Departamento de Psicologia Social e do Trabalho (PST) do Instituto de Psicologia da Universidade de S\u00e3o Paulo e integrante do N\u00facleo de Estudos para Preven\u00e7\u00e3o da Aids da Universidade de S\u00e3o Paulo, NEPAIDS-USP. Atua como editora associada do peri\u00f3dico Cadernos de Sa\u00fade P\u00fablica (desde 2021). Integra o Comit\u00ea T\u00e9cnico de Sa\u00fade LGBTI da Secretaria Municipal da Sa\u00fade de S\u00e3o Paulo (desde 2019). Coordena o Grupo de Trabalho de Ensino sobre Sexualidade \u2013 GT EnSex \u2013 da Comiss\u00e3o de Gradua\u00e7\u00e3o da Faculdade de Medicina da Universidade de S\u00e3o Paulo (desde 2022). Anteriormente, foi pesquisadora do Laborat\u00f3rio de Investiga\u00e7\u00e3o M\u00e9dica 39 do Hospital das Cl\u00ednicas \/ FMUSP no Departamento de Medicina Preventiva da Faculdade de Medicina da Universidade de S\u00e3o Paulo (FMUSP). Coordenou o N\u00facleo de Educa\u00e7\u00e3o Comunit\u00e1ria da Unidade de Pesquisas de Vacinas Anti-HIV de S\u00e3o Paulo, vinculados ao Centro de Refer\u00eancia e Treinamento em DST\/Aids (CRT-DST\/Aids) da Secretaria de Estado da Sa\u00fade de S\u00e3o Paulo (2004-2013). Foi professora no Departamento de Sa\u00fade Coletiva da Faculdade de Ci\u00eancias M\u00e9dicas da Santa Casa de S\u00e3o Paulo de 2010 a 2015. Como psic\u00f3loga da Secretaria Municipal da Sa\u00fade de S\u00e3o Paulo, atuou como gestora, coordenando a \u00c1rea T\u00e9cnica de Sa\u00fade do Adolescente e do Jovem (2001-2004) e como Interlocutora de IST\/AIDS e Sa\u00fade LGBT (2015). Tem experi\u00eancia na \u00e1rea de Sa\u00fade Coletiva, com \u00eanfase em Sa\u00fade P\u00fablica e Sa\u00fade Sexual e Reprodutiva, atuando principalmente nos seguintes temas: sexualidade, g\u00eanero, preven\u00e7\u00e3o das DST\/Aids, sa\u00fade reprodutiva e sa\u00fade LGBT, promo\u00e7\u00e3o da sa\u00fade, sa\u00fade do adolescente e do jovem, direitos humanos e participa\u00e7\u00e3o comunit\u00e1ria em pesquisas.<\/h5>\n<h4 style=\"text-align: justify;line-height: 1.6\"><span style=\"color: #5a93cc\">Projetos<\/span><\/h4>\n<h5 style=\"text-align: justify;line-height: 1.6\">Pesquisadora associada no projeto tem\u00e1tico \u201cVulnerabilidades de jovens \u00e0s IST\/HIV e \u00e0 viol\u00eancia entre parceiros: avalia\u00e7\u00e3o de interven\u00e7\u00f5es psicossociais baseadas nos direitos humanos\u201d (2019-2025). Co-coordenou o Projeto SampaCentro, estudo sobre a preval\u00eancia do HIV e fatores de risco associados entre Homens que fazem sexo com Homens, financiado pelo \u201cPrograma Pesquisa para o SUS: gest\u00e3o compartilhada em sa\u00fade\u201d (PPSUS) 2009 &#8211; iniciativa conjunta da Funda\u00e7\u00e3o de Amparo \u00e0 Pesquisa do Estado de S\u00e3o Paulo (FAPESP), Secretaria da Sa\u00fade do Estado de S\u00e3o Paulo, Minist\u00e9rio da Sa\u00fade e Conselho Nacional de Desenvolvimento Cient\u00edfico e Tecnol\u00f3gico (CNPq) (2009-2013). Participou de estudos sobre preven\u00e7\u00e3o da aids e sa\u00fade do adolescente e do jovem financiados pela Funda\u00e7\u00e3o de Amparo \u00e0 Pesquisa do Estado de S\u00e3o Paulo (FAPESP), pelo Conselho Nacional de Desenvolvimento Cient\u00edfico e Tecnol\u00f3gico (CNPq), Secretaria de Vigil\u00e2ncia \u00e0 Sa\u00fade do Minist\u00e9rio da Sa\u00fade (SVS\/MS), pela Organiza\u00e7\u00e3o Mundial da Sa\u00fade (OMS) e pelos Institutos Nacionais de Sa\u00fade dos Estados Unidos da Am\u00e9rica (NIH).<\/h5>\n<h4 style=\"text-align: justify;line-height: 1.6\"><span style=\"color: #5a93cc\">Disciplinas de gradua\u00e7\u00e3o<\/span><\/h4>\n<h5 style=\"text-align: justify;line-height: 1.6\">PST2971 \u2013 <a href=\"https:\/\/uspdigital.usp.br\/jupiterweb\/obterDisciplina?sgldis=PST2971&amp;verdis=2\">Preven\u00e7\u00e3o e Promo\u00e7\u00e3o da Sa\u00fade no Campo da Sexualidade I<\/a><br \/>\nPST2072\u00a0\u2013 <a href=\"https:\/\/edisciplinas.usp.br\/enrol\/index.php?id=123795\">\u00a0Preven\u00e7\u00e3o e Promo\u00e7\u00e3o da Sa\u00fade no Campo da Sexualidade II<\/a><br \/>\n4702893 \u2013\u00a0Est\u00e1gio Supervisionado I \u2013 Turma: 2024133<br \/>\n4702994 \u2013\u00a0Est\u00e1gio Supervisionado II \u2013 Turma: 2024131<\/h5>\n<h4 style=\"text-align: justify;line-height: 1.6\"><span style=\"color: #5a93cc\">Disciplinas de p\u00f3s-gradua\u00e7\u00e3o<\/span><\/h4>\n<h5 style=\"text-align: justify;line-height: 1.6\">PST5975 \u2013 Sa\u00fade coletiva e rela\u00e7\u00f5es \u00e9tnico-raciais: desdobramentos na pr\u00e1xis das pol\u00edticas de sa\u00fade<\/h5>\n<h4 style=\"text-align: justify;line-height: 1.6\"><span style=\"color: #5a93cc\">Publica\u00e7\u00f5es<\/span><\/h4>\n<h5 style=\"text-align: justify;line-height: 1.6\">Publicou Vulnerabilidade e Direitos Humanos &#8211; Preven\u00e7\u00e3o e Promo\u00e7\u00e3o da Sa\u00fade &#8211; Livro II &#8211; Entre Indiv\u00edduos e Comunidade (Juru\u00e1); Preven\u00e7\u00e3o das DST\/AIDS em Adolescentes e Jovens: Brochuras de refer\u00eancia para os profissionais de sa\u00fade (SES\/SP) e Youths on duty: Reception and care for adolescents and young people at testing and counselling centres (Kobe: WHO Center for Health Development), al\u00e9m de cap\u00edtulos de livros e artigos em peri\u00f3dicos nacionais e estrangeiros. Os resultados dos estudos dos quais participou foram apresentados e publicados nacional e internacionalmente.<\/h5>\n<p>&nbsp;<\/p>\n<p>&nbsp;<\/p>\n<p>&nbsp;<\/p>\n","protected":false},"excerpt":{"rendered":"<p>\u00a0 Departamento de Psicologia Social e do Trabalho Linhas de Pesquisa: Desenvolvimento de tecnologias e iniciativas inovadoras para a preven\u00e7\u00e3o prim\u00e1ria do HIV e do adoecimento pela AIDS. Processos sociais e vulnerabilidade em sa\u00fade. Laborat\u00f3rio N\u00facleo de Estudos para a preven\u00e7\u00e3o da AIDS (NEPAIDS-USP Sala 117 \/ Bloco A | 55 11-3091-4362 gajuca@usp.br | Lattes [&hellip;]<\/p>\n","protected":false},"author":2,"featured_media":0,"parent":0,"menu_order":0,"comment_status":"closed","ping_status":"closed","template":"","meta":{"_acf_changed":false,"footnotes":""},"categories":[484],"tags":[],"class_list":["post-46561","page","type-page","status-publish","hentry","category-departamento-de-psicologia-social-e-do-trabalho"],"acf":[],"jetpack_sharing_enabled":true,"_links":{"self":[{"href":"https:\/\/www.ip.usp.br\/site\/wp-json\/wp\/v2\/pages\/46561","targetHints":{"allow":["GET"]}}],"collection":[{"href":"https:\/\/www.ip.usp.br\/site\/wp-json\/wp\/v2\/pages"}],"about":[{"href":"https:\/\/www.ip.usp.br\/site\/wp-json\/wp\/v2\/types\/page"}],"author":[{"embeddable":true,"href":"https:\/\/www.ip.usp.br\/site\/wp-json\/wp\/v2\/users\/2"}],"replies":[{"embeddable":true,"href":"https:\/\/www.ip.usp.br\/site\/wp-json\/wp\/v2\/comments?post=46561"}],"version-history":[{"count":21,"href":"https:\/\/www.ip.usp.br\/site\/wp-json\/wp\/v2\/pages\/46561\/revisions"}],"predecessor-version":[{"id":49003,"href":"https:\/\/www.ip.usp.br\/site\/wp-json\/wp\/v2\/pages\/46561\/revisions\/49003"}],"wp:attachment":[{"href":"https:\/\/www.ip.usp.br\/site\/wp-json\/wp\/v2\/media?parent=46561"}],"wp:term":[{"taxonomy":"category","embeddable":true,"href":"https:\/\/www.ip.usp.br\/site\/wp-json\/wp\/v2\/categories?post=46561"},{"taxonomy":"post_tag","embeddable":true,"href":"https:\/\/www.ip.usp.br\/site\/wp-json\/wp\/v2\/tags?post=46561"}],"curies":[{"name":"wp","href":"https:\/\/api.w.org\/{rel}","templated":true}]}}