{"id":50357,"date":"2025-03-26T13:41:44","date_gmt":"2025-03-26T16:41:44","guid":{"rendered":"https:\/\/www.ip.usp.br\/site\/?page_id=50357"},"modified":"2025-03-26T13:47:57","modified_gmt":"2025-03-26T16:47:57","slug":"sala-pro-aluno-ip","status":"publish","type":"page","link":"https:\/\/www.ip.usp.br\/site\/sala-pro-aluno-ip\/","title":{"rendered":"Sala Pr\u00f3-Aluno IP"},"content":{"rendered":"<p style=\"text-align: right;\">Localiza\u00e7\u00e3o: Avenida Professor Melo Moares, 1721 &#8211; Bloco B<br \/>\nE-mail: <a href=\"mailto:proaip@usp.br\">proaip@usp.br<\/a><\/p>\n<p>&nbsp;<\/p>\n<p>&#8211; <a href=\"https:\/\/proaluno.sistemas.ip.usp.br\" target=\"_blank\" rel=\"noopener\">Sistema de Senhas Pr\u00f3-Aluno IP<\/a><\/p>\n<p>&#8211; <a href=\"https:\/\/www.ip.usp.br\/site\/wp-content\/uploads\/2025\/03\/Tutorial-Sistema-ProAluno-IP.pdf\" target=\"_blank\" rel=\"noopener\">Tutorial para utiliza\u00e7\u00e3o do Sistema de Senhas Pr\u00f3-Aluno IP<\/a><\/p>\n<p>&nbsp;<\/p>\n","protected":false},"excerpt":{"rendered":"<p>Localiza\u00e7\u00e3o: Avenida Professor Melo Moares, 1721 &#8211; Bloco B E-mail: proaip@usp.br &nbsp; &#8211; Sistema de Senhas Pr\u00f3-Aluno IP &#8211; Tutorial para utiliza\u00e7\u00e3o do Sistema de Senhas Pr\u00f3-Aluno IP &nbsp;<\/p>\n","protected":false},"author":4,"featured_media":0,"parent":0,"menu_order":0,"comment_status":"closed","ping_status":"closed","template":"","meta":{"_acf_changed":false,"footnotes":""},"categories":[],"tags":[],"class_list":["post-50357","page","type-page","status-publish","hentry"],"acf":[],"jetpack_sharing_enabled":true,"_links":{"self":[{"href":"https:\/\/www.ip.usp.br\/site\/wp-json\/wp\/v2\/pages\/50357","targetHints":{"allow":["GET"]}}],"collection":[{"href":"https:\/\/www.ip.usp.br\/site\/wp-json\/wp\/v2\/pages"}],"about":[{"href":"https:\/\/www.ip.usp.br\/site\/wp-json\/wp\/v2\/types\/page"}],"author":[{"embeddable":true,"href":"https:\/\/www.ip.usp.br\/site\/wp-json\/wp\/v2\/users\/4"}],"replies":[{"embeddable":true,"href":"https:\/\/www.ip.usp.br\/site\/wp-json\/wp\/v2\/comments?post=50357"}],"version-history":[{"count":3,"href":"https:\/\/www.ip.usp.br\/site\/wp-json\/wp\/v2\/pages\/50357\/revisions"}],"predecessor-version":[{"id":50362,"href":"https:\/\/www.ip.usp.br\/site\/wp-json\/wp\/v2\/pages\/50357\/revisions\/50362"}],"wp:attachment":[{"href":"https:\/\/www.ip.usp.br\/site\/wp-json\/wp\/v2\/media?parent=50357"}],"wp:term":[{"taxonomy":"category","embeddable":true,"href":"https:\/\/www.ip.usp.br\/site\/wp-json\/wp\/v2\/categories?post=50357"},{"taxonomy":"post_tag","embeddable":true,"href":"https:\/\/www.ip.usp.br\/site\/wp-json\/wp\/v2\/tags?post=50357"}],"curies":[{"name":"wp","href":"https:\/\/api.w.org\/{rel}","templated":true}]}}