{"id":50456,"date":"2025-04-02T16:33:41","date_gmt":"2025-04-02T19:33:41","guid":{"rendered":"https:\/\/www.ip.usp.br\/site\/?page_id=50456"},"modified":"2025-04-02T16:34:47","modified_gmt":"2025-04-02T19:34:47","slug":"portaria-ip-3-de-31-de-maco-de-2025","status":"publish","type":"page","link":"https:\/\/www.ip.usp.br\/site\/portaria-ip-3-de-31-de-maco-de-2025\/","title":{"rendered":"Portaria IP 3, de 31 de ma\u00e7o de 2025"},"content":{"rendered":"<table style=\"border-collapse: collapse;width: 100%\">\n<tbody>\n<tr>\n<td style=\"width: 57.202%\"><\/td>\n<td style=\"width: 42.798%\">\n<h5 style=\"text-align: justify;line-height: 1.6\">Disp\u00f5e sobre os indicados da Diretoria para membros titulares e suplentes da Comiss\u00e3o Interna de Preven\u00e7\u00e3o de Acidentes e Ass\u00e9dio (CIPA) do Instituto de Psicologia da Universidade de S\u00e3o Paulo.<\/h5>\n<\/td>\n<\/tr>\n<\/tbody>\n<\/table>\n<h5 style=\"text-align: justify;line-height: 1.6\"><span style=\"color: #ffffff\">.<\/span><\/h5>\n<h5 style=\"text-align: center\"><strong>PORTARIA<\/strong><\/h5>\n<p><span style=\"color: #ffffff\">.<\/span><\/p>\n<h5>Artigo 1\u00ba &#8211; Ficam designadas como membros titulares e suplentes da Comiss\u00e3o Interna de Preven\u00e7\u00e3o de Acidentes e Ass\u00e9dio (CIPA) do Instituto de Psicologia da Universidade de S\u00e3o Paulo as\/os seguintes funcion\u00e1rias\/os:<\/h5>\n<h5>Titulares:<br \/>\nI \u2013 Audrey Rose dos Reis Doiche<br \/>\nII \u2013 Camila Pascucci Perillo<br \/>\nIII \u2013 Eliane dos Santos Cabral<\/h5>\n<h5>Suplentes:<br \/>\nI &#8211; Alexandre Marcone Moura Dantas<br \/>\nII \u2013 Rodrigo Giannini Artioli<br \/>\nIII \u2013 Teresa Cristina Rodrigues do Nascimento<\/h5>\n<h5>Artigo 2\u00ba &#8211; Essa Portaria entrar\u00e1 em vigor na data de sua publica\u00e7\u00e3o, revogadas as disposi\u00e7\u00f5es em contr\u00e1rio.<\/h5>\n<h5 style=\"text-align: justify;line-height: 1.6\"><span style=\"color: #ffffff\">.<\/span><\/h5>\n<h5 style=\"text-align: justify;line-height: 1.6\">Profa. Dra. Ianni Regia Scarcelli<br \/>\nDiretora do Instituto de Psicologia da USP<\/h5>\n<p>&nbsp;<\/p>\n<p>&nbsp;<\/p>\n","protected":false},"excerpt":{"rendered":"<p>Disp\u00f5e sobre os indicados da Diretoria para membros titulares e suplentes da Comiss\u00e3o Interna de Preven\u00e7\u00e3o de Acidentes e Ass\u00e9dio (CIPA) do Instituto de Psicologia da Universidade de S\u00e3o Paulo. . PORTARIA . Artigo 1\u00ba &#8211; Ficam designadas como membros titulares e suplentes da Comiss\u00e3o Interna de Preven\u00e7\u00e3o de Acidentes e Ass\u00e9dio (CIPA) do Instituto [&hellip;]<\/p>\n","protected":false},"author":2,"featured_media":0,"parent":0,"menu_order":0,"comment_status":"closed","ping_status":"closed","template":"","meta":{"_acf_changed":false,"footnotes":""},"categories":[465,453,863,395,2173],"tags":[],"class_list":["post-50456","page","type-page","status-publish","hentry","category-assistencia-administrativa","category-colegiados","category-eleicao","category-institucional","category-portaria"],"acf":[],"jetpack_sharing_enabled":true,"_links":{"self":[{"href":"https:\/\/www.ip.usp.br\/site\/wp-json\/wp\/v2\/pages\/50456","targetHints":{"allow":["GET"]}}],"collection":[{"href":"https:\/\/www.ip.usp.br\/site\/wp-json\/wp\/v2\/pages"}],"about":[{"href":"https:\/\/www.ip.usp.br\/site\/wp-json\/wp\/v2\/types\/page"}],"author":[{"embeddable":true,"href":"https:\/\/www.ip.usp.br\/site\/wp-json\/wp\/v2\/users\/2"}],"replies":[{"embeddable":true,"href":"https:\/\/www.ip.usp.br\/site\/wp-json\/wp\/v2\/comments?post=50456"}],"version-history":[{"count":1,"href":"https:\/\/www.ip.usp.br\/site\/wp-json\/wp\/v2\/pages\/50456\/revisions"}],"predecessor-version":[{"id":50462,"href":"https:\/\/www.ip.usp.br\/site\/wp-json\/wp\/v2\/pages\/50456\/revisions\/50462"}],"wp:attachment":[{"href":"https:\/\/www.ip.usp.br\/site\/wp-json\/wp\/v2\/media?parent=50456"}],"wp:term":[{"taxonomy":"category","embeddable":true,"href":"https:\/\/www.ip.usp.br\/site\/wp-json\/wp\/v2\/categories?post=50456"},{"taxonomy":"post_tag","embeddable":true,"href":"https:\/\/www.ip.usp.br\/site\/wp-json\/wp\/v2\/tags?post=50456"}],"curies":[{"name":"wp","href":"https:\/\/api.w.org\/{rel}","templated":true}]}}