{"id":50580,"date":"2025-04-08T15:41:10","date_gmt":"2025-04-08T18:41:10","guid":{"rendered":"https:\/\/www.ip.usp.br\/site\/?page_id=50580"},"modified":"2025-04-09T13:44:42","modified_gmt":"2025-04-09T16:44:42","slug":"examen-de-aptitud","status":"publish","type":"page","link":"https:\/\/www.ip.usp.br\/site\/examen-de-aptitud\/","title":{"rendered":"Examen de aptitud"},"content":{"rendered":"<p>&nbsp;<\/p>\n<table style=\"border-collapse: collapse; width: 100%;\">\n<tbody>\n<tr>\n<td style=\"width: 88.9392%;\"><\/td>\n<td style=\"width: 3.42143%;\"><\/td>\n<td style=\"width: 3.78349%;\"><a href=\"https:\/\/www.ip.usp.br\/site\/exame-de-qualificacao-3\/\"><img decoding=\"async\" class=\"alignnone size-full wp-image-19624\" src=\"https:\/\/www.ip.usp.br\/site\/wp-content\/uploads\/2018\/08\/br.gif\" alt=\"\" width=\"20\" height=\"14\" \/><\/a><\/td>\n<td style=\"width: 3.8559%;\"><a href=\"https:\/\/www.ip.usp.br\/site\/the-program\/\"><img decoding=\"async\" class=\"alignnone size-full wp-image-19626\" src=\"https:\/\/www.ip.usp.br\/site\/wp-content\/uploads\/2018\/08\/us.gif\" alt=\"\" width=\"20\" height=\"14\" \/><\/a><\/td>\n<\/tr>\n<\/tbody>\n<\/table>\n<p><span style=\"text-decoration: underline;\">PARA INSCRIBIRSE EN LA CUALIFICACI\u00d3N<\/span><\/p>\n<p>Los candidatos podr\u00e1n presentarse al examen de cualificaci\u00f3n tras haber superado las unidades de cr\u00e9dito que se indican a continuaci\u00f3n:<\/p>\n<ul>\n<li><span style=\"text-decoration: underline;\">M\u00e1ster:<\/span> veinticuatro cr\u00e9ditos en asignaturas<\/li>\n<li><span style=\"text-decoration: underline;\">Doctorado<\/span> (tras la obtenci\u00f3n del t\u00edtulo de M\u00e1ster): diecis\u00e9is cr\u00e9ditos en asignaturas<\/li>\n<\/ul>\n<p>La fecha l\u00edmite para <strong>MATRICULARSE<\/strong> en el Examen General de Calificaci\u00f3n se indica en la Ficha del Estudiante en el Sistema JANUS y el estudiante debe matricularse 05 (d\u00edas) antes de esta fecha l\u00edmite.<br \/>\nPara inscribirse en la calificaci\u00f3n, deber\u00e1 enviarse a la direcci\u00f3n de correo electr\u00f3nico <span style=\"text-decoration: underline;\">cacpsa@usp.br<\/span><br \/>\n<strong>01 (una)<\/strong> versi\u00f3n <strong>pdf<\/strong> del proyecto;<\/p>\n<p><span style=\"text-decoration: underline;\">Formulario de Nominaci\u00f3n para el Comit\u00e9 Juzgador<\/span>, en <strong>Word:<\/strong><br \/>\n\u2013 la primera hoja debe estar cumplimentada y firmada por el supervisor;<br \/>\n\u2013 la segunda hoja, que corresponde a la lista de miembros del comit\u00e9, debe ser rellenada con 6 (seis) nombres (supervisor + 5) que posean al menos el grado de doctor, de los cuales 3 ser\u00e1n miembros titulares y 3 ser\u00e1n suplentes.<\/p>\n<p><strong>Deber\u00e1 incluir su Nombre Completo, Titulaci\u00f3n, Instituci\u00f3n (Departamento al que pertenece, Unidad y Universidad), Email y Justificaci\u00f3n;<\/strong><\/p>\n<p><strong>Nota 1:<\/strong> La junta es libre, no hay criterios, pero se debe respetar el nombramiento de los suplentes, donde debe haber una asociaci\u00f3n entre los miembros efectivos indicados, es decir:<\/p>\n<ul>\n<li>El primer suplente, que es el suplente del supervisor, debe ser un profesor del programa.<\/li>\n<li>Si se nombran dos miembros externos titulares, deben nombrarse dos miembros externos suplentes.<\/li>\n<li>Si se nombran dos miembros internos, deben nombrarse dos miembros internos como suplentes.<\/li>\n<li>Si se nombran un miembro externo y un miembro interno, deben nombrarse un miembro externo y un miembro interno como suplentes.<\/li>\n<\/ul>\n<p>Los profesores de otros programas, otras Unidades u otras Universidades que impartan asignaturas, que sean Co supervisores o Supervisores Espec\u00edficos en el Programa del estudiante,se consideran Profesores del Programa del estudiante.<\/p>\n<p><strong>OBS.2: <\/strong>Si desea utilizar el tribunal de calificaci\u00f3n del M\u00e1ster para la defensa, debe seguir las instrucciones del formulario de tribunal de defensa del M\u00e1ster.<strong><br \/>\n<\/strong><strong>OBS.3:<\/strong> El n\u00famero USP ser\u00e1 cumplimentado por el secretario del departamento.<br \/>\nSi la persona nunca ha participado en una actividad en la USP, <a href=\"https:\/\/sites.usp.br\/ppg-pst\/wp-content\/uploads\/sites\/218\/2022\/04\/Cadastro_de_Docente_EGQ.doc\">Cadastro_de_Docente_EGQ<\/a> y enviarlo con la junta de examen.<br \/>\n<strong>OBS.4:<\/strong> La calificaci\u00f3n debe ser completado 60 (sesenta) d\u00edas despu\u00e9s de la inscripci\u00f3n.<\/p>\n","protected":false},"excerpt":{"rendered":"<p>&nbsp; PARA INSCRIBIRSE EN LA CUALIFICACI\u00d3N Los candidatos podr\u00e1n presentarse al examen de cualificaci\u00f3n tras haber superado las unidades de cr\u00e9dito que se indican a continuaci\u00f3n: M\u00e1ster: veinticuatro cr\u00e9ditos en asignaturas Doctorado (tras la obtenci\u00f3n del t\u00edtulo de M\u00e1ster): diecis\u00e9is cr\u00e9ditos en asignaturas La fecha l\u00edmite para MATRICULARSE en el Examen General de Calificaci\u00f3n se [&hellip;]<\/p>\n","protected":false},"author":5,"featured_media":0,"parent":0,"menu_order":0,"comment_status":"closed","ping_status":"closed","template":"","meta":{"_acf_changed":false,"footnotes":""},"categories":[2180],"tags":[],"class_list":["post-50580","page","type-page","status-publish","hentry","category-psicologia-del-aprendizaje-del-desarrollo-y-de-la-personalidad"],"acf":[],"jetpack_sharing_enabled":true,"_links":{"self":[{"href":"https:\/\/www.ip.usp.br\/site\/wp-json\/wp\/v2\/pages\/50580","targetHints":{"allow":["GET"]}}],"collection":[{"href":"https:\/\/www.ip.usp.br\/site\/wp-json\/wp\/v2\/pages"}],"about":[{"href":"https:\/\/www.ip.usp.br\/site\/wp-json\/wp\/v2\/types\/page"}],"author":[{"embeddable":true,"href":"https:\/\/www.ip.usp.br\/site\/wp-json\/wp\/v2\/users\/5"}],"replies":[{"embeddable":true,"href":"https:\/\/www.ip.usp.br\/site\/wp-json\/wp\/v2\/comments?post=50580"}],"version-history":[{"count":5,"href":"https:\/\/www.ip.usp.br\/site\/wp-json\/wp\/v2\/pages\/50580\/revisions"}],"predecessor-version":[{"id":50743,"href":"https:\/\/www.ip.usp.br\/site\/wp-json\/wp\/v2\/pages\/50580\/revisions\/50743"}],"wp:attachment":[{"href":"https:\/\/www.ip.usp.br\/site\/wp-json\/wp\/v2\/media?parent=50580"}],"wp:term":[{"taxonomy":"category","embeddable":true,"href":"https:\/\/www.ip.usp.br\/site\/wp-json\/wp\/v2\/categories?post=50580"},{"taxonomy":"post_tag","embeddable":true,"href":"https:\/\/www.ip.usp.br\/site\/wp-json\/wp\/v2\/tags?post=50580"}],"curies":[{"name":"wp","href":"https:\/\/api.w.org\/{rel}","templated":true}]}}