{"id":50644,"date":"2025-04-09T10:20:35","date_gmt":"2025-04-09T13:20:35","guid":{"rendered":"https:\/\/www.ip.usp.br\/site\/?page_id=50644"},"modified":"2025-04-09T13:45:19","modified_gmt":"2025-04-09T16:45:19","slug":"master-3","status":"publish","type":"page","link":"https:\/\/www.ip.usp.br\/site\/master-3\/","title":{"rendered":"M\u00e1ster"},"content":{"rendered":"<p>&nbsp;<\/p>\n<table style=\"border-collapse: collapse; width: 100%;\">\n<tbody>\n<tr>\n<td style=\"width: 88.9392%;\"><\/td>\n<td style=\"width: 3.42143%;\"><\/td>\n<td style=\"width: 3.78349%;\"><a href=\"https:\/\/www.ip.usp.br\/site\/mestrado-2\/\"><img decoding=\"async\" class=\"alignnone size-full wp-image-19624\" src=\"https:\/\/www.ip.usp.br\/site\/wp-content\/uploads\/2018\/08\/br.gif\" alt=\"\" width=\"20\" height=\"14\" \/><\/a><\/td>\n<td style=\"width: 3.8559%;\"><a href=\"https:\/\/www.ip.usp.br\/site\/masters-degree\/\"><img decoding=\"async\" class=\"alignnone size-full wp-image-19626\" src=\"https:\/\/www.ip.usp.br\/site\/wp-content\/uploads\/2018\/08\/us.gif\" alt=\"\" width=\"20\" height=\"14\" \/><\/a><\/td>\n<\/tr>\n<\/tbody>\n<\/table>\n<p>Los programas de M\u00e1ster y Doctorado siguen el <a href=\"https:\/\/prpg.usp.br\/pt-br\/\">Reglamento de Postgrado de la USP<\/a> y las Normas Espec\u00edficas para Cursos de Postgrado. Los estudiantes de M\u00e1ster, Doctorado y Doctorado Directo deben cursar al menos un curso que aborde la dimensi\u00f3n metodol\u00f3gica de la investigaci\u00f3n, que es obligatorio, tal y como se indica en el <a href=\"https:\/\/www.prpg.usp.br\/uploads\/norma-CCP-Psicologia_Escolar_-e_-do_-Desenvolvimento_Humano-IP.pdf\">reglamento del programa.<\/a><\/p>\n<p>La duraci\u00f3n del programa de M\u00e1ster es de un m\u00e1ximo de:<br \/>\na) 30 meses (sin beca);<br \/>\nb) 24 meses (con beca).<\/p>\n<p>El programa de M\u00e1ster exige como requisito previo para su realizaci\u00f3n lo siguiente<strong><br \/>\n<\/strong>1. cursar asignaturas por un total de 24 (veinticuatro) cr\u00e9ditos;<br \/>\n2. entre las asignaturas, es obligatorio cursar una asignatura de metodolog\u00eda y, para los becarios de la CAPES, tambi\u00e9n la asignatura de \u00abPreparaci\u00f3n Pedag\u00f3gica\u00bb (que permite al estudiante de posgrado realizar pr\u00e1cticas con la asignatura de grado);<br \/>\n3. participar en reuniones de orientaci\u00f3n, de acuerdo con el plan establecido por el supervisor<br \/>\n4. participar en actividades acad\u00e9mico-cient\u00edficas de su \u00e1rea de estudio y en seminarios organizados por la Escuela de Postgrado<br \/>\n5. desarrollar el tema de la disertaci\u00f3n en la l\u00ednea de investigaci\u00f3n del supervisor;<br \/>\n6. Realizar el Examen General de Calificaci\u00f3n en el plazo establecido en la normativa (15 meses para los no becarios y 12 meses para los becarios). Se trata de un requisito previo para la obtenci\u00f3n del t\u00edtulo de m\u00e1ster y s\u00f3lo puede realizarse una vez superados 24 (veinticuatro) cr\u00e9ditos.<br \/>\n7. redactar la tesina y participar en la defensa p\u00fablica de su trabajo;<br \/>\n8. publicar la tesina en el portal <a href=\"http:\/\/www.teses.usp.br\/\">SABER USP<\/a>. Al presentar su disertaci\u00f3n, el estudiante deber\u00e1 ponerla a disposici\u00f3n, en su totalidad, para ser insertada en el Portal.<br \/>\n9. El becario del M\u00e1ster CAPES podr\u00e1, si lo desea, participar en el <a href=\"http:\/\/www.prpg.usp.br\/index.php\/pt-br\/pae\/o-que-pae\">PAE<\/a>, que es una pr\u00e1ctica docente para estudiantes de postgrado en un curso de licenciatura.<\/p>\n","protected":false},"excerpt":{"rendered":"<p>&nbsp; Los programas de M\u00e1ster y Doctorado siguen el Reglamento de Postgrado de la USP y las Normas Espec\u00edficas para Cursos de Postgrado. Los estudiantes de M\u00e1ster, Doctorado y Doctorado Directo deben cursar al menos un curso que aborde la dimensi\u00f3n metodol\u00f3gica de la investigaci\u00f3n, que es obligatorio, tal y como se indica en el [&hellip;]<\/p>\n","protected":false},"author":5,"featured_media":0,"parent":0,"menu_order":0,"comment_status":"closed","ping_status":"closed","template":"","meta":{"_acf_changed":false,"footnotes":""},"categories":[2180],"tags":[],"class_list":["post-50644","page","type-page","status-publish","hentry","category-psicologia-del-aprendizaje-del-desarrollo-y-de-la-personalidad"],"acf":[],"jetpack_sharing_enabled":true,"_links":{"self":[{"href":"https:\/\/www.ip.usp.br\/site\/wp-json\/wp\/v2\/pages\/50644","targetHints":{"allow":["GET"]}}],"collection":[{"href":"https:\/\/www.ip.usp.br\/site\/wp-json\/wp\/v2\/pages"}],"about":[{"href":"https:\/\/www.ip.usp.br\/site\/wp-json\/wp\/v2\/types\/page"}],"author":[{"embeddable":true,"href":"https:\/\/www.ip.usp.br\/site\/wp-json\/wp\/v2\/users\/5"}],"replies":[{"embeddable":true,"href":"https:\/\/www.ip.usp.br\/site\/wp-json\/wp\/v2\/comments?post=50644"}],"version-history":[{"count":8,"href":"https:\/\/www.ip.usp.br\/site\/wp-json\/wp\/v2\/pages\/50644\/revisions"}],"predecessor-version":[{"id":50744,"href":"https:\/\/www.ip.usp.br\/site\/wp-json\/wp\/v2\/pages\/50644\/revisions\/50744"}],"wp:attachment":[{"href":"https:\/\/www.ip.usp.br\/site\/wp-json\/wp\/v2\/media?parent=50644"}],"wp:term":[{"taxonomy":"category","embeddable":true,"href":"https:\/\/www.ip.usp.br\/site\/wp-json\/wp\/v2\/categories?post=50644"},{"taxonomy":"post_tag","embeddable":true,"href":"https:\/\/www.ip.usp.br\/site\/wp-json\/wp\/v2\/tags?post=50644"}],"curies":[{"name":"wp","href":"https:\/\/api.w.org\/{rel}","templated":true}]}}