{"id":50703,"date":"2025-04-09T12:58:24","date_gmt":"2025-04-09T15:58:24","guid":{"rendered":"https:\/\/www.ip.usp.br\/site\/?page_id=50703"},"modified":"2025-04-09T13:46:57","modified_gmt":"2025-04-09T16:46:57","slug":"doctorado-directo-2","status":"publish","type":"page","link":"https:\/\/www.ip.usp.br\/site\/doctorado-directo-2\/","title":{"rendered":"Doctorado directo"},"content":{"rendered":"<p>&nbsp;<\/p>\n<table style=\"border-collapse: collapse; width: 100%;\">\n<tbody>\n<tr>\n<td style=\"width: 88.9392%;\"><\/td>\n<td style=\"width: 3.42143%;\"><\/td>\n<td style=\"width: 3.78349%;\"><a href=\"https:\/\/www.ip.usp.br\/site\/doutorado-direto-2\/\"><img decoding=\"async\" class=\"alignnone size-full wp-image-19624\" src=\"https:\/\/www.ip.usp.br\/site\/wp-content\/uploads\/2018\/08\/br.gif\" alt=\"\" width=\"20\" height=\"14\" \/><\/a><\/td>\n<td style=\"width: 3.8559%;\"><a href=\"https:\/\/www.ip.usp.br\/site\/direct-doctorate\/\"><img decoding=\"async\" class=\"alignnone size-full wp-image-19626\" src=\"https:\/\/www.ip.usp.br\/site\/wp-content\/uploads\/2018\/08\/us.gif\" alt=\"\" width=\"20\" height=\"14\" \/><\/a><\/td>\n<\/tr>\n<\/tbody>\n<\/table>\n<p>Los programas de M\u00e1ster y Doctorado siguen el <a href=\"http:\/\/www.usp.br\/prpg\/pt\/index.htm\">Reglamento de Postgrado de la USP<\/a> y las Normas Espec\u00edficas para Cursos de Postgrado. Los estudiantes de M\u00e1ster, Doctorado y Doctorado Directo deben cursar al menos un curso que aborde la dimensi\u00f3n metodol\u00f3gica de la investigaci\u00f3n, que es obligatorio, tal y como se indica en el <a href=\"http:\/\/www.prpg.usp.br\/uploads\/norma-CCP-Psicologia_Escolar_-e_-do_-Desenvolvimento_Humano-IP.pdf\">reglamento del programa.<\/a><br \/>\nLa duraci\u00f3n del programa de Doctorado Directo es de un m\u00e1ximo de 60 meses. El programa de Doctorado Directo comprende:<\/p>\n<p><strong>1.<\/strong> cursar asignaturas por un total de 80 (ochenta) cr\u00e9ditos;<br \/>\n<strong>2.<\/strong> entre los cursos, es obligatorio realizar un curso de metodolog\u00eda;<br \/>\n<strong>3.<\/strong> participar en reuniones de orientaci\u00f3n, de acuerdo con el plan establecido por el supervisor<br \/>\n<strong>4.<\/strong> participar en actividades acad\u00e9mico-cient\u00edficas de su \u00e1rea de estudio y en seminarios propuestos por el Programa de Posgrado<br \/>\n<strong>5.<\/strong> desarrollar el tema de la tesis en la l\u00ednea de investigaci\u00f3n del supervisor<br \/>\n<strong>6.<\/strong> realizar el Examen General de Calificaci\u00f3n en el plazo establecido en el reglamento. Este es un prerrequisito para la obtenci\u00f3n del grado de doctor y puede ser realizado despu\u00e9s de completar 40 (cuarenta) cr\u00e9ditos en asignaturas para el Doctorado Directo (sin obtener el grado de maestr\u00eda);<br \/>\n<strong>7.<\/strong> Elaborar la tesis y participar en la defensa p\u00fablica de su trabajo;<br \/>\n<strong>8.<\/strong> publicar la tesis en el portal <a href=\"http:\/\/www.teses.usp.br\/\">SABER USP<\/a>. Al presentar su tesis, el estudiante deber\u00e1 ponerla a disposici\u00f3n en su totalidad para su inclusi\u00f3n en el portal.<\/p>\n","protected":false},"excerpt":{"rendered":"<p>&nbsp; Los programas de M\u00e1ster y Doctorado siguen el Reglamento de Postgrado de la USP y las Normas Espec\u00edficas para Cursos de Postgrado. Los estudiantes de M\u00e1ster, Doctorado y Doctorado Directo deben cursar al menos un curso que aborde la dimensi\u00f3n metodol\u00f3gica de la investigaci\u00f3n, que es obligatorio, tal y como se indica en el [&hellip;]<\/p>\n","protected":false},"author":5,"featured_media":0,"parent":0,"menu_order":0,"comment_status":"closed","ping_status":"closed","template":"","meta":{"_acf_changed":false,"footnotes":""},"categories":[2180],"tags":[],"class_list":["post-50703","page","type-page","status-publish","hentry","category-psicologia-del-aprendizaje-del-desarrollo-y-de-la-personalidad"],"acf":[],"jetpack_sharing_enabled":true,"_links":{"self":[{"href":"https:\/\/www.ip.usp.br\/site\/wp-json\/wp\/v2\/pages\/50703","targetHints":{"allow":["GET"]}}],"collection":[{"href":"https:\/\/www.ip.usp.br\/site\/wp-json\/wp\/v2\/pages"}],"about":[{"href":"https:\/\/www.ip.usp.br\/site\/wp-json\/wp\/v2\/types\/page"}],"author":[{"embeddable":true,"href":"https:\/\/www.ip.usp.br\/site\/wp-json\/wp\/v2\/users\/5"}],"replies":[{"embeddable":true,"href":"https:\/\/www.ip.usp.br\/site\/wp-json\/wp\/v2\/comments?post=50703"}],"version-history":[{"count":6,"href":"https:\/\/www.ip.usp.br\/site\/wp-json\/wp\/v2\/pages\/50703\/revisions"}],"predecessor-version":[{"id":50746,"href":"https:\/\/www.ip.usp.br\/site\/wp-json\/wp\/v2\/pages\/50703\/revisions\/50746"}],"wp:attachment":[{"href":"https:\/\/www.ip.usp.br\/site\/wp-json\/wp\/v2\/media?parent=50703"}],"wp:term":[{"taxonomy":"category","embeddable":true,"href":"https:\/\/www.ip.usp.br\/site\/wp-json\/wp\/v2\/categories?post=50703"},{"taxonomy":"post_tag","embeddable":true,"href":"https:\/\/www.ip.usp.br\/site\/wp-json\/wp\/v2\/tags?post=50703"}],"curies":[{"name":"wp","href":"https:\/\/api.w.org\/{rel}","templated":true}]}}