{"id":50747,"date":"2025-04-09T14:47:51","date_gmt":"2025-04-09T17:47:51","guid":{"rendered":"https:\/\/www.ip.usp.br\/site\/?page_id=50747"},"modified":"2025-04-11T14:06:55","modified_gmt":"2025-04-11T17:06:55","slug":"conozca-el-programa","status":"publish","type":"page","link":"https:\/\/www.ip.usp.br\/site\/conozca-el-programa\/","title":{"rendered":"Conozca el Programa"},"content":{"rendered":"<p>&nbsp;<\/p>\n<table style=\"border-collapse: collapse; width: 100%;\">\n<tbody>\n<tr>\n<td style=\"width: 88.9392%;\"><\/td>\n<td style=\"width: 3.42143%;\"><\/td>\n<td style=\"width: 3.78349%;\"><a href=\"https:\/\/www.ip.usp.br\/site\/psicologia-escolar-psa\/\"><img decoding=\"async\" class=\"alignnone size-full wp-image-19624\" src=\"https:\/\/www.ip.usp.br\/site\/wp-content\/uploads\/2018\/08\/br.gif\" alt=\"\" width=\"20\" height=\"14\" \/><\/a><\/td>\n<td style=\"width: 3.8559%;\"><a href=\"https:\/\/www.ip.usp.br\/site\/the-program\/\"><img decoding=\"async\" class=\"alignnone size-full wp-image-19626\" src=\"https:\/\/www.ip.usp.br\/site\/wp-content\/uploads\/2018\/08\/us.gif\" alt=\"\" width=\"20\" height=\"14\" \/><\/a><\/td>\n<\/tr>\n<\/tbody>\n<\/table>\n<p>En esta serie de reportajes queremos presentarles el Programa de Postgrado en Psicolog\u00eda Escolar y del Desarrollo Humano del Departamento de Psicolog\u00eda del Aprendizaje, del Desarrollo y de la Personalidad del Instituto de Psicolog\u00eda de la Universidad de S\u00e3o Paulo.<\/p>\n<p>Nuestro objetivo es hacer visible nuestro prop\u00f3sito, propuesta, objetivos, organizaci\u00f3n, plan de formaci\u00f3n y funcionamiento.<\/p>\n<p>Para ello, hemos preparado una lista de reproducci\u00f3n tem\u00e1tica en la que podr\u00e1s acceder a los siguientes temas<\/p>\n<p>Programa, Historia y Objetivos<\/p>\n<p>Objetivos Generales y Espec\u00edficos<\/p>\n<p>Estructura del Programa: \u00c1rea de Concentraci\u00f3n y L\u00edneas de Investigaci\u00f3n.<\/p>\n<p>Desde este tema, tambi\u00e9n tendr\u00e1s acceso a una presentaci\u00f3n de cada una de nuestras l\u00edneas de investigaci\u00f3n, su composici\u00f3n y los proyectos que est\u00e1n desarrollando.<\/p>\n<p>Cuatro &#8211; Competencias Formativas<\/p>\n<p>Plan de Formaci\u00f3n<\/p>\n<p>Infraestructura Acad\u00e9mica y Administrativa<\/p>\n<p>Personal Docente<\/p>\n<p>En este apartado, adem\u00e1s de informaci\u00f3n general sobre cada profesor, tendr\u00e1s acceso a su presentaci\u00f3n personal, su perspectiva de trabajo y sus principales producciones<\/p>\n<p>Y, al final, una presentaci\u00f3n de nuestro proceso de selecci\u00f3n.<\/p>\n","protected":false},"excerpt":{"rendered":"<p>&nbsp; En esta serie de reportajes queremos presentarles el Programa de Postgrado en Psicolog\u00eda Escolar y del Desarrollo Humano del Departamento de Psicolog\u00eda del Aprendizaje, del Desarrollo y de la Personalidad del Instituto de Psicolog\u00eda de la Universidad de S\u00e3o Paulo. Nuestro objetivo es hacer visible nuestro prop\u00f3sito, propuesta, objetivos, organizaci\u00f3n, plan de formaci\u00f3n y [&hellip;]<\/p>\n","protected":false},"author":5,"featured_media":0,"parent":0,"menu_order":0,"comment_status":"closed","ping_status":"closed","template":"","meta":{"_acf_changed":false,"footnotes":""},"categories":[2180],"tags":[],"class_list":["post-50747","page","type-page","status-publish","hentry","category-psicologia-del-aprendizaje-del-desarrollo-y-de-la-personalidad"],"acf":[],"jetpack_sharing_enabled":true,"_links":{"self":[{"href":"https:\/\/www.ip.usp.br\/site\/wp-json\/wp\/v2\/pages\/50747","targetHints":{"allow":["GET"]}}],"collection":[{"href":"https:\/\/www.ip.usp.br\/site\/wp-json\/wp\/v2\/pages"}],"about":[{"href":"https:\/\/www.ip.usp.br\/site\/wp-json\/wp\/v2\/types\/page"}],"author":[{"embeddable":true,"href":"https:\/\/www.ip.usp.br\/site\/wp-json\/wp\/v2\/users\/5"}],"replies":[{"embeddable":true,"href":"https:\/\/www.ip.usp.br\/site\/wp-json\/wp\/v2\/comments?post=50747"}],"version-history":[{"count":5,"href":"https:\/\/www.ip.usp.br\/site\/wp-json\/wp\/v2\/pages\/50747\/revisions"}],"predecessor-version":[{"id":50940,"href":"https:\/\/www.ip.usp.br\/site\/wp-json\/wp\/v2\/pages\/50747\/revisions\/50940"}],"wp:attachment":[{"href":"https:\/\/www.ip.usp.br\/site\/wp-json\/wp\/v2\/media?parent=50747"}],"wp:term":[{"taxonomy":"category","embeddable":true,"href":"https:\/\/www.ip.usp.br\/site\/wp-json\/wp\/v2\/categories?post=50747"},{"taxonomy":"post_tag","embeddable":true,"href":"https:\/\/www.ip.usp.br\/site\/wp-json\/wp\/v2\/tags?post=50747"}],"curies":[{"name":"wp","href":"https:\/\/api.w.org\/{rel}","templated":true}]}}