{"id":50797,"date":"2025-04-09T15:48:15","date_gmt":"2025-04-09T18:48:15","guid":{"rendered":"https:\/\/www.ip.usp.br\/site\/?page_id=50797"},"modified":"2025-04-11T14:36:24","modified_gmt":"2025-04-11T17:36:24","slug":"infraestructura","status":"publish","type":"page","link":"https:\/\/www.ip.usp.br\/site\/infraestructura\/","title":{"rendered":"Infraestructura"},"content":{"rendered":"<p>&nbsp;<\/p>\n<table style=\"border-collapse: collapse; width: 100%;\">\n<tbody>\n<tr>\n<td style=\"width: 88.9392%;\"><\/td>\n<td style=\"width: 3.42143%;\"><\/td>\n<td style=\"width: 3.78349%;\"><a href=\"https:\/\/www.ip.usp.br\/site\/infra-estrutura-academica-e-administrativa\/\"><img decoding=\"async\" class=\"alignnone size-full wp-image-19624\" src=\"https:\/\/www.ip.usp.br\/site\/wp-content\/uploads\/2018\/08\/br.gif\" alt=\"\" width=\"20\" height=\"14\" \/><\/a><\/td>\n<td style=\"width: 3.8559%;\"><a href=\"https:\/\/www.ip.usp.br\/site\/infrastructure\/\"><img decoding=\"async\" class=\"alignnone size-full wp-image-19626\" src=\"https:\/\/www.ip.usp.br\/site\/wp-content\/uploads\/2018\/08\/us.gif\" alt=\"\" width=\"20\" height=\"14\" \/><\/a><\/td>\n<\/tr>\n<\/tbody>\n<\/table>\n<p>Nuestro programa cuenta con una infraestructura institucional y material tradicional, ofreciendo diversos tipos de apoyo acad\u00e9mico-institucional para que nuestros estudiantes tengan las mejores condiciones posibles para desarrollar su investigaci\u00f3n y formaci\u00f3n.<\/p>\n<p>El IPUSP ofrece actividades de ense\u00f1anza en los niveles de licenciatura y posgrado, as\u00ed como de investigaci\u00f3n, cultura y extensi\u00f3n. Las actividades docentes y cient\u00edficas se desarrollan en cuatro Departamentos:<\/p>\n<p>Psicolog\u00eda del Aprendizaje, Desarrollo y Personalidad (PSA);<\/p>\n<p>Psicolog\u00eda Cl\u00ednica (PSC);<\/p>\n<p>Psicolog\u00eda Experimental (PSE)<\/p>\n<p>y Psicolog\u00eda Social y del Trabajo (PST).<\/p>\n<p>Otros espacios que conforman el Instituto:<\/p>\n<p>Centro Escolar del Instituto de Psicolog\u00eda (CEIP),<\/p>\n<p>Biblioteca Dante Moreira Leite,<\/p>\n<p>Laboratorios de Ense\u00f1anza e Investigaci\u00f3n,<\/p>\n<p>Centro Acad\u00e9mico Yara Iavelberg,<\/p>\n<p>Tres Auditorios,<\/p>\n<p>la Casa de las Culturas Ind\u00edgenas,<\/p>\n<p>y el Museo de Psicolog\u00eda del Instituto de Psicolog\u00eda.<\/p>\n<p>El Instituto de Psicolog\u00eda est\u00e1 alojado en siete edificios con aulas, salas de ense\u00f1anza, laboratorios de ense\u00f1anza e investigaci\u00f3n, servicios de atenci\u00f3n al p\u00fablico y servicios administrativos.<\/p>\n<p>El Programa dispone de una red inform\u00e1tica interconectada que da servicio a su profesorado y alumnado mediante acceso con login y contrase\u00f1a individual.<\/p>\n<p>Para ello, los estudiantes tienen acceso a la sala Pro-Student, que cuenta con tres ordenadores (conectados a Internet), una impresora y un esc\u00e1ner.<\/p>\n<p>Los estudiantes de postgrado tambi\u00e9n tienen acceso a la infraestructura inform\u00e1tica de los laboratorios de los supervisores.<\/p>\n<p>Parte de la financiaci\u00f3n PROAP recibida por el programa se utiliza para eventos, traducci\u00f3n de art\u00edculos e impresi\u00f3n.<\/p>\n<p>El Instituto de Psicolog\u00eda dispone de dos espacios especialmente dise\u00f1ados para posibilitar la ense\u00f1anza a distancia mediante el uso de las Tecnolog\u00edas de la Informaci\u00f3n y la Comunicaci\u00f3n<\/p>\n<p>el Auditorio Carolina Bori, con capacidad para unas 200 personas y que ofrece recursos para la grabaci\u00f3n y\/o retransmisi\u00f3n en directo de eventos;<\/p>\n<p>la Sala 18 del Bloque G, destinada a defensas y dotada de equipos de videoconferencia;<\/p>\n<p>el auditorio \u00abMaria Am\u00e9lia Mattos\u00bb de la Biblioteca \u00abDante Moreira Leite\u00bb, con capacidad para 30 personas y que ofrece recursos de grabaci\u00f3n y\/o retransmisi\u00f3n en directo de eventos y videoconferencias.<\/p>\n<p>El Instituto de Psicolog\u00eda dispone de equipos y personal especializado para la transmisi\u00f3n en tiempo real de eventos de programas a trav\u00e9s del sistema IPTV por Internet, as\u00ed como para la defensa de disertaciones, tesis y ex\u00e1menes de calificaci\u00f3n por videoconferencia.<\/p>\n<p>La Biblioteca \u00abDante Moreira Leite\u00bb est\u00e1 reconocida como Centro de Referencia para la Psicolog\u00eda Latinoamericana. Cuenta con tres salas de estudio en grupo; bah\u00edas de investigaci\u00f3n con ordenadores nuevos (instalados en enero de 2013); una sala de formaci\u00f3n, equipada con nueve ordenadores (instalados en enero de 2013) y un proyector multimedia; un auditorio, con capacidad para 30 personas, equipado con ordenador, TV de 42 pulgadas y equipo de videoconferencia; una videoteca equipada con TV, reproductor de DVD y reproductor de Blu-ray, con capacidad para hasta cuatro personas.<\/p>\n<p>Los estudiantes pueden acceder a los cat\u00e1logos de las Bibliotecas Universitarias, consultar bases de datos en l\u00ednea y reservar y renovar materiales las 24 horas del d\u00eda, los siete d\u00edas de la semana.<\/p>\n<p>Vale la pena recordar que con el Sistema VPN, los estudiantes, profesores e investigadores de la USP pueden acceder a las bases de datos y revistas electr\u00f3nicas en sus ordenadores como si estuvieran utilizando un ordenador de la USP.<\/p>\n<p>La Biblioteca alberga el Centro de Memoria del IPUSP, coordinado por una Comisi\u00f3n Interdepartamental.<\/p>\n<p>El objetivo del Centro de Memoria es reunir, organizar y difundir los documentos que preservan la memoria del IPUSP.<\/p>\n<p>La p\u00e1gina web del Centro de la Memoria es: http:\/\/citrus.uspnet.usp.br\/centrodememoriaip\/.<\/p>\n<p>&nbsp;<\/p>\n<p>La Biblioteca coordina y participa en proyectos especiales de organizaci\u00f3n y difusi\u00f3n de la psicolog\u00eda a nivel nacional e internacional:<\/p>\n<p>Coordinaci\u00f3n T\u00e9cnica de la BVS-Psi Brasil (Biblioteca Virtual en Salud &#8211; Psicolog\u00eda): www.bvs-psi.org.br. La BVS-Psi est\u00e1 formada por un conjunto de fuentes de informaci\u00f3n que aseguran el control de la producci\u00f3n nacional en diversos medios.<\/p>\n<p>Coordinaci\u00f3n T\u00e9cnica de la BVS-Psi Am\u00e9rica Latina: http:\/\/www.ulapsi.bvsalud.org\/html\/es\/home.html<\/p>\n<p>Coordinaci\u00f3n del Portal de Revistas de Psicolog\u00eda Coordinado por la Biblioteca, el Portal de Revistas Electr\u00f3nicas de Psicolog\u00eda &#8211; PePSIC. PePSIC incluye 131 t\u00edtulos de revistas cuyo contenido est\u00e1 disponible en: http:\/\/portal.pepsic.bvsalud.org\/php\/index.php?lang=pt.<\/p>\n<p>Cooperaci\u00f3n para la BVS y BVS Brasil La Biblioteca Virtual en Salud (BVS) es mantenida por BIREME y uno de sus principales productos es LILACS (Literatura Latinoamericana y del Caribe de Informaci\u00f3n en Ciencias de la Salud), base de datos que contiene referencias bibliogr\u00e1ficas de art\u00edculos de revistas, libros y tesis de las colecciones de las bibliotecas que integran la Red Latinoamericana de Ciencias de la Salud. Disponible en: http:\/\/regional.bvsalud.org\/.<\/p>\n<p>Sede y coordinaci\u00f3n de la Asociaci\u00f3n Brasile\u00f1a de Editores de Revistas Cient\u00edficas en Psicolog\u00eda &#8211; ABECiPsi: www.abecipsi.org.br.<\/p>\n<p>&nbsp;<\/p>\n<p>La colecci\u00f3n de la biblioteca es una de las m\u00e1s completas en el campo de la psicolog\u00eda y ciencias afines en Am\u00e9rica Latina, con aproximadamente 40.000 libros, m\u00e1s de 7.500 tesis y disertaciones y 900 t\u00edtulos de revistas, entre otros materiales.<\/p>\n<p>La biblioteca ofrece cursos de formaci\u00f3n para estudiantes de posgrado:<\/p>\n<p>&#8211; Cursos de bases de datos;<\/p>\n<p>&#8211; Art\u00edculo cient\u00edfico: de los fundamentos al env\u00edo;<\/p>\n<p>&#8211; Mendeley: gestor de referencias;<\/p>\n<p>&#8211; Indicadores bibliom\u00e9tricos de investigaci\u00f3n;<\/p>\n<p>&#8211; Revisi\u00f3n bibliogr\u00e1fica: narrativa, sistem\u00e1tica y metaan\u00e1lisis.<\/p>\n<p>Otro recurso para los estudiantes es el acceso al sitio web \u00c1guia (Agencia de Gesti\u00f3n de la Informaci\u00f3n Acad\u00e9mica de la USP). Aqu\u00ed, por ejemplo, los posgraduados tienen acceso a gu\u00edas y tutoriales (https:\/\/www.aguia.usp.br\/portfolio\/produtos\/guias-e-tutoriais\/) que proporcionan diversos recursos de aprendizaje, tales como: investigaci\u00f3n bibliogr\u00e1fica; bases de datos y metabuscadores; herramientas anal\u00edticas; gestores de referencias; m\u00e9tricas; identificadores; normalizaci\u00f3n del trabajo acad\u00e9mico; derechos de autor.<\/p>\n<p>El sitio web de la USP tambi\u00e9n ofrece el \u00abEspacio del Investigador\u00bb (https:\/\/www.aguia.usp.br\/apoio-pesquisador\/) donde se puede acceder a agencias y oportunidades de financiaci\u00f3n, entre otras posibilidades.<\/p>\n","protected":false},"excerpt":{"rendered":"<p>&nbsp; Nuestro programa cuenta con una infraestructura institucional y material tradicional, ofreciendo diversos tipos de apoyo acad\u00e9mico-institucional para que nuestros estudiantes tengan las mejores condiciones posibles para desarrollar su investigaci\u00f3n y formaci\u00f3n. El IPUSP ofrece actividades de ense\u00f1anza en los niveles de licenciatura y posgrado, as\u00ed como de investigaci\u00f3n, cultura y extensi\u00f3n. Las actividades docentes [&hellip;]<\/p>\n","protected":false},"author":5,"featured_media":0,"parent":0,"menu_order":0,"comment_status":"closed","ping_status":"closed","template":"","meta":{"_acf_changed":false,"footnotes":""},"categories":[2180],"tags":[],"class_list":["post-50797","page","type-page","status-publish","hentry","category-psicologia-del-aprendizaje-del-desarrollo-y-de-la-personalidad"],"acf":[],"jetpack_sharing_enabled":true,"_links":{"self":[{"href":"https:\/\/www.ip.usp.br\/site\/wp-json\/wp\/v2\/pages\/50797","targetHints":{"allow":["GET"]}}],"collection":[{"href":"https:\/\/www.ip.usp.br\/site\/wp-json\/wp\/v2\/pages"}],"about":[{"href":"https:\/\/www.ip.usp.br\/site\/wp-json\/wp\/v2\/types\/page"}],"author":[{"embeddable":true,"href":"https:\/\/www.ip.usp.br\/site\/wp-json\/wp\/v2\/users\/5"}],"replies":[{"embeddable":true,"href":"https:\/\/www.ip.usp.br\/site\/wp-json\/wp\/v2\/comments?post=50797"}],"version-history":[{"count":2,"href":"https:\/\/www.ip.usp.br\/site\/wp-json\/wp\/v2\/pages\/50797\/revisions"}],"predecessor-version":[{"id":50946,"href":"https:\/\/www.ip.usp.br\/site\/wp-json\/wp\/v2\/pages\/50797\/revisions\/50946"}],"wp:attachment":[{"href":"https:\/\/www.ip.usp.br\/site\/wp-json\/wp\/v2\/media?parent=50797"}],"wp:term":[{"taxonomy":"category","embeddable":true,"href":"https:\/\/www.ip.usp.br\/site\/wp-json\/wp\/v2\/categories?post=50797"},{"taxonomy":"post_tag","embeddable":true,"href":"https:\/\/www.ip.usp.br\/site\/wp-json\/wp\/v2\/tags?post=50797"}],"curies":[{"name":"wp","href":"https:\/\/api.w.org\/{rel}","templated":true}]}}