{"id":50811,"date":"2025-04-09T16:10:11","date_gmt":"2025-04-09T19:10:11","guid":{"rendered":"https:\/\/www.ip.usp.br\/site\/?page_id=50811"},"modified":"2025-04-11T14:39:18","modified_gmt":"2025-04-11T17:39:18","slug":"normas-y-reglamento","status":"publish","type":"page","link":"https:\/\/www.ip.usp.br\/site\/normas-y-reglamento\/","title":{"rendered":"Normas y Reglamento"},"content":{"rendered":"<p>&nbsp;<\/p>\n<table style=\"border-collapse: collapse; width: 100%;\">\n<tbody>\n<tr>\n<td style=\"width: 88.9392%;\"><\/td>\n<td style=\"width: 3.42143%;\"><\/td>\n<td style=\"width: 3.78349%;\"><a href=\"https:\/\/www.ip.usp.br\/site\/regimentos-e-regulamentos-3\/\"><img decoding=\"async\" class=\"alignnone size-full wp-image-19624\" src=\"https:\/\/www.ip.usp.br\/site\/wp-content\/uploads\/2018\/08\/br.gif\" alt=\"\" width=\"20\" height=\"14\" \/><\/a><\/td>\n<td style=\"width: 3.8559%;\"><a href=\"https:\/\/www.ip.usp.br\/site\/standards-and-regulations\/\"><img decoding=\"async\" class=\"alignnone size-full wp-image-19626\" src=\"https:\/\/www.ip.usp.br\/site\/wp-content\/uploads\/2018\/08\/us.gif\" alt=\"\" width=\"20\" height=\"14\" \/><\/a><\/td>\n<\/tr>\n<\/tbody>\n<\/table>\n<p>Reglamento de Postgrado de la Universidad de S\u00e3o Paulo<\/p>\n<p>&nbsp;<\/p>\n<p>Reglamento del Comit\u00e9 de Postgrado del Instituto de Instituto (CPG-IP)<\/p>\n<p>Los alumnos de Maestr\u00eda, Doctorado y Doctorado Directo deben cursar por lo menos un curso que que trate de la dimensi\u00f3n metodol\u00f3gica de la investigaci\u00f3n, con car\u00e1cter obligatorio, seg\u00fan consta en el reglamento del programa.<\/p>\n","protected":false},"excerpt":{"rendered":"<p>&nbsp; Reglamento de Postgrado de la Universidad de S\u00e3o Paulo &nbsp; Reglamento del Comit\u00e9 de Postgrado del Instituto de Instituto (CPG-IP) Los alumnos de Maestr\u00eda, Doctorado y Doctorado Directo deben cursar por lo menos un curso que que trate de la dimensi\u00f3n metodol\u00f3gica de la investigaci\u00f3n, con car\u00e1cter obligatorio, seg\u00fan consta en el reglamento del [&hellip;]<\/p>\n","protected":false},"author":5,"featured_media":0,"parent":0,"menu_order":0,"comment_status":"closed","ping_status":"closed","template":"","meta":{"_acf_changed":false,"footnotes":""},"categories":[2180],"tags":[],"class_list":["post-50811","page","type-page","status-publish","hentry","category-psicologia-del-aprendizaje-del-desarrollo-y-de-la-personalidad"],"acf":[],"jetpack_sharing_enabled":true,"_links":{"self":[{"href":"https:\/\/www.ip.usp.br\/site\/wp-json\/wp\/v2\/pages\/50811","targetHints":{"allow":["GET"]}}],"collection":[{"href":"https:\/\/www.ip.usp.br\/site\/wp-json\/wp\/v2\/pages"}],"about":[{"href":"https:\/\/www.ip.usp.br\/site\/wp-json\/wp\/v2\/types\/page"}],"author":[{"embeddable":true,"href":"https:\/\/www.ip.usp.br\/site\/wp-json\/wp\/v2\/users\/5"}],"replies":[{"embeddable":true,"href":"https:\/\/www.ip.usp.br\/site\/wp-json\/wp\/v2\/comments?post=50811"}],"version-history":[{"count":5,"href":"https:\/\/www.ip.usp.br\/site\/wp-json\/wp\/v2\/pages\/50811\/revisions"}],"predecessor-version":[{"id":50948,"href":"https:\/\/www.ip.usp.br\/site\/wp-json\/wp\/v2\/pages\/50811\/revisions\/50948"}],"wp:attachment":[{"href":"https:\/\/www.ip.usp.br\/site\/wp-json\/wp\/v2\/media?parent=50811"}],"wp:term":[{"taxonomy":"category","embeddable":true,"href":"https:\/\/www.ip.usp.br\/site\/wp-json\/wp\/v2\/categories?post=50811"},{"taxonomy":"post_tag","embeddable":true,"href":"https:\/\/www.ip.usp.br\/site\/wp-json\/wp\/v2\/tags?post=50811"}],"curies":[{"name":"wp","href":"https:\/\/api.w.org\/{rel}","templated":true}]}}