{"id":51831,"date":"2025-05-21T09:49:46","date_gmt":"2025-05-21T12:49:46","guid":{"rendered":"https:\/\/www.ip.usp.br\/site\/?page_id=51831"},"modified":"2025-10-06T10:37:26","modified_gmt":"2025-10-06T13:37:26","slug":"33o-siicusp","status":"publish","type":"page","link":"https:\/\/www.ip.usp.br\/site\/33o-siicusp\/","title":{"rendered":"33\u00ba SIICUSP"},"content":{"rendered":"<p>&nbsp;<\/p>\n<p>Informamos que foi publicado o Edital do 33\u00ba Simp\u00f3sio Internacional de Inicia\u00e7\u00e3o Cient\u00edfica e Tecnol\u00f3gica da USP (SIICUSP), dispon\u00edvel em\u00a0<a href=\"https:\/\/prpi.usp.br\/siicusp\/\" target=\"_blank\" rel=\"noopener\" data-saferedirecturl=\"https:\/\/www.google.com\/url?q=https:\/\/prpi.usp.br\/siicusp\/&amp;source=gmail&amp;ust=1747918110141000&amp;usg=AOvVaw2h2xLFTSoKpZxQgF5fX9hO\">https:\/\/prpi.usp.br\/<wbr \/>siicusp\/<\/a><\/p>\n<p>O Edital sofreu modifica\u00e7\u00f5es em rela\u00e7\u00e3o \u00e0s \u00faltimas edi\u00e7\u00f5es. Caso haja d\u00favidas, por gentileza, encaminhem via Fale Conosco, assunto &#8220;Eventos&#8221; &#8211; bem como as comunica\u00e7\u00f5es de data e formato dos eventos da primeira etapa.<\/p>\n<p><a href=\"https:\/\/www.ip.usp.br\/site\/wp-content\/uploads\/2025\/05\/Edital-33-SIICUSP_Retificacao.pdf\" target=\"_blank\" rel=\"noopener\">33\u00ba SIICUSP &#8211; Retifica\u00e7\u00e3o<\/a><\/p>\n<p>&nbsp;<\/p>\n<hr \/>\n<div><\/div>\n<div>Est\u00e3o abertas as inscri\u00e7\u00f5es para o 33\u00ba SIICUSP.<\/div>\n<div>\n<p>As inscri\u00e7\u00f5es s\u00e3o gratuitas e devem ser realizadas<b><i>\u00a0at\u00e9 \u00e0s 23h59 do<\/i><\/b>\u00a0<b><i>dia<\/i><\/b>\u00a0<strong>25\/08\/2025<\/strong>, por meio do link:\u00a0<a href=\"https:\/\/uspdigital.usp.br\/siicusp\" target=\"_blank\" rel=\"noopener\" data-saferedirecturl=\"https:\/\/www.google.com\/url?q=https:\/\/uspdigital.usp.br\/siicusp&amp;source=gmail&amp;ust=1753385922283000&amp;usg=AOvVaw22sVsj6hI3sabk65FQ8ODK\">https:\/\/uspdigital.usp.br\/<wbr \/>siicusp<\/a>.<\/p>\n<p>O Edital e demais informa\u00e7\u00f5es est\u00e3o dispon\u00edveis na aba\u00a0<strong>\u201cNormas SIICUSP\u201d<\/strong>\u00a0no mesmo site.<\/p>\n<\/div>\n<div>Informamos que foi realizada a importa\u00e7\u00e3o de projetos de Inicia\u00e7\u00e3o Cient\u00edfica e Tecnol\u00f3gica do Atena. Os trabalhos importados constam como &#8220;Incompletos&#8221;, devendo o aluno acessar o Sistema SIICUSP para completar os dados e submeter a inscri\u00e7\u00e3o.<\/div>\n<div><\/div>\n<div>Alunos que j\u00e1 se formaram devem criar um novo login no Sistema em &#8220;<i>Acesso Externo SIICUSP<\/i>&#8220;, no menu \u00e0 esquerda.<\/div>\n<div>\n<p>&nbsp;<\/p>\n<\/div>\n<hr \/>\n<p>&nbsp;<\/p>\n<p>O Simp\u00f3sio Internacional de Inicia\u00e7\u00e3o Cient\u00edfica e Tecnol\u00f3gica da USP \u2013 SIICUSP &#8211; \u00e9 uma iniciativa da Pr\u00f3-Reitoria de Pesquisa e Inova\u00e7\u00e3o da USP e tem como objetivo divulgar os resultados dos projetos de pesquisas cient\u00edficas e tecnol\u00f3gicas realizadas por alunos de gradua\u00e7\u00e3o da USP e de outras institui\u00e7\u00f5es nacionais e internacionais.<\/p>\n<p>&nbsp;<\/p>\n<p>Informamos que nosso <strong>33\u00ba SIICUSP<\/strong> ocorrer\u00e1 nos dias <strong>06, 07, 08, 09 e 10 de outubro de 2025<\/strong>, por meio da <strong>apresenta\u00e7\u00e3o oral do p\u00f4ster<\/strong>, e ser\u00e1 realizada das <strong>09h \u00e0s 16h, no V\u00e3o do Bloco G<\/strong>.<\/p>\n<p><strong>Solicitamos, ainda, que aguardem a divulga\u00e7\u00e3o dos pr\u00f3ximos comunicados oficiais .<\/strong><\/p>\n<hr \/>\n<p>&nbsp;<\/p>\n<p><a href=\"https:\/\/www.ip.usp.br\/site\/wp-content\/uploads\/2025\/10\/33_SIICUSP_Programacao.pdf\" target=\"_blank\" rel=\"noopener\">Clique aqui para ver a Programa\u00e7\u00e3o do 33\u00ba SIICUSP<\/a><\/p>\n<p><a href=\"https:\/\/www.ip.usp.br\/site\/wp-content\/uploads\/2025\/10\/33_SIICUSP_Sessoes.pdf\" target=\"_blank\" rel=\"noopener\">Detalhamento das Sess\u00f5es de Apresenta\u00e7\u00e3o em P\u00f4ster<\/a><\/p>\n<p>&nbsp;<\/p>\n<hr \/>\n<p>&nbsp;<\/p>\n<p><img fetchpriority=\"high\" decoding=\"async\" class=\"wp-image-52944 size-full aligncenter\" src=\"https:\/\/www.ip.usp.br\/site\/wp-content\/uploads\/2025\/09\/Banner-33o-SIICUSP-2025-correto.jpg\" alt=\"\" width=\"617\" height=\"1321\" srcset=\"https:\/\/www.ip.usp.br\/site\/wp-content\/uploads\/2025\/09\/Banner-33o-SIICUSP-2025-correto.jpg 617w, https:\/\/www.ip.usp.br\/site\/wp-content\/uploads\/2025\/09\/Banner-33o-SIICUSP-2025-correto-140x300.jpg 140w, https:\/\/www.ip.usp.br\/site\/wp-content\/uploads\/2025\/09\/Banner-33o-SIICUSP-2025-correto-478x1024.jpg 478w\" sizes=\"(max-width: 617px) 100vw, 617px\" \/><\/p>\n","protected":false},"excerpt":{"rendered":"<p>&nbsp; Informamos que foi publicado o Edital do 33\u00ba Simp\u00f3sio Internacional de Inicia\u00e7\u00e3o Cient\u00edfica e Tecnol\u00f3gica da USP (SIICUSP), dispon\u00edvel em\u00a0https:\/\/prpi.usp.br\/siicusp\/ O Edital sofreu modifica\u00e7\u00f5es em rela\u00e7\u00e3o \u00e0s \u00faltimas edi\u00e7\u00f5es. Caso haja d\u00favidas, por gentileza, encaminhem via Fale Conosco, assunto &#8220;Eventos&#8221; &#8211; bem como as comunica\u00e7\u00f5es de data e formato dos eventos da primeira etapa. [&hellip;]<\/p>\n","protected":false},"author":5,"featured_media":0,"parent":0,"menu_order":0,"comment_status":"closed","ping_status":"closed","template":"","meta":{"_acf_changed":false,"footnotes":""},"categories":[515],"tags":[],"class_list":["post-51831","page","type-page","status-publish","hentry","category-pesquisa"],"acf":[],"jetpack_sharing_enabled":true,"_links":{"self":[{"href":"https:\/\/www.ip.usp.br\/site\/wp-json\/wp\/v2\/pages\/51831","targetHints":{"allow":["GET"]}}],"collection":[{"href":"https:\/\/www.ip.usp.br\/site\/wp-json\/wp\/v2\/pages"}],"about":[{"href":"https:\/\/www.ip.usp.br\/site\/wp-json\/wp\/v2\/types\/page"}],"author":[{"embeddable":true,"href":"https:\/\/www.ip.usp.br\/site\/wp-json\/wp\/v2\/users\/5"}],"replies":[{"embeddable":true,"href":"https:\/\/www.ip.usp.br\/site\/wp-json\/wp\/v2\/comments?post=51831"}],"version-history":[{"count":12,"href":"https:\/\/www.ip.usp.br\/site\/wp-json\/wp\/v2\/pages\/51831\/revisions"}],"predecessor-version":[{"id":53388,"href":"https:\/\/www.ip.usp.br\/site\/wp-json\/wp\/v2\/pages\/51831\/revisions\/53388"}],"wp:attachment":[{"href":"https:\/\/www.ip.usp.br\/site\/wp-json\/wp\/v2\/media?parent=51831"}],"wp:term":[{"taxonomy":"category","embeddable":true,"href":"https:\/\/www.ip.usp.br\/site\/wp-json\/wp\/v2\/categories?post=51831"},{"taxonomy":"post_tag","embeddable":true,"href":"https:\/\/www.ip.usp.br\/site\/wp-json\/wp\/v2\/tags?post=51831"}],"curies":[{"name":"wp","href":"https:\/\/api.w.org\/{rel}","templated":true}]}}