{"id":5379,"date":"2015-10-25T19:08:13","date_gmt":"2015-10-25T19:08:13","guid":{"rendered":"https:\/\/www.ip.usp.br\/site\/?p=5379"},"modified":"2018-09-12T13:59:46","modified_gmt":"2018-09-12T16:59:46","slug":"2015-volume-6-numero-1","status":"publish","type":"page","link":"https:\/\/www.ip.usp.br\/site\/2015-volume-6-numero-1\/","title":{"rendered":"2015 &#8211; Volume 6 &#8211; N\u00famero 1"},"content":{"rendered":"<table style=\"border-collapse: collapse; width: 100%;\" border=\"0\">\n<tbody>\n<tr>\n<td style=\"width: 25.707%;\"><img decoding=\"async\" class=\"alignnone wp-image-23906 size-full\" src=\"https:\/\/www.ip.usp.br\/site\/wp-content\/uploads\/2018\/09\/logo.png\" alt=\"\" width=\"100\" height=\"182\" \/><\/td>\n<td style=\"width: 74.293%;\">\n<hr \/>\n<p style=\"text-align: center;\"><strong>EDITORIAL<\/strong><\/p>\n<hr \/>\n<p>Texto Completo\u00a0<img decoding=\"async\" class=\"alignnone size-full wp-image-24058\" src=\"https:\/\/www.ip.usp.br\/site\/wp-content\/uploads\/2018\/09\/html_icon.gif\" alt=\"\" width=\"40\" height=\"18\" \/>\u00a0<img decoding=\"async\" class=\"alignnone size-full wp-image-23908\" src=\"https:\/\/www.ip.usp.br\/site\/wp-content\/uploads\/2018\/09\/pdf_icon2.png\" alt=\"\" width=\"50\" height=\"16\" \/><\/p>\n<hr \/>\n<p style=\"text-align: center;\"><strong>ARTIGOS ORIGINAIS<\/strong><\/p>\n<hr \/>\n<p><strong>Ang\u00fastia e Psican\u00e1lise no hospital: uma possibilidade de haver sujeito<\/strong><\/p>\n<p>Daniel Bruno dos Reis<\/p>\n<p>Texto Completo \u00a0<a href=\"https:\/\/www.ip.usp.br\/site\/v6n1\/\"><img decoding=\"async\" class=\"alignnone size-full wp-image-24058\" src=\"https:\/\/www.ip.usp.br\/site\/wp-content\/uploads\/2018\/09\/html_icon.gif\" alt=\"\" width=\"40\" height=\"18\" \/><\/a>\u00a0<a href=\"https:\/\/www.ip.usp.br\/site\/wp-content\/uploads\/2018\/09\/Artigo_1_-_Ang\u00fastia_e_Psican\u00e1lise_no_Hospital_-_Vers\u00e3o_Finaaal.pdf\" target=\"_blank\" rel=\"noopener\"><img loading=\"lazy\" decoding=\"async\" class=\"alignnone wp-image-23908 size-full\" src=\"https:\/\/www.ip.usp.br\/site\/wp-content\/uploads\/2018\/09\/pdf_icon2.png\" alt=\"\" width=\"50\" height=\"16\" \/><\/a><\/p>\n<p><strong>Considera\u00e7\u00f5es sobre a destitui\u00e7\u00e3o subjetiva e o corpo em Jacques Lacan<\/strong><\/p>\n<p>Abenon Menegassi<\/p>\n<p>Texto Completo \u00a0<a href=\"https:\/\/www.ip.usp.br\/site\/v5n1a2-2\/\"><img decoding=\"async\" class=\"alignnone size-full wp-image-24058\" src=\"https:\/\/www.ip.usp.br\/site\/wp-content\/uploads\/2018\/09\/html_icon.gif\" alt=\"\" width=\"40\" height=\"18\" \/><\/a>\u00a0<a href=\"https:\/\/www.ip.usp.br\/site\/wp-content\/uploads\/2018\/09\/Artigo_Destitui\u00e7\u00e3o_subjetiva_e_corpo_rev_final_12.12.pdf\" target=\"_blank\" rel=\"noopener\"><img loading=\"lazy\" decoding=\"async\" class=\"alignnone wp-image-23908 size-full\" src=\"https:\/\/www.ip.usp.br\/site\/wp-content\/uploads\/2018\/09\/pdf_icon2.png\" alt=\"\" width=\"50\" height=\"16\" \/><\/a><\/p>\n<hr \/>\n<p style=\"text-align: center;\"><strong>ENTREVISTA<\/strong><\/p>\n<hr \/>\n<p><strong>[Ent]Revista Transforma\u00e7\u00f5es em Psicologia<\/strong><\/p>\n<p>Prof\u00aa. Dr\u00aa. Marlene Guirado<\/p>\n<p>Texto Completo \u00a0<a href=\"https:\/\/www.ip.usp.br\/site\/entrevista-transformacoes-em-psicologia-marlene-guirado\/\"><img decoding=\"async\" class=\"alignnone size-full wp-image-24058\" src=\"https:\/\/www.ip.usp.br\/site\/wp-content\/uploads\/2018\/09\/html_icon.gif\" alt=\"\" width=\"40\" height=\"18\" \/><\/a>\u00a0<a href=\"https:\/\/www.ip.usp.br\/site\/wp-content\/uploads\/2018\/09\/7\u00aa_Ed._Entrevista_Marlene_Guirado.pdf.pdf\" target=\"_blank\" rel=\"noopener\"><img loading=\"lazy\" decoding=\"async\" class=\"alignnone wp-image-23908 size-full\" src=\"https:\/\/www.ip.usp.br\/site\/wp-content\/uploads\/2018\/09\/pdf_icon2.png\" alt=\"\" width=\"50\" height=\"16\" \/><\/a><\/td>\n<\/tr>\n<\/tbody>\n<\/table>\n<p>&nbsp;<\/p>\n","protected":false},"excerpt":{"rendered":"<p>EDITORIAL Texto Completo\u00a0\u00a0 ARTIGOS ORIGINAIS Ang\u00fastia e Psican\u00e1lise no hospital: uma possibilidade de haver sujeito Daniel Bruno dos Reis Texto Completo \u00a0\u00a0 Considera\u00e7\u00f5es sobre a destitui\u00e7\u00e3o subjetiva e o corpo em Jacques Lacan Abenon Menegassi Texto Completo \u00a0\u00a0 ENTREVISTA [Ent]Revista Transforma\u00e7\u00f5es em Psicologia Prof\u00aa. Dr\u00aa. Marlene Guirado Texto Completo \u00a0\u00a0 &nbsp;<\/p>\n","protected":false},"author":2,"featured_media":0,"parent":0,"menu_order":5,"comment_status":"open","ping_status":"open","template":"","meta":{"_acf_changed":false,"footnotes":""},"categories":[13,279],"tags":[],"class_list":["post-5379","page","type-page","status-publish","hentry","category-publicacoes","category-revista-transformacoes"],"acf":[],"jetpack_sharing_enabled":true,"_links":{"self":[{"href":"https:\/\/www.ip.usp.br\/site\/wp-json\/wp\/v2\/pages\/5379","targetHints":{"allow":["GET"]}}],"collection":[{"href":"https:\/\/www.ip.usp.br\/site\/wp-json\/wp\/v2\/pages"}],"about":[{"href":"https:\/\/www.ip.usp.br\/site\/wp-json\/wp\/v2\/types\/page"}],"author":[{"embeddable":true,"href":"https:\/\/www.ip.usp.br\/site\/wp-json\/wp\/v2\/users\/2"}],"replies":[{"embeddable":true,"href":"https:\/\/www.ip.usp.br\/site\/wp-json\/wp\/v2\/comments?post=5379"}],"version-history":[{"count":9,"href":"https:\/\/www.ip.usp.br\/site\/wp-json\/wp\/v2\/pages\/5379\/revisions"}],"predecessor-version":[{"id":24482,"href":"https:\/\/www.ip.usp.br\/site\/wp-json\/wp\/v2\/pages\/5379\/revisions\/24482"}],"wp:attachment":[{"href":"https:\/\/www.ip.usp.br\/site\/wp-json\/wp\/v2\/media?parent=5379"}],"wp:term":[{"taxonomy":"category","embeddable":true,"href":"https:\/\/www.ip.usp.br\/site\/wp-json\/wp\/v2\/categories?post=5379"},{"taxonomy":"post_tag","embeddable":true,"href":"https:\/\/www.ip.usp.br\/site\/wp-json\/wp\/v2\/tags?post=5379"}],"curies":[{"name":"wp","href":"https:\/\/api.w.org\/{rel}","templated":true}]}}