{"id":54695,"date":"2026-03-06T17:34:23","date_gmt":"2026-03-06T20:34:23","guid":{"rendered":"https:\/\/www.ip.usp.br\/site\/?page_id=54695"},"modified":"2026-03-06T18:15:48","modified_gmt":"2026-03-06T21:15:48","slug":"lives-intercambio","status":"publish","type":"page","link":"https:\/\/www.ip.usp.br\/site\/lives-intercambio\/","title":{"rendered":"Lives Interc\u00e2mbio"},"content":{"rendered":"<p>Assista aos relatos de alunos que viveram a experi\u00eancia do interc\u00e2mbio e descubra como essa etapa pode transformar sua trajet\u00f3ria acad\u00eamica e pessoal.<br \/>\n<iframe title=\"YouTube video player\" src=\"https:\/\/www.youtube.com\/embed\/ldwBJvXEZt4?si=U-59FgMJdXl66z4m\" width=\"560\" height=\"315\" frameborder=\"0\" allowfullscreen=\"allowfullscreen\"><\/iframe><\/p>\n<p><iframe title=\"YouTube video player\" src=\"https:\/\/www.youtube.com\/embed\/IEunU78UJTk?si=rETl-2mcj8ayCLSY\" width=\"560\" height=\"315\" frameborder=\"0\" allowfullscreen=\"allowfullscreen\"><\/iframe><\/p>\n<p><iframe title=\"YouTube video player\" src=\"https:\/\/www.youtube.com\/embed\/6yh0bmNOadg?si=yqB_f71iYUyp5Sup\" width=\"560\" height=\"315\" frameborder=\"0\" allowfullscreen=\"allowfullscreen\"><\/iframe><\/p>\n","protected":false},"excerpt":{"rendered":"<p>Assista aos relatos de alunos que viveram a experi\u00eancia do interc\u00e2mbio e descubra como essa etapa pode transformar sua trajet\u00f3ria acad\u00eamica e pessoal.<\/p>\n","protected":false},"author":19,"featured_media":0,"parent":0,"menu_order":0,"comment_status":"closed","ping_status":"closed","template":"","meta":{"_acf_changed":false,"footnotes":""},"categories":[],"tags":[],"class_list":["post-54695","page","type-page","status-publish","hentry"],"acf":[],"jetpack_sharing_enabled":true,"_links":{"self":[{"href":"https:\/\/www.ip.usp.br\/site\/wp-json\/wp\/v2\/pages\/54695","targetHints":{"allow":["GET"]}}],"collection":[{"href":"https:\/\/www.ip.usp.br\/site\/wp-json\/wp\/v2\/pages"}],"about":[{"href":"https:\/\/www.ip.usp.br\/site\/wp-json\/wp\/v2\/types\/page"}],"author":[{"embeddable":true,"href":"https:\/\/www.ip.usp.br\/site\/wp-json\/wp\/v2\/users\/19"}],"replies":[{"embeddable":true,"href":"https:\/\/www.ip.usp.br\/site\/wp-json\/wp\/v2\/comments?post=54695"}],"version-history":[{"count":5,"href":"https:\/\/www.ip.usp.br\/site\/wp-json\/wp\/v2\/pages\/54695\/revisions"}],"predecessor-version":[{"id":54717,"href":"https:\/\/www.ip.usp.br\/site\/wp-json\/wp\/v2\/pages\/54695\/revisions\/54717"}],"wp:attachment":[{"href":"https:\/\/www.ip.usp.br\/site\/wp-json\/wp\/v2\/media?parent=54695"}],"wp:term":[{"taxonomy":"category","embeddable":true,"href":"https:\/\/www.ip.usp.br\/site\/wp-json\/wp\/v2\/categories?post=54695"},{"taxonomy":"post_tag","embeddable":true,"href":"https:\/\/www.ip.usp.br\/site\/wp-json\/wp\/v2\/tags?post=54695"}],"curies":[{"name":"wp","href":"https:\/\/api.w.org\/{rel}","templated":true}]}}