{"id":7225,"date":"2016-08-15T15:25:35","date_gmt":"2016-08-15T15:25:35","guid":{"rendered":"https:\/\/www.ip.usp.br\/site\/?page_id=7225"},"modified":"2025-10-16T10:26:36","modified_gmt":"2025-10-16T13:26:36","slug":"departamentos","status":"publish","type":"page","link":"https:\/\/www.ip.usp.br\/site\/departamentos\/","title":{"rendered":"Departamentos"},"content":{"rendered":"<table style=\"border-collapse: collapse; width: 99.9125%; height: 293px;\">\n<tbody>\n<tr style=\"height: 133px;\">\n<td style=\"width: 25.4614%; text-align: center; vertical-align: top; height: 293px;\"><a href=\"https:\/\/www.ip.usp.br\/site\/departamento-de-psicologia-da-aprendizagem-do-desenvolvimento-e-da-personalidade-psa\/\"><img decoding=\"async\" class=\"alignnone wp-image-46452 \" src=\"https:\/\/www.ip.usp.br\/site\/wp-content\/uploads\/2024\/03\/PSA-150x150.png\" alt=\"\" width=\"200\" height=\"200\" srcset=\"https:\/\/www.ip.usp.br\/site\/wp-content\/uploads\/2024\/03\/PSA-150x150.png 150w, https:\/\/www.ip.usp.br\/site\/wp-content\/uploads\/2024\/03\/PSA-300x300.png 300w, https:\/\/www.ip.usp.br\/site\/wp-content\/uploads\/2024\/03\/PSA.png 500w\" sizes=\"(max-width: 200px) 100vw, 200px\" \/><\/a><\/p>\n<h4><span style=\"color: #000080;\"><a style=\"color: #000080;\" href=\"https:\/\/www.ip.usp.br\/site\/departamento-de-psicologia-da-aprendizagem-do-desenvolvimento-e-da-personalidade-psa\/\">Departamento de Psicologia da Aprendizagem, do Desenvolvimento e da Personalidade<\/a><\/span><\/h4>\n<\/td>\n<td style=\"width: 25.4614%; text-align: center; vertical-align: top; height: 293px;\"><a href=\"https:\/\/www.ip.usp.br\/site\/departamento-de-psicologia-clinica-psc\/\"><img decoding=\"async\" class=\"alignnone wp-image-46453 \" src=\"https:\/\/www.ip.usp.br\/site\/wp-content\/uploads\/2024\/03\/PSC-150x150.png\" alt=\"\" width=\"200\" height=\"200\" srcset=\"https:\/\/www.ip.usp.br\/site\/wp-content\/uploads\/2024\/03\/PSC-150x150.png 150w, https:\/\/www.ip.usp.br\/site\/wp-content\/uploads\/2024\/03\/PSC-300x300.png 300w, https:\/\/www.ip.usp.br\/site\/wp-content\/uploads\/2024\/03\/PSC.png 500w\" sizes=\"(max-width: 200px) 100vw, 200px\" \/><\/a><\/p>\n<h4><span style=\"color: #000080;\"><a style=\"color: #000080;\" href=\"https:\/\/www.ip.usp.br\/site\/departamento-de-psicologia-clinica-psc\/\">Departamento de Psicologia Cl\u00ednica\u00a0<\/a><\/span><\/h4>\n<\/td>\n<\/tr>\n<\/tbody>\n<\/table>\n<h4><\/h4>\n<table style=\"border-collapse: collapse; width: 99.9125%; height: 293px;\">\n<tbody>\n<tr style=\"height: 133px;\">\n<td style=\"width: 27.5402%; text-align: center; vertical-align: top; height: 293px;\"><a href=\"https:\/\/www.ip.usp.br\/site\/departamento-de-psicologia-social-e-do-trabalho-pst\/\"><img decoding=\"async\" class=\"alignnone wp-image-46456 \" src=\"https:\/\/www.ip.usp.br\/site\/wp-content\/uploads\/2024\/03\/PST-1-150x150.png\" alt=\"\" width=\"200\" height=\"200\" srcset=\"https:\/\/www.ip.usp.br\/site\/wp-content\/uploads\/2024\/03\/PST-1-150x150.png 150w, https:\/\/www.ip.usp.br\/site\/wp-content\/uploads\/2024\/03\/PST-1-300x300.png 300w, https:\/\/www.ip.usp.br\/site\/wp-content\/uploads\/2024\/03\/PST-1.png 500w\" sizes=\"(max-width: 200px) 100vw, 200px\" \/><\/a><\/p>\n<h4><a href=\"https:\/\/www.ip.usp.br\/site\/departamento-de-psicologia-social-e-do-trabalho-pst\/\"><span style=\"color: #000080;\">Departamento de Psicologia Social e do Trabalho\u00a0<\/span><\/a><\/h4>\n<\/td>\n<td style=\"width: 27.3234%; text-align: center; vertical-align: top; height: 293px;\"><a href=\"https:\/\/www.ip.usp.br\/site\/departamento-de-psicologia-experimental-pse\/\"><img loading=\"lazy\" decoding=\"async\" class=\"alignnone wp-image-46457 \" src=\"https:\/\/www.ip.usp.br\/site\/wp-content\/uploads\/2024\/03\/PSE-150x150.png\" alt=\"\" width=\"200\" height=\"200\" srcset=\"https:\/\/www.ip.usp.br\/site\/wp-content\/uploads\/2024\/03\/PSE-150x150.png 150w, https:\/\/www.ip.usp.br\/site\/wp-content\/uploads\/2024\/03\/PSE-300x300.png 300w, https:\/\/www.ip.usp.br\/site\/wp-content\/uploads\/2024\/03\/PSE.png 500w\" sizes=\"(max-width: 200px) 100vw, 200px\" \/><\/a><\/p>\n<h4><span style=\"color: #000080;\"><a style=\"color: #000080;\" href=\"https:\/\/www.ip.usp.br\/site\/departamento-de-psicologia-experimental-pse\/\">Departamento de Psicologia Experimental<\/a><\/span><\/h4>\n<\/td>\n<\/tr>\n<\/tbody>\n<\/table>\n<h4 style=\"text-align: justify;\">Em 1970, com o fim da c\u00e1tedra de Psicologia da Faculdade de Filosofia e a cria\u00e7\u00e3o do Instituto de Psicologia da USP, nossos quatro departamentos foram criados formando uma nova estrutura acad\u00eamica.<\/h4>\n<h4 style=\"text-align: justify;\">Assim, os docentes que exerciam suas atividades na Cadeira de Psicologia Educacional do ent\u00e3o Instituto de Educa\u00e7\u00e3o, passaram a integrar o <a href=\"https:\/\/www.ip.usp.br\/site\/departamento-de-psicologia-da-aprendizagem-do-desenvolvimento-e-da-personalidade-psa\/\">PSA<\/a>, os docentes contratados na \u00e1rea cl\u00ednica passaram a compor o\u00a0<a href=\"https:\/\/www.ip.usp.br\/site\/departamento-de-psicologia-clinica-psc\/\">PSC<\/a>, o antigo Departamento de Psicologia Social e Experimental passaram para o\u00a0<a href=\"https:\/\/www.ip.usp.br\/site\/departamento-de-psicologia-experimental-pse\/\">PSE<\/a>, e, por fim, os da \u00e1rea social passaram para o <a href=\"https:\/\/www.ip.usp.br\/site\/departamento-de-psicologia-social-e-do-trabalho-pst\/\">PST<\/a>.<\/h4>\n<p style=\"text-align: justify;\">\n","protected":false},"excerpt":{"rendered":"<p>Departamento de Psicologia da Aprendizagem, do Desenvolvimento e da Personalidade Departamento de Psicologia Cl\u00ednica\u00a0 Departamento de Psicologia Social e do Trabalho\u00a0 Departamento de Psicologia Experimental Em 1970, com o fim da c\u00e1tedra de Psicologia da Faculdade de Filosofia e a cria\u00e7\u00e3o do Instituto de Psicologia da USP, nossos quatro departamentos foram criados formando uma nova [&hellip;]<\/p>\n","protected":false},"author":2,"featured_media":0,"parent":0,"menu_order":0,"comment_status":"closed","ping_status":"closed","template":"","meta":{"_acf_changed":false,"footnotes":""},"categories":[395],"tags":[],"class_list":["post-7225","page","type-page","status-publish","hentry","category-institucional"],"acf":[],"jetpack_sharing_enabled":true,"_links":{"self":[{"href":"https:\/\/www.ip.usp.br\/site\/wp-json\/wp\/v2\/pages\/7225","targetHints":{"allow":["GET"]}}],"collection":[{"href":"https:\/\/www.ip.usp.br\/site\/wp-json\/wp\/v2\/pages"}],"about":[{"href":"https:\/\/www.ip.usp.br\/site\/wp-json\/wp\/v2\/types\/page"}],"author":[{"embeddable":true,"href":"https:\/\/www.ip.usp.br\/site\/wp-json\/wp\/v2\/users\/2"}],"replies":[{"embeddable":true,"href":"https:\/\/www.ip.usp.br\/site\/wp-json\/wp\/v2\/comments?post=7225"}],"version-history":[{"count":32,"href":"https:\/\/www.ip.usp.br\/site\/wp-json\/wp\/v2\/pages\/7225\/revisions"}],"predecessor-version":[{"id":53469,"href":"https:\/\/www.ip.usp.br\/site\/wp-json\/wp\/v2\/pages\/7225\/revisions\/53469"}],"wp:attachment":[{"href":"https:\/\/www.ip.usp.br\/site\/wp-json\/wp\/v2\/media?parent=7225"}],"wp:term":[{"taxonomy":"category","embeddable":true,"href":"https:\/\/www.ip.usp.br\/site\/wp-json\/wp\/v2\/categories?post=7225"},{"taxonomy":"post_tag","embeddable":true,"href":"https:\/\/www.ip.usp.br\/site\/wp-json\/wp\/v2\/tags?post=7225"}],"curies":[{"name":"wp","href":"https:\/\/api.w.org\/{rel}","templated":true}]}}