{"id":7305,"date":"2016-08-15T16:05:40","date_gmt":"2016-08-15T16:05:40","guid":{"rendered":"https:\/\/www.ip.usp.br\/site\/?page_id=7305"},"modified":"2025-09-03T20:04:16","modified_gmt":"2025-09-03T23:04:16","slug":"nossos-destaques","status":"publish","type":"page","link":"https:\/\/www.ip.usp.br\/site\/nossos-destaques\/","title":{"rendered":"Nossos Destaques"},"content":{"rendered":"<p>Em breve teremos um link para acessar todos os conte\u00fados com premia\u00e7\u00f5es, lan\u00e7amentos de livros, homenagens e outras men\u00e7\u00f5es honrosas dos membros da comunidade IPUSP. Aguarde!<\/p>\n","protected":false},"excerpt":{"rendered":"<p>Em breve teremos um link para acessar todos os conte\u00fados com premia\u00e7\u00f5es, lan\u00e7amentos de livros, homenagens e outras men\u00e7\u00f5es honrosas dos membros da comunidade IPUSP. Aguarde!<\/p>\n","protected":false},"author":2,"featured_media":0,"parent":0,"menu_order":0,"comment_status":"closed","ping_status":"closed","template":"","meta":{"_acf_changed":false,"footnotes":""},"categories":[396],"tags":[],"class_list":["post-7305","page","type-page","status-publish","hentry","category-ip-comunica"],"acf":[],"jetpack_sharing_enabled":true,"_links":{"self":[{"href":"https:\/\/www.ip.usp.br\/site\/wp-json\/wp\/v2\/pages\/7305","targetHints":{"allow":["GET"]}}],"collection":[{"href":"https:\/\/www.ip.usp.br\/site\/wp-json\/wp\/v2\/pages"}],"about":[{"href":"https:\/\/www.ip.usp.br\/site\/wp-json\/wp\/v2\/types\/page"}],"author":[{"embeddable":true,"href":"https:\/\/www.ip.usp.br\/site\/wp-json\/wp\/v2\/users\/2"}],"replies":[{"embeddable":true,"href":"https:\/\/www.ip.usp.br\/site\/wp-json\/wp\/v2\/comments?post=7305"}],"version-history":[{"count":4,"href":"https:\/\/www.ip.usp.br\/site\/wp-json\/wp\/v2\/pages\/7305\/revisions"}],"predecessor-version":[{"id":52936,"href":"https:\/\/www.ip.usp.br\/site\/wp-json\/wp\/v2\/pages\/7305\/revisions\/52936"}],"wp:attachment":[{"href":"https:\/\/www.ip.usp.br\/site\/wp-json\/wp\/v2\/media?parent=7305"}],"wp:term":[{"taxonomy":"category","embeddable":true,"href":"https:\/\/www.ip.usp.br\/site\/wp-json\/wp\/v2\/categories?post=7305"},{"taxonomy":"post_tag","embeddable":true,"href":"https:\/\/www.ip.usp.br\/site\/wp-json\/wp\/v2\/tags?post=7305"}],"curies":[{"name":"wp","href":"https:\/\/api.w.org\/{rel}","templated":true}]}}