{"id":7425,"date":"2016-08-25T07:29:10","date_gmt":"2016-08-25T07:29:10","guid":{"rendered":"https:\/\/www.ip.usp.br\/site\/?page_id=7425"},"modified":"2023-05-29T18:06:25","modified_gmt":"2023-05-29T21:06:25","slug":"programas-de-pos-graduacao","status":"publish","type":"page","link":"https:\/\/www.ip.usp.br\/site\/programas-de-pos-graduacao\/","title":{"rendered":"Programas de P\u00f3s-gradua\u00e7\u00e3o"},"content":{"rendered":"<p style=\"text-align: justify\">S\u00e3o disponibilizados cinco Programas de P\u00f3s-Gradua\u00e7\u00e3o no IPUSP:<\/p>\n<ul>\n<li>\n<h4><span style=\"text-decoration: underline;color: #333399\"><a style=\"color: #333399;text-decoration: underline\" href=\"https:\/\/www.ip.usp.br\/site\/neurociencias-e-comportamento-apresentacao\/\">Neuroci\u00eancias e Comportamento (NEC)<\/a><\/span><\/h4>\n<\/li>\n<li>\n<h4><span style=\"text-decoration: underline;color: #333399\"><a style=\"color: #333399;text-decoration: underline\" href=\"https:\/\/www.ip.usp.br\/site\/psicologia-escolar-psa\/\">Psicologia da Escolar e do Desenvolvimento Humano (PSA)<\/a><\/span><\/h4>\n<\/li>\n<li>\n<h4><span style=\"text-decoration: underline;color: #333399\"><a style=\"color: #333399;text-decoration: underline\" href=\"https:\/\/www.ip.usp.br\/site\/psicologia-clinica-psc\/\">Psicologia Cl\u00ednica (PSC)<\/a><\/span><\/h4>\n<\/li>\n<li>\n<h4><span style=\"text-decoration: underline;color: #333399\"><a style=\"color: #333399;text-decoration: underline\" href=\"https:\/\/www.ip.usp.br\/site\/psicologia-experimental-pse\/\">Programa de P\u00f3s-gradua\u00e7\u00e3o em Psicologia Experimental (PSE)<\/a><\/span><\/h4>\n<\/li>\n<li>\n<h4><span style=\"text-decoration: underline;color: #333399\"><a style=\"color: #333399;text-decoration: underline\" href=\"https:\/\/www.ip.usp.br\/site\/pst_pos_o_programa\/psicologia-social-pst\/\">Psicologia Social (PST)<\/a><\/span><\/h4>\n<\/li>\n<\/ul>\n<p style=\"text-align: justify\">Os objetivos dos cinco Programas de P\u00f3s\u2011Gradua\u00e7\u00e3o do Instituto de Psicologia da USP relacionam\u2011se ao desenvolvimento de atividades de pesquisa e forma\u00e7\u00e3o de recursos humanos, em mestrado\u00a0e doutorado, para o exerc\u00edcio da doc\u00eancia em n\u00edvel superior. Nossos Programas visam:<\/p>\n<ul>\n<li>ao fortalecimento da investiga\u00e7\u00e3o te\u00f3rica\u00a0e da pesquisa em temas de fronteira, com perspectiva interdisciplinar;<\/li>\n<li>incentivar o desenvolvimento de novas modalidades de\u00a0interven\u00e7\u00e3o nas \u00e1reas de aplica\u00e7\u00e3o da psicologia;<\/li>\n<li>\u00e0 forma\u00e7\u00e3o de\u00a0novos pesquisadores e docentes qualificados para difundir e multiplicar este conhecimento em outros centros do pa\u00eds de modo a enfrentar os desafios da sociedade brasileira.<\/li>\n<\/ul>\n","protected":false},"excerpt":{"rendered":"<p>S\u00e3o disponibilizados cinco Programas de P\u00f3s-Gradua\u00e7\u00e3o no IPUSP: Neuroci\u00eancias e Comportamento (NEC) Psicologia da Escolar e do Desenvolvimento Humano (PSA) Psicologia Cl\u00ednica (PSC) Programa de P\u00f3s-gradua\u00e7\u00e3o em Psicologia Experimental (PSE) Psicologia Social (PST) Os objetivos dos cinco Programas de P\u00f3s\u2011Gradua\u00e7\u00e3o do Instituto de Psicologia da USP relacionam\u2011se ao desenvolvimento de atividades de pesquisa e forma\u00e7\u00e3o [&hellip;]<\/p>\n","protected":false},"author":2,"featured_media":0,"parent":0,"menu_order":0,"comment_status":"closed","ping_status":"closed","template":"","meta":{"_acf_changed":false,"footnotes":""},"categories":[15],"tags":[],"class_list":["post-7425","page","type-page","status-publish","hentry","category-pos-graduacao"],"acf":[],"jetpack_sharing_enabled":true,"_links":{"self":[{"href":"https:\/\/www.ip.usp.br\/site\/wp-json\/wp\/v2\/pages\/7425","targetHints":{"allow":["GET"]}}],"collection":[{"href":"https:\/\/www.ip.usp.br\/site\/wp-json\/wp\/v2\/pages"}],"about":[{"href":"https:\/\/www.ip.usp.br\/site\/wp-json\/wp\/v2\/types\/page"}],"author":[{"embeddable":true,"href":"https:\/\/www.ip.usp.br\/site\/wp-json\/wp\/v2\/users\/2"}],"replies":[{"embeddable":true,"href":"https:\/\/www.ip.usp.br\/site\/wp-json\/wp\/v2\/comments?post=7425"}],"version-history":[{"count":29,"href":"https:\/\/www.ip.usp.br\/site\/wp-json\/wp\/v2\/pages\/7425\/revisions"}],"predecessor-version":[{"id":43323,"href":"https:\/\/www.ip.usp.br\/site\/wp-json\/wp\/v2\/pages\/7425\/revisions\/43323"}],"wp:attachment":[{"href":"https:\/\/www.ip.usp.br\/site\/wp-json\/wp\/v2\/media?parent=7425"}],"wp:term":[{"taxonomy":"category","embeddable":true,"href":"https:\/\/www.ip.usp.br\/site\/wp-json\/wp\/v2\/categories?post=7425"},{"taxonomy":"post_tag","embeddable":true,"href":"https:\/\/www.ip.usp.br\/site\/wp-json\/wp\/v2\/tags?post=7425"}],"curies":[{"name":"wp","href":"https:\/\/api.w.org\/{rel}","templated":true}]}}