{"id":7500,"date":"2016-08-25T12:11:01","date_gmt":"2016-08-25T12:11:01","guid":{"rendered":"https:\/\/www.ip.usp.br\/site\/?page_id=7500"},"modified":"2018-08-31T10:48:36","modified_gmt":"2018-08-31T13:48:36","slug":"mestrado-psc","status":"publish","type":"page","link":"https:\/\/www.ip.usp.br\/site\/mestrado-psc\/","title":{"rendered":"Mestrado"},"content":{"rendered":"<div>\n<table style=\"border-collapse: collapse; width: 100%;\" border=\"0\">\n<tbody>\n<tr>\n<td style=\"width: 93.7455%;\"><\/td>\n<td style=\"width: 2.30239%;\"><a href=\"https:\/\/www.ip.usp.br\/site\/mestrado-psc\/\"><img decoding=\"async\" class=\"alignnone size-full wp-image-19624\" src=\"https:\/\/www.ip.usp.br\/site\/wp-content\/uploads\/2018\/08\/br.gif\" alt=\"\" width=\"20\" height=\"14\" \/><\/a><\/td>\n<td style=\"width: 2.15732%;\"><a href=\"https:\/\/www.ip.usp.br\/site\/master-2\/\"><img decoding=\"async\" class=\"alignnone size-full wp-image-19623\" src=\"https:\/\/www.ip.usp.br\/site\/wp-content\/uploads\/2018\/08\/es.gif\" alt=\"\" width=\"20\" height=\"14\" \/><\/a><\/td>\n<td style=\"width: 1.79478%;\"><a href=\"https:\/\/www.ip.usp.br\/site\/master\/\"><img decoding=\"async\" class=\"alignnone size-full wp-image-19626\" src=\"https:\/\/www.ip.usp.br\/site\/wp-content\/uploads\/2018\/08\/us.gif\" alt=\"\" width=\"20\" height=\"14\" \/><\/a><\/td>\n<\/tr>\n<\/tbody>\n<\/table>\n<\/div>\n<p>O Programa compreende dois n\u00edveis de forma\u00e7\u00e3o, o Mestrado e o Doutorado, diferenciados pela amplitude e profundidade dos estudos. Seguindo o Estatuto da USP, o Programa de P\u00f3s-Gradua\u00e7\u00e3o em Psicologia Cl\u00ednica consta de um conjunto de atividades programadas, avan\u00e7adas e individualizadas, acompanhadas por orientador que seja portador, no m\u00ednimo, do t\u00edtulo de Doutor. Essas atividades incluem e privilegiam o ensino e a pesquisa, procurando sempre a integra\u00e7\u00e3o do conhecimento. O Programa \u00e9 entendido como um sistema de forma\u00e7\u00e3o intelectual e, ao mesmo tempo, de produ\u00e7\u00e3o de conhecimento na \u00e1rea da Psicologia Cl\u00ednica.<\/p>\n<p><strong>Mestrado<\/strong><\/p>\n<p>O curso de Mestrado tem por objetivo iniciar a forma\u00e7\u00e3o de seus alunos nas atividades de pesquisa e doc\u00eancia em Psicologia Cl\u00ednica. \u00c9 um curso de natureza estritamente acad\u00eamico e gratuito. Tamb\u00e9m \u00e9 poss\u00edvel a obten\u00e7\u00e3o de bolsas de estudo atrav\u00e9s das ag\u00eancias que financiam a p\u00f3s-gradua\u00e7\u00e3o: CAPES, CNPq e FAPESP.<\/p>\n<p>O curso tem a dura\u00e7\u00e3o de 27 (vinte e sete) meses e as disciplinas s\u00e3o oferecidas semestralmente, no per\u00edodo diurno (das 8h \u00e0s 12h ou das 14h \u00e0s 18h) e n\u00e3o h\u00e1 aulas aos s\u00e1bados. Para conclus\u00e3o dos cr\u00e9ditos, o aluno precisa obter no m\u00ednimo 32 (trinta e dois) cr\u00e9ditos em disciplinas cursadas, at\u00e9 a data do dep\u00f3sito da disserta\u00e7\u00e3o, sendo obrigat\u00f3ria, as disciplinas ofertadas pelo Programa de P\u00f3s-Gradua\u00e7\u00e3o em Psicologia Cl\u00ednica:<br \/>\n<strong>Metodologia de Pesquisa em Psicologia Cl\u00ednica. <\/strong><br \/>\n<strong>Introdu\u00e7\u00e3o \u00e0 P\u00f3s Gradua\u00e7\u00e3o: Ensino e Pesquisa<\/strong><\/p>\n<p>\u00c9 poss\u00edvel aproveitar cr\u00e9ditos de disciplinas de outros programas stricto-sensu reconhecidos pela CAPES.<\/p>\n<p>Obs: No curso de Mestrado em Psicologia Cl\u00ednica,<strong> juntamente com o dep\u00f3sito da disserta\u00e7\u00e3o, exige-se a comprova\u00e7\u00e3o de aceite submiss\u00e3o ou artigo publicado<\/strong> em co-autoria com o orientador, relacionado com a disserta\u00e7\u00e3o, em revista qualificada na \u00e1rea.<\/p>\n<p>&#8211; 50% dos cr\u00e9ditos devem ser obtidos em disciplinas oferecidos em disciplinas oferecidas pelo Programa.<\/p>\n<p><a href=\"http:\/\/www.teses.usp.br\/index.php?option=com_jumi&amp;fileid=9&amp;Itemid=159&amp;lang=pt-br&amp;id=47133&amp;prog=47004&amp;exp=0\" target=\"_blank\" rel=\"noopener\">Consulta ao Banco de Teses e Disserta\u00e7\u00f5es &#8211; Psicologia Cl\u00ednica<\/a><\/p>\n","protected":false},"excerpt":{"rendered":"<p>O Programa compreende dois n\u00edveis de forma\u00e7\u00e3o, o Mestrado e o Doutorado, diferenciados pela amplitude e profundidade dos estudos. Seguindo o Estatuto da USP, o Programa de P\u00f3s-Gradua\u00e7\u00e3o em Psicologia Cl\u00ednica consta de um conjunto de atividades programadas, avan\u00e7adas e individualizadas, acompanhadas por orientador que seja portador, no m\u00ednimo, do t\u00edtulo de Doutor. Essas atividades [&hellip;]<\/p>\n","protected":false},"author":2,"featured_media":0,"parent":0,"menu_order":0,"comment_status":"closed","ping_status":"closed","template":"","meta":{"_acf_changed":false,"footnotes":""},"categories":[15,144],"tags":[],"class_list":["post-7500","page","type-page","status-publish","hentry","category-pos-graduacao","category-pos-graduacao-ensino-programa-psc"],"acf":[],"jetpack_sharing_enabled":true,"_links":{"self":[{"href":"https:\/\/www.ip.usp.br\/site\/wp-json\/wp\/v2\/pages\/7500","targetHints":{"allow":["GET"]}}],"collection":[{"href":"https:\/\/www.ip.usp.br\/site\/wp-json\/wp\/v2\/pages"}],"about":[{"href":"https:\/\/www.ip.usp.br\/site\/wp-json\/wp\/v2\/types\/page"}],"author":[{"embeddable":true,"href":"https:\/\/www.ip.usp.br\/site\/wp-json\/wp\/v2\/users\/2"}],"replies":[{"embeddable":true,"href":"https:\/\/www.ip.usp.br\/site\/wp-json\/wp\/v2\/comments?post=7500"}],"version-history":[{"count":11,"href":"https:\/\/www.ip.usp.br\/site\/wp-json\/wp\/v2\/pages\/7500\/revisions"}],"predecessor-version":[{"id":22484,"href":"https:\/\/www.ip.usp.br\/site\/wp-json\/wp\/v2\/pages\/7500\/revisions\/22484"}],"wp:attachment":[{"href":"https:\/\/www.ip.usp.br\/site\/wp-json\/wp\/v2\/media?parent=7500"}],"wp:term":[{"taxonomy":"category","embeddable":true,"href":"https:\/\/www.ip.usp.br\/site\/wp-json\/wp\/v2\/categories?post=7500"},{"taxonomy":"post_tag","embeddable":true,"href":"https:\/\/www.ip.usp.br\/site\/wp-json\/wp\/v2\/tags?post=7500"}],"curies":[{"name":"wp","href":"https:\/\/api.w.org\/{rel}","templated":true}]}}