{"id":7644,"date":"2016-08-26T16:34:14","date_gmt":"2016-08-26T16:34:14","guid":{"rendered":"https:\/\/www.ip.usp.br\/site\/?page_id=7644"},"modified":"2025-04-09T13:38:36","modified_gmt":"2025-04-09T16:38:36","slug":"mestrado-2","status":"publish","type":"page","link":"https:\/\/www.ip.usp.br\/site\/mestrado-2\/","title":{"rendered":"Mestrado"},"content":{"rendered":"<p>&nbsp;<\/p>\n<table style=\"border-collapse: collapse; width: 100%;\">\n<tbody>\n<tr>\n<td style=\"width: 88.9392%;\"><\/td>\n<td style=\"width: 3.42143%;\"><\/td>\n<td style=\"width: 3.78349%;\"><a href=\"https:\/\/www.ip.usp.br\/site\/masters-degree\/\"><img decoding=\"async\" class=\"alignnone size-full wp-image-19626\" src=\"https:\/\/www.ip.usp.br\/site\/wp-content\/uploads\/2018\/08\/us.gif\" alt=\"\" width=\"20\" height=\"14\" \/><\/a><\/td>\n<td style=\"width: 3.8559%;\"><a href=\"https:\/\/www.ip.usp.br\/site\/master-3\/\"><img decoding=\"async\" class=\"alignnone size-full wp-image-19623\" src=\"https:\/\/www.ip.usp.br\/site\/wp-content\/uploads\/2018\/08\/es.gif\" alt=\"\" width=\"20\" height=\"14\" \/><\/a><\/td>\n<\/tr>\n<\/tbody>\n<\/table>\n<p>Os cursos de mestrado e de doutorado seguem o\u00a0<a href=\"http:\/\/www.usp.br\/prpg\/pt\/index.htm\">Regimento de P\u00f3s-Gradua\u00e7\u00e3o da USP<\/a>\u00a0e as Normas Espec\u00edficas dos Cursos de P\u00f3s-Gradua\u00e7\u00e3o. Estudantes de Mestrado, Doutorado e Doutorado Direto dever\u00e3o cursar ao menos uma disciplina que aborde a dimens\u00e3o metodol\u00f3gica da pesquisa, em car\u00e1ter obrigat\u00f3rio, como consta no<a href=\"http:\/\/www.prpg.usp.br\/uploads\/norma-CCP-Psicologia_Escolar_-e_-do_-Desenvolvimento_Humano-IP.pdf\" target=\"_blank\" rel=\"noopener noreferrer\">\u00a0regulamento do programa<\/a>.<\/p>\n<p>A dura\u00e7\u00e3o do curso de Mestrado \u00e9 de no m\u00e1ximo:<br \/>\na) 30 meses (sem bolsa);<br \/>\nb) 24 meses (com bolsa).<\/p>\n<p>O curso de Mestrado\u00a0 exige, como pr\u00e9-requisito para sua conclus\u00e3o :<br \/>\n<strong>1<\/strong>. cursar disciplinas, totalizando 48 (quarenta e oito) cr\u00e9ditos;<br \/>\n<strong>2<\/strong>. dentre as disciplinas \u00e9 obrigat\u00f3rio cursar uma disciplina de metodologia e, para os bolsistas CAPES, tamb\u00e9m a disciplina \u201cPrepara\u00e7\u00e3o Pedag\u00f3gica\u201d (que possibilita a realiza\u00e7\u00e3o de est\u00e1gio do aluno de P\u00f3s-Gradua\u00e7\u00e3o junto \u00e0 disciplina de gradua\u00e7\u00e3o);<br \/>\n<strong>3<\/strong>. participar de encontros de orienta\u00e7\u00e3o,\u00a0 conforme plano estabelecido pelo orientador;<br \/>\n<strong>4<\/strong>. participar de atividades acad\u00eamico-cient\u00edficas em sua \u00e1rea de estudo e semin\u00e1rios propostos pela P\u00f3s-Gradua\u00e7\u00e3o;<br \/>\n<strong>5<\/strong>. desenvolver o tema da disserta\u00e7\u00e3o na linha de pesquisa do orientador;<br \/>\n<strong>6<\/strong>.realizar Exame Geral de Qualifica\u00e7\u00e3o, dentro do prazo limite estabelecido no regulamento(15 meses para os que n\u00e3o tembolsa e 12 meses pra os bolsitas).\u00a0 \u00c9 pr\u00e9-requisito para a obten\u00e7\u00e3o do grau de mestre e s\u00f3 poder\u00e1 ser feito depois de cumpridos 24 (vinte e quatro) dos cr\u00e9ditos em disciplina.<br \/>\n<strong>7<\/strong>. elaborar a disserta\u00e7\u00e3o e participar da defesa p\u00fablica de seu trabalho;<br \/>\n<strong>8<\/strong>. disponibilizar a disserta\u00e7\u00e3o no portal\u00a0<a href=\"http:\/\/www.teses.usp.br\/\" target=\"_blank\" rel=\"noopener noreferrer\">SABER USP<\/a>. Ao depositar sua disserta\u00e7\u00e3o o aluno dever\u00e1 disponibiliz\u00e1-la, na \u00edntegra, para ser inserida no Portal.<br \/>\n<strong>9<\/strong>. O bolsista CAPES de mestrado pode fazer, caso queira o\u00a0<a href=\"http:\/\/www.prpg.usp.br\/index.php\/pt-br\/pae\/o-que-pae\" target=\"_blank\" rel=\"noopener noreferrer\">PAE<\/a>\u00a0que \u00e9 um est\u00e1gio pedag\u00f3gico, do aluno de P\u00f3s-Gradua\u00e7\u00e3o, numa disciplina de gradua\u00e7\u00e3o.<\/p>\n","protected":false},"excerpt":{"rendered":"<p>&nbsp; Os cursos de mestrado e de doutorado seguem o\u00a0Regimento de P\u00f3s-Gradua\u00e7\u00e3o da USP\u00a0e as Normas Espec\u00edficas dos Cursos de P\u00f3s-Gradua\u00e7\u00e3o. Estudantes de Mestrado, Doutorado e Doutorado Direto dever\u00e3o cursar ao menos uma disciplina que aborde a dimens\u00e3o metodol\u00f3gica da pesquisa, em car\u00e1ter obrigat\u00f3rio, como consta no\u00a0regulamento do programa. A dura\u00e7\u00e3o do curso de Mestrado [&hellip;]<\/p>\n","protected":false},"author":2,"featured_media":0,"parent":0,"menu_order":0,"comment_status":"closed","ping_status":"closed","template":"","meta":{"_acf_changed":false,"footnotes":""},"categories":[141],"tags":[],"class_list":["post-7644","page","type-page","status-publish","hentry","category-pos-graduacao-ensino-programa"],"acf":[],"jetpack_sharing_enabled":true,"_links":{"self":[{"href":"https:\/\/www.ip.usp.br\/site\/wp-json\/wp\/v2\/pages\/7644","targetHints":{"allow":["GET"]}}],"collection":[{"href":"https:\/\/www.ip.usp.br\/site\/wp-json\/wp\/v2\/pages"}],"about":[{"href":"https:\/\/www.ip.usp.br\/site\/wp-json\/wp\/v2\/types\/page"}],"author":[{"embeddable":true,"href":"https:\/\/www.ip.usp.br\/site\/wp-json\/wp\/v2\/users\/2"}],"replies":[{"embeddable":true,"href":"https:\/\/www.ip.usp.br\/site\/wp-json\/wp\/v2\/comments?post=7644"}],"version-history":[{"count":16,"href":"https:\/\/www.ip.usp.br\/site\/wp-json\/wp\/v2\/pages\/7644\/revisions"}],"predecessor-version":[{"id":50737,"href":"https:\/\/www.ip.usp.br\/site\/wp-json\/wp\/v2\/pages\/7644\/revisions\/50737"}],"wp:attachment":[{"href":"https:\/\/www.ip.usp.br\/site\/wp-json\/wp\/v2\/media?parent=7644"}],"wp:term":[{"taxonomy":"category","embeddable":true,"href":"https:\/\/www.ip.usp.br\/site\/wp-json\/wp\/v2\/categories?post=7644"},{"taxonomy":"post_tag","embeddable":true,"href":"https:\/\/www.ip.usp.br\/site\/wp-json\/wp\/v2\/tags?post=7644"}],"curies":[{"name":"wp","href":"https:\/\/api.w.org\/{rel}","templated":true}]}}