{"id":7769,"date":"2016-08-29T13:42:18","date_gmt":"2016-08-29T13:42:18","guid":{"rendered":"https:\/\/www.ip.usp.br\/site\/?page_id=7769"},"modified":"2024-11-11T07:28:54","modified_gmt":"2024-11-11T10:28:54","slug":"exame-de-qualificacao","status":"publish","type":"page","link":"https:\/\/www.ip.usp.br\/site\/exame-de-qualificacao\/","title":{"rendered":"Exame de qualifica\u00e7\u00e3o"},"content":{"rendered":"<h3><\/h3>\n<p>O Exame de Qualifica\u00e7\u00e3o consiste na an\u00e1lise e aprecia\u00e7\u00e3o do projeto do aluno, sendo obrigat\u00f3rio para Mestrado, Doutorado e Doutorado Direto. A inscri\u00e7\u00e3o dever\u00e1 ser feita pelo aluno antes que se complete 50% do prazo m\u00e1ximo para dep\u00f3sito da disserta\u00e7\u00e3o ou tese, e o exame dever\u00e1 ser realizado em at\u00e9 90 (noventa) dias ap\u00f3s a data da inscri\u00e7\u00e3o.<\/p>\n<p>A Comiss\u00e3o Examinadora deve ser aprovada pela Comiss\u00e3o Coordenadora do Programa, e ser\u00e1 constitu\u00edda por 3 (tr\u00eas) membros com titula\u00e7\u00e3o m\u00ednima de doutor.<\/p>\n<p>No Exame de Qualifica\u00e7\u00e3o, a Comiss\u00e3o Examinadora arguir\u00e1 sobre o projeto da disserta\u00e7\u00e3o ou da tese, a descri\u00e7\u00e3o das etapas percorridas na realiza\u00e7\u00e3o do projeto, os resultados alcan\u00e7ados e as tarefas remanescentes. A Comiss\u00e3o Examinadora facultar\u00e1 ao candidato a possibilidade de expor seu projeto durante, no m\u00e1ximo, 30 (trinta) minutos.<\/p>\n<p>A Comiss\u00e3o Examinadora \u00e9 a respons\u00e1vel por enviar para homologa\u00e7\u00e3o \u00e0 CCP o relat\u00f3rio de aprova\u00e7\u00e3o ou reprova\u00e7\u00e3o do candidato, tanto de Mestrado como de Doutorado.<\/p>\n<p>O aluno que for reprovado no Exame de Qualifica\u00e7\u00e3o poder\u00e1 repeti-lo apenas uma vez, no prazo m\u00e1ximo de 90 (noventa) dias, contados a partir da data de realiza\u00e7\u00e3o do primeiro exame.<\/p>\n<p>Cada Programa de P\u00f3s-Gradua\u00e7\u00e3o tem regras espec\u00edficas sobre o dep\u00f3sito e a realiza\u00e7\u00e3o do Exame de Qualifica\u00e7\u00e3o. <a href=\"https:\/\/www.ip.usp.br\/site\/pos_graduacao\/regimentos-da-comissao-de-pos-graduacao-e-regulamentos-dos-programas\/\">Clique aqui<\/a> para para ler o Regulamento do seu programa com as normas espec\u00edficas. Para d\u00favidas a respeito do procedimento de inscri\u00e7\u00e3o no exame, entre em contato com a secretaria do respectivo programa.<\/p>\n<p><b>Novo!!<\/b>\u00a0<b><a href=\"https:\/\/leginf.usp.br\/?resolucao=resolucao-copgr-no-8719-de-06-de-novembro-de-2024\" target=\"_blank\" rel=\"noopener\" data-saferedirecturl=\"https:\/\/www.google.com\/url?q=https:\/\/leginf.usp.br\/?resolucao%3Dresolucao-copgr-no-8719-de-06-de-novembro-de-2024&amp;source=gmail&amp;ust=1731402593735000&amp;usg=AOvVaw29hl1hG8AVADw_ZwfAtx2y\">Resolu\u00e7\u00e3o CoPGr n\u00ba 8719 de 06\/11\/2024 &#8211;<\/a>\u00a0<\/b>que regulamenta a regulariza\u00e7\u00e3o de sess\u00e3o fechada de Exame de Qualifica\u00e7\u00e3o e de defesa de Disserta\u00e7\u00e3o ou Tese nos casos que especifica.<\/p>\n","protected":false},"excerpt":{"rendered":"<p>O Exame de Qualifica\u00e7\u00e3o consiste na an\u00e1lise e aprecia\u00e7\u00e3o do projeto do aluno, sendo obrigat\u00f3rio para Mestrado, Doutorado e Doutorado Direto. A inscri\u00e7\u00e3o dever\u00e1 ser feita pelo aluno antes que se complete 50% do prazo m\u00e1ximo para dep\u00f3sito da disserta\u00e7\u00e3o ou tese, e o exame dever\u00e1 ser realizado em at\u00e9 90 (noventa) dias ap\u00f3s a [&hellip;]<\/p>\n","protected":false},"author":2,"featured_media":0,"parent":0,"menu_order":0,"comment_status":"closed","ping_status":"closed","template":"","meta":{"_acf_changed":false,"footnotes":""},"categories":[15],"tags":[],"class_list":["post-7769","page","type-page","status-publish","hentry","category-pos-graduacao"],"acf":[],"jetpack_sharing_enabled":true,"_links":{"self":[{"href":"https:\/\/www.ip.usp.br\/site\/wp-json\/wp\/v2\/pages\/7769","targetHints":{"allow":["GET"]}}],"collection":[{"href":"https:\/\/www.ip.usp.br\/site\/wp-json\/wp\/v2\/pages"}],"about":[{"href":"https:\/\/www.ip.usp.br\/site\/wp-json\/wp\/v2\/types\/page"}],"author":[{"embeddable":true,"href":"https:\/\/www.ip.usp.br\/site\/wp-json\/wp\/v2\/users\/2"}],"replies":[{"embeddable":true,"href":"https:\/\/www.ip.usp.br\/site\/wp-json\/wp\/v2\/comments?post=7769"}],"version-history":[{"count":11,"href":"https:\/\/www.ip.usp.br\/site\/wp-json\/wp\/v2\/pages\/7769\/revisions"}],"predecessor-version":[{"id":48872,"href":"https:\/\/www.ip.usp.br\/site\/wp-json\/wp\/v2\/pages\/7769\/revisions\/48872"}],"wp:attachment":[{"href":"https:\/\/www.ip.usp.br\/site\/wp-json\/wp\/v2\/media?parent=7769"}],"wp:term":[{"taxonomy":"category","embeddable":true,"href":"https:\/\/www.ip.usp.br\/site\/wp-json\/wp\/v2\/categories?post=7769"},{"taxonomy":"post_tag","embeddable":true,"href":"https:\/\/www.ip.usp.br\/site\/wp-json\/wp\/v2\/tags?post=7769"}],"curies":[{"name":"wp","href":"https:\/\/api.w.org\/{rel}","templated":true}]}}