{"id":7783,"date":"2016-08-29T14:25:43","date_gmt":"2016-08-29T14:25:43","guid":{"rendered":"https:\/\/www.ip.usp.br\/site\/?page_id=7783"},"modified":"2025-04-08T14:19:37","modified_gmt":"2025-04-08T17:19:37","slug":"creditos-2","status":"publish","type":"page","link":"https:\/\/www.ip.usp.br\/site\/creditos-2\/","title":{"rendered":"Cr\u00e9ditos"},"content":{"rendered":"<p>&nbsp;<\/p>\n<table style=\"border-collapse: collapse; width: 100%;\">\n<tbody>\n<tr>\n<td style=\"width: 88.9392%;\"><\/td>\n<td style=\"width: 3.42143%;\"><\/td>\n<td style=\"width: 3.78349%;\"><a href=\"https:\/\/www.ip.usp.br\/site\/credits-2\/\"><img decoding=\"async\" class=\"alignnone size-full wp-image-19626\" src=\"https:\/\/www.ip.usp.br\/site\/wp-content\/uploads\/2018\/08\/us.gif\" alt=\"\" width=\"20\" height=\"14\" \/><\/a><\/td>\n<td style=\"width: 3.8559%;\"><a href=\"https:\/\/www.ip.usp.br\/site\/creditos-4\/\"><img decoding=\"async\" class=\"alignnone wp-image-19623 size-full\" src=\"https:\/\/www.ip.usp.br\/site\/wp-content\/uploads\/2018\/08\/es.gif\" alt=\"\" width=\"20\" height=\"14\" \/><\/a><\/td>\n<\/tr>\n<\/tbody>\n<\/table>\n<p>A integraliza\u00e7\u00e3o dos estudos de p\u00f3s-gradua\u00e7\u00e3o \u00e9 expressa em cr\u00e9ditos. Cada cr\u00e9dito corresponde a 15 horas de uma ou mais dentre as seguintes atividades programadas: aulas, semin\u00e1rios, trabalhos de laborat\u00f3rio ou de campo, pesquisa, atividades de monitoria e estudo ou preparo de tese ou disserta\u00e7\u00e3o. Em geral, como cada disciplina regular corresponde a 8 cr\u00e9ditos, o aluno deve cursar, ao todo, 6 disciplinas no Mestrado, 4 disciplinas no Doutorado e 10 no Doutorado Direto. No m\u00ednimo, 50% das disciplinas dever\u00e3o ser da \u00e1rea de concentra\u00e7\u00e3o.<\/p>\n<p><strong>Mestrado<\/strong><br \/>\nO estudante de Mestrado dever\u00e1 integralizar um m\u00ednimo de unidades de cr\u00e9dito, da seguinte forma: &#8211; 100 (cem) unidades de cr\u00e9dito, sendo 48 (quarenta e oito) unidades de cr\u00e9dito em disciplinas e com, pelo menos 24 (vinte e quatro) delas em disciplinas do Programa no qual o(a) estudante est\u00e1 matriculado(a) e 52 (cinquenta e duas) unidades de cr\u00e9dito na disserta\u00e7\u00e3o.<\/p>\n<p><strong>Doutorado<\/strong><br \/>\nO estudante de Doutorado, portador do t\u00edtulo de Mestre pela USP ou por ela reconhecido, dever\u00e1 integralizar um m\u00ednimo de unidades de cr\u00e9dito, da seguinte forma: &#8211; 192 (cento e noventa e duas) unidades de cr\u00e9dito, sendo 32 (trinta e duas) unidades em disciplinas e com, pelo menos 16 (dezesseis) delas, obtidas em disciplinas do Programa no qual o(a) estudante est\u00e1 matriculado(a) e 160 (cento e sessenta) unidades de cr\u00e9dito na tese.<\/p>\n<p><strong>Doutorado Direto<\/strong><br \/>\nO estudante de Doutorado Direto, ou seja, sem a obten\u00e7\u00e3o pr\u00e9via do t\u00edtulo de Mestre, dever\u00e1 integralizar um m\u00ednimo de unidades de cr\u00e9dito, da seguinte forma: &#8211; 240 (duzentas e quarenta) unidades de cr\u00e9dito, sendo 80 (oitenta) unidades de cr\u00e9dito em disciplinas e com, pelo menos 40 (quarenta) delas, obtidas em disciplinas do Programa no qual o(a) estudante est\u00e1 matriculado(a) e 160 (cento e sessenta) unidades de cr\u00e9dito na tese.<\/p>\n<p><strong>Cr\u00e9ditos Especiais<\/strong><br \/>\nOs alunos tamb\u00e9m recebem cr\u00e9ditos especiais pela publica\u00e7\u00e3o de artigos, livros e cap\u00edtulos de livros, podendo ser at\u00e9 8 cr\u00e9ditos.<\/p>\n<p>As seguintes atividades realizadas pelo aluno integram os cr\u00e9ditos especiais:<\/p>\n<p>1. No caso de artigo publicado em revista de circula\u00e7\u00e3o nacional ou internacional que tenha corpo editorial reconhecido, o n\u00famero m\u00e1ximo de cr\u00e9ditos especiais \u00e9 igual a 4;<br \/>\n2. No caso de livro (texto completo), o n\u00famero m\u00e1ximo de cr\u00e9ditos especiais \u00e9 igual a 3;<br \/>\n3. No caso de publica\u00e7\u00e3o de cap\u00edtulo em colet\u00e2nea ou manuais reconhecidos por sua relev\u00e2ncia acad\u00eamica ou trabalho completo em Anais de Congresso, o n\u00famero m\u00e1ximo de cr\u00e9ditos especiais \u00e9 igual a 2;<br \/>\n4. \u00a0No caso de participa\u00e7\u00e3o em Congressos, Workshops, Simp\u00f3sios ou outro tipo de reuni\u00e3o cient\u00edfica com apresenta\u00e7\u00e3o de trabalho completo e que seja publicado (na forma impressa ou digital) em anais (ou similares) e que o estudante seja o primeiro autor, o n\u00famero de cr\u00e9ditos concedidos \u00e9 igual a 1 (um) por evento;<br \/>\n5. No caso de participa\u00e7\u00e3o no Programa de Aperfei\u00e7oamento de Ensino (PAE), o n\u00famero de cr\u00e9ditos especiais \u00e9 igual a 3 (tr\u00eas), em uma \u00fanica vez e em um \u00fanico semestre para cada curso.<\/p>\n<p><a href=\"https:\/\/www.ip.usp.br\/site\/wp-content\/uploads\/2016\/10\/form-diversos-atribuiodecreditosdiversos.1.doc\">Formul\u00e1rio para concess\u00e3o de cr\u00e9ditos especiais<\/a><\/p>\n","protected":false},"excerpt":{"rendered":"<p>&nbsp; A integraliza\u00e7\u00e3o dos estudos de p\u00f3s-gradua\u00e7\u00e3o \u00e9 expressa em cr\u00e9ditos. Cada cr\u00e9dito corresponde a 15 horas de uma ou mais dentre as seguintes atividades programadas: aulas, semin\u00e1rios, trabalhos de laborat\u00f3rio ou de campo, pesquisa, atividades de monitoria e estudo ou preparo de tese ou disserta\u00e7\u00e3o. Em geral, como cada disciplina regular corresponde a 8 [&hellip;]<\/p>\n","protected":false},"author":2,"featured_media":0,"parent":0,"menu_order":0,"comment_status":"closed","ping_status":"closed","template":"","meta":{"_acf_changed":false,"footnotes":""},"categories":[15],"tags":[],"class_list":["post-7783","page","type-page","status-publish","hentry","category-pos-graduacao"],"acf":[],"jetpack_sharing_enabled":true,"_links":{"self":[{"href":"https:\/\/www.ip.usp.br\/site\/wp-json\/wp\/v2\/pages\/7783","targetHints":{"allow":["GET"]}}],"collection":[{"href":"https:\/\/www.ip.usp.br\/site\/wp-json\/wp\/v2\/pages"}],"about":[{"href":"https:\/\/www.ip.usp.br\/site\/wp-json\/wp\/v2\/types\/page"}],"author":[{"embeddable":true,"href":"https:\/\/www.ip.usp.br\/site\/wp-json\/wp\/v2\/users\/2"}],"replies":[{"embeddable":true,"href":"https:\/\/www.ip.usp.br\/site\/wp-json\/wp\/v2\/comments?post=7783"}],"version-history":[{"count":15,"href":"https:\/\/www.ip.usp.br\/site\/wp-json\/wp\/v2\/pages\/7783\/revisions"}],"predecessor-version":[{"id":50524,"href":"https:\/\/www.ip.usp.br\/site\/wp-json\/wp\/v2\/pages\/7783\/revisions\/50524"}],"wp:attachment":[{"href":"https:\/\/www.ip.usp.br\/site\/wp-json\/wp\/v2\/media?parent=7783"}],"wp:term":[{"taxonomy":"category","embeddable":true,"href":"https:\/\/www.ip.usp.br\/site\/wp-json\/wp\/v2\/categories?post=7783"},{"taxonomy":"post_tag","embeddable":true,"href":"https:\/\/www.ip.usp.br\/site\/wp-json\/wp\/v2\/tags?post=7783"}],"curies":[{"name":"wp","href":"https:\/\/api.w.org\/{rel}","templated":true}]}}