{"id":7856,"date":"2016-08-29T17:20:39","date_gmt":"2016-08-29T17:20:39","guid":{"rendered":"https:\/\/www.ip.usp.br\/site\/?page_id=7856"},"modified":"2026-02-06T09:01:12","modified_gmt":"2026-02-06T12:01:12","slug":"ouvidoria-2","status":"publish","type":"page","link":"https:\/\/www.ip.usp.br\/site\/ouvidoria-2\/","title":{"rendered":"Ouvidoria"},"content":{"rendered":"<h4 style=\"text-align: right;\"><\/h4>\n<table style=\"border-collapse: collapse; width: 100%; height: 242px;\">\n<tbody>\n<tr>\n<td style=\"width: 84.9385%;\">\n<h4 style=\"text-align: right;\">Profa. Dra. Maria Thereza Costa Coelho de Souza<\/h4>\n<\/td>\n<td style=\"width: 1.08617%;\"><\/td>\n<td style=\"width: 11.5639%; height: 166px;\"><img decoding=\"async\" class=\"wp-image-37983 size-thumbnail alignright\" src=\"https:\/\/www.ip.usp.br\/site\/wp-content\/uploads\/2022\/02\/MariaTheresaCostaCoelho-150x150.jpg\" alt=\"\" width=\"150\" height=\"150\" srcset=\"https:\/\/www.ip.usp.br\/site\/wp-content\/uploads\/2022\/02\/MariaTheresaCostaCoelho-150x150.jpg 150w, https:\/\/www.ip.usp.br\/site\/wp-content\/uploads\/2022\/02\/MariaTheresaCostaCoelho-300x300.jpg 300w, https:\/\/www.ip.usp.br\/site\/wp-content\/uploads\/2022\/02\/MariaTheresaCostaCoelho-1020x1024.jpg 1020w, https:\/\/www.ip.usp.br\/site\/wp-content\/uploads\/2022\/02\/MariaTheresaCostaCoelho-768x771.jpg 768w, https:\/\/www.ip.usp.br\/site\/wp-content\/uploads\/2022\/02\/MariaTheresaCostaCoelho.jpg 1140w\" sizes=\"(max-width: 150px) 100vw, 150px\" \/><\/td>\n<td style=\"width: 0.734214%; height: 166px;\"><\/td>\n<\/tr>\n<tr style=\"height: 10px;\">\n<td style=\"width: 84.9385%; height: 10px;\"><\/td>\n<td style=\"width: 1.08617%; height: 10px;\"><\/td>\n<td style=\"width: 11.5639%; height: 10px;\"><\/td>\n<td style=\"width: 0.734214%; height: 10px;\"><\/td>\n<\/tr>\n<tr style=\"height: 66px;\">\n<td style=\"width: 84.9385%; height: 66px;\">\n<h4 style=\"text-align: right;\">Paula Fontana Fonseca<\/h4>\n<\/td>\n<td style=\"width: 1.08617%; height: 66px;\">\n<h4 style=\"text-align: right;\"><\/h4>\n<\/td>\n<td style=\"width: 11.5639%; height: 66px;\"><img decoding=\"async\" class=\"alignnone size-thumbnail wp-image-37369\" src=\"https:\/\/www.ip.usp.br\/site\/wp-content\/uploads\/2021\/12\/paulaFonseca-150x150.jpg\" alt=\"\" width=\"150\" height=\"150\" srcset=\"https:\/\/www.ip.usp.br\/site\/wp-content\/uploads\/2021\/12\/paulaFonseca-150x150.jpg 150w, https:\/\/www.ip.usp.br\/site\/wp-content\/uploads\/2021\/12\/paulaFonseca-300x300.jpg 300w, https:\/\/www.ip.usp.br\/site\/wp-content\/uploads\/2021\/12\/paulaFonseca-1024x1024.jpg 1024w, https:\/\/www.ip.usp.br\/site\/wp-content\/uploads\/2021\/12\/paulaFonseca-768x768.jpg 768w, https:\/\/www.ip.usp.br\/site\/wp-content\/uploads\/2021\/12\/paulaFonseca.jpg 1043w\" sizes=\"(max-width: 150px) 100vw, 150px\" \/><\/td>\n<td style=\"width: 0.734214%; height: 66px;\"><\/td>\n<\/tr>\n<tr>\n<td style=\"width: 84.9385%;\">\n<h4 style=\"text-align: right;\">Ouvidoras do IPUSP<\/h4>\n<\/td>\n<td style=\"width: 1.08617%;\">\n<h4 style=\"text-align: right;\"><\/h4>\n<\/td>\n<td style=\"width: 11.5639%;\"><\/td>\n<td style=\"width: 0.734214%;\"><\/td>\n<\/tr>\n<tr>\n<td style=\"width: 84.9385%;\">\n<p style=\"text-align: right;\"><a href=\"mailto:ouvidoriaip@usp.br\">ouvidoriaip@usp.br<\/a><\/p>\n<h4 style=\"text-align: right;\"><\/h4>\n<\/td>\n<td style=\"width: 1.08617%;\">\n<h4 style=\"text-align: right;\"><\/h4>\n<\/td>\n<td style=\"width: 11.5639%;\"><\/td>\n<td style=\"width: 0.734214%;\"><\/td>\n<\/tr>\n<\/tbody>\n<\/table>\n<hr \/>\n<p>A <strong>Ouvidoria do Instituto de Psicologia<\/strong> recebe e encaminha sugest\u00f5es, cr\u00edticas e reclama\u00e7\u00f5es vindas dos membros da comunidade e dos cidad\u00e3os em geral com refer\u00eancia <strong>a servi\u00e7os e a\u00e7\u00f5es do Instituto de Psicologia da Universidade de S\u00e3o Paulo<\/strong>.<\/p>\n<p>O registro de uma manifesta\u00e7\u00e3o (reclama\u00e7\u00e3o, den\u00fancia, solicita\u00e7\u00e3o, sugest\u00e3o e\/ou elogio) deve ser feito por meio do <a href=\"https:\/\/www5.usp.br\/ouvidoria\/#registre\" target=\"_blank\" rel=\"noopener\">Formul\u00e1rio: registre sua manifesta\u00e7\u00e3o \u2013 clique aqui<\/a>.<\/p>\n<p><strong>N\u00e3o se deve enviar email diretamente \u00e0 Ouvidoria do IP.<\/strong><\/p>\n<p>Para um bom acompanhamento da manifesta\u00e7\u00e3o \u00e9 imprescind\u00edvel o preenchimento das informa\u00e7\u00f5es solicitadas no formul\u00e1rio, com especial aten\u00e7\u00e3o ao fornecimento de um <strong>e-mail<\/strong> <strong>v\u00e1lido e explicita\u00e7\u00e3o da expectativa de solu\u00e7\u00e3o<\/strong> por parte da pessoa solicitante. A <strong>Ouvidoria do IP<\/strong> garante a confidencialidade das informa\u00e7\u00f5es transmitidas e o sigilo quanto a identifica\u00e7\u00e3o da autoria, <strong>se assim for solicitado.<\/strong><\/p>\n<p><strong>N\u00e3o \u00e9 fun\u00e7\u00e3o da Ouvidoria do Instituto de Psicologia<\/strong> informar sobre servi\u00e7os prestados pelo IPUSP nas suas variadas atividades de ensino, pesquisa e extens\u00e3o. Tais informa\u00e7\u00f5es dever\u00e3o ser procuradas no site do Instituto de Psicologia da USP, escolhendo-se o servi\u00e7o sobre o qual se quer informa\u00e7\u00f5es. Para acessar o site do <a href=\"https:\/\/www.ip.usp.br\/site\/\">IPUSP &#8211; clique aqui<\/a><\/p>\n<p>Para mais informa\u00e7\u00f5es sobre o trabalho da Ouvidoria Geral da USP e das Ouvidorias das demais unidades da USP acesse o site da <a href=\"https:\/\/www5.usp.br\/ouvidoria\/\" target=\"_blank\" rel=\"noopener\">Ouvidoria Geral da USP \u2013 clique aqui<\/a><\/p>\n<p><a href=\"https:\/\/www5.usp.br\/ouvidoria\/#registre\" target=\"_blank\" rel=\"noopener\"><strong>Registre sua manifesta\u00e7\u00e3o para Ouvidoria do IP &#8211; Clique aqui<\/strong><\/a><\/p>\n","protected":false},"excerpt":{"rendered":"<p>Profa. Dra. Maria Thereza Costa Coelho de Souza Paula Fontana Fonseca Ouvidoras do IPUSP ouvidoriaip@usp.br A Ouvidoria do Instituto de Psicologia recebe e encaminha sugest\u00f5es, cr\u00edticas e reclama\u00e7\u00f5es vindas dos membros da comunidade e dos cidad\u00e3os em geral com refer\u00eancia a servi\u00e7os e a\u00e7\u00f5es do Instituto de Psicologia da Universidade de S\u00e3o Paulo. O registro [&hellip;]<\/p>\n","protected":false},"author":2,"featured_media":0,"parent":0,"menu_order":0,"comment_status":"closed","ping_status":"closed","template":"","meta":{"_acf_changed":false,"footnotes":""},"categories":[410],"tags":[],"class_list":["post-7856","page","type-page","status-publish","hentry","category-estrutura-administrativa"],"acf":[],"jetpack_sharing_enabled":true,"_links":{"self":[{"href":"https:\/\/www.ip.usp.br\/site\/wp-json\/wp\/v2\/pages\/7856","targetHints":{"allow":["GET"]}}],"collection":[{"href":"https:\/\/www.ip.usp.br\/site\/wp-json\/wp\/v2\/pages"}],"about":[{"href":"https:\/\/www.ip.usp.br\/site\/wp-json\/wp\/v2\/types\/page"}],"author":[{"embeddable":true,"href":"https:\/\/www.ip.usp.br\/site\/wp-json\/wp\/v2\/users\/2"}],"replies":[{"embeddable":true,"href":"https:\/\/www.ip.usp.br\/site\/wp-json\/wp\/v2\/comments?post=7856"}],"version-history":[{"count":39,"href":"https:\/\/www.ip.usp.br\/site\/wp-json\/wp\/v2\/pages\/7856\/revisions"}],"predecessor-version":[{"id":54351,"href":"https:\/\/www.ip.usp.br\/site\/wp-json\/wp\/v2\/pages\/7856\/revisions\/54351"}],"wp:attachment":[{"href":"https:\/\/www.ip.usp.br\/site\/wp-json\/wp\/v2\/media?parent=7856"}],"wp:term":[{"taxonomy":"category","embeddable":true,"href":"https:\/\/www.ip.usp.br\/site\/wp-json\/wp\/v2\/categories?post=7856"},{"taxonomy":"post_tag","embeddable":true,"href":"https:\/\/www.ip.usp.br\/site\/wp-json\/wp\/v2\/tags?post=7856"}],"curies":[{"name":"wp","href":"https:\/\/api.w.org\/{rel}","templated":true}]}}