{"id":7875,"date":"2016-08-29T17:37:26","date_gmt":"2016-08-29T17:37:26","guid":{"rendered":"https:\/\/www.ip.usp.br\/site\/?page_id=7875"},"modified":"2024-12-12T10:00:44","modified_gmt":"2024-12-12T13:00:44","slug":"ingresso-2","status":"publish","type":"page","link":"https:\/\/www.ip.usp.br\/site\/ingresso-2\/","title":{"rendered":"Formas de Ingresso"},"content":{"rendered":"<div class=\"elementor-element elementor-element-dbe8365 elementor-widget elementor-widget-heading\" data-id=\"dbe8365\" data-element_type=\"widget\" data-widget_type=\"heading.default\">\n<div class=\"elementor-widget-container\">\n<p>O curso de gradua\u00e7\u00e3o em Psicologia da USP \u00e9 gratuito. O ingresso \u00e9 realizado das seguintes formas: <img fetchpriority=\"high\" decoding=\"async\" class=\"alignnone wp-image-43248 size-full\" src=\"https:\/\/www.ip.usp.br\/site\/wp-content\/uploads\/2023\/05\/ENEMUSP_2022.jpg\" alt=\"\" width=\"900\" height=\"600\" srcset=\"https:\/\/www.ip.usp.br\/site\/wp-content\/uploads\/2023\/05\/ENEMUSP_2022.jpg 900w, https:\/\/www.ip.usp.br\/site\/wp-content\/uploads\/2023\/05\/ENEMUSP_2022-300x200.jpg 300w, https:\/\/www.ip.usp.br\/site\/wp-content\/uploads\/2023\/05\/ENEMUSP_2022-768x512.jpg 768w, https:\/\/www.ip.usp.br\/site\/wp-content\/uploads\/2023\/05\/ENEMUSP_2022-600x400.jpg 600w, https:\/\/www.ip.usp.br\/site\/wp-content\/uploads\/2023\/05\/ENEMUSP_2022-272x182.jpg 272w\" sizes=\"(max-width: 900px) 100vw, 900px\" \/><\/p>\n<table style=\"border-collapse: collapse;width: 100.514%\">\n<tbody>\n<tr>\n<td style=\"width: 0.734214%\"><\/td>\n<td style=\"width: 38.7103%;vertical-align: top\">\n<div class=\"elementor-element elementor-element-dbe8365 elementor-widget elementor-widget-heading\" data-id=\"dbe8365\" data-element_type=\"widget\" data-widget_type=\"heading.default\">\n<div class=\"elementor-widget-container\">\n<h2><img decoding=\"async\" class=\"alignnone wp-image-43253 size-full\" src=\"https:\/\/www.ip.usp.br\/site\/wp-content\/uploads\/2023\/05\/vestibular-da-fuvest.png\" alt=\"\" width=\"418\" height=\"220\" srcset=\"https:\/\/www.ip.usp.br\/site\/wp-content\/uploads\/2023\/05\/vestibular-da-fuvest.png 418w, https:\/\/www.ip.usp.br\/site\/wp-content\/uploads\/2023\/05\/vestibular-da-fuvest-300x158.png 300w\" sizes=\"(max-width: 418px) 100vw, 418px\" \/><\/h2>\n<h2 class=\"elementor-heading-title elementor-size-default\">FUVEST<\/h2>\n<\/div>\n<\/div>\n<div class=\"elementor-element elementor-element-99044f9 elementor-widget elementor-widget-text-editor\" data-id=\"99044f9\" data-element_type=\"widget\" data-widget_type=\"text-editor.default\">\n<div class=\"elementor-widget-container\">\n<div class=\"elementor-text-editor elementor-clearfix\">\n<p style=\"text-align: justify\">Organizado pela<a href=\"http:\/\/www.fuvest.br\/\" target=\"_blank\" rel=\"noopener\">\u00a0Funda\u00e7\u00e3o Universit\u00e1ria para o Vestibular (Fuvest)<\/a>, a prova \u00e9 realizada todo ano e \u00e9\u00a0respons\u00e1vel por selecionar a maior parte dos alunos. As normas do concurso devem ser consultadas no Manual do Candidato, publicado anualmente no site da Fuvest. As informa\u00e7\u00f5es sobre o \u00faltimo processo podem ser conferidas na p\u00e1gina\u00a0<a href=\"https:\/\/www.fuvest.br\/vestibular-da-usp\" target=\"_blank\" rel=\"noopener\">neste link<\/a>.<\/p>\n<\/div>\n<\/div>\n<\/div>\n<\/td>\n<td style=\"width: 13.9149%;vertical-align: top\">\n<div class=\"elementor-element elementor-element-dbe8365 elementor-widget elementor-widget-heading\" data-id=\"dbe8365\" data-element_type=\"widget\" data-widget_type=\"heading.default\">\n<div class=\"elementor-widget-container\">\n<h2 class=\"elementor-heading-title elementor-size-default\"><\/h2>\n<\/div>\n<\/div>\n<\/td>\n<td style=\"width: 41.0278%;vertical-align: top\">\n<div class=\"elementor-element elementor-element-3f245e9 elementor-widget elementor-widget-heading\" data-id=\"3f245e9\" data-element_type=\"widget\" data-widget_type=\"heading.default\">\n<div class=\"elementor-widget-container\">\n<h2 class=\"elementor-heading-title elementor-size-default\"><img decoding=\"async\" class=\"alignnone wp-image-43255 size-full\" src=\"https:\/\/www.ip.usp.br\/site\/wp-content\/uploads\/2023\/05\/enem-usp.png\" alt=\"\" width=\"417\" height=\"218\" srcset=\"https:\/\/www.ip.usp.br\/site\/wp-content\/uploads\/2023\/05\/enem-usp.png 417w, https:\/\/www.ip.usp.br\/site\/wp-content\/uploads\/2023\/05\/enem-usp-300x157.png 300w\" sizes=\"(max-width: 417px) 100vw, 417px\" \/><\/h2>\n<h2 class=\"elementor-heading-title elementor-size-default\">ENEM-USP<\/h2>\n<\/div>\n<\/div>\n<div class=\"elementor-element elementor-element-a1d7752 elementor-widget elementor-widget-text-editor\" data-id=\"a1d7752\" data-element_type=\"widget\" data-widget_type=\"text-editor.default\">\n<div class=\"elementor-widget-container\">\n<div class=\"elementor-text-editor elementor-clearfix\">\n<p style=\"text-align: justify\">No processo seletivo ENEM-USP organizado tamb\u00e9m pela Fuvest, o candidato concorre com a nota do Exame Nacional do Ensino M\u00e9dio (Enem) em at\u00e9 tr\u00eas cursos de uma das \u00e1reas de conhecimento: Ci\u00eancias Biol\u00f3gicas e da Vida; Ci\u00eancias Exatas e Tecnol\u00f3gicas e Ci\u00eancias Humanas e Sociais, conforme a Tabela de Vagas dispon\u00edvel no ano. A sele\u00e7\u00e3o dos candidatos \u00e9 feita por classifica\u00e7\u00e3o conforme a pontua\u00e7\u00e3o obtida no Enem. Confira a\u00a0<a href=\"http:\/\/www.fuvest.br\/enem-usp\" target=\"_blank\" rel=\"noopener\">p\u00e1gina do Enem USP<\/a>. <a href=\"https:\/\/youtu.be\/oATKOMKLhn0\">Assista aqui ao v\u00eddeo explicativo<\/a><\/p>\n<\/div>\n<\/div>\n<\/div>\n<\/td>\n<td style=\"width: 14.676%\"><\/td>\n<\/tr>\n<\/tbody>\n<\/table>\n<\/div>\n<\/div>\n<div class=\"elementor-element elementor-element-a1d7752 elementor-widget elementor-widget-text-editor\" data-id=\"a1d7752\" data-element_type=\"widget\" data-widget_type=\"text-editor.default\">\n<div class=\"elementor-widget-container\">\n<table style=\"border-collapse: collapse;width: 94.7871%\">\n<tbody>\n<tr>\n<td style=\"width: 0.734214%\"><\/td>\n<td style=\"width: 90.2349%;text-align: justify\"><strong style=\"text-align: justify\">Nota: <\/strong><strong style=\"text-align: justify\">Nestas duas formas de ingresso, a USP adota pol\u00edtica de cotas sociais e raciais, que envolve a reserva de vagas para alunos oriundos de escolas p\u00fablicas e para autodeclarados pretos, pardos e ind\u00edgenas (PPIs)\u00a0egressos da escola p\u00fablica. Saiba mais\u00a0<a href=\"https:\/\/jornal.usp.br\/institucional\/usp-implanta-mudancas-no-vestibular-da-fuvest-de-2023\/\" target=\"_blank\" rel=\"noopener\">clicando aqui<\/a>.<\/strong><\/td>\n<td style=\"width: 3.81788%\"><\/td>\n<\/tr>\n<\/tbody>\n<\/table>\n<\/div>\n<\/div>\n<hr \/>\n<h2>Outras Formas de Ingresso<\/h2>\n<table style=\"border-collapse: collapse;width: 96.2555%\">\n<tbody>\n<tr>\n<td style=\"width: 5.68837%;border-color: #e9e9f2;background-color: #e9e9f2\"><\/td>\n<td style=\"width: 77.7183%;border-color: #e9e9f2;background-color: #e9e9f2\">\n<div class=\"elementor-element elementor-element-0ec9ace elementor-widget elementor-widget-heading\" data-id=\"0ec9ace\" data-element_type=\"widget\" data-widget_type=\"heading.default\">\n<div class=\"elementor-widget-container\">\n<h2><\/h2>\n<h2 class=\"elementor-heading-title elementor-size-default\">Transfer\u00eancia externa<\/h2>\n<\/div>\n<\/div>\n<div class=\"elementor-element elementor-element-dcdfc5b elementor-widget elementor-widget-text-editor\" data-id=\"dcdfc5b\" data-element_type=\"widget\" data-widget_type=\"text-editor.default\">\n<div class=\"elementor-widget-container\">\n<div class=\"elementor-text-editor elementor-clearfix\">\n<p style=\"text-align: justify\"><span style=\"color: #000000\">Tamb\u00e9m \u00e9 poss\u00edvel estudar na USP a partir do processo de transfer\u00eancia, realizado pela Fuvest. A USP aceita transfer\u00eancia volunt\u00e1ria de estudantes de curso superior de gradua\u00e7\u00e3o, condicionada \u00e0 exist\u00eancia de vagas e aprova\u00e7\u00e3o em processo seletivo segundo normas estabelecidas pelo Conselho de Gradua\u00e7\u00e3o. A divulga\u00e7\u00e3o do edital de transfer\u00eancia ocorre anualmente, em geral no m\u00eas de maio. Para mais informa\u00e7\u00f5es sobre o vestibular e as provas de transfer\u00eancias externas, consulte o\u00a0<a style=\"color: #000000\" href=\"https:\/\/www.fuvest.br\/transferencia\/\" target=\"_blank\" rel=\"noopener\">site da Fuvest<\/a>\u00a0e os editais do \u00faltimo processo\u00a0<a style=\"color: #000000\" href=\"https:\/\/prg.usp.br\/editais-da-segunda-fase-da-transferencia-externa-usp-2023-2024\/\" target=\"_blank\" rel=\"noopener\">neste link<\/a>.<\/span><\/p>\n<\/div>\n<\/div>\n<\/div>\n<div class=\"elementor-element elementor-element-24cf7f0 elementor-widget elementor-widget-heading\" data-id=\"24cf7f0\" data-element_type=\"widget\" data-widget_type=\"heading.default\">\n<div class=\"elementor-widget-container\">\n<h2 class=\"elementor-heading-title elementor-size-default\">Aluno especial da gradua\u00e7\u00e3o<\/h2>\n<\/div>\n<\/div>\n<div class=\"elementor-element elementor-element-ed88929 elementor-widget elementor-widget-text-editor\" data-id=\"ed88929\" data-element_type=\"widget\" data-widget_type=\"text-editor.default\">\n<div class=\"elementor-widget-container\">\n<div class=\"elementor-text-editor elementor-clearfix\">\n<p style=\"text-align: justify\"><span style=\"color: #000000\">As unidades tamb\u00e9m aceitam estudantes especiais, que n\u00e3o estejam matriculados na USP, em disciplinas isoladas.\u00a0As inscri\u00e7\u00f5es devem ser realizadas nas Se\u00e7\u00f5es de Alunos respons\u00e1veis pela disciplina ou curso de interesse, nas datas estabelecidas no\u00a0Calend\u00e1rio Acad\u00eamico, dispon\u00edvel pelo\u00a0<a style=\"color: #000000\" href=\"https:\/\/uspdigital.usp.br\/jupiterweb\/\">Sistema J\u00fapiterWeb<\/a>.<\/span><\/p>\n<p style=\"text-align: justify\"><span style=\"color: #000000\">Os crit\u00e9rios de admiss\u00e3o e sele\u00e7\u00e3o de estudante especial s\u00e3o estabelecidos em cada unidade.\u00a0<a style=\"color: #000000\" href=\"https:\/\/uspdigital.usp.br\/jupiterweb\/jupDisciplinaBusca?tipo=D\" target=\"_blank\" rel=\"noopener\">Clique aqui<\/a>\u00a0para pesquisar as disciplinas dos cursos de gradua\u00e7\u00e3o da Universidade.<\/span><\/p>\n<\/div>\n<\/div>\n<\/div>\n<div class=\"elementor-element elementor-element-0e73d83 elementor-widget elementor-widget-heading\" data-id=\"0e73d83\" data-element_type=\"widget\" data-widget_type=\"heading.default\">\n<div class=\"elementor-widget-container\">\n<h2 class=\"elementor-heading-title elementor-size-default\">Estrangeiros<\/h2>\n<\/div>\n<\/div>\n<div class=\"elementor-element elementor-element-790d639 elementor-widget elementor-widget-text-editor\" data-id=\"790d639\" data-element_type=\"widget\" data-widget_type=\"text-editor.default\">\n<div class=\"elementor-widget-container\">\n<div class=\"elementor-text-editor elementor-clearfix\">\n<p style=\"text-align: justify\"><span style=\"color: #000000\">Candidatos estrangeiros tamb\u00e9m podem concorrer a uma vaga na USP, tanto por meio do vestibular da Fuvest como pelo Sisu, a partir da prova do Enem.\u00a0Tamb\u00e9m h\u00e1 o\u00a0<a style=\"color: #000000\" href=\"https:\/\/prg.usp.br\/estude-na-usp\/programa-de-estudantes-convenio-de-graduacao-pec-g\/\" target=\"_blank\" rel=\"noopener\">Programa de Estudantes Conv\u00eanio de Gradua\u00e7\u00e3o<\/a>\u00a0(PEC-G) que oferece oportunidade de forma\u00e7\u00e3o superior a estudantes de pa\u00edses em desenvolvimento, com os quais o Brasil mant\u00e9m acordo educacional, cultural ou cient\u00edfico-tecnol\u00f3gico.<\/span><\/p>\n<h3>Portadores de Diploma de N\u00edvel Superior<\/h3>\n<p>N\u00e3o h\u00e1 vagas para esta modalidade de ingresso, nem h\u00e1 previs\u00e3o de vir a ter. Caso surjam, o edital de sele\u00e7\u00e3o ser\u00e1 publicado nesta p\u00e1gina.<\/p>\n<\/div>\n<\/div>\n<\/div>\n<\/td>\n<td style=\"width: 4.86448%;border-color: #e9e9f2;background-color: #e9e9f2\"><\/td>\n<\/tr>\n<\/tbody>\n<\/table>\n<p>&nbsp;<\/p>\n<div class=\"elementor-element elementor-element-c4276f8 elementor-widget elementor-widget-heading\" data-id=\"c4276f8\" data-element_type=\"widget\" data-widget_type=\"heading.default\">\n<div class=\"elementor-widget-container\">\n<h2 class=\"elementor-heading-title elementor-size-default\">Ajudando a escolher a profiss\u00e3o<\/h2>\n<h2 class=\"elementor-heading-title elementor-size-default\"><img loading=\"lazy\" decoding=\"async\" class=\"wp-image-43264 size-full alignleft\" src=\"https:\/\/www.ip.usp.br\/site\/wp-content\/uploads\/2023\/05\/usp-e-profissoes.png\" alt=\"\" width=\"421\" height=\"344\" srcset=\"https:\/\/www.ip.usp.br\/site\/wp-content\/uploads\/2023\/05\/usp-e-profissoes.png 421w, https:\/\/www.ip.usp.br\/site\/wp-content\/uploads\/2023\/05\/usp-e-profissoes-300x245.png 300w\" sizes=\"(max-width: 421px) 100vw, 421px\" \/><\/h2>\n<\/div>\n<\/div>\n<div class=\"elementor-element elementor-element-bb644cc elementor-widget elementor-widget-text-editor\" data-id=\"bb644cc\" data-element_type=\"widget\" data-widget_type=\"text-editor.default\">\n<div class=\"elementor-widget-container\">\n<div class=\"elementor-text-editor elementor-clearfix\">\n<p style=\"text-align: justify\">Para ajudar o estudante na escolha da carreira profissional e se informar sobre como funciona a Universidade, existe o programa\u00a0<a href=\"http:\/\/prceu.usp.br\/uspprofissoes\" target=\"_blank\" rel=\"noopener\">USP e as Profiss\u00f5es<\/a>. A iniciativa organiza duas vezes por ano a\u00a0<i>Feira USP e as Profiss\u00f5es\u00a0<\/i>(uma edi\u00e7\u00e3o na capital paulista e outra em um dos campi no interior) e realiza visitas monitoradas \u00e0s escolas, faculdades, institutos, museus e \u00f3rg\u00e3os da USP.<\/p>\n<p style=\"text-align: justify\">A USP tamb\u00e9m abriga cursinhos pr\u00e9-vestibulares populares mantidos por estudantes que auxiliam estudantes em vulnerabilidade social e econ\u00f4mica a se preparar para o exame vestibular. Confira quais s\u00e3o eles\u00a0<a href=\"https:\/\/prg.usp.br\/?da_image=44913\" target=\"_blank\" rel=\"noopener\">neste link<\/a>.<\/p>\n<\/div>\n<\/div>\n<\/div>\n<h3><span style=\"color: #ffffff\">.<\/span><\/h3>\n<h3>Links de interesse:<\/h3>\n<ul>\n<li><a href=\"https:\/\/www.fuvest.br\/fuvest-2019-manual-do-candidato\/\" target=\"_blank\" rel=\"noopener noreferrer\">Manual do Candidato (FUVEST)<\/a><\/li>\n<li><a href=\"http:\/\/enem.inep.gov.br\/\" target=\"_blank\" rel=\"noopener noreferrer\">ENEM<\/a><\/li>\n<\/ul>\n","protected":false},"excerpt":{"rendered":"<p>O curso de gradua\u00e7\u00e3o em Psicologia da USP \u00e9 gratuito. O ingresso \u00e9 realizado das seguintes formas: FUVEST Organizado pela\u00a0Funda\u00e7\u00e3o Universit\u00e1ria para o Vestibular (Fuvest), a prova \u00e9 realizada todo ano e \u00e9\u00a0respons\u00e1vel por selecionar a maior parte dos alunos. As normas do concurso devem ser consultadas no Manual do Candidato, publicado anualmente no site [&hellip;]<\/p>\n","protected":false},"author":2,"featured_media":0,"parent":0,"menu_order":0,"comment_status":"closed","ping_status":"closed","template":"","meta":{"_acf_changed":false,"footnotes":""},"categories":[398,454],"tags":[],"class_list":["post-7875","page","type-page","status-publish","hentry","category-graduacao","category-o-curso"],"acf":[],"jetpack_sharing_enabled":true,"_links":{"self":[{"href":"https:\/\/www.ip.usp.br\/site\/wp-json\/wp\/v2\/pages\/7875","targetHints":{"allow":["GET"]}}],"collection":[{"href":"https:\/\/www.ip.usp.br\/site\/wp-json\/wp\/v2\/pages"}],"about":[{"href":"https:\/\/www.ip.usp.br\/site\/wp-json\/wp\/v2\/types\/page"}],"author":[{"embeddable":true,"href":"https:\/\/www.ip.usp.br\/site\/wp-json\/wp\/v2\/users\/2"}],"replies":[{"embeddable":true,"href":"https:\/\/www.ip.usp.br\/site\/wp-json\/wp\/v2\/comments?post=7875"}],"version-history":[{"count":91,"href":"https:\/\/www.ip.usp.br\/site\/wp-json\/wp\/v2\/pages\/7875\/revisions"}],"predecessor-version":[{"id":46639,"href":"https:\/\/www.ip.usp.br\/site\/wp-json\/wp\/v2\/pages\/7875\/revisions\/46639"}],"wp:attachment":[{"href":"https:\/\/www.ip.usp.br\/site\/wp-json\/wp\/v2\/media?parent=7875"}],"wp:term":[{"taxonomy":"category","embeddable":true,"href":"https:\/\/www.ip.usp.br\/site\/wp-json\/wp\/v2\/categories?post=7875"},{"taxonomy":"post_tag","embeddable":true,"href":"https:\/\/www.ip.usp.br\/site\/wp-json\/wp\/v2\/tags?post=7875"}],"curies":[{"name":"wp","href":"https:\/\/api.w.org\/{rel}","templated":true}]}}