{"id":8065,"date":"2016-08-31T12:08:25","date_gmt":"2016-08-31T12:08:25","guid":{"rendered":"https:\/\/www.ip.usp.br\/site\/?page_id=8065"},"modified":"2025-10-31T09:47:54","modified_gmt":"2025-10-31T12:47:54","slug":"pesquisa-3","status":"publish","type":"page","link":"https:\/\/www.ip.usp.br\/site\/pesquisa-3\/","title":{"rendered":"Comiss\u00e3o de Pesquisa e Inova\u00e7\u00e3o"},"content":{"rendered":"<h4 style=\"text-align: right;\">Av. Prof. Mello Moraes, 1721 \u2013 Bloco G, sala 33<br \/>\nCidade Universit\u00e1ria, S\u00e3o Paulo, SP \u2013 05508-030<br \/>\nTelefone: +55 11 3091-1660<br \/>\n<a href=\"mailto:copesqip@usp.br\"><span style=\"color: #000080;\">copesqip@usp.br<\/span><\/a><\/h4>\n<hr \/>\n<h5 style=\"text-align: justify; line-height: 1.6;\">A Comiss\u00e3o de Pesquisa e Inova\u00e7\u00e3o (CopesqIp) \u00e9 respons\u00e1vel pela coordena\u00e7\u00e3o e acompanhamento dos programas de Inicia\u00e7\u00e3o Cient\u00edfica (IC) e Pr\u00e9-Inicia\u00e7\u00e3o Cientifica (Pr\u00e9-IC), com o objetivo de despertar e incentivar o interesse pela atividade de investiga\u00e7\u00e3o nos diferentes campos de atua\u00e7\u00e3o da Psicologia. Tamb\u00e9m \u00e9 sua responsabilidade administrar os est\u00e1gios de P\u00f3s-doutorado realizados na Unidade. A CopesqIp organiza o Simp\u00f3sio Internacional de Inicia\u00e7\u00e3o Cient\u00edfica (SIICUSP).<\/h5>\n<h5 style=\"text-align: justify; line-height: 1.6;\">Os docentes do IPUSP desenvolvem pesquisas em v\u00e1rias \u00e1reas da Psicologia, tanto em temas de processos b\u00e1sicos quanto em temas diretamente ligados a interven\u00e7\u00e3o, caracterizadas pela originalidade. Al\u00e9m de nossos professores, s\u00e3o recebidos no IP muitos docentes estrangeiros que desenvolvem disciplinas e atividades de pesquisa conjunta, promovendo incentivo a interc\u00e2mbios e parcerias internacionais.<\/h5>\n<h5 style=\"text-align: justify; line-height: 1.6;\">As pesquisas, representando diferentes abordagens te\u00f3rico-metodol\u00f3gicas, s\u00e3o desenvolvidas sob a coordena\u00e7\u00e3o de docentes com engajamento de p\u00f3s-doutorandos e alunos de gradua\u00e7\u00e3o e p\u00f3s-gradua\u00e7\u00e3o. Seus resultados s\u00e3o amplamente divulgados para as comunidades cient\u00edfica e profissional, al\u00e9m de contar tamb\u00e9m o recebimento de estudantes do ensino m\u00e9dio de escolas p\u00fablicas no programa de pr\u00e9-inicia\u00e7\u00e3o cient\u00edfica. A combina\u00e7\u00e3o entre atividades te\u00f3ricas e pr\u00e1ticas traz aos estudantes uma forma\u00e7\u00e3o abrangente que visa superar a dissocia\u00e7\u00e3o entre ci\u00eancia e exerc\u00edcio profissional.<\/h5>\n<h5 style=\"text-align: justify; line-height: 1.6;\">Os Laborat\u00f3rios do IP d\u00e3o suporte ao desenvolvimento das pesquisas, promovendo a produ\u00e7\u00e3o de conhecimentos novos, propiciando a intera\u00e7\u00e3o entre pesquisadores s\u00eanior e iniciantes, promovendo eventos cient\u00edficos para divulga\u00e7\u00e3o dos conhecimentos produzidos e organizando publica\u00e7\u00f5es.<\/h5>\n<h4><a href=\"https:\/\/www.ip.usp.br\/site\/membros-7\/\">Membros<\/a><\/h4>\n<table style=\"border-collapse: collapse; width: 100%; height: 779px;\">\n<tbody>\n<tr style=\"height: 229px;\">\n<td style=\"width: 12.2614%; text-align: center; vertical-align: middle; height: 229px;\"><span style=\"font-family: inherit; font-size: inherit;\" data-wp-editing=\"1\"><img decoding=\"async\" class=\"alignnone wp-image-46437\" src=\"https:\/\/www.ip.usp.br\/site\/wp-content\/uploads\/2024\/03\/fraulein.png\" alt=\"\" width=\"150\" height=\"152\" \/><\/span><\/p>\n<h5><span style=\"font-family: inherit; font-size: inherit;\" data-wp-editing=\"1\"><span style=\"color: #000080;\">Fraulein Vidigal de Paula<\/span><\/span><span style=\"font-family: inherit; font-size: inherit;\"><br \/>\n<\/span><em style=\"font-family: inherit; font-size: inherit;\">Titular (PSA)<br \/>\nPresidente<\/em><\/h5>\n<\/td>\n<td style=\"width: 13.5095%; text-align: center; vertical-align: middle; height: 229px;\">\n<h5><img decoding=\"async\" class=\"alignnone wp-image-48020 size-thumbnail\" src=\"https:\/\/www.ip.usp.br\/site\/wp-content\/uploads\/2024\/08\/marcelo-Fernandes-da-Costa-150x150.png\" alt=\"\" width=\"150\" height=\"150\" srcset=\"https:\/\/www.ip.usp.br\/site\/wp-content\/uploads\/2024\/08\/marcelo-Fernandes-da-Costa-150x150.png 150w, https:\/\/www.ip.usp.br\/site\/wp-content\/uploads\/2024\/08\/marcelo-Fernandes-da-Costa-182x182.png 182w\" sizes=\"(max-width: 150px) 100vw, 150px\" \/><\/h5>\n<h5><span style=\"color: #000080;\">Marcelo Fernandes da Costa<\/span><br \/>\n<em>Suplente (PSE)<br \/>\n<\/em><em>Vice-presidente<br \/>\n<\/em><\/h5>\n<\/td>\n<td style=\"width: 12.6926%; text-align: center; vertical-align: middle; height: 229px;\">\n<h5><img decoding=\"async\" class=\"alignnone wp-image-37983 size-thumbnail\" src=\"https:\/\/www.ip.usp.br\/site\/wp-content\/uploads\/2022\/02\/MariaTheresaCostaCoelho-150x150.jpg\" alt=\"\" width=\"150\" height=\"150\" srcset=\"https:\/\/www.ip.usp.br\/site\/wp-content\/uploads\/2022\/02\/MariaTheresaCostaCoelho-150x150.jpg 150w, https:\/\/www.ip.usp.br\/site\/wp-content\/uploads\/2022\/02\/MariaTheresaCostaCoelho-300x300.jpg 300w, https:\/\/www.ip.usp.br\/site\/wp-content\/uploads\/2022\/02\/MariaTheresaCostaCoelho-1020x1024.jpg 1020w, https:\/\/www.ip.usp.br\/site\/wp-content\/uploads\/2022\/02\/MariaTheresaCostaCoelho-768x771.jpg 768w, https:\/\/www.ip.usp.br\/site\/wp-content\/uploads\/2022\/02\/MariaTheresaCostaCoelho.jpg 1140w\" sizes=\"(max-width: 150px) 100vw, 150px\" \/><\/h5>\n<h5><span style=\"color: #000080;\">Maria Thereza Costa Coelho<\/span><br \/>\n<span style=\"color: #000080;\">de Souza<\/span><br \/>\n<em>Suplente<\/em> (PSA)<\/h5>\n<\/td>\n<td style=\"width: 11.5364%; text-align: center; vertical-align: middle; height: 229px;\">\n<h5><img loading=\"lazy\" decoding=\"async\" class=\"alignnone wp-image-37977 size-thumbnail\" src=\"https:\/\/www.ip.usp.br\/site\/wp-content\/uploads\/2022\/02\/MarciaHSMBertolla-150x150.jpg\" alt=\"\" width=\"150\" height=\"150\" srcset=\"https:\/\/www.ip.usp.br\/site\/wp-content\/uploads\/2022\/02\/MarciaHSMBertolla-150x150.jpg 150w, https:\/\/www.ip.usp.br\/site\/wp-content\/uploads\/2022\/02\/MarciaHSMBertolla-300x300.jpg 300w, https:\/\/www.ip.usp.br\/site\/wp-content\/uploads\/2022\/02\/MarciaHSMBertolla-1019x1024.jpg 1019w, https:\/\/www.ip.usp.br\/site\/wp-content\/uploads\/2022\/02\/MarciaHSMBertolla-768x771.jpg 768w, https:\/\/www.ip.usp.br\/site\/wp-content\/uploads\/2022\/02\/MarciaHSMBertolla.jpg 1132w\" sizes=\"(max-width: 150px) 100vw, 150px\" \/><\/h5>\n<h5><span style=\"color: #000080;\">M\u00e1rcia Helena da Silva Melo<\/span><\/h5>\n<h5><em>Titular<\/em>\u00a0(PSC)<\/h5>\n<\/td>\n<\/tr>\n<tr style=\"height: 24px;\">\n<td style=\"width: 12.2614%; text-align: center; vertical-align: middle; height: 24px;\">\n<h5><span style=\"color: #ffffff;\">t<\/span><\/h5>\n<\/td>\n<td style=\"width: 13.5095%; text-align: center; vertical-align: middle; height: 24px;\"><\/td>\n<td style=\"width: 12.6926%; text-align: center; vertical-align: middle; height: 24px;\"><\/td>\n<td style=\"width: 11.5364%; text-align: center; vertical-align: middle; height: 24px;\"><\/td>\n<\/tr>\n<tr style=\"height: 253px;\">\n<td style=\"width: 12.2614%; text-align: center; vertical-align: middle; height: 253px;\">\n<h5><img loading=\"lazy\" decoding=\"async\" class=\"wp-image-43592 size-thumbnail\" src=\"https:\/\/www.ip.usp.br\/site\/wp-content\/uploads\/2023\/07\/Renatha1-150x150.jpg\" alt=\"\" width=\"150\" height=\"150\" \/><\/h5>\n<h5><span style=\"color: #000080;\">Renatha El Rafihi Ferreira<\/span><br \/>\n<em>Suplente<\/em> (PSC)<\/h5>\n<\/td>\n<td style=\"width: 13.5095%; text-align: center; vertical-align: middle; height: 253px;\">\n<h5><img loading=\"lazy\" decoding=\"async\" class=\"alignnone wp-image-20998 size-thumbnail\" src=\"https:\/\/www.ip.usp.br\/site\/wp-content\/uploads\/2018\/08\/eduardo-ottoni-150x150.jpg\" alt=\"\" width=\"150\" height=\"150\" \/><\/h5>\n<h5><span style=\"color: #000080;\">Eduardo Benedicto Ottoni<\/span><br \/>\n<i>Titular <\/i>(PSE)<\/h5>\n<\/td>\n<td style=\"width: 12.6926%; text-align: center; vertical-align: middle; height: 253px;\">\n<h5><img loading=\"lazy\" decoding=\"async\" class=\"alignnone wp-image-40923 size-thumbnail\" src=\"https:\/\/www.ip.usp.br\/site\/wp-content\/uploads\/2022\/11\/Luis-Guilherme-Galeao-da-Silva-150x150.jpg\" alt=\"\" width=\"150\" height=\"150\" srcset=\"https:\/\/www.ip.usp.br\/site\/wp-content\/uploads\/2022\/11\/Luis-Guilherme-Galeao-da-Silva-150x150.jpg 150w, https:\/\/www.ip.usp.br\/site\/wp-content\/uploads\/2022\/11\/Luis-Guilherme-Galeao-da-Silva-300x300.jpg 300w, https:\/\/www.ip.usp.br\/site\/wp-content\/uploads\/2022\/11\/Luis-Guilherme-Galeao-da-Silva-768x768.jpg 768w, https:\/\/www.ip.usp.br\/site\/wp-content\/uploads\/2022\/11\/Luis-Guilherme-Galeao-da-Silva.jpg 886w\" sizes=\"(max-width: 150px) 100vw, 150px\" \/><\/h5>\n<h5><span style=\"font-family: inherit; font-size: inherit;\" data-wp-editing=\"1\"><span style=\"color: #000080;\">Luis Guilherme Gale\u00e3o<\/span><br \/>\n<\/span><span style=\"font-family: inherit; font-size: inherit;\"><span style=\"color: #000080;\">da Silva<\/span><br \/>\n<\/span><em><span style=\"font-family: inherit; font-size: inherit;\">Titular (PST)<\/span><\/em><\/h5>\n<\/td>\n<td style=\"width: 11.5364%; text-align: center; vertical-align: middle; height: 253px;\">\n<h5><span style=\"color: #000080;\"><img loading=\"lazy\" decoding=\"async\" class=\"alignnone wp-image-23399 size-thumbnail\" src=\"https:\/\/www.ip.usp.br\/site\/wp-content\/uploads\/2018\/09\/Sandra-Patr\u00edcio-150x150.jpg\" alt=\"\" width=\"150\" height=\"150\" \/><\/span><\/h5>\n<h5><span style=\"color: #000080;\">Sandra Maria Patr\u00edcio Ribeiro<\/span><\/h5>\n<h5><em style=\"text-align: start;\">Suplente<\/em><span style=\"text-align: start;\"> (PST)<\/span><\/h5>\n<\/td>\n<\/tr>\n<tr style=\"height: 24px;\">\n<td style=\"width: 12.2614%; text-align: center; vertical-align: middle; height: 24px;\">\n<h5><span style=\"color: #ffffff;\">t<\/span><\/h5>\n<\/td>\n<td style=\"width: 13.5095%; text-align: center; vertical-align: middle; height: 24px;\"><\/td>\n<td style=\"width: 12.6926%; text-align: center; vertical-align: middle; height: 24px;\"><\/td>\n<td style=\"width: 11.5364%; text-align: center; vertical-align: middle; height: 24px;\"><\/td>\n<\/tr>\n<tr style=\"height: 226px;\">\n<td style=\"width: 12.2614%; text-align: center; vertical-align: middle; height: 225px;\">\n<h5><img loading=\"lazy\" decoding=\"async\" class=\"size-full wp-image-45477 alignnone\" src=\"https:\/\/www.ip.usp.br\/site\/wp-content\/uploads\/2024\/02\/nophotoman-1-1.gif\" alt=\"\" width=\"150\" height=\"150\" \/><\/h5>\n<h5><span style=\"color: #000080;\">Andr\u00e9 Bogaz e Souza<\/span><br \/>\n<em>Discente| Titular<\/em><\/h5>\n<\/td>\n<td style=\"width: 13.5095%; text-align: center; vertical-align: middle; height: 225px;\">\n<h5><img loading=\"lazy\" decoding=\"async\" class=\"alignnone wp-image-48269\" src=\"https:\/\/www.ip.usp.br\/site\/wp-content\/uploads\/2024\/09\/unnamed-768x1024.jpg\" alt=\"\" width=\"114\" height=\"152\" srcset=\"https:\/\/www.ip.usp.br\/site\/wp-content\/uploads\/2024\/09\/unnamed-768x1024.jpg 768w, https:\/\/www.ip.usp.br\/site\/wp-content\/uploads\/2024\/09\/unnamed-225x300.jpg 225w, https:\/\/www.ip.usp.br\/site\/wp-content\/uploads\/2024\/09\/unnamed-1152x1536.jpg 1152w, https:\/\/www.ip.usp.br\/site\/wp-content\/uploads\/2024\/09\/unnamed-1536x2048.jpg 1536w, https:\/\/www.ip.usp.br\/site\/wp-content\/uploads\/2024\/09\/unnamed-scaled.jpg 1920w\" sizes=\"(max-width: 114px) 100vw, 114px\" \/><\/h5>\n<h5><span style=\"font-family: inherit; font-size: inherit;\"><span style=\"color: #000080;\">Victor Correard Palmeira<\/span><br \/>\n<\/span><em><span style=\"font-family: inherit; font-size: inherit;\">Discente | S<\/span>uplente<\/em><\/h5>\n<\/td>\n<td style=\"width: 12.6926%; text-align: center; vertical-align: middle; height: 225px;\">\n<h5><em style=\"text-align: start;\"><img loading=\"lazy\" decoding=\"async\" class=\"alignnone  wp-image-39710\" src=\"https:\/\/www.ip.usp.br\/site\/wp-content\/uploads\/2022\/07\/ezio-duarte.png\" alt=\"\" width=\"137\" height=\"140\" srcset=\"https:\/\/www.ip.usp.br\/site\/wp-content\/uploads\/2022\/07\/ezio-duarte.png 438w, https:\/\/www.ip.usp.br\/site\/wp-content\/uploads\/2022\/07\/ezio-duarte-293x300.png 293w\" sizes=\"(max-width: 137px) 100vw, 137px\" \/><br \/>\n<\/em><\/h5>\n<h5><span style=\"color: #000080;\">\u00c9zio Duarte Silva<br \/>\n<\/span><em>Secret\u00e1rio<\/em><\/h5>\n<\/td>\n<td style=\"width: 11.5364%; text-align: center; vertical-align: middle; height: 225px;\">\n<h5><\/h5>\n<h5><em style=\"text-align: start;\"><span style=\"font-style: normal; text-align: center;\"><span style=\"text-align: start;\">\u00a0<\/span><\/span><br \/>\n<\/em><\/h5>\n<\/td>\n<\/tr>\n<tr style=\"height: 24px;\">\n<td style=\"width: 12.2614%; text-align: center; vertical-align: middle; height: 24px;\">\n<h5><\/h5>\n<h5><\/h5>\n<\/td>\n<td style=\"width: 13.5095%; text-align: center; vertical-align: middle; height: 24px;\"><\/td>\n<td style=\"width: 12.6926%; text-align: center; vertical-align: middle; height: 24px;\"><\/td>\n<td style=\"width: 11.5364%; text-align: center; vertical-align: middle; height: 24px;\"><\/td>\n<\/tr>\n<\/tbody>\n<\/table>\n<div class=\"row content\">\n<div class=\"col-md-10 col-md-offset-1\"><\/div>\n<\/div>\n","protected":false},"excerpt":{"rendered":"<p>Av. Prof. Mello Moraes, 1721 \u2013 Bloco G, sala 33 Cidade Universit\u00e1ria, S\u00e3o Paulo, SP \u2013 05508-030 Telefone: +55 11 3091-1660 copesqip@usp.br A Comiss\u00e3o de Pesquisa e Inova\u00e7\u00e3o (CopesqIp) \u00e9 respons\u00e1vel pela coordena\u00e7\u00e3o e acompanhamento dos programas de Inicia\u00e7\u00e3o Cient\u00edfica (IC) e Pr\u00e9-Inicia\u00e7\u00e3o Cientifica (Pr\u00e9-IC), com o objetivo de despertar e incentivar o interesse pela [&hellip;]<\/p>\n","protected":false},"author":2,"featured_media":0,"parent":0,"menu_order":0,"comment_status":"closed","ping_status":"closed","template":"","meta":{"_acf_changed":false,"footnotes":""},"categories":[515],"tags":[],"class_list":["post-8065","page","type-page","status-publish","hentry","category-pesquisa"],"acf":[],"jetpack_sharing_enabled":true,"_links":{"self":[{"href":"https:\/\/www.ip.usp.br\/site\/wp-json\/wp\/v2\/pages\/8065","targetHints":{"allow":["GET"]}}],"collection":[{"href":"https:\/\/www.ip.usp.br\/site\/wp-json\/wp\/v2\/pages"}],"about":[{"href":"https:\/\/www.ip.usp.br\/site\/wp-json\/wp\/v2\/types\/page"}],"author":[{"embeddable":true,"href":"https:\/\/www.ip.usp.br\/site\/wp-json\/wp\/v2\/users\/2"}],"replies":[{"embeddable":true,"href":"https:\/\/www.ip.usp.br\/site\/wp-json\/wp\/v2\/comments?post=8065"}],"version-history":[{"count":50,"href":"https:\/\/www.ip.usp.br\/site\/wp-json\/wp\/v2\/pages\/8065\/revisions"}],"predecessor-version":[{"id":53624,"href":"https:\/\/www.ip.usp.br\/site\/wp-json\/wp\/v2\/pages\/8065\/revisions\/53624"}],"wp:attachment":[{"href":"https:\/\/www.ip.usp.br\/site\/wp-json\/wp\/v2\/media?parent=8065"}],"wp:term":[{"taxonomy":"category","embeddable":true,"href":"https:\/\/www.ip.usp.br\/site\/wp-json\/wp\/v2\/categories?post=8065"},{"taxonomy":"post_tag","embeddable":true,"href":"https:\/\/www.ip.usp.br\/site\/wp-json\/wp\/v2\/tags?post=8065"}],"curies":[{"name":"wp","href":"https:\/\/api.w.org\/{rel}","templated":true}]}}