{"id":8305,"date":"2016-09-06T15:20:47","date_gmt":"2016-09-06T15:20:47","guid":{"rendered":"https:\/\/www.ip.usp.br\/site\/?page_id=8305"},"modified":"2026-01-16T10:44:19","modified_gmt":"2026-01-16T13:44:19","slug":"servico-de-materiais","status":"publish","type":"page","link":"https:\/\/www.ip.usp.br\/site\/servico-de-materiais\/","title":{"rendered":"Servi\u00e7o de Materiais"},"content":{"rendered":"<div class=\"MsoNormal\" style=\"text-align: center;\" align=\"center\">\n<h5 style=\"text-align: right;\">Av. Prof. Mello Moraes, 1721 \u2013 Bloco G \u2013 Sala 30<br \/>\nCidade Universit\u00e1ria \u2013\u00a0S\u00e3o Paulo, SP \u2013 05508-030<br \/>\nTelefone: 55 11-3091-4462 | <a href=\"mailto:svmatpsico.47@usp.br\">svmatpsico.47@usp.br<\/a><\/h5>\n<hr align=\"center\" noshade=\"noshade\" size=\"2\" width=\"100%\" \/>\n<\/div>\n<h5 style=\"text-align: justify; line-height: 1.6;\">A \u00e1rea de Servi\u00e7o de Materiais \u00e9 respons\u00e1vel pelos setores de Compras, Almoxarifado e Patrim\u00f4nio. Desse modo, esse servi\u00e7o atende \u00e0s requisi\u00e7\u00f5es de compras de equipamentos, materiais e servi\u00e7os por meio de processos de licita\u00e7\u00e3o, bem como recebe, distribui e controla o estoque de materiais e bens patrimoniais do Instituto de Psicologia.<\/h5>\n<table style=\"border-collapse: collapse; width: 97.1479%; height: 253px;\">\n<tbody>\n<tr>\n<td style=\"width: 25.2727%; text-align: center; vertical-align: middle;\">\n<h5><img decoding=\"async\" class=\"alignnone wp-image-46846 size-thumbnail\" src=\"https:\/\/www.ip.usp.br\/site\/wp-content\/uploads\/2024\/04\/Audrey-Rose-dos-Reis-Doiche-150x150.jpeg\" alt=\"\" width=\"150\" height=\"150\" \/><\/h5>\n<h5><span style=\"font-family: inherit; font-size: inherit;\"><span style=\"color: #000080;\">Audrey Rose dos Reis Doiche<br \/>\n<\/span><\/span>Analista Administrativa<\/h5>\n<h5>Chefe de Servi\u00e7o<\/h5>\n<\/td>\n<td style=\"width: 18.2307%; text-align: center; vertical-align: middle;\"><img decoding=\"async\" class=\"alignnone wp-image-49320 \" src=\"https:\/\/www.ip.usp.br\/site\/wp-content\/uploads\/2024\/12\/Ana-Carolina-Vieira-Araujo-150x150.jpeg\" alt=\"\" width=\"164\" height=\"164\" \/><\/p>\n<h5><span style=\"color: #333399;\">Ana Carolina Vieira Araujo<\/span><br \/>\nAnalista Administrativa<\/h5>\n<\/td>\n<td style=\"width: 24.6938%; text-align: center; vertical-align: middle;\">\n<h5><img decoding=\"async\" class=\"alignnone wp-image-53125\" src=\"https:\/\/www.ip.usp.br\/site\/wp-content\/uploads\/2025\/09\/Diego.png\" sizes=\"(max-width: 159px) 100vw, 159px\" srcset=\"https:\/\/www.ip.usp.br\/site\/wp-content\/uploads\/2025\/09\/Diego.png 640w, https:\/\/www.ip.usp.br\/site\/wp-content\/uploads\/2025\/09\/Diego-300x300.png 300w, https:\/\/www.ip.usp.br\/site\/wp-content\/uploads\/2025\/09\/Diego-150x150.png 150w\" alt=\"\" width=\"159\" height=\"159\" \/><\/h5>\n<h5><span style=\"color: #333399;\">Diego da Silva Lima<br \/>\n<\/span>Analista Administrativo<\/h5>\n<\/td>\n<td style=\"width: 16.9612%; text-align: center; vertical-align: middle;\">\n<h5><img loading=\"lazy\" decoding=\"async\" class=\"alignnone wp-image-53000\" src=\"https:\/\/www.ip.usp.br\/site\/wp-content\/uploads\/2025\/09\/sem-foto.png\" sizes=\"(max-width: 185px) 100vw, 185px\" srcset=\"https:\/\/www.ip.usp.br\/site\/wp-content\/uploads\/2025\/09\/sem-foto.png 514w, https:\/\/www.ip.usp.br\/site\/wp-content\/uploads\/2025\/09\/sem-foto-300x300.png 300w, https:\/\/www.ip.usp.br\/site\/wp-content\/uploads\/2025\/09\/sem-foto-150x150.png 150w\" alt=\"\" width=\"168\" height=\"168\" \/><\/h5>\n<h5><span style=\"color: #333399;\">Gabriel da Silva Sim\u00f5es<\/span><br \/>\nT\u00e9cnico Administrativo<\/h5>\n<\/td>\n<\/tr>\n<\/tbody>\n<\/table>\n","protected":false},"excerpt":{"rendered":"<p>Av. Prof. Mello Moraes, 1721 \u2013 Bloco G \u2013 Sala 30 Cidade Universit\u00e1ria \u2013\u00a0S\u00e3o Paulo, SP \u2013 05508-030 Telefone: 55 11-3091-4462 | svmatpsico.47@usp.br A \u00e1rea de Servi\u00e7o de Materiais \u00e9 respons\u00e1vel pelos setores de Compras, Almoxarifado e Patrim\u00f4nio. Desse modo, esse servi\u00e7o atende \u00e0s requisi\u00e7\u00f5es de compras de equipamentos, materiais e servi\u00e7os por meio de [&hellip;]<\/p>\n","protected":false},"author":2,"featured_media":0,"parent":0,"menu_order":0,"comment_status":"closed","ping_status":"closed","template":"","meta":{"_acf_changed":false,"footnotes":""},"categories":[513,410],"tags":[],"class_list":["post-8305","page","type-page","status-publish","hentry","category-assistencia-financeira","category-estrutura-administrativa"],"acf":[],"jetpack_sharing_enabled":true,"_links":{"self":[{"href":"https:\/\/www.ip.usp.br\/site\/wp-json\/wp\/v2\/pages\/8305","targetHints":{"allow":["GET"]}}],"collection":[{"href":"https:\/\/www.ip.usp.br\/site\/wp-json\/wp\/v2\/pages"}],"about":[{"href":"https:\/\/www.ip.usp.br\/site\/wp-json\/wp\/v2\/types\/page"}],"author":[{"embeddable":true,"href":"https:\/\/www.ip.usp.br\/site\/wp-json\/wp\/v2\/users\/2"}],"replies":[{"embeddable":true,"href":"https:\/\/www.ip.usp.br\/site\/wp-json\/wp\/v2\/comments?post=8305"}],"version-history":[{"count":48,"href":"https:\/\/www.ip.usp.br\/site\/wp-json\/wp\/v2\/pages\/8305\/revisions"}],"predecessor-version":[{"id":54033,"href":"https:\/\/www.ip.usp.br\/site\/wp-json\/wp\/v2\/pages\/8305\/revisions\/54033"}],"wp:attachment":[{"href":"https:\/\/www.ip.usp.br\/site\/wp-json\/wp\/v2\/media?parent=8305"}],"wp:term":[{"taxonomy":"category","embeddable":true,"href":"https:\/\/www.ip.usp.br\/site\/wp-json\/wp\/v2\/categories?post=8305"},{"taxonomy":"post_tag","embeddable":true,"href":"https:\/\/www.ip.usp.br\/site\/wp-json\/wp\/v2\/tags?post=8305"}],"curies":[{"name":"wp","href":"https:\/\/api.w.org\/{rel}","templated":true}]}}