{"id":8768,"date":"2016-09-09T23:49:01","date_gmt":"2016-09-09T23:49:01","guid":{"rendered":"https:\/\/www.ip.usp.br\/site\/?page_id=8768"},"modified":"2026-04-09T15:33:00","modified_gmt":"2026-04-09T18:33:00","slug":"projetos-de-pesquisa-psc","status":"publish","type":"page","link":"https:\/\/www.ip.usp.br\/site\/projetos-de-pesquisa-psc\/","title":{"rendered":"Projetos de Pesquisa &#8211; PSC"},"content":{"rendered":"<div id=\"pl-8768\" class=\"panel-layout\">\n<div id=\"pg-8768-0\" class=\"panel-grid panel-no-style\" data-style=\"{&quot;background_display&quot;:&quot;tile&quot;,&quot;full_height&quot;:&quot;&quot;,&quot;iw-visible-screen&quot;:&quot;iw-all&quot;,&quot;iw-visible-layout&quot;:&quot;iw-all&quot;}\">\n<div id=\"pgc-8768-0-0\" class=\"panel-grid-cell panel-grid-cell-empty\" data-weight=\"1\"><\/div>\n<\/div>\n<div id=\"pg-8768-1\" class=\"panel-grid panel-no-style\" data-style=\"{&quot;background_display&quot;:&quot;tile&quot;,&quot;full_height&quot;:&quot;&quot;,&quot;iw-visible-screen&quot;:&quot;iw-all&quot;,&quot;iw-visible-layout&quot;:&quot;iw-all&quot;}\">\n<div id=\"pgc-8768-1-0\" class=\"panel-grid-cell\" data-weight=\"1\">\n<div id=\"panel-8768-1-0-0\" class=\"so-panel widget widget_ink-accordion panel-first-child panel-last-child\" data-index=\"0\" data-style=\"{&quot;background_image_attachment&quot;:false,&quot;background_display&quot;:&quot;tile&quot;,&quot;background_image_size&quot;:&quot;full&quot;,&quot;background_image_opacity&quot;:&quot;100&quot;,&quot;border_thickness&quot;:&quot;1px&quot;,&quot;font_color&quot;:&quot;#000000&quot;,&quot;link_color&quot;:&quot;#1e73be&quot;,&quot;iw-visible-screen&quot;:&quot;iw-all&quot;,&quot;iw-visible-layout&quot;:&quot;iw-all&quot;}\">\n<div class=\"panel-widget-style panel-widget-style-for-8768-1-0-0\">P\u00e1gina em constru\u00e7\u00e3o<\/div>\n<\/div>\n<\/div>\n<\/div>\n<\/div>\n","protected":false},"excerpt":{"rendered":"<p>P\u00e1gina em constru\u00e7\u00e3o<\/p>\n","protected":false},"author":1,"featured_media":0,"parent":0,"menu_order":0,"comment_status":"closed","ping_status":"closed","template":"","meta":{"_acf_changed":false,"footnotes":""},"categories":[144],"tags":[],"class_list":["post-8768","page","type-page","status-publish","hentry","category-pos-graduacao-ensino-programa-psc"],"acf":[],"jetpack_sharing_enabled":true,"_links":{"self":[{"href":"https:\/\/www.ip.usp.br\/site\/wp-json\/wp\/v2\/pages\/8768","targetHints":{"allow":["GET"]}}],"collection":[{"href":"https:\/\/www.ip.usp.br\/site\/wp-json\/wp\/v2\/pages"}],"about":[{"href":"https:\/\/www.ip.usp.br\/site\/wp-json\/wp\/v2\/types\/page"}],"author":[{"embeddable":true,"href":"https:\/\/www.ip.usp.br\/site\/wp-json\/wp\/v2\/users\/1"}],"replies":[{"embeddable":true,"href":"https:\/\/www.ip.usp.br\/site\/wp-json\/wp\/v2\/comments?post=8768"}],"version-history":[{"count":33,"href":"https:\/\/www.ip.usp.br\/site\/wp-json\/wp\/v2\/pages\/8768\/revisions"}],"predecessor-version":[{"id":54968,"href":"https:\/\/www.ip.usp.br\/site\/wp-json\/wp\/v2\/pages\/8768\/revisions\/54968"}],"wp:attachment":[{"href":"https:\/\/www.ip.usp.br\/site\/wp-json\/wp\/v2\/media?parent=8768"}],"wp:term":[{"taxonomy":"category","embeddable":true,"href":"https:\/\/www.ip.usp.br\/site\/wp-json\/wp\/v2\/categories?post=8768"},{"taxonomy":"post_tag","embeddable":true,"href":"https:\/\/www.ip.usp.br\/site\/wp-json\/wp\/v2\/tags?post=8768"}],"curies":[{"name":"wp","href":"https:\/\/api.w.org\/{rel}","templated":true}]}}