{"id":8862,"date":"2016-09-12T15:32:55","date_gmt":"2016-09-12T15:32:55","guid":{"rendered":"https:\/\/www.ip.usp.br\/site\/?page_id=8862"},"modified":"2024-06-17T11:27:31","modified_gmt":"2024-06-17T14:27:31","slug":"historico-14","status":"publish","type":"page","link":"https:\/\/www.ip.usp.br\/site\/historico-14\/","title":{"rendered":"Hist\u00f3rico"},"content":{"rendered":"<p>Sobre as origens da CEUA-IPUSP<\/p>\n<p>Em 2003, embora j\u00e1 se discutisse bastante sobre \u00e9tica no trato com animais, no Brasil n\u00e3o havia uma legisla\u00e7\u00e3o federal que envolvesse a obrigatoriedade de que as institui\u00e7\u00f5es de ensino e pesquisa que utilizassem animais tivessem formalmente constitu\u00eddo um comit\u00ea de controle dos aspectos \u00e9ticos desse uso. Atento \u00e0 import\u00e2ncia do tema, e antecipando-se \u00e0 legisla\u00e7\u00e3o federal, o Prof. C\u00e9sar Ades, ent\u00e3o diretor do IPUSP, solicitou \u00e0 Profa. Maria Helena Hunziker que organizasse uma equipe com o fim de redigir o regimento de um comit\u00ea de \u00e9tica que regulamentasse as pesquisas com animais realizadas no IPUSP. Dado que apenas o Departamento de Psicologia Experimental (PSE) utilizava animais em ensino e pesquisa, tr\u00eas professores desse departamento (Vera Silvia Bussab, John Manuel de Souza e Maria Helena Hunziker) compuseram a equipe que redigiu esse regimento. Para isso, analisaram n\u00e3o apenas a legisla\u00e7\u00e3o at\u00e9 ent\u00e3o produzida sobre o tema (Lei n\u00ba 24 645, de 10.07.1934, art. 64 &#8211; Lei das Contraven\u00e7\u00f5es Penais e Lei n\u00ba 6 638, de 08.05.1979, que estabelecem normas para a pr\u00e1tica did\u00e1tico-cient\u00edfica da vivissec\u00e7\u00e3o de animais; Lei de Crimes Ambientais n\u00aa 9605\/98, artigo 32) como diversos documentos que estavam sendo propostos pela comunidade cient\u00edfica brasileira (<em>Princ\u00edpios \u00e9ticos na experimenta\u00e7\u00e3o animal<\/em>, COBEA, junho de 1991) e a literatura internacional voltada ao tema (<em>Guidelines for the treatment of animals in behavioural research and teaching<\/em>, publicado no peri\u00f3dico ANIMAL BEHAVIOUR de 2003, 65, 249\u2013255; doi:10.1006\/anbe.2003.2068). Na sua primeira vers\u00e3o, de 2004, o regimento estabelecia a o funcionamento da <em>Comiss\u00e3o de \u00c9tica no Uso de Animais em Ensino e Pesquisa<\/em> (CEA), sendo posteriormente aprovada pela Congrega\u00e7\u00e3o do IPUSP a denomina\u00e7\u00e3o de <em>Comiss\u00e3o de \u00c9tica em Pesquisa com Animais<\/em> (CEPA). Em 2010, o Conselho Nacional de Controle de Experimenta\u00e7\u00e3o Animal publicou a Resolu\u00e7\u00e3o Normativa no &#8211; 1, que estabeleceu, em n\u00edvel nacional, a instala\u00e7\u00e3o e funcionamento da que passou a ser denominada <em>Comiss\u00e3o de \u00c9tica no Uso de Animais<\/em> (CEUA).<\/p>\n","protected":false},"excerpt":{"rendered":"<p>Sobre as origens da CEUA-IPUSP Em 2003, embora j\u00e1 se discutisse bastante sobre \u00e9tica no trato com animais, no Brasil n\u00e3o havia uma legisla\u00e7\u00e3o federal que envolvesse a obrigatoriedade de que as institui\u00e7\u00f5es de ensino e pesquisa que utilizassem animais tivessem formalmente constitu\u00eddo um comit\u00ea de controle dos aspectos \u00e9ticos desse uso. Atento \u00e0 import\u00e2ncia [&hellip;]<\/p>\n","protected":false},"author":2,"featured_media":0,"parent":0,"menu_order":0,"comment_status":"closed","ping_status":"closed","template":"","meta":{"_acf_changed":false,"footnotes":""},"categories":[1896],"tags":[],"class_list":["post-8862","page","type-page","status-publish","hentry","category-comite-de-etica-no-uso-de-animais-ceua"],"acf":[],"jetpack_sharing_enabled":true,"_links":{"self":[{"href":"https:\/\/www.ip.usp.br\/site\/wp-json\/wp\/v2\/pages\/8862","targetHints":{"allow":["GET"]}}],"collection":[{"href":"https:\/\/www.ip.usp.br\/site\/wp-json\/wp\/v2\/pages"}],"about":[{"href":"https:\/\/www.ip.usp.br\/site\/wp-json\/wp\/v2\/types\/page"}],"author":[{"embeddable":true,"href":"https:\/\/www.ip.usp.br\/site\/wp-json\/wp\/v2\/users\/2"}],"replies":[{"embeddable":true,"href":"https:\/\/www.ip.usp.br\/site\/wp-json\/wp\/v2\/comments?post=8862"}],"version-history":[{"count":4,"href":"https:\/\/www.ip.usp.br\/site\/wp-json\/wp\/v2\/pages\/8862\/revisions"}],"predecessor-version":[{"id":24387,"href":"https:\/\/www.ip.usp.br\/site\/wp-json\/wp\/v2\/pages\/8862\/revisions\/24387"}],"wp:attachment":[{"href":"https:\/\/www.ip.usp.br\/site\/wp-json\/wp\/v2\/media?parent=8862"}],"wp:term":[{"taxonomy":"category","embeddable":true,"href":"https:\/\/www.ip.usp.br\/site\/wp-json\/wp\/v2\/categories?post=8862"},{"taxonomy":"post_tag","embeddable":true,"href":"https:\/\/www.ip.usp.br\/site\/wp-json\/wp\/v2\/tags?post=8862"}],"curies":[{"name":"wp","href":"https:\/\/api.w.org\/{rel}","templated":true}]}}