{"id":8869,"date":"2016-09-12T15:47:35","date_gmt":"2016-09-12T15:47:35","guid":{"rendered":"https:\/\/www.ip.usp.br\/site\/?page_id=8869"},"modified":"2024-09-05T11:58:50","modified_gmt":"2024-09-05T14:58:50","slug":"membros-8","status":"publish","type":"page","link":"https:\/\/www.ip.usp.br\/site\/membros-8\/","title":{"rendered":"Membros"},"content":{"rendered":"<p>Mandato:\u00a0 de 20 de maio de 2024 a 19 de maio de 2026.<\/p>\n<table style=\"border-collapse: collapse;width: 100%\">\n<tbody>\n<tr>\n<td style=\"width: 14.0866%;text-align: center;vertical-align: bottom\"><\/td>\n<td style=\"width: 35.9134%;text-align: center;vertical-align: bottom\">\n<h5 style=\"text-align: center\"><span style=\"color: #3366ff\">Presidente<\/span><\/h5>\n<p style=\"text-align: center\"><img decoding=\"async\" class=\"alignnone wp-image-22978 size-thumbnail\" src=\"https:\/\/www.ip.usp.br\/site\/wp-content\/uploads\/2018\/09\/daniela-bonci2-150x150.jpg\" alt=\"\" width=\"150\" height=\"150\" \/><\/p>\n<h5 style=\"text-align: center\"><span style=\"color: #000080\">Daniela Maria Oliveira Bonci<\/span><\/h5>\n<\/td>\n<td style=\"width: 34.6085%;text-align: center;vertical-align: bottom\">\n<h5 style=\"text-align: center\"><span style=\"color: #3366ff\">Vice-Presidente<\/span><\/h5>\n<h5><img decoding=\"async\" class=\"alignnone wp-image-48046 size-thumbnail\" src=\"https:\/\/www.ip.usp.br\/site\/wp-content\/uploads\/2024\/08\/Ronara-150x150.png\" alt=\"\" width=\"150\" height=\"150\" srcset=\"https:\/\/www.ip.usp.br\/site\/wp-content\/uploads\/2024\/08\/Ronara-150x150.png 150w, https:\/\/www.ip.usp.br\/site\/wp-content\/uploads\/2024\/08\/Ronara-300x300.png 300w, https:\/\/www.ip.usp.br\/site\/wp-content\/uploads\/2024\/08\/Ronara.png 686w\" sizes=\"(max-width: 150px) 100vw, 150px\" \/><\/h5>\n<h5 style=\"text-align: center\"><span style=\"color: #000080\">Ronara de Souza Ferreira Ch\u00e2line<\/span><\/h5>\n<\/td>\n<td style=\"width: 15.3915%;text-align: center;vertical-align: bottom\"><\/td>\n<\/tr>\n<\/tbody>\n<\/table>\n<table style=\"border-collapse: collapse;width: 100%;height: 42px\">\n<tbody>\n<tr style=\"height: 80px\">\n<td style=\"width: 99.6425%;height: 42px;border-color: #ffffff;background-color: #ffffff\">\n<h5 style=\"text-align: center\"><span style=\"color: #3366ff\">Pesquisadores<\/span><\/h5>\n<\/td>\n<td style=\"width: 1.02145%;height: 42px;border-color: #ffffff;background-color: #ffffff\">\n<h5 style=\"text-align: center\"><span style=\"color: #ffffff\">.<\/span><\/h5>\n<\/td>\n<\/tr>\n<\/tbody>\n<\/table>\n<table style=\"border-collapse: collapse;width: 100%;height: 233px\">\n<tbody>\n<tr style=\"height: 285px\">\n<td style=\"width: 38.2432%;border-color: #ffffff;background-color: #ffffff;text-align: center;vertical-align: bottom;height: 233px\">\n<h5><\/h5>\n<h5><img decoding=\"async\" class=\"alignnone wp-image-22978 size-thumbnail\" src=\"https:\/\/www.ip.usp.br\/site\/wp-content\/uploads\/2018\/09\/daniela-bonci2-150x150.jpg\" alt=\"\" width=\"150\" height=\"150\" \/><\/h5>\n<h5><span style=\"color: #000080\"><span style=\"color: #000000\">Titular:<\/span><br \/>\nDaniela Maria Oliveira Bonci<\/span><\/h5>\n<p>&nbsp;<\/p>\n<hr \/>\n<\/td>\n<td style=\"width: 1.18624%;border-color: #ffffff;background-color: #ffffff;text-align: center;vertical-align: bottom;height: 233px\">\n<h5><\/h5>\n<h5><\/h5>\n<p>&nbsp;<\/p>\n<hr \/>\n<\/td>\n<td style=\"width: 33.1002%;text-align: center;vertical-align: bottom;border-color: #ffffff;background-color: #ffffff;height: 233px\">\n<h5 class=\"elementor-image-box-title\"><img decoding=\"async\" class=\"alignnone wp-image-48046 size-thumbnail\" src=\"https:\/\/www.ip.usp.br\/site\/wp-content\/uploads\/2024\/08\/Ronara-150x150.png\" alt=\"\" width=\"150\" height=\"150\" srcset=\"https:\/\/www.ip.usp.br\/site\/wp-content\/uploads\/2024\/08\/Ronara-150x150.png 150w, https:\/\/www.ip.usp.br\/site\/wp-content\/uploads\/2024\/08\/Ronara-300x300.png 300w, https:\/\/www.ip.usp.br\/site\/wp-content\/uploads\/2024\/08\/Ronara.png 686w\" sizes=\"(max-width: 150px) 100vw, 150px\" \/><\/h5>\n<h5><span style=\"color: #000080\"><span style=\"color: #000000\">Suplente<\/span>:<br \/>\nRonara de Souza Ferreira\u00a0<\/span><\/h5>\n<p>&nbsp;<\/p>\n<hr \/>\n<\/td>\n<td style=\"width: 1.02145%;text-align: center;vertical-align: bottom;border-color: #ffffff;background-color: #ffffff;height: 233px\">\n<h5><\/h5>\n<p>&nbsp;<\/p>\n<p>&nbsp;<\/p>\n<hr \/>\n<\/td>\n<\/tr>\n<\/tbody>\n<\/table>\n<table style=\"border-collapse: collapse;width: 100%\">\n<tbody>\n<tr>\n<td style=\"width: 98.9275%;border-color: #ffffff;background-color: #ffffff;text-align: center\">\n<h5 style=\"text-align: center\"><span style=\"color: #3366ff\">M\u00e9dicos Veterin\u00e1rios<\/span><\/h5>\n<\/td>\n<td style=\"width: 1.07252%;border-color: #ffffff;background-color: #ffffff\">\n<h5 style=\"text-align: center\"><\/h5>\n<\/td>\n<\/tr>\n<\/tbody>\n<\/table>\n<table style=\"border-collapse: collapse;width: 100%;height: 72px\">\n<tbody>\n<tr style=\"height: 72px\">\n<td style=\"width: 50.0297%;text-align: center;vertical-align: top;height: 72px\">\n<h5><\/h5>\n<h5 class=\"elementor-image-box-title\"><img decoding=\"async\" class=\"alignnone wp-image-48248 size-thumbnail\" src=\"https:\/\/www.ip.usp.br\/site\/wp-content\/uploads\/2024\/09\/camila-molina-150x150.png\" alt=\"\" width=\"150\" height=\"150\" srcset=\"https:\/\/www.ip.usp.br\/site\/wp-content\/uploads\/2024\/09\/camila-molina-150x150.png 150w, https:\/\/www.ip.usp.br\/site\/wp-content\/uploads\/2024\/09\/camila-molina-300x300.png 300w, https:\/\/www.ip.usp.br\/site\/wp-content\/uploads\/2024\/09\/camila-molina.png 386w\" sizes=\"(max-width: 150px) 100vw, 150px\" \/><\/h5>\n<h5><span style=\"color: #000080\"><span style=\"color: #000000\">Titular:<\/span><br \/>\nCamila Vieira Molina<br \/>\n<\/span><\/h5>\n<\/td>\n<td style=\"width: 48.7247%;text-align: center;vertical-align: top;height: 72px\">\n<h5><\/h5>\n<h5 class=\"elementor-image-box-title\"><img loading=\"lazy\" decoding=\"async\" class=\"alignnone wp-image-48249 size-thumbnail\" src=\"https:\/\/www.ip.usp.br\/site\/wp-content\/uploads\/2024\/09\/mauro-150x150.png\" alt=\"\" width=\"150\" height=\"150\" srcset=\"https:\/\/www.ip.usp.br\/site\/wp-content\/uploads\/2024\/09\/mauro-150x150.png 150w, https:\/\/www.ip.usp.br\/site\/wp-content\/uploads\/2024\/09\/mauro.png 248w\" sizes=\"(max-width: 150px) 100vw, 150px\" \/><\/h5>\n<h5><span style=\"color: #000080\"><span style=\"color: #000000\">Suplente<\/span>:<br \/>\nMauro Lantzmann<br \/>\n<\/span><\/h5>\n<\/td>\n<td style=\"width: 1.18624%;border-color: #ffffff;background-color: #ffffff;height: 72px;text-align: center;vertical-align: top\">\n<h5><\/h5>\n<p>&nbsp;<\/p>\n<h5><\/h5>\n<\/td>\n<td style=\"width: 25%;border-color: #ffffff;background-color: #ffffff;height: 72px;text-align: center;vertical-align: top\"><\/td>\n<\/tr>\n<\/tbody>\n<\/table>\n<p>&nbsp;<\/p>\n<table style=\"border-collapse: collapse;width: 100%;height: 64px\">\n<tbody>\n<tr style=\"height: 64px\">\n<td style=\"width: 98.1103%;border-color: #ffffff;background-color: #ffffff;height: 64px;text-align: center\">\n<hr \/>\n<h5 style=\"text-align: center\"><span style=\"color: #3366ff\">Bi\u00f3logos<\/span><\/h5>\n<\/td>\n<td style=\"width: 1.88968%;border-color: #ffffff;background-color: #ffffff;height: 64px;text-align: center\">\n<hr \/>\n<h5><\/h5>\n<\/td>\n<\/tr>\n<\/tbody>\n<\/table>\n<table style=\"border-collapse: collapse;width: 100%;height: 48px\">\n<tbody>\n<tr style=\"height: 48px\">\n<td style=\"width: 42.3409%;height: 48px;text-align: center;border-color: #ffffff;background-color: #ffffff\">\n<h5><\/h5>\n<h5 class=\"elementor-image-box-title\"><img loading=\"lazy\" decoding=\"async\" class=\"alignnone wp-image-48250 size-thumbnail\" src=\"https:\/\/www.ip.usp.br\/site\/wp-content\/uploads\/2024\/09\/karina-banci-150x150.png\" alt=\"\" width=\"150\" height=\"150\" srcset=\"https:\/\/www.ip.usp.br\/site\/wp-content\/uploads\/2024\/09\/karina-banci-150x150.png 150w, https:\/\/www.ip.usp.br\/site\/wp-content\/uploads\/2024\/09\/karina-banci-300x298.png 300w, https:\/\/www.ip.usp.br\/site\/wp-content\/uploads\/2024\/09\/karina-banci.png 496w\" sizes=\"(max-width: 150px) 100vw, 150px\" \/><\/h5>\n<h5><span style=\"color: #000080\"><span style=\"color: #000000\">Titular:<\/span><br \/>\nKarina Banci<br \/>\n<\/span><\/h5>\n<\/td>\n<td style=\"width: 40.8562%;height: 48px;text-align: center;border-color: #ffffff;background-color: #ffffff\">\n<h5><\/h5>\n<h5 class=\"elementor-image-box-title\"><img loading=\"lazy\" decoding=\"async\" class=\"alignnone wp-image-48251 size-thumbnail\" src=\"https:\/\/www.ip.usp.br\/site\/wp-content\/uploads\/2024\/09\/natalia-viera-150x150.jpg\" alt=\"\" width=\"150\" height=\"150\" srcset=\"https:\/\/www.ip.usp.br\/site\/wp-content\/uploads\/2024\/09\/natalia-viera-150x150.jpg 150w, https:\/\/www.ip.usp.br\/site\/wp-content\/uploads\/2024\/09\/natalia-viera-300x300.jpg 300w, https:\/\/www.ip.usp.br\/site\/wp-content\/uploads\/2024\/09\/natalia-viera.jpg 512w\" sizes=\"(max-width: 150px) 100vw, 150px\" \/><\/h5>\n<h5><span style=\"color: #000080\"><span style=\"color: #000000\">Suplente<\/span>:<br \/>\nNat\u00e1lia F. Torello Viera<br \/>\n<\/span><\/h5>\n<\/td>\n<td style=\"width: 1.18624%;height: 48px;text-align: center;border-color: #ffffff;background-color: #ffffff\">\n<h5><span style=\"color: #000080\"><span style=\"color: #ffffff\">.<\/span><\/span><\/h5>\n<h5 class=\"elementor-image-box-title\"><\/h5>\n<h5><\/h5>\n<\/td>\n<td style=\"width: 1.65066%;border-color: #ffffff;background-color: #ffffff;text-align: center\"><\/td>\n<\/tr>\n<\/tbody>\n<\/table>\n<hr \/>\n<table style=\"border-collapse: collapse;width: 100%;height: 37px\">\n<tbody>\n<tr style=\"height: 37px\">\n<td style=\"width: 101.08%;text-align: center;vertical-align: bottom;height: 37px\">\n<h5 style=\"text-align: center\"><span style=\"color: #3366ff\">Representantes Discente<\/span><\/h5>\n<\/td>\n<td style=\"width: 1.18624%;text-align: center;vertical-align: bottom;height: 37px\"><\/td>\n<td style=\"width: 24.89%;text-align: center;vertical-align: bottom;height: 37px\"><\/td>\n<td style=\"width: 25.11%;text-align: center;vertical-align: bottom;height: 37px\"><\/td>\n<\/tr>\n<\/tbody>\n<\/table>\n<table style=\"border-collapse: collapse;width: 100%;height: 10px\">\n<tbody>\n<tr style=\"height: 279px\">\n<td style=\"width: 49.5975%;text-align: center;vertical-align: bottom;height: 10px\">\n<h5 class=\"elementor-image-box-title\"><img loading=\"lazy\" decoding=\"async\" class=\"alignnone wp-image-48247 size-thumbnail\" src=\"https:\/\/www.ip.usp.br\/site\/wp-content\/uploads\/2024\/09\/francisco-cabral-pos-150x150.png\" alt=\"\" width=\"150\" height=\"150\" \/><\/h5>\n<h5><span style=\"color: #000080\"><span style=\"color: #000000\">Titular:<\/span><br \/>\nFrancisco Giugliano de Souza Cabral<br \/>\n<\/span><\/h5>\n<hr \/>\n<\/td>\n<td style=\"width: 51.4108%;text-align: center;vertical-align: bottom;height: 10px\">\n<h5 class=\"elementor-image-box-title\"><img loading=\"lazy\" decoding=\"async\" class=\"alignnone wp-image-48246 size-thumbnail\" src=\"https:\/\/www.ip.usp.br\/site\/wp-content\/uploads\/2024\/09\/timon-150x150.png\" alt=\"\" width=\"150\" height=\"150\" \/><\/h5>\n<h5><span style=\"color: #000080\"><span style=\"color: #000000\">Titular:<\/span><br \/>\nTimon Lebaron-Kr\u00e9rif<br \/>\n<\/span><\/h5>\n<hr \/>\n<\/td>\n<td style=\"width: 1.18624%;text-align: center;vertical-align: bottom;height: 10px\">&nbsp;<\/p>\n<h5><\/h5>\n<hr \/>\n<\/td>\n<td style=\"width: 1.18624%;text-align: center;vertical-align: bottom;height: 10px\">&nbsp;<\/p>\n<h5><\/h5>\n<hr \/>\n<\/td>\n<\/tr>\n<\/tbody>\n<\/table>\n<h5 style=\"text-align: center\"><span style=\"color: #3366ff\">Membro Ad Hoc<\/span><\/h5>\n<table style=\"border-collapse: collapse;width: 100%;height: 10px\">\n<tbody>\n<tr style=\"height: 279px\">\n<td style=\"width: 49.5975%;text-align: center;vertical-align: bottom;height: 10px\">\n<h5 class=\"elementor-image-box-title\"><img loading=\"lazy\" decoding=\"async\" class=\"alignnone wp-image-48252 size-thumbnail\" src=\"https:\/\/www.ip.usp.br\/site\/wp-content\/uploads\/2024\/09\/paloma-arakaki-150x150.png\" alt=\"\" width=\"150\" height=\"150\" \/><\/h5>\n<h5><span style=\"color: #000080\"><span style=\"color: #000000\">Titular:<\/span><br \/>\nPaloma Rocha Arakaki Henriques<br \/>\n<\/span><\/h5>\n<hr \/>\n<\/td>\n<\/tr>\n<\/tbody>\n<\/table>\n","protected":false},"excerpt":{"rendered":"<p>Mandato:\u00a0 de 20 de maio de 2024 a 19 de maio de 2026. Presidente Daniela Maria Oliveira Bonci Vice-Presidente Ronara de Souza Ferreira Ch\u00e2line Pesquisadores . Titular: Daniela Maria Oliveira Bonci &nbsp; &nbsp; Suplente: Ronara de Souza Ferreira\u00a0 &nbsp; &nbsp; &nbsp; M\u00e9dicos Veterin\u00e1rios Titular: Camila Vieira Molina Suplente: Mauro Lantzmann &nbsp; &nbsp; Bi\u00f3logos Titular: Karina [&hellip;]<\/p>\n","protected":false},"author":2,"featured_media":0,"parent":0,"menu_order":0,"comment_status":"closed","ping_status":"closed","template":"","meta":{"_acf_changed":false,"footnotes":""},"categories":[1896],"tags":[],"class_list":["post-8869","page","type-page","status-publish","hentry","category-comite-de-etica-no-uso-de-animais-ceua"],"acf":[],"jetpack_sharing_enabled":true,"_links":{"self":[{"href":"https:\/\/www.ip.usp.br\/site\/wp-json\/wp\/v2\/pages\/8869","targetHints":{"allow":["GET"]}}],"collection":[{"href":"https:\/\/www.ip.usp.br\/site\/wp-json\/wp\/v2\/pages"}],"about":[{"href":"https:\/\/www.ip.usp.br\/site\/wp-json\/wp\/v2\/types\/page"}],"author":[{"embeddable":true,"href":"https:\/\/www.ip.usp.br\/site\/wp-json\/wp\/v2\/users\/2"}],"replies":[{"embeddable":true,"href":"https:\/\/www.ip.usp.br\/site\/wp-json\/wp\/v2\/comments?post=8869"}],"version-history":[{"count":25,"href":"https:\/\/www.ip.usp.br\/site\/wp-json\/wp\/v2\/pages\/8869\/revisions"}],"predecessor-version":[{"id":48253,"href":"https:\/\/www.ip.usp.br\/site\/wp-json\/wp\/v2\/pages\/8869\/revisions\/48253"}],"wp:attachment":[{"href":"https:\/\/www.ip.usp.br\/site\/wp-json\/wp\/v2\/media?parent=8869"}],"wp:term":[{"taxonomy":"category","embeddable":true,"href":"https:\/\/www.ip.usp.br\/site\/wp-json\/wp\/v2\/categories?post=8869"},{"taxonomy":"post_tag","embeddable":true,"href":"https:\/\/www.ip.usp.br\/site\/wp-json\/wp\/v2\/tags?post=8869"}],"curies":[{"name":"wp","href":"https:\/\/api.w.org\/{rel}","templated":true}]}}