{"id":8910,"date":"2016-09-13T09:18:24","date_gmt":"2016-09-13T12:18:24","guid":{"rendered":"https:\/\/www.ip.usp.br\/site\/?page_id=8910"},"modified":"2024-08-20T08:25:33","modified_gmt":"2024-08-20T11:25:33","slug":"secao-de-informatica-2","status":"publish","type":"page","link":"https:\/\/www.ip.usp.br\/site\/secao-de-informatica-2\/","title":{"rendered":"Apresenta\u00e7\u00e3o"},"content":{"rendered":"<h5 style=\"text-align: right\">Av. Professor Mello Moraes, 1721 \u2013 bloco G, sala 21<br \/>\nCidade Universit\u00e1ria\u00a0\u2013 Cidade Universit\u00e1ria\u00a0\u2013 S\u00e3o Paulo, SP<br \/>\nTelefone: 55 11-3091-4319 \u00a0 <a href=\"mailto:inforip@usp.br\">inforip@usp.br<\/a><\/h5>\n<hr \/>\n<p style=\"text-align: justify\">A Se\u00e7\u00e3o de Inform\u00e1tica do Instituto de Psicologia atua nas seguintes \u00e1reas:<\/p>\n<ul style=\"text-align: justify\">\n<li>implementa\u00e7\u00e3o da pol\u00edtica de inform\u00e1tica e do Plano Diretor de Inform\u00e1tica estabelecidos pela Comiss\u00e3o de Inform\u00e1tica;<\/li>\n<li>projeto, ger\u00eancia e configura\u00e7\u00e3o da infra-estrutura de rede interna;<\/li>\n<li>suporte e orienta\u00e7\u00e3o a seus usu\u00e1rios no uso racional e adequado dos recursos e ferramentas de inform\u00e1tica;<\/li>\n<li>suporte t\u00e9cnico em hardware e software;<\/li>\n<li>ger\u00eancia e manuten\u00e7\u00e3o do servi\u00e7o WEB;<\/li>\n<li>desenvolvimento, gerenciamento e manuten\u00e7\u00e3o de sistemas;<\/li>\n<li>treinamento de usu\u00e1rios;<\/li>\n<li>telefonia estruturada;<\/li>\n<li>compras relacionadas \u00e0 \u00e1rea de inform\u00e1tica.<\/li>\n<\/ul>\n<p style=\"text-align: justify\">A se\u00e7\u00e3o tamb\u00e9m \u00e9 respons\u00e1vel por atender equipamentos do IPUSP\u00a0e\u00a0equipamentos auxiliares que estejam sendo utilizados dentro das depend\u00eancias da unidade, o que envolve\u00a0a detec\u00e7\u00e3o de problemas, solu\u00e7\u00f5es (quando poss\u00edveis) ou encaminhamentos a \u00f3rg\u00e3os competentes, instala\u00e7\u00e3o e configura\u00e7\u00e3o de softwares, perif\u00e9ricos e rede.<\/p>\n<h3 style=\"text-align: justify\">Hist\u00f3rico<\/h3>\n<p style=\"text-align: justify\">A Se\u00e7\u00e3o de Inform\u00e1tica do Instituto de Psicologia foi oficializada em 2001, passando a integrar o organograma da Unidade, subordinada \u00e0 sua Diretoria.<\/p>\n<p style=\"text-align: justify\">Trabalhando conjuntamente com a Comiss\u00e3o de Inform\u00e1tica, a se\u00e7\u00e3o tem a fun\u00e7\u00e3o de implementar o Plano Diretor de Inform\u00e1tica, definido pela comiss\u00e3o, al\u00e9m de gerenciar os recursos de inform\u00e1tica de acordo com as normas e diretrizes estabelecidas pela Universidade, visando \u00e0 disponibiliza\u00e7\u00e3o de servi\u00e7os e \u00e0 utiliza\u00e7\u00e3o racional e consciente dos dados, de modo a preservar a integridade de dados dos usu\u00e1rios.<\/p>\n","protected":false},"excerpt":{"rendered":"<p>Av. Professor Mello Moraes, 1721 \u2013 bloco G, sala 21 Cidade Universit\u00e1ria\u00a0\u2013 Cidade Universit\u00e1ria\u00a0\u2013 S\u00e3o Paulo, SP Telefone: 55 11-3091-4319 \u00a0 inforip@usp.br A Se\u00e7\u00e3o de Inform\u00e1tica do Instituto de Psicologia atua nas seguintes \u00e1reas: implementa\u00e7\u00e3o da pol\u00edtica de inform\u00e1tica e do Plano Diretor de Inform\u00e1tica estabelecidos pela Comiss\u00e3o de Inform\u00e1tica; projeto, ger\u00eancia e configura\u00e7\u00e3o da [&hellip;]<\/p>\n","protected":false},"author":2,"featured_media":0,"parent":0,"menu_order":0,"comment_status":"closed","ping_status":"closed","template":"","meta":{"_acf_changed":false,"footnotes":""},"categories":[496,395],"tags":[],"class_list":["post-8910","page","type-page","status-publish","hentry","category-informatica","category-institucional"],"acf":[],"jetpack_sharing_enabled":true,"_links":{"self":[{"href":"https:\/\/www.ip.usp.br\/site\/wp-json\/wp\/v2\/pages\/8910","targetHints":{"allow":["GET"]}}],"collection":[{"href":"https:\/\/www.ip.usp.br\/site\/wp-json\/wp\/v2\/pages"}],"about":[{"href":"https:\/\/www.ip.usp.br\/site\/wp-json\/wp\/v2\/types\/page"}],"author":[{"embeddable":true,"href":"https:\/\/www.ip.usp.br\/site\/wp-json\/wp\/v2\/users\/2"}],"replies":[{"embeddable":true,"href":"https:\/\/www.ip.usp.br\/site\/wp-json\/wp\/v2\/comments?post=8910"}],"version-history":[{"count":30,"href":"https:\/\/www.ip.usp.br\/site\/wp-json\/wp\/v2\/pages\/8910\/revisions"}],"predecessor-version":[{"id":47916,"href":"https:\/\/www.ip.usp.br\/site\/wp-json\/wp\/v2\/pages\/8910\/revisions\/47916"}],"wp:attachment":[{"href":"https:\/\/www.ip.usp.br\/site\/wp-json\/wp\/v2\/media?parent=8910"}],"wp:term":[{"taxonomy":"category","embeddable":true,"href":"https:\/\/www.ip.usp.br\/site\/wp-json\/wp\/v2\/categories?post=8910"},{"taxonomy":"post_tag","embeddable":true,"href":"https:\/\/www.ip.usp.br\/site\/wp-json\/wp\/v2\/tags?post=8910"}],"curies":[{"name":"wp","href":"https:\/\/api.w.org\/{rel}","templated":true}]}}