{"id":8939,"date":"2016-09-13T09:44:28","date_gmt":"2016-09-13T12:44:28","guid":{"rendered":"https:\/\/www.ip.usp.br\/site\/?page_id=8939"},"modified":"2018-08-20T16:40:45","modified_gmt":"2018-08-20T19:40:45","slug":"normas-6","status":"publish","type":"page","link":"https:\/\/www.ip.usp.br\/site\/normas-6\/","title":{"rendered":"Legisla\u00e7\u00e3o"},"content":{"rendered":"<p><a href=\"https:\/\/www.ip.usp.br\/site\/wp-content\/uploads\/2016\/09\/Inform\u00e1tica-Normas-e-Procedimentos.pdf\" target=\"_blank\" rel=\"noopener\">Normas e Procedimentos do Instituto de Psicologia da USP<\/a><\/p>\n<p><a href=\"http:\/\/www.leginf.usp.br\/?resolucao=resolucao-no-4871-de-22-de-outubro-de-2001\" target=\"_blank\" rel=\"noopener\">C\u00f3digo de \u00c9tica da Universidade de S\u00e3o Paulo<\/a><\/p>\n<p><a href=\"http:\/\/www.sti.usp.br\/legislacao\/normas\/\" target=\"_blank\" rel=\"noopener\">Legisla\u00e7\u00e3o e Normas &#8211; Superintend\u00eancia de Tecnologia da Informa\u00e7\u00e3o<\/a><\/p>\n<p><a href=\"http:\/\/www.planalto.gov.br\/ccivil_03\/leis\/l9610.htm\" target=\"_blank\" rel=\"noopener\">Lei de Direitos Autorais<\/a><\/p>\n","protected":false},"excerpt":{"rendered":"<p>Normas e Procedimentos do Instituto de Psicologia da USP C\u00f3digo de \u00c9tica da Universidade de S\u00e3o Paulo Legisla\u00e7\u00e3o e Normas &#8211; Superintend\u00eancia de Tecnologia da Informa\u00e7\u00e3o Lei de Direitos Autorais<\/p>\n","protected":false},"author":2,"featured_media":0,"parent":0,"menu_order":0,"comment_status":"closed","ping_status":"closed","template":"","meta":{"_acf_changed":false,"footnotes":""},"categories":[410,496],"tags":[],"class_list":["post-8939","page","type-page","status-publish","hentry","category-estrutura-administrativa","category-informatica"],"acf":[],"jetpack_sharing_enabled":true,"_links":{"self":[{"href":"https:\/\/www.ip.usp.br\/site\/wp-json\/wp\/v2\/pages\/8939","targetHints":{"allow":["GET"]}}],"collection":[{"href":"https:\/\/www.ip.usp.br\/site\/wp-json\/wp\/v2\/pages"}],"about":[{"href":"https:\/\/www.ip.usp.br\/site\/wp-json\/wp\/v2\/types\/page"}],"author":[{"embeddable":true,"href":"https:\/\/www.ip.usp.br\/site\/wp-json\/wp\/v2\/users\/2"}],"replies":[{"embeddable":true,"href":"https:\/\/www.ip.usp.br\/site\/wp-json\/wp\/v2\/comments?post=8939"}],"version-history":[{"count":17,"href":"https:\/\/www.ip.usp.br\/site\/wp-json\/wp\/v2\/pages\/8939\/revisions"}],"predecessor-version":[{"id":20809,"href":"https:\/\/www.ip.usp.br\/site\/wp-json\/wp\/v2\/pages\/8939\/revisions\/20809"}],"wp:attachment":[{"href":"https:\/\/www.ip.usp.br\/site\/wp-json\/wp\/v2\/media?parent=8939"}],"wp:term":[{"taxonomy":"category","embeddable":true,"href":"https:\/\/www.ip.usp.br\/site\/wp-json\/wp\/v2\/categories?post=8939"},{"taxonomy":"post_tag","embeddable":true,"href":"https:\/\/www.ip.usp.br\/site\/wp-json\/wp\/v2\/tags?post=8939"}],"curies":[{"name":"wp","href":"https:\/\/api.w.org\/{rel}","templated":true}]}}