{"id":8943,"date":"2016-09-13T10:01:20","date_gmt":"2016-09-13T13:01:20","guid":{"rendered":"https:\/\/www.ip.usp.br\/site\/?page_id=8943"},"modified":"2025-10-22T14:29:26","modified_gmt":"2025-10-22T17:29:26","slug":"adcomunicacao","status":"publish","type":"page","link":"https:\/\/www.ip.usp.br\/site\/adcomunicacao\/","title":{"rendered":"AD Comunica\u00e7\u00e3o (IP Comunica)"},"content":{"rendered":"<h4 style=\"text-align: right;\">Avenida Professor Mello de Morais, 1721, Bloco G, Sala 17<br \/>\nCidade Universit\u00e1ria \u2013 S\u00e3o Paulo, SP \u2013 05508-030<br \/>\nTelefone: 55 11-3091-4178\u00a0 <a href=\"mailto:ipcomunica@usp.br\">ipcomunica@usp.br<\/a><\/h4>\n<hr \/>\n<p>O IP Comunica\/AD Comunica\u00e7\u00e3o \u00e9 respons\u00e1vel por estruturar e coordenar as atividades de comunica\u00e7\u00e3o do Instituto de Psicologia da USP (IPUSP). Seu principal objetivo \u00e9 aproximar a sociedade das ofertas de ensino, pesquisa e servi\u00e7os da unidade, promovendo a inclus\u00e3o da popula\u00e7\u00e3o e da m\u00eddia no debate sobre ci\u00eancia, tecnologia e inova\u00e7\u00e3o, em alinhamento com o compromisso da universidade.<\/p>\n<p>O IP Comunica atua como ponte entre docentes, alunos, funcion\u00e1rios do IPUSP e o p\u00fablico externo, divulgando as atividades desenvolvidas na unidade. Entre suas principais atribui\u00e7\u00f5es, est\u00e3o:<\/p>\n<ul>\n<li>Gest\u00e3o da assessoria de imprensa e das redes sociais oficiais (<i><span style=\"font-weight: 400;\"><a href=\"https:\/\/www.facebook.com\/IPUSP\">Facebook<\/a> <\/span><\/i> e <a href=\"https:\/\/www.instagram.com\/ip.usp\">Instagram<\/a>), incluindo campanhas de marketing e conte\u00fados multim\u00eddia.<\/li>\n<li>Administra\u00e7\u00e3o das homepages <em>Perisc\u00f3pio \u2013 <span style=\"font-weight: 400;\"><a href=\"http:\/\/www.ip.usp.br\/psicousp\">Portal de Divulga\u00e7\u00e3o Cient\u00edfica do IPUSP<\/a><\/span><\/em>\u00a0e <span style=\"font-weight: 400;\"><a href=\"https:\/\/50anos.ip.usp.br\/\">IPUSP50anos<\/a><\/span>.<\/li>\n<li>Revis\u00e3o e atualiza\u00e7\u00e3o do <span style=\"font-weight: 400;\"><a href=\"http:\/\/www.ip.usp.br\">site institucional do IP<\/a><\/span>.<\/li>\n<li>Comunica\u00e7\u00e3o Interna<\/li>\n<li><\/li>\n<\/ul>\n<p>Na \u00e1rea de divulga\u00e7\u00e3o cient\u00edfica, o IP Comunica conta com estudantes de Letras e Jornalismo da USP, que participam da produ\u00e7\u00e3o de textos e da cria\u00e7\u00e3o de pe\u00e7as multim\u00eddia para os canais institucionais. Al\u00e9m de divulgar as iniciativas do IP, o setor oferece aos estagi\u00e1rios uma experi\u00eancia pr\u00e1tica em comunica\u00e7\u00e3o, contribuindo para sua forma\u00e7\u00e3o profissional em um ambiente din\u00e2mico e criativo.<\/p>\n","protected":false},"excerpt":{"rendered":"<p>Avenida Professor Mello de Morais, 1721, Bloco G, Sala 17 Cidade Universit\u00e1ria \u2013 S\u00e3o Paulo, SP \u2013 05508-030 Telefone: 55 11-3091-4178\u00a0 ipcomunica@usp.br O IP Comunica\/AD Comunica\u00e7\u00e3o \u00e9 respons\u00e1vel por estruturar e coordenar as atividades de comunica\u00e7\u00e3o do Instituto de Psicologia da USP (IPUSP). Seu principal objetivo \u00e9 aproximar a sociedade das ofertas de ensino, pesquisa [&hellip;]<\/p>\n","protected":false},"author":2,"featured_media":0,"parent":0,"menu_order":0,"comment_status":"closed","ping_status":"closed","template":"","meta":{"_acf_changed":false,"footnotes":""},"categories":[396],"tags":[],"class_list":["post-8943","page","type-page","status-publish","hentry","category-ip-comunica"],"acf":[],"jetpack_sharing_enabled":true,"_links":{"self":[{"href":"https:\/\/www.ip.usp.br\/site\/wp-json\/wp\/v2\/pages\/8943","targetHints":{"allow":["GET"]}}],"collection":[{"href":"https:\/\/www.ip.usp.br\/site\/wp-json\/wp\/v2\/pages"}],"about":[{"href":"https:\/\/www.ip.usp.br\/site\/wp-json\/wp\/v2\/types\/page"}],"author":[{"embeddable":true,"href":"https:\/\/www.ip.usp.br\/site\/wp-json\/wp\/v2\/users\/2"}],"replies":[{"embeddable":true,"href":"https:\/\/www.ip.usp.br\/site\/wp-json\/wp\/v2\/comments?post=8943"}],"version-history":[{"count":39,"href":"https:\/\/www.ip.usp.br\/site\/wp-json\/wp\/v2\/pages\/8943\/revisions"}],"predecessor-version":[{"id":53564,"href":"https:\/\/www.ip.usp.br\/site\/wp-json\/wp\/v2\/pages\/8943\/revisions\/53564"}],"wp:attachment":[{"href":"https:\/\/www.ip.usp.br\/site\/wp-json\/wp\/v2\/media?parent=8943"}],"wp:term":[{"taxonomy":"category","embeddable":true,"href":"https:\/\/www.ip.usp.br\/site\/wp-json\/wp\/v2\/categories?post=8943"},{"taxonomy":"post_tag","embeddable":true,"href":"https:\/\/www.ip.usp.br\/site\/wp-json\/wp\/v2\/tags?post=8943"}],"curies":[{"name":"wp","href":"https:\/\/api.w.org\/{rel}","templated":true}]}}