{"id":8945,"date":"2016-09-13T10:52:40","date_gmt":"2016-09-13T13:52:40","guid":{"rendered":"https:\/\/www.ip.usp.br\/site\/?page_id=8945"},"modified":"2022-11-23T09:49:27","modified_gmt":"2022-11-23T12:49:27","slug":"revista-psico-usp","status":"publish","type":"page","link":"https:\/\/www.ip.usp.br\/site\/revista-psico-usp\/","title":{"rendered":"Revista psico.usp"},"content":{"rendered":"<table style=\"width: 946px;height: 434px\">\n<tbody>\n<tr style=\"height: 360px\">\n<td style=\"width: 229px;height: 360px\">&nbsp;<\/p>\n<div id=\"attachment_8957\" style=\"width: 210px\" class=\"wp-caption alignnone\"><img fetchpriority=\"high\" decoding=\"async\" aria-describedby=\"caption-attachment-8957\" class=\"wp-image-8957\" src=\"https:\/\/www.ip.usp.br\/site\/wp-content\/uploads\/2016\/09\/capa-1.png\" alt=\"psico.usp n.1, 2015\" width=\"200\" height=\"263\" srcset=\"https:\/\/www.ip.usp.br\/site\/wp-content\/uploads\/2016\/09\/capa-1.png 724w, https:\/\/www.ip.usp.br\/site\/wp-content\/uploads\/2016\/09\/capa-1-228x300.png 228w\" sizes=\"(max-width: 200px) 100vw, 200px\" \/><p id=\"caption-attachment-8957\" class=\"wp-caption-text\">psico.usp n.1, 2015<\/p><\/div>\n<p>&nbsp;<\/td>\n<td style=\"width: 192px;height: 360px\">\n<p><div id=\"attachment_8947\" style=\"width: 210px\" class=\"wp-caption alignnone\"><a href=\"https:\/\/issuu.com\/psicologia_usp\/docs\/revista_psico.usp_n._2-3_2016\"><img decoding=\"async\" aria-describedby=\"caption-attachment-8947\" class=\"wp-image-8947\" src=\"https:\/\/www.ip.usp.br\/site\/wp-content\/uploads\/2016\/09\/capa-2-3.png\" alt=\"capa-2-3\" width=\"200\" height=\"264\" srcset=\"https:\/\/www.ip.usp.br\/site\/wp-content\/uploads\/2016\/09\/capa-2-3.png 600w, https:\/\/www.ip.usp.br\/site\/wp-content\/uploads\/2016\/09\/capa-2-3-228x300.png 228w\" sizes=\"(max-width: 200px) 100vw, 200px\" \/><\/a><p id=\"caption-attachment-8947\" class=\"wp-caption-text\">psico.usp, 2\/3, 2016<\/p><\/div><\/td>\n<td style=\"width: 507px;height: 360px\">A revista psico.usp: a revista sobre pesquisas do Instituto de Psicologia da USP nasce como um canal de comunica\u00e7\u00e3o dessa institui\u00e7\u00e3o com a sociedade, visando principalmente \u00e0 difus\u00e3o das pesquisas e trabalhos produzidos internamente ao p\u00fablico geral.Este \u00e9 um projeto de comunica\u00e7\u00e3o do Instituto de Psicologia que vai ao encontro do compromisso da Universidade de S\u00e3o Paulo em incluir a popula\u00e7\u00e3o e a m\u00eddia no debate de temas de ci\u00eancia, tecnologia e inova\u00e7\u00e3o.<\/p>\n<p>Folheie a revista<br \/>\n<a href=\"https:\/\/issuu.com\/psicologia_usp\/docs\/revista_psico.usp_n1_2015\" target=\"_blank\" rel=\"noopener\">psico.usp n.1, 2015<\/a><a href=\"https:\/\/issuu.com\/psicologia_usp\/docs\/revista_psico.usp_n._2-3_2016\" target=\"_blank\" rel=\"noopener\">psico.usp n.2\/3, 2016<\/a><\/p>\n<p>Visite a p\u00e1gina da revista<br \/>\n<a href=\"https:\/\/www.ip.usp.br\/psicousp\">https:\/\/www.ip.usp.br\/psicousp<\/a><\/p>\n<p>Curta a psico.usp no Facebook:<br \/>\n<a href=\"http:\/\/www.facebook.com\/portalpsico.usp\">www.facebook.com\/portalpsico.usp<\/a><\/td>\n<\/tr>\n<\/tbody>\n<\/table>\n<p>&nbsp;<\/p>\n","protected":false},"excerpt":{"rendered":"<p>&nbsp; &nbsp; A revista psico.usp: a revista sobre pesquisas do Instituto de Psicologia da USP nasce como um canal de comunica\u00e7\u00e3o dessa institui\u00e7\u00e3o com a sociedade, visando principalmente \u00e0 difus\u00e3o das pesquisas e trabalhos produzidos internamente ao p\u00fablico geral.Este \u00e9 um projeto de comunica\u00e7\u00e3o do Instituto de Psicologia que vai ao encontro do compromisso da [&hellip;]<\/p>\n","protected":false},"author":2,"featured_media":0,"parent":0,"menu_order":0,"comment_status":"closed","ping_status":"closed","template":"","meta":{"_acf_changed":false,"footnotes":""},"categories":[396],"tags":[],"class_list":["post-8945","page","type-page","status-publish","hentry","category-ip-comunica"],"acf":[],"jetpack_sharing_enabled":true,"_links":{"self":[{"href":"https:\/\/www.ip.usp.br\/site\/wp-json\/wp\/v2\/pages\/8945","targetHints":{"allow":["GET"]}}],"collection":[{"href":"https:\/\/www.ip.usp.br\/site\/wp-json\/wp\/v2\/pages"}],"about":[{"href":"https:\/\/www.ip.usp.br\/site\/wp-json\/wp\/v2\/types\/page"}],"author":[{"embeddable":true,"href":"https:\/\/www.ip.usp.br\/site\/wp-json\/wp\/v2\/users\/2"}],"replies":[{"embeddable":true,"href":"https:\/\/www.ip.usp.br\/site\/wp-json\/wp\/v2\/comments?post=8945"}],"version-history":[{"count":19,"href":"https:\/\/www.ip.usp.br\/site\/wp-json\/wp\/v2\/pages\/8945\/revisions"}],"predecessor-version":[{"id":41298,"href":"https:\/\/www.ip.usp.br\/site\/wp-json\/wp\/v2\/pages\/8945\/revisions\/41298"}],"wp:attachment":[{"href":"https:\/\/www.ip.usp.br\/site\/wp-json\/wp\/v2\/media?parent=8945"}],"wp:term":[{"taxonomy":"category","embeddable":true,"href":"https:\/\/www.ip.usp.br\/site\/wp-json\/wp\/v2\/categories?post=8945"},{"taxonomy":"post_tag","embeddable":true,"href":"https:\/\/www.ip.usp.br\/site\/wp-json\/wp\/v2\/tags?post=8945"}],"curies":[{"name":"wp","href":"https:\/\/api.w.org\/{rel}","templated":true}]}}