{"id":8951,"date":"2016-09-13T10:27:29","date_gmt":"2016-09-13T13:27:29","guid":{"rendered":"https:\/\/www.ip.usp.br\/site\/?page_id=8951"},"modified":"2026-03-16T13:35:27","modified_gmt":"2026-03-16T16:35:27","slug":"equipe-12","status":"publish","type":"page","link":"https:\/\/www.ip.usp.br\/site\/equipe-12\/","title":{"rendered":"Equipe"},"content":{"rendered":"<h4>Se\u00e7\u00e3o T\u00e9cnica de Inform\u00e1tica<\/h4>\n<table style=\"border-collapse: collapse; width: 100%; height: 24px;\">\n<tbody>\n<tr style=\"height: 24px;\">\n<td style=\"width: 100%; height: 24px;\"><span style=\"color: #ffffff;\">..f<\/span><\/td>\n<\/tr>\n<\/tbody>\n<\/table>\n<table style=\"border-collapse: collapse; width: 99.9988%; height: 86px;\">\n<tbody>\n<tr style=\"height: 219px;\">\n<td style=\"width: 26.2287%; vertical-align: top; text-align: center; height: 86px;\">\n<h5><img decoding=\"async\" class=\"alignnone wp-image-37316 size-thumbnail\" src=\"https:\/\/www.ip.usp.br\/site\/wp-content\/uploads\/2021\/12\/EduardoMakoto-1-150x150.jpg\" alt=\"\" width=\"150\" height=\"150\" srcset=\"https:\/\/www.ip.usp.br\/site\/wp-content\/uploads\/2021\/12\/EduardoMakoto-1-150x150.jpg 150w, https:\/\/www.ip.usp.br\/site\/wp-content\/uploads\/2021\/12\/EduardoMakoto-1-300x300.jpg 300w, https:\/\/www.ip.usp.br\/site\/wp-content\/uploads\/2021\/12\/EduardoMakoto-1-768x768.jpg 768w, https:\/\/www.ip.usp.br\/site\/wp-content\/uploads\/2021\/12\/EduardoMakoto-1.jpg 932w\" sizes=\"(max-width: 150px) 100vw, 150px\" \/><\/h5>\n<h5><span style=\"color: #333399;\">Eduardo Makoto Okamura<br \/>\n<\/span>Chefe da Se\u00e7\u00e3o T\u00e9cnica<\/h5>\n<h5><\/h5>\n<\/td>\n<td style=\"width: 28.3479%; vertical-align: top; text-align: center; height: 86px;\">\n<h5><strong><img decoding=\"async\" class=\"alignnone wp-image-37343 size-thumbnail\" src=\"https:\/\/www.ip.usp.br\/site\/wp-content\/uploads\/2021\/12\/KatiaCP2-1-150x150.jpg\" alt=\"\" width=\"150\" height=\"150\" srcset=\"https:\/\/www.ip.usp.br\/site\/wp-content\/uploads\/2021\/12\/KatiaCP2-1-150x150.jpg 150w, https:\/\/www.ip.usp.br\/site\/wp-content\/uploads\/2021\/12\/KatiaCP2-1-300x300.jpg 300w, https:\/\/www.ip.usp.br\/site\/wp-content\/uploads\/2021\/12\/KatiaCP2-1-768x768.jpg 768w, https:\/\/www.ip.usp.br\/site\/wp-content\/uploads\/2021\/12\/KatiaCP2-1.jpg 837w\" sizes=\"(max-width: 150px) 100vw, 150px\" \/><\/strong><\/h5>\n<h5><span style=\"color: #333399;\">Katia Cristina Pinto<br \/>\n<\/span>Analista de Sistemas III<\/h5>\n<h5><\/h5>\n<\/td>\n<td style=\"width: 22.5995%; vertical-align: top; text-align: center; height: 86px;\">\n<h5><img decoding=\"async\" class=\"alignnone size-full wp-image-47917\" src=\"https:\/\/www.ip.usp.br\/site\/wp-content\/uploads\/2024\/08\/marcelo-fonseca.png\" alt=\"\" width=\"150\" height=\"150\" \/><\/h5>\n<h5><span style=\"color: #333399;\">Marcelo Andr\u00e9 Karklin Fontana<br \/>\n<\/span>Analista de Sistemas<br \/>\nDesenvolvedor<\/h5>\n<\/td>\n<td style=\"width: 22.5995%; vertical-align: top; text-align: center;\">\n<h5><\/h5>\n<h5><strong>\u00a0<\/strong><\/h5>\n<\/td>\n<td style=\"width: 0.725163%; vertical-align: top; text-align: center; height: 86px;\"><\/td>\n<td style=\"width: 20.0764%; vertical-align: top; text-align: center; height: 86px;\"><\/td>\n<\/tr>\n<\/tbody>\n<\/table>\n<h4>Setor de Apoio ao Usu\u00e1rio<\/h4>\n<table style=\"border-collapse: collapse; width: 99.9988%; height: 398px;\">\n<tbody>\n<tr style=\"height: 219px;\">\n<td style=\"width: 34.6406%; vertical-align: top; text-align: center; height: 86px;\">\n<h5><strong><img loading=\"lazy\" decoding=\"async\" class=\"alignnone wp-image-37329 size-thumbnail\" src=\"https:\/\/www.ip.usp.br\/site\/wp-content\/uploads\/2021\/12\/GilbertoAlvesCarvalho-150x150.jpg\" alt=\"\" width=\"150\" height=\"150\" srcset=\"https:\/\/www.ip.usp.br\/site\/wp-content\/uploads\/2021\/12\/GilbertoAlvesCarvalho-150x150.jpg 150w, https:\/\/www.ip.usp.br\/site\/wp-content\/uploads\/2021\/12\/GilbertoAlvesCarvalho-300x300.jpg 300w, https:\/\/www.ip.usp.br\/site\/wp-content\/uploads\/2021\/12\/GilbertoAlvesCarvalho-1024x1024.jpg 1024w, https:\/\/www.ip.usp.br\/site\/wp-content\/uploads\/2021\/12\/GilbertoAlvesCarvalho-768x768.jpg 768w, https:\/\/www.ip.usp.br\/site\/wp-content\/uploads\/2021\/12\/GilbertoAlvesCarvalho-1536x1536.jpg 1536w, https:\/\/www.ip.usp.br\/site\/wp-content\/uploads\/2021\/12\/GilbertoAlvesCarvalho.jpg 1563w\" sizes=\"(max-width: 150px) 100vw, 150px\" \/><\/strong><\/h5>\n<h5><span style=\"color: #333399;\">Gilberto Alves de Carvalho<br \/>\n<\/span>Encarregado de Setor<\/h5>\n<h5><\/h5>\n<\/td>\n<td style=\"width: 34.9469%; vertical-align: top; text-align: center; height: 86px;\"><img loading=\"lazy\" decoding=\"async\" class=\"alignnone wp-image-53000\" src=\"https:\/\/www.ip.usp.br\/site\/wp-content\/uploads\/2025\/09\/sem-foto.png\" alt=\"\" width=\"165\" height=\"164\" srcset=\"https:\/\/www.ip.usp.br\/site\/wp-content\/uploads\/2025\/09\/sem-foto.png 514w, https:\/\/www.ip.usp.br\/site\/wp-content\/uploads\/2025\/09\/sem-foto-300x300.png 300w, https:\/\/www.ip.usp.br\/site\/wp-content\/uploads\/2025\/09\/sem-foto-150x150.png 150w\" sizes=\"(max-width: 165px) 100vw, 165px\" \/><\/p>\n<h5><span style=\"color: #333399;\">Luciano Concuruto<br \/>\n<\/span>Auxiliar de Administra\u00e7\u00e3o<\/h5>\n<\/td>\n<td style=\"width: 30.188%; vertical-align: top; text-align: center; height: 86px;\">\n<h5><strong><img loading=\"lazy\" decoding=\"async\" class=\"alignnone wp-image-42696 size-thumbnail\" src=\"https:\/\/www.ip.usp.br\/site\/wp-content\/uploads\/2023\/03\/marinete-150x150.jpg\" alt=\"\" width=\"150\" height=\"150\" srcset=\"https:\/\/www.ip.usp.br\/site\/wp-content\/uploads\/2023\/03\/marinete-150x150.jpg 150w, https:\/\/www.ip.usp.br\/site\/wp-content\/uploads\/2023\/03\/marinete-300x300.jpg 300w, https:\/\/www.ip.usp.br\/site\/wp-content\/uploads\/2023\/03\/marinete-1024x1024.jpg 1024w, https:\/\/www.ip.usp.br\/site\/wp-content\/uploads\/2023\/03\/marinete-768x768.jpg 768w, https:\/\/www.ip.usp.br\/site\/wp-content\/uploads\/2023\/03\/marinete-1536x1536.jpg 1536w, https:\/\/www.ip.usp.br\/site\/wp-content\/uploads\/2023\/03\/marinete-2048x2048.jpg 2048w\" sizes=\"(max-width: 150px) 100vw, 150px\" \/><\/strong><\/h5>\n<h5><span style=\"color: #333399;\">Marinete de Oliveira Lisboa Bastos<br \/>\n<\/span>Auxiliar de Administra\u00e7\u00e3o<\/h5>\n<\/td>\n<\/tr>\n<tr style=\"height: 312px;\">\n<td style=\"width: 34.6406%; vertical-align: top; text-align: center; height: 312px;\">\n<h5><strong><img loading=\"lazy\" decoding=\"async\" class=\"alignnone wp-image-37368 size-thumbnail\" src=\"https:\/\/www.ip.usp.br\/site\/wp-content\/uploads\/2021\/12\/OtacilioGustavoMonezzi-150x150.jpg\" alt=\"\" width=\"150\" height=\"150\" srcset=\"https:\/\/www.ip.usp.br\/site\/wp-content\/uploads\/2021\/12\/OtacilioGustavoMonezzi-150x150.jpg 150w, https:\/\/www.ip.usp.br\/site\/wp-content\/uploads\/2021\/12\/OtacilioGustavoMonezzi-300x300.jpg 300w, https:\/\/www.ip.usp.br\/site\/wp-content\/uploads\/2021\/12\/OtacilioGustavoMonezzi-1024x1024.jpg 1024w, https:\/\/www.ip.usp.br\/site\/wp-content\/uploads\/2021\/12\/OtacilioGustavoMonezzi-768x768.jpg 768w, https:\/\/www.ip.usp.br\/site\/wp-content\/uploads\/2021\/12\/OtacilioGustavoMonezzi.jpg 1492w\" sizes=\"(max-width: 150px) 100vw, 150px\" \/><\/strong><\/h5>\n<h5><span style=\"color: #333399;\">Otac\u00edlio Gustavo Monezzi<br \/>\n<\/span>Auxiliar de Administra\u00e7\u00e3o<\/h5>\n<h5><strong>\u00a0<\/strong><\/h5>\n<\/td>\n<td style=\"width: 34.9469%; vertical-align: top; text-align: center; height: 312px;\">\n<h5><strong>\u00a0<\/strong><\/h5>\n<\/td>\n<td style=\"width: 30.188%; vertical-align: top; text-align: center; height: 312px;\">\n<h5><strong>\u00a0<\/strong><\/h5>\n<\/td>\n<\/tr>\n<\/tbody>\n<\/table>\n<p>&nbsp;<\/p>\n<h3>Hor\u00e1rio de Funcionamento<\/h3>\n<p>Segunda \u00e0 sexta-feira, das 7h \u00e0s 12h e das 13h30 \u00e0s 17h<\/p>\n<h3>Localiza\u00e7\u00e3o<\/h3>\n<p>Avenida Prof. Mello Moraes, 1721 &#8211; Bloco G &#8211; Sala 21<br \/>\nCidade Universit\u00e1ria &#8211; CEP: 05508-900<br \/>\nTel. 3091-4319<br \/>\nE-mail: <a href=\"mailto:inforip@usp.br\">inforip@usp.br<\/a><\/p>\n","protected":false},"excerpt":{"rendered":"<p>Se\u00e7\u00e3o T\u00e9cnica de Inform\u00e1tica ..f Eduardo Makoto Okamura Chefe da Se\u00e7\u00e3o T\u00e9cnica Katia Cristina Pinto Analista de Sistemas III Marcelo Andr\u00e9 Karklin Fontana Analista de Sistemas Desenvolvedor \u00a0 Setor de Apoio ao Usu\u00e1rio Gilberto Alves de Carvalho Encarregado de Setor Luciano Concuruto Auxiliar de Administra\u00e7\u00e3o Marinete de Oliveira Lisboa Bastos Auxiliar de Administra\u00e7\u00e3o Otac\u00edlio Gustavo [&hellip;]<\/p>\n","protected":false},"author":2,"featured_media":0,"parent":0,"menu_order":0,"comment_status":"closed","ping_status":"closed","template":"","meta":{"_acf_changed":false,"footnotes":""},"categories":[410,496],"tags":[],"class_list":["post-8951","page","type-page","status-publish","hentry","category-estrutura-administrativa","category-informatica"],"acf":[],"jetpack_sharing_enabled":true,"_links":{"self":[{"href":"https:\/\/www.ip.usp.br\/site\/wp-json\/wp\/v2\/pages\/8951","targetHints":{"allow":["GET"]}}],"collection":[{"href":"https:\/\/www.ip.usp.br\/site\/wp-json\/wp\/v2\/pages"}],"about":[{"href":"https:\/\/www.ip.usp.br\/site\/wp-json\/wp\/v2\/types\/page"}],"author":[{"embeddable":true,"href":"https:\/\/www.ip.usp.br\/site\/wp-json\/wp\/v2\/users\/2"}],"replies":[{"embeddable":true,"href":"https:\/\/www.ip.usp.br\/site\/wp-json\/wp\/v2\/comments?post=8951"}],"version-history":[{"count":25,"href":"https:\/\/www.ip.usp.br\/site\/wp-json\/wp\/v2\/pages\/8951\/revisions"}],"predecessor-version":[{"id":54786,"href":"https:\/\/www.ip.usp.br\/site\/wp-json\/wp\/v2\/pages\/8951\/revisions\/54786"}],"wp:attachment":[{"href":"https:\/\/www.ip.usp.br\/site\/wp-json\/wp\/v2\/media?parent=8951"}],"wp:term":[{"taxonomy":"category","embeddable":true,"href":"https:\/\/www.ip.usp.br\/site\/wp-json\/wp\/v2\/categories?post=8951"},{"taxonomy":"post_tag","embeddable":true,"href":"https:\/\/www.ip.usp.br\/site\/wp-json\/wp\/v2\/tags?post=8951"}],"curies":[{"name":"wp","href":"https:\/\/api.w.org\/{rel}","templated":true}]}}