{"id":9291,"date":"2016-09-16T15:03:10","date_gmt":"2016-09-16T18:03:10","guid":{"rendered":"https:\/\/www.ip.usp.br\/site\/?page_id=9291"},"modified":"2026-04-29T17:29:45","modified_gmt":"2026-04-29T20:29:45","slug":"ccint","status":"publish","type":"page","link":"https:\/\/www.ip.usp.br\/site\/ccint\/","title":{"rendered":"CCINT"},"content":{"rendered":"<h5 style=\"text-align: justify; line-height: 1.6;\">A Comiss\u00e3o de Coopera\u00e7\u00e3o Internacional foi criada em 2008 sob a sigla CCNInt: Comiss\u00e3o de Coopera\u00e7\u00e3o Nacional e Internacional, com o objetivo de incentivar e coordenar os programas nacionais e internacionais mantidas pelo IPUSP com Institui\u00e7\u00f5es de Ensino Superior (IES) nacionais e estrangeiras. No ano de 2016, por\u00e9m, a parte nacional foi separada da internacional, o que gerou a CCINT. Seus objetivos, centraram-se no estabelecimento de parcerias internacionais por meio de conv\u00eanios com IES estrangeiras.<\/h5>\n<h5 style=\"text-align: justify; line-height: 1.6;\">A comiss\u00e3o \u00e9 subordinada ao Servi\u00e7o de Apoio Acad\u00eamico e \u00e0 Assist\u00eancia Acad\u00eamica, e \u00e9 composta por um representante de cada Departamento da Unidade, indicado pelo Conselho Departamental, cujo mandato \u00e9 de dois anos, permitindo-se recondu\u00e7\u00f5es.<\/h5>\n<h5 style=\"text-align: justify; line-height: 1.6;\">Os conv\u00eanios firmados pela CCINT t\u00eam como objetivo propiciar que alunos de gradua\u00e7\u00e3o, p\u00f3s-gradua\u00e7\u00e3o e professores do IPUSP possam interagir com outras realidades educacionais e culturais dentro e fora do pa\u00eds, possibilitando crescimento profissional e pessoal.<\/h5>\n<h5 style=\"text-align: justify; line-height: 1.6;\">O intercambista \u00e9 um embaixador que representa a USP fora de suas fronteiras, da\u00ed haver uma sele\u00e7\u00e3o na qual s\u00e3o considerados diversos aspectos da sua vida acad\u00eamica, tais como: inicia\u00e7\u00e3o cient\u00edfica, m\u00e9dia ponderada, participa\u00e7\u00e3o em colegiados, monitorias, congressos etc.<\/h5>\n<h5 style=\"text-align: justify; line-height: 1.6;\">Neste curto per\u00edodo de exist\u00eancia, a CCINT do IP firmou conv\u00eanios com universidades e centros de pesquisa em pa\u00edses como: Fran\u00e7a, Holanda, Inglaterra, Portugal, M\u00e9xico, Chile, Col\u00f4mbia, entre outros. Al\u00e9m disso, o trabalho da CCINT propiciou aumento na mobilidade estudantil de gradua\u00e7\u00e3o do IPUSP entre 2008 e 2018, fazendo com que os alunos participem ativamente dos programas de bolsas e propiciando ao IPUSP a recep\u00e7\u00e3o de alunos de diversas nacionalidades, tais como franceses, portugueses, h\u00fangaros, tchecos, bolivianos, espanh\u00f3is, paraguaios, alem\u00e3es, cabo-verdianos etc.<\/h5>\n<p><span style=\"color: #ffffff;\">.<\/span><\/p>\n<h4>Membros<\/h4>\n<table style=\"border-collapse: collapse; width: 99.9991%; height: 723px;\">\n<tbody>\n<tr style=\"height: 181px;\">\n<td style=\"width: 23.8509%; height: 158px; vertical-align: top; text-align: center;\"><img decoding=\"async\" class=\"aligncenter wp-image-37205 size-thumbnail\" style=\"text-align: center;\" src=\"https:\/\/www.ip.usp.br\/site\/wp-content\/uploads\/2021\/11\/daniel-kuperman-psicanalista-trip-mh-e1667577337954-150x150.jpg\" alt=\"\" width=\"150\" height=\"150\" \/><\/p>\n<h5><span style=\"color: #000080;\">Daniel Kupermann<br \/>\n<\/span>Presidente<span style=\"color: #000080;\"> (PSC)<\/span><\/h5>\n<\/td>\n<td style=\"width: 26.7365%; height: 158px; vertical-align: top; text-align: center;\">\n<h5><img decoding=\"async\" class=\"alignnone wp-image-37993 size-thumbnail\" src=\"https:\/\/www.ip.usp.br\/site\/wp-content\/uploads\/2022\/02\/MiriamMijares-150x150.jpg\" alt=\"\" width=\"150\" height=\"150\" srcset=\"https:\/\/www.ip.usp.br\/site\/wp-content\/uploads\/2022\/02\/MiriamMijares-150x150.jpg 150w, https:\/\/www.ip.usp.br\/site\/wp-content\/uploads\/2022\/02\/MiriamMijares-300x300.jpg 300w, https:\/\/www.ip.usp.br\/site\/wp-content\/uploads\/2022\/02\/MiriamMijares-768x768.jpg 768w, https:\/\/www.ip.usp.br\/site\/wp-content\/uploads\/2022\/02\/MiriamMijares.jpg 1001w\" sizes=\"(max-width: 150px) 100vw, 150px\" \/><\/h5>\n<h5><span style=\"color: #000080;\">Miriam Garcia Mijares<\/span><br \/>\nVice-presidente<\/h5>\n<\/td>\n<td style=\"width: 25.5478%; height: 158px; vertical-align: top; text-align: center;\">\n<h5><img decoding=\"async\" class=\"alignnone wp-image-48631 size-thumbnail\" src=\"https:\/\/www.ip.usp.br\/site\/wp-content\/uploads\/2024\/10\/Leopoldo-Fulgencio-150x150.png\" alt=\"\" width=\"150\" height=\"150\" \/><\/h5>\n<h5><span style=\"color: #000080;\">Leopoldo Fulgencio<\/span><br \/>\nTitular (PSA)<\/h5>\n<\/td>\n<td style=\"width: 31.2011%; height: 158px; vertical-align: top; text-align: center;\"><a href=\"https:\/\/www.ip.usp.br\/site\/wp-content\/uploads\/2026\/04\/20251004_161040-1.jpg\"><img loading=\"lazy\" decoding=\"async\" class=\"alignnone wp-image-55044 \" style=\"text-align: center;\" src=\"https:\/\/www.ip.usp.br\/site\/wp-content\/uploads\/2026\/04\/20251004_161040-1.jpg\" alt=\"\" width=\"126\" height=\"126\" srcset=\"https:\/\/www.ip.usp.br\/site\/wp-content\/uploads\/2026\/04\/20251004_161040-1.jpg 900w, https:\/\/www.ip.usp.br\/site\/wp-content\/uploads\/2026\/04\/20251004_161040-1-300x300.jpg 300w, https:\/\/www.ip.usp.br\/site\/wp-content\/uploads\/2026\/04\/20251004_161040-1-150x150.jpg 150w, https:\/\/www.ip.usp.br\/site\/wp-content\/uploads\/2026\/04\/20251004_161040-1-768x768.jpg 768w\" sizes=\"(max-width: 126px) 100vw, 126px\" \/><\/a><\/p>\n<h5><span style=\"color: #000080;\">Prof. Dr. Greg\u00f3rio Kazi<\/span><br \/>\nTitular (PST)<\/h5>\n<\/td>\n<\/tr>\n<tr style=\"height: 64px;\">\n<td style=\"width: 23.8509%; vertical-align: top; text-align: center; height: 64px;\"><span style=\"color: #ffffff;\">.<\/span><\/td>\n<td style=\"width: 26.7365%; vertical-align: top; text-align: center; height: 64px;\">\n<h5><\/h5>\n<\/td>\n<td style=\"width: 25.5478%; vertical-align: top; text-align: center; height: 64px;\">\n<h5><\/h5>\n<\/td>\n<td style=\"width: 31.2011%; vertical-align: top; text-align: center; height: 64px;\"><\/td>\n<\/tr>\n<tr style=\"height: 272px;\">\n<td style=\"width: 23.8509%; text-align: center; height: 236px; vertical-align: top;\"><img loading=\"lazy\" decoding=\"async\" class=\"alignnone wp-image-22829 size-thumbnail\" style=\"text-align: center;\" src=\"https:\/\/www.ip.usp.br\/site\/wp-content\/uploads\/2018\/09\/pablo-150x150.jpg\" alt=\"\" width=\"150\" height=\"150\" \/><\/p>\n<h5><span style=\"color: #000080;\">Pablo de Carvalho God\u00f3y Castanho<br \/>\n<\/span>Suplente (PSC)<span style=\"color: #000080;\"><br \/>\n<\/span><\/h5>\n<\/td>\n<td style=\"width: 26.7365%; height: 236px; text-align: center; vertical-align: top;\">\n<h5><span style=\"color: #000080;\"><img loading=\"lazy\" decoding=\"async\" class=\"alignnone size-full wp-image-45776\" src=\"https:\/\/www.ip.usp.br\/site\/wp-content\/uploads\/2024\/02\/jaroslava2-1.jpg\" alt=\"\" width=\"150\" height=\"150\" \/><\/span><\/h5>\n<h5><span style=\"color: #000080;\">Jaroslava Varella Valentova<br \/>\n<\/span>Suplente (PSE)<\/h5>\n<p><span style=\"color: #ffffff;\">.<\/span><\/td>\n<td style=\"width: 25.5478%; text-align: center; height: 236px; vertical-align: top;\"><a href=\"https:\/\/www.ip.usp.br\/site\/wp-content\/uploads\/2026\/04\/servletrecuperafoto-scaled.jpg\"><img loading=\"lazy\" decoding=\"async\" class=\"alignnone wp-image-55041 \" src=\"https:\/\/www.ip.usp.br\/site\/wp-content\/uploads\/2026\/04\/servletrecuperafoto-scaled-e1777399467613-953x1024.jpg\" alt=\"\" width=\"133\" height=\"143\" srcset=\"https:\/\/www.ip.usp.br\/site\/wp-content\/uploads\/2026\/04\/servletrecuperafoto-scaled-e1777399467613-953x1024.jpg 953w, https:\/\/www.ip.usp.br\/site\/wp-content\/uploads\/2026\/04\/servletrecuperafoto-scaled-e1777399467613-279x300.jpg 279w, https:\/\/www.ip.usp.br\/site\/wp-content\/uploads\/2026\/04\/servletrecuperafoto-scaled-e1777399467613-768x826.jpg 768w, https:\/\/www.ip.usp.br\/site\/wp-content\/uploads\/2026\/04\/servletrecuperafoto-scaled-e1777399467613-1429x1536.jpg 1429w, https:\/\/www.ip.usp.br\/site\/wp-content\/uploads\/2026\/04\/servletrecuperafoto-scaled-e1777399467613.jpg 1707w\" sizes=\"(max-width: 133px) 100vw, 133px\" \/><\/a><\/p>\n<h5><span style=\"color: #000080;\">Prof\u00aa Lizzie Sheppard<\/span><br \/>\nSuplente (PSA)<\/h5>\n<p><span style=\"color: #ffffff;\">.<\/span><\/td>\n<td style=\"width: 31.2011%; text-align: center; height: 236px; vertical-align: top;\">\n<h5><a href=\"https:\/\/www.ip.usp.br\/site\/wp-content\/uploads\/2026\/04\/nilton.jpg\"><img loading=\"lazy\" decoding=\"async\" class=\"alignnone wp-image-55037 size-full\" src=\"https:\/\/www.ip.usp.br\/site\/wp-content\/uploads\/2026\/04\/nilton.jpg\" alt=\"\" width=\"150\" height=\"150\" \/><\/a><\/h5>\n<h5><span style=\"color: #000080;\">Prof. Nilton Ken Ota<\/span><br \/>\nSuplente (PST)<\/h5>\n<p><span style=\"color: #ffffff;\">.<\/span><\/td>\n<\/tr>\n<tr style=\"height: 241px;\">\n<td style=\"width: 23.8509%; text-align: center; vertical-align: top; height: 241px;\"><a href=\"https:\/\/www.ip.usp.br\/site\/wp-content\/uploads\/2026\/04\/2020-09-28-1.jpg\"><img loading=\"lazy\" decoding=\"async\" class=\"alignnone wp-image-55035 \" src=\"https:\/\/www.ip.usp.br\/site\/wp-content\/uploads\/2026\/04\/2020-09-28-1.jpg\" alt=\"\" width=\"118\" height=\"118\" \/><\/a><\/p>\n<h5><span style=\"color: #000080;\">Dalva Aparecida Paes da Silva<br \/>\n<\/span>Apoio T\u00e9cnico<\/h5>\n<\/td>\n<td style=\"width: 26.7365%; text-align: center; vertical-align: top; height: 241px;\"><span style=\"color: #000080;\">\u00a0<\/span><\/td>\n<td style=\"width: 25.5478%; text-align: center; vertical-align: top; height: 241px;\"><\/td>\n<td style=\"width: 31.2011%; text-align: center; vertical-align: top; height: 241px;\"><\/td>\n<\/tr>\n<tr style=\"height: 24px;\">\n<td style=\"width: 23.8509%; text-align: center; vertical-align: top; height: 24px;\"><\/td>\n<td style=\"width: 26.7365%; text-align: center; vertical-align: top; height: 24px;\"><span style=\"color: #000080;\">\u00a0<\/span><\/td>\n<td style=\"width: 25.5478%; text-align: center; vertical-align: top; height: 24px;\"><\/td>\n<td style=\"width: 31.2011%; text-align: center; vertical-align: top; height: 24px;\"><\/td>\n<\/tr>\n<\/tbody>\n<\/table>\n<p>&nbsp;<\/p>\n","protected":false},"excerpt":{"rendered":"<p>A Comiss\u00e3o de Coopera\u00e7\u00e3o Internacional foi criada em 2008 sob a sigla CCNInt: Comiss\u00e3o de Coopera\u00e7\u00e3o Nacional e Internacional, com o objetivo de incentivar e coordenar os programas nacionais e internacionais mantidas pelo IPUSP com Institui\u00e7\u00f5es de Ensino Superior (IES) nacionais e estrangeiras. No ano de 2016, por\u00e9m, a parte nacional foi separada da internacional, [&hellip;]<\/p>\n","protected":false},"author":2,"featured_media":0,"parent":0,"menu_order":0,"comment_status":"closed","ping_status":"closed","template":"","meta":{"_acf_changed":false,"footnotes":""},"categories":[453,414],"tags":[],"class_list":["post-9291","page","type-page","status-publish","hentry","category-colegiados","category-intercambio"],"acf":[],"jetpack_sharing_enabled":true,"_links":{"self":[{"href":"https:\/\/www.ip.usp.br\/site\/wp-json\/wp\/v2\/pages\/9291","targetHints":{"allow":["GET"]}}],"collection":[{"href":"https:\/\/www.ip.usp.br\/site\/wp-json\/wp\/v2\/pages"}],"about":[{"href":"https:\/\/www.ip.usp.br\/site\/wp-json\/wp\/v2\/types\/page"}],"author":[{"embeddable":true,"href":"https:\/\/www.ip.usp.br\/site\/wp-json\/wp\/v2\/users\/2"}],"replies":[{"embeddable":true,"href":"https:\/\/www.ip.usp.br\/site\/wp-json\/wp\/v2\/comments?post=9291"}],"version-history":[{"count":68,"href":"https:\/\/www.ip.usp.br\/site\/wp-json\/wp\/v2\/pages\/9291\/revisions"}],"predecessor-version":[{"id":55047,"href":"https:\/\/www.ip.usp.br\/site\/wp-json\/wp\/v2\/pages\/9291\/revisions\/55047"}],"wp:attachment":[{"href":"https:\/\/www.ip.usp.br\/site\/wp-json\/wp\/v2\/media?parent=9291"}],"wp:term":[{"taxonomy":"category","embeddable":true,"href":"https:\/\/www.ip.usp.br\/site\/wp-json\/wp\/v2\/categories?post=9291"},{"taxonomy":"post_tag","embeddable":true,"href":"https:\/\/www.ip.usp.br\/site\/wp-json\/wp\/v2\/tags?post=9291"}],"curies":[{"name":"wp","href":"https:\/\/api.w.org\/{rel}","templated":true}]}}