{"id":9392,"date":"2016-09-20T08:19:18","date_gmt":"2016-09-20T11:19:18","guid":{"rendered":"https:\/\/www.ip.usp.br\/site\/?page_id=9392"},"modified":"2024-12-05T10:10:21","modified_gmt":"2024-12-05T13:10:21","slug":"legislacao-2","status":"publish","type":"page","link":"https:\/\/www.ip.usp.br\/site\/legislacao-2\/","title":{"rendered":"Legisla\u00e7\u00e3o IPUSP"},"content":{"rendered":"<table style=\"border-collapse: collapse;width: 100%;height: 152px\">\n<tbody>\n<tr style=\"height: 64px\">\n<td style=\"width: 25%;text-align: center;vertical-align: middle;height: 64px\">\n<h5><a style=\"font-family: inherit;font-size: inherit;text-align: center\" href=\"http:\/\/www.leginf.usp.br\/?cat=17\" target=\"_blank\" rel=\"noopener noreferrer\">Regimento Geral da USP<\/a><\/h5>\n<\/td>\n<td style=\"width: 25%;text-align: center;vertical-align: middle;height: 64px\">\n<h5><a href=\"http:\/\/www.leginf.usp.br\/?cat=22\" target=\"_blank\" rel=\"noopener noreferrer\">Regimento do Conselho Universit\u00e1rio da USP<\/a><\/h5>\n<\/td>\n<td style=\"width: 25%;text-align: center;vertical-align: middle;height: 64px\">\n<h5><a href=\"http:\/\/www.leginf.usp.br\/?cat=16\" target=\"_blank\" rel=\"noopener noreferrer\">Estatuto da USP<\/a><\/h5>\n<\/td>\n<\/tr>\n<tr style=\"height: 64px\">\n<td style=\"width: 25%;height: 64px;text-align: center\">\n<h5><a href=\"http:\/\/www.usp.br\/secretaria\/\">Secretaria Geral da USP<\/a><\/h5>\n<\/td>\n<td style=\"width: 25%;height: 64px;text-align: center\">\n<h5><a href=\"http:\/\/www.leginf.usp.br\/\">Normas USP<\/a><\/h5>\n<\/td>\n<td style=\"width: 25%;height: 64px;text-align: center\">\n<h5><a href=\"http:\/\/www.leginf.usp.br\/?resolucao=resolucao-no-4089-de-21-de-junho-de-1994-2\">Regimento do IPUSP<\/a><\/h5>\n<\/td>\n<\/tr>\n<\/tbody>\n<\/table>\n<h5><a href=\"https:\/\/www.ip.usp.br\/site\/wp-content\/uploads\/2019\/04\/Portaria4219062017NormasfuncBlocodid\u00e1tico0001.pdf\" target=\"_blank\" rel=\"noopener noreferrer\">Portaria IP 42\/2017<\/a><br \/>\nEstabelece normas de funcionamento para o Bloco Did\u00e1tico do IPUSP<\/h5>\n<h5><a href=\"https:\/\/www.ip.usp.br\/site\/portaria-ip-62016\/\" target=\"_blank\" rel=\"noopener noreferrer\">Portaria IP 6\/2016 <\/a><br \/>\nRegulamenta\u00e7\u00e3o de procedimentos internos para as requisi\u00e7\u00f5es de compras de bens e servi\u00e7os<\/h5>\n<h5><a href=\"https:\/\/www.ip.usp.br\/site\/wp-content\/uploads\/2019\/04\/Portaria_Congrega\u00e7\u00e3oIPTV0001.pdf\" target=\"_blank\" rel=\"noopener noreferrer\">Portaria 04\/2016<\/a><br \/>\nDisp\u00f5e sobre a transmiss\u00e3o e grava\u00e7\u00e3o das sess\u00f5es da Congrega\u00e7\u00e3o do IPUSP<\/h5>\n<h5><a href=\"https:\/\/www.ip.usp.br\/site\/wp-content\/uploads\/2019\/04\/Portaria_CAEP_23_de_junho_2015.pdf\" target=\"_blank\" rel=\"noopener noreferrer\">Portaria IP &#8211; 047<\/a> de 23\/junho\/2015<br \/>\nNormas e Procedimentos de Apoio a Eventos no IPUSP<\/h5>\n<h5><a href=\"https:\/\/www.ip.usp.br\/site\/wp-content\/uploads\/2019\/04\/Portaria_IP_40_de_16-07-2013_Atualizada_CTA_11nov2013.pdf\" target=\"_blank\" rel=\"noopener noreferrer\">Portaria 40\/13<\/a> &#8211; Disp\u00f5e sobre a utiliza\u00e7\u00e3o da verba de treinamento do IPUSP (vers\u00e3o atualizada)<\/h5>\n<h5 style=\"padding-left: 120px\"><a href=\"https:\/\/www.ip.usp.br\/site\/wp-content\/uploads\/2019\/04\/Formul\u00e1rio_de_Treinamento.docx\" target=\"_blank\" rel=\"noopener noreferrer\">ANEXO<\/a> Formul\u00e1rio da Portaria 40\/13<\/h5>\n<h5><a href=\"https:\/\/www.ip.usp.br\/site\/wp-content\/uploads\/2019\/04\/91-07-extuniv.pdf\" target=\"_blank\" rel=\"noopener noreferrer\">Portaria 91\/07<\/a><br \/>\nRegulamenta e estabelece normas sobre os Cursos de Extens\u00e3o Universit\u00e1ria do IPUSP<\/h5>\n<h5><a href=\"https:\/\/www.ip.usp.br\/site\/wp-content\/uploads\/2019\/04\/50-07equipamentosaudiovisuais.pdf\" target=\"_blank\" rel=\"noopener noreferrer\">Portaria 50\/07<\/a><br \/>\nPrioridades para o uso de equipamentos audiovisuais do IPUSP<\/h5>\n<h5><a href=\"https:\/\/www.ip.usp.br\/site\/wp-content\/uploads\/2019\/04\/45-07eticapesqanimais.pdf\" target=\"_blank\" rel=\"noopener noreferrer\">Portaria 45\/07<\/a><br \/>\nComiss\u00e3o de \u00c9tica em Pesquisa com Animais (CEPA) do IPUSP<\/h5>\n<h5><a href=\"https:\/\/www.ip.usp.br\/site\/wp-content\/uploads\/2019\/04\/42-07auditorios.pdf\" target=\"_blank\" rel=\"noopener noreferrer\">Portaria 42\/07<\/a><br \/>\nUtiliza\u00e7\u00e3o dos audit\u00f3rios do IPUSP<\/h5>\n<h5><a href=\"https:\/\/www.ip.usp.br\/site\/wp-content\/uploads\/2019\/04\/01-2007veiculosppesquisa.pdf\" target=\"_blank\" rel=\"noopener noreferrer\">Portaria 01\/07<\/a><br \/>\nVe\u00edculos oficiais para pesquisas do IPUSP<\/h5>\n<h5><a href=\"https:\/\/www.ip.usp.br\/site\/wp-content\/uploads\/2019\/04\/45-06prioridades_salas_bloco_b.pdf\" target=\"_blank\" rel=\"noopener noreferrer\">Portaria 45\/06<\/a><br \/>\nPrioridade no uso de salas de aulas do Bloco B (Did\u00e1tico) do IPUSP<\/h5>\n<h5><a href=\"https:\/\/www.ip.usp.br\/site\/wp-content\/uploads\/2019\/04\/44-2006festasestudantis.pdf\" target=\"_blank\" rel=\"noopener noreferrer\">Portaria 44\/06<\/a><br \/>\nFestas Estudantis do IPUSP<\/h5>\n<h5><a href=\"https:\/\/www.ip.usp.br\/site\/wp-content\/uploads\/2019\/04\/cotadepapeletonerproaluno.pdf\" target=\"_blank\" rel=\"noopener noreferrer\">Cota de papel para Pr\u00f3-Aluno<\/a> do IPUSP<\/h5>\n<h5><a href=\"https:\/\/www.ip.usp.br\/site\/wp-content\/uploads\/2019\/04\/90-05salasdeaula.pdf\" target=\"_blank\" rel=\"noopener noreferrer\">Portaria 90\/05<\/a><br \/>\nLocal de aulas da Gradua\u00e7\u00e3o e P\u00f3s-Gradua\u00e7\u00e3o para alunos incritos em disciplinas do IPUSP<\/h5>\n<h5><a href=\"https:\/\/www.ip.usp.br\/site\/wp-content\/uploads\/2019\/04\/20-04ajudadecustosparaconvidados.pdf\" target=\"_blank\" rel=\"noopener noreferrer\">Portaria 20\/04<\/a><br \/>\nAjuda de custo a convidados pelo IPUSP para membros de bancas dos cursos de P\u00f3s-Gradua\u00e7\u00e3o<\/h5>\n<h5><a href=\"https:\/\/www.ip.usp.br\/site\/wp-content\/uploads\/2019\/04\/27-03-eticaempesquisahumanos.pdf\" target=\"_blank\" rel=\"noopener noreferrer\">Portaria 27\/03<\/a><br \/>\nRegulamento da Comiss\u00e3o de \u00c9tica em Pesquisa com Seres Humanos do IPUSP<\/h5>\n<h5><a href=\"https:\/\/www.ip.usp.br\/site\/wp-content\/uploads\/2019\/04\/02-01-cursosextracurric.pdf\" target=\"_blank\" rel=\"noopener noreferrer\">Portaria 02\/01<\/a><br \/>\nCursos extra-curriculares do IPUSP<\/h5>\n<h5><a href=\"https:\/\/www.ip.usp.br\/site\/wp-content\/uploads\/2019\/04\/requisicaoxerox.pdf\" target=\"_blank\" rel=\"noopener noreferrer\">Regulamenta\u00e7\u00e3o sobre a tiragem de c\u00f3pias<\/a> no IPUSP<\/h5>\n<h5><\/h5>\n","protected":false},"excerpt":{"rendered":"<p>Regimento Geral da USP Regimento do Conselho Universit\u00e1rio da USP Estatuto da USP Secretaria Geral da USP Normas USP Regimento do IPUSP Portaria IP 42\/2017 Estabelece normas de funcionamento para o Bloco Did\u00e1tico do IPUSP Portaria IP 6\/2016 Regulamenta\u00e7\u00e3o de procedimentos internos para as requisi\u00e7\u00f5es de compras de bens e servi\u00e7os Portaria 04\/2016 Disp\u00f5e sobre [&hellip;]<\/p>\n","protected":false},"author":2,"featured_media":0,"parent":0,"menu_order":0,"comment_status":"closed","ping_status":"closed","template":"","meta":{"_acf_changed":false,"footnotes":""},"categories":[410],"tags":[],"class_list":["post-9392","page","type-page","status-publish","hentry","category-estrutura-administrativa"],"acf":[],"jetpack_sharing_enabled":true,"_links":{"self":[{"href":"https:\/\/www.ip.usp.br\/site\/wp-json\/wp\/v2\/pages\/9392","targetHints":{"allow":["GET"]}}],"collection":[{"href":"https:\/\/www.ip.usp.br\/site\/wp-json\/wp\/v2\/pages"}],"about":[{"href":"https:\/\/www.ip.usp.br\/site\/wp-json\/wp\/v2\/types\/page"}],"author":[{"embeddable":true,"href":"https:\/\/www.ip.usp.br\/site\/wp-json\/wp\/v2\/users\/2"}],"replies":[{"embeddable":true,"href":"https:\/\/www.ip.usp.br\/site\/wp-json\/wp\/v2\/comments?post=9392"}],"version-history":[{"count":23,"href":"https:\/\/www.ip.usp.br\/site\/wp-json\/wp\/v2\/pages\/9392\/revisions"}],"predecessor-version":[{"id":49213,"href":"https:\/\/www.ip.usp.br\/site\/wp-json\/wp\/v2\/pages\/9392\/revisions\/49213"}],"wp:attachment":[{"href":"https:\/\/www.ip.usp.br\/site\/wp-json\/wp\/v2\/media?parent=9392"}],"wp:term":[{"taxonomy":"category","embeddable":true,"href":"https:\/\/www.ip.usp.br\/site\/wp-json\/wp\/v2\/categories?post=9392"},{"taxonomy":"post_tag","embeddable":true,"href":"https:\/\/www.ip.usp.br\/site\/wp-json\/wp\/v2\/tags?post=9392"}],"curies":[{"name":"wp","href":"https:\/\/api.w.org\/{rel}","templated":true}]}}