{"id":9403,"date":"2016-09-20T09:41:30","date_gmt":"2016-09-20T12:41:30","guid":{"rendered":"https:\/\/www.ip.usp.br\/site\/?page_id=9403"},"modified":"2019-02-04T08:33:56","modified_gmt":"2019-02-04T11:33:56","slug":"programa-usp-ifriends","status":"publish","type":"page","link":"https:\/\/www.ip.usp.br\/site\/programa-usp-ifriends\/","title":{"rendered":"Programa USP iFriends"},"content":{"rendered":"<div id=\"content-container\">\n<div id=\"content\">\n<div id=\"content-container\">\n<div id=\"content\">\n<p class=\"p-title\">Como me torno um Amigo USP?<\/p>\n<p>Se voc\u00ea \u00e9 aluno de gradua\u00e7\u00e3o, cadastre-se via <a href=\"https:\/\/uspdigital.usp.br\/jupiterweb\/\" target=\"_blank\" rel=\"noopener\">Sistema JupiterWeb<\/a>, no item de menu \u201cPrograma USP iFriends\u201d.<\/p>\n<p class=\"alert\">As inscri\u00e7\u00f5es para a edi\u00e7\u00e3o do 2\u00ba semestre de 2016 est\u00e3o abertas at\u00e9 31 de agosto de 2016.<\/p>\n<p>Suas respostas ser\u00e3o armazenadas no nosso banco de dados e voc\u00ea poder\u00e1 consultar uma lista de intercambistas interessados em ter um Amigo USP. Ao selecionar um intercambista, voc\u00ea se torna seu Amigo USP e tem acesso ao contato do intercambista. Ao mesmo tempo, ser\u00e1 enviado a ele um e-mail autom\u00e1tico com as suas informa\u00e7\u00f5es de contato. Ap\u00f3s a inscri\u00e7\u00e3o no Jupiterweb, voc\u00ea tamb\u00e9m poder\u00e1 juntar-se ao nosso grupo no Facebook: <a href=\"https:\/\/www.facebook.com\/groups\/112748965489904\/\" target=\"_blank\" rel=\"noopener\">USP iFriends<\/a>. Caso voc\u00ea seja aluno de p\u00f3s-gradua\u00e7\u00e3o e queira fazer parte do programa, contate-nos pelo e-mail <a href=\"mailto:ifriends@usp.br\" target=\"_blank\" rel=\"noopener\">ifriends@usp.br<\/a> ou via Facebook, na p\u00e1gina: <a href=\"https:\/\/www.facebook.com\/usp.ifriends\" target=\"_blank\" rel=\"noopener\">https:\/\/www.facebook.com\/usp.ifriends<\/a>.<\/p>\n<h3>Sou intercambista de gradua\u00e7\u00e3o e desejo ter um Amigo USP<\/h3>\n<p>Se voc\u00ea \u00e9 um intercambista de gradua\u00e7\u00e3o, inscreva-se no Programa USP iFriends ao preencher o formul\u00e1rio de candidatura \u00e0 mobilidade no Sistema Mundus. Os alunos de gradua\u00e7\u00e3o USP tamb\u00e9m fazem a inscri\u00e7\u00e3o na edi\u00e7\u00e3o do programa (que se inicia ao final de cada semestre letivo, previamente \u00e0 chegada de intercambistas no in\u00edcio do semestre subsequente), e escolhem os intercambistas que podem ajudar. Quando algu\u00e9m se tornar seu Amigo USP, voc\u00ea receber\u00e1 um e-mail contendo as informa\u00e7\u00f5es e contatos desse aluno para que voc\u00eas iniciem uma conversa.<br \/>\nAp\u00f3s a inscri\u00e7\u00e3o no programa, junte-se tamb\u00e9m ao nosso grupo no Facebook <a href=\"https:\/\/www.facebook.com\/groups\/112748965489904\/\" target=\"_blank\" rel=\"noopener\">USP iFriends<\/a>.<\/p>\n<p>Caso voc\u00ea seja intercambista de p\u00f3s-gradua\u00e7\u00e3o e queira fazer parte do programa, contate-nos pelo e-mail\u00a0<a href=\"mailto:ifriends@usp.br\" target=\"_blank\" rel=\"noopener\">ifriends@usp.br<\/a> ou via Facebook, na p\u00e1gina: <a href=\"https:\/\/www.facebook.com\/usp.ifriends\" target=\"_blank\" rel=\"noopener\">https:\/\/www.facebook.com\/usp.ifriends<\/a>.<\/p>\n<h3>Para o aluno USP, quais s\u00e3o as vantagens de se ter um iFriend?<\/h3>\n<p>N\u00e3o \u00e9 mais necess\u00e1rio viajar para ter uma experi\u00eancia internacional. A Universidade de S\u00e3o Paulo recebe muitos estudantes estrangeiros por ano, o que significa, entre outros fatores, oportunidades para praticar outros idiomas, fazer novas amizades, conhecer de perto outras culturas, bem como ter contato com estudantes de universidades estrangeiras.<\/p>\n<\/div>\n<\/div>\n<\/div>\n<\/div>\n","protected":false},"excerpt":{"rendered":"<p>Como me torno um Amigo USP? Se voc\u00ea \u00e9 aluno de gradua\u00e7\u00e3o, cadastre-se via Sistema JupiterWeb, no item de menu \u201cPrograma USP iFriends\u201d. As inscri\u00e7\u00f5es para a edi\u00e7\u00e3o do 2\u00ba semestre de 2016 est\u00e3o abertas at\u00e9 31 de agosto de 2016. Suas respostas ser\u00e3o armazenadas no nosso banco de dados e voc\u00ea poder\u00e1 consultar uma [&hellip;]<\/p>\n","protected":false},"author":2,"featured_media":0,"parent":0,"menu_order":0,"comment_status":"closed","ping_status":"closed","template":"","meta":{"_acf_changed":false,"footnotes":""},"categories":[414],"tags":[],"class_list":["post-9403","page","type-page","status-publish","hentry","category-intercambio"],"acf":[],"jetpack_sharing_enabled":true,"_links":{"self":[{"href":"https:\/\/www.ip.usp.br\/site\/wp-json\/wp\/v2\/pages\/9403","targetHints":{"allow":["GET"]}}],"collection":[{"href":"https:\/\/www.ip.usp.br\/site\/wp-json\/wp\/v2\/pages"}],"about":[{"href":"https:\/\/www.ip.usp.br\/site\/wp-json\/wp\/v2\/types\/page"}],"author":[{"embeddable":true,"href":"https:\/\/www.ip.usp.br\/site\/wp-json\/wp\/v2\/users\/2"}],"replies":[{"embeddable":true,"href":"https:\/\/www.ip.usp.br\/site\/wp-json\/wp\/v2\/comments?post=9403"}],"version-history":[{"count":7,"href":"https:\/\/www.ip.usp.br\/site\/wp-json\/wp\/v2\/pages\/9403\/revisions"}],"predecessor-version":[{"id":27540,"href":"https:\/\/www.ip.usp.br\/site\/wp-json\/wp\/v2\/pages\/9403\/revisions\/27540"}],"wp:attachment":[{"href":"https:\/\/www.ip.usp.br\/site\/wp-json\/wp\/v2\/media?parent=9403"}],"wp:term":[{"taxonomy":"category","embeddable":true,"href":"https:\/\/www.ip.usp.br\/site\/wp-json\/wp\/v2\/categories?post=9403"},{"taxonomy":"post_tag","embeddable":true,"href":"https:\/\/www.ip.usp.br\/site\/wp-json\/wp\/v2\/tags?post=9403"}],"curies":[{"name":"wp","href":"https:\/\/api.w.org\/{rel}","templated":true}]}}