{"id":9477,"date":"2016-09-20T14:35:50","date_gmt":"2016-09-20T17:35:50","guid":{"rendered":"https:\/\/www.ip.usp.br\/site\/?page_id=9477"},"modified":"2018-08-31T08:59:02","modified_gmt":"2018-08-31T11:59:02","slug":"visitante-internacional","status":"publish","type":"page","link":"https:\/\/www.ip.usp.br\/site\/visitante-internacional\/","title":{"rendered":"Visitante internacional"},"content":{"rendered":"<p>A recep\u00e7\u00e3o de professores e pesquisadores visitantes estrangeiros \u00e9 de fundamental import\u00e2ncia para o processo de internacionaliza\u00e7\u00e3o. \u00c9 uma forma de compartilhar experi\u00eancias, conhecer outras realidades e intensificar a coopera\u00e7\u00e3o acad\u00eamica. Dessa forma, ao receber professores estrangeiros \u00e9 interessante envolv\u00ea-los\u00a0em visitas t\u00e9cnicas\u00a0e\u00a0em atividades de ensino (gradua\u00e7\u00e3o e p\u00f3s-gradua\u00e7\u00e3o), pesquisa e extens\u00e3o.<\/p>\n<h3>Procedimentos<\/h3>\n<p>O docente respons\u00e1vel pela visita dever\u00e1 encaminhar carta ao chefe do departamento informando:<\/p>\n<ul>\n<li>Nome completo do professor visitante;<\/li>\n<li>Institui\u00e7\u00e3o;<\/li>\n<li>Per\u00edodo da visita;<\/li>\n<li>Objetivo da visita \/ Programa\u00e7\u00e3o das atividades.<\/li>\n<\/ul>\n<p>O chefe do departamento d\u00e1 encaminhamento \u00e0 Diretoria\/Se\u00e7\u00e3o de Rela\u00e7\u00f5es Institucionais e Comunica\u00e7\u00e3o, que tratar\u00e1 dos detalhes da visita em conjunto com o docente respons\u00e1vel.\u00a0Os estrangeiros que participar\u00e3o do programa de\u00a0mobilidade da USP dever\u00e3o procurar o consulado brasileiro em seu pa\u00eds de origem\u00a0para obter o visto, que \u00e9\u00a0um documento pessoal.\u00a0Cabe ressaltar que com o &#8220;Visto de Turista&#8221; \u00e9 vetado o exerc\u00edcio de atividade remunerada:<\/p>\n<ul>\n<li><a href=\"http:\/\/www.portalconsular.mre.gov.br\/\" target=\"_blank\" rel=\"noopener\">Consulados brasileiros no mundo<\/a><\/li>\n<li><a href=\"http:\/\/www.cnpq.br\/web\/guest\/aex-expedicao-cientifica\" target=\"_blank\" rel=\"noopener\">Autoriza\u00e7\u00e3o para coleta e pesquisa por estrangeiros<\/a><\/li>\n<\/ul>\n","protected":false},"excerpt":{"rendered":"<p>A recep\u00e7\u00e3o de professores e pesquisadores visitantes estrangeiros \u00e9 de fundamental import\u00e2ncia para o processo de internacionaliza\u00e7\u00e3o. \u00c9 uma forma de compartilhar experi\u00eancias, conhecer outras realidades e intensificar a coopera\u00e7\u00e3o acad\u00eamica. Dessa forma, ao receber professores estrangeiros \u00e9 interessante envolv\u00ea-los\u00a0em visitas t\u00e9cnicas\u00a0e\u00a0em atividades de ensino (gradua\u00e7\u00e3o e p\u00f3s-gradua\u00e7\u00e3o), pesquisa e extens\u00e3o. Procedimentos O docente respons\u00e1vel [&hellip;]<\/p>\n","protected":false},"author":2,"featured_media":0,"parent":0,"menu_order":0,"comment_status":"closed","ping_status":"closed","template":"","meta":{"_acf_changed":false,"footnotes":""},"categories":[414],"tags":[],"class_list":["post-9477","page","type-page","status-publish","hentry","category-intercambio"],"acf":[],"jetpack_sharing_enabled":true,"_links":{"self":[{"href":"https:\/\/www.ip.usp.br\/site\/wp-json\/wp\/v2\/pages\/9477","targetHints":{"allow":["GET"]}}],"collection":[{"href":"https:\/\/www.ip.usp.br\/site\/wp-json\/wp\/v2\/pages"}],"about":[{"href":"https:\/\/www.ip.usp.br\/site\/wp-json\/wp\/v2\/types\/page"}],"author":[{"embeddable":true,"href":"https:\/\/www.ip.usp.br\/site\/wp-json\/wp\/v2\/users\/2"}],"replies":[{"embeddable":true,"href":"https:\/\/www.ip.usp.br\/site\/wp-json\/wp\/v2\/comments?post=9477"}],"version-history":[{"count":5,"href":"https:\/\/www.ip.usp.br\/site\/wp-json\/wp\/v2\/pages\/9477\/revisions"}],"predecessor-version":[{"id":22425,"href":"https:\/\/www.ip.usp.br\/site\/wp-json\/wp\/v2\/pages\/9477\/revisions\/22425"}],"wp:attachment":[{"href":"https:\/\/www.ip.usp.br\/site\/wp-json\/wp\/v2\/media?parent=9477"}],"wp:term":[{"taxonomy":"category","embeddable":true,"href":"https:\/\/www.ip.usp.br\/site\/wp-json\/wp\/v2\/categories?post=9477"},{"taxonomy":"post_tag","embeddable":true,"href":"https:\/\/www.ip.usp.br\/site\/wp-json\/wp\/v2\/tags?post=9477"}],"curies":[{"name":"wp","href":"https:\/\/api.w.org\/{rel}","templated":true}]}}