{"id":9659,"date":"2016-09-22T13:43:45","date_gmt":"2016-09-22T16:43:45","guid":{"rendered":"https:\/\/www.ip.usp.br\/site\/?page_id=9659"},"modified":"2024-10-01T11:08:09","modified_gmt":"2024-10-01T14:08:09","slug":"graduacao","status":"publish","type":"page","link":"https:\/\/www.ip.usp.br\/site\/graduacao\/","title":{"rendered":"Gradua\u00e7\u00e3o"},"content":{"rendered":"<h5 style=\"text-align: right\"><span style=\"text-decoration: underline\"><span style=\"color: #800080\"><a style=\"color: #800080;text-decoration: underline\" href=\"https:\/\/www.ip.usp.br\/site\/convenios-2\/\"><img decoding=\"async\" class=\"alignnone wp-image-44072\" src=\"https:\/\/www.ip.usp.br\/site\/wp-content\/uploads\/2023\/09\/icone-site-1-300x300.png\" alt=\"\" width=\"30\" height=\"30\" srcset=\"https:\/\/www.ip.usp.br\/site\/wp-content\/uploads\/2023\/09\/icone-site-1-300x300.png 300w, https:\/\/www.ip.usp.br\/site\/wp-content\/uploads\/2023\/09\/icone-site-1-150x150.png 150w, https:\/\/www.ip.usp.br\/site\/wp-content\/uploads\/2023\/09\/icone-site-1.png 500w\" sizes=\"(max-width: 30px) 100vw, 30px\" \/><span style=\"color: #ffffff;text-decoration: underline\">\u00a0 \u00a0 \u00a0 \u00a0 \u00a0 \u00a0 \u00a0 \u00a0 \u00a0 \u00a0 \u00a0 \u00a0 \u00a0 \u00a0 \u00a0 \u00a0 \u00a0 \u00a0 \u00a0 \u00a0 \u00a0 \u00a0 \u00a0 \u00a0 \u00a0 \u00a0 \u00a0 \u00a0 \u00a0 \u00a0 \u00a0 \u00a0 \u00a0 \u00a0 \u00a0 \u00a0 \u00a0 \u00a0 \u00a0 \u00a0<\/span><br \/>\nClique aqui para ver as institui\u00e7\u00f5es internacionais conveniadas para interc\u00e2mbio<\/a><\/span><\/span><\/h5>\n<hr \/>\n<p style=\"text-align: justify\">O Programa de Mobilidade Acad\u00eamica Internacional permite e incentiva o aluno da USP a cursar disciplinas e desenvolver demais atividades acad\u00eamicas em Institui\u00e7\u00f5es de Ensino Superior estrangeiras. Fazer um interc\u00e2mbio da gradua\u00e7\u00e3o possibilita abrir horizontes, adquirir novos conhecimentos, ampliar oportunidades de empregabilidade, enriquecer o repert\u00f3rio cultural e a experi\u00eancia individual.<br \/>\nO aluno de gradua\u00e7\u00e3o interessado em realizar interc\u00e2mbio tem como ponto de partida pesquisar e refletir sobre o pa\u00eds e as institui\u00e7\u00f5es de ensino superior que mais lhe atraem. Deve visitar os websites das institui\u00e7\u00f5es verificando os cursos e suas disciplinas a fim de filtrar o que seja melhor para sua forma\u00e7\u00e3o acad\u00eamica. Diante do interesse, o aluno deve verificar se a institui\u00e7\u00e3o possui conv\u00eanio acad\u00eamico vigente com o IP,\u00a0com a USP ou se n\u00e3o \u00e9 conveniada e deve seguir as orienta\u00e7\u00f5es descritas abaixo.<\/p>\n<h3>Mobilidade em universidades conveniadas com o IPUSP<\/h3>\n<p>Consulte a lista de <a href=\"https:\/\/www.ip.usp.br\/site\/convenios-2\/\">institui\u00e7\u00f5es internacionais conveniadas<\/a>.<br \/>\nConfira os editais vigentes para alunos de Gradua\u00e7\u00e3o do IP no\u00a0<a href=\"https:\/\/uspdigital.usp.br\/mundus\/editalintercambiopublicoListar?nivpbcavo=G&amp;codmnu=2070\" target=\"_blank\" rel=\"noopener\">Sistema Mundus<\/a>.<\/p>\n<h3 class=\"main-t\">Mobilidade em universidades conveniadas com a USP<\/h3>\n<p>Consulte a\u00a0<a href=\"http:\/\/www.usp.br\/internationaloffice\/index.php\/convenios\/instituicoes-conveniadas\/\" target=\"_blank\" rel=\"noopener\">lista de universidades<\/a>\u00a0conveniadas com a USP (aten\u00e7\u00e3o<strong>:<\/strong> coloque como &#8220;interveniente&#8221; a USP).<br \/>\nO processo de sele\u00e7\u00e3o \u00e9 conduzido pela Ag\u00eancia USP de Coopera\u00e7\u00e3o Acad\u00eamica Nacional e Internacional (AUCANI), por isso a candidatura aos processos de sele\u00e7\u00e3o dever\u00e1 seguir os crit\u00e9rios e orienta\u00e7\u00f5es estabelecidos nos Editais dessa ag\u00eancia. Consulte a disponibilidade de editais no site da\u00a0<a href=\"http:\/\/www.usp.br\/internationaloffice\/\" target=\"_blank\" rel=\"noopener\">AUCANI<\/a>.<\/p>\n<h3 class=\"main-t\">Mobilidade em universidades n\u00e3o conveniadas com o IP e a USP<\/h3>\n<p>Se a universidade de interesse n\u00e3o for conveniada nem com o IP nem com a USP, o aluno dever\u00e1 ligar ou se informar\u00a0pessoalmente sobre as inscri\u00e7\u00f5es na <a href=\"https:\/\/www.ip.usp.br\/site\/ccint\/\" rel=\"noopener\">CCINT<\/a>. Al\u00e9m dos documentos necess\u00e1rios para a inscri\u00e7\u00e3o conforme consta no <a href=\"http:\/\/www.usp.br\/internationaloffice\/index.php\/mobilidade\/graduacao\/como-se-candidatar\/\" target=\"_blank\" rel=\"noopener\">Programa Mobilidade USP<\/a>, o aluno dever\u00e1 verificar as normas, documenta\u00e7\u00e3o e prazos espec\u00edficos exigidos pela institui\u00e7\u00e3o de destino. Se o aluno for selecionado, a CCINT negociar\u00e1 com a universidade estrangeira uma vaga individual, bem como a isen\u00e7\u00e3o de taxas escolares. Por\u00e9m,\u00a0a indica\u00e7\u00e3o do aluno n\u00e3o garante a realiza\u00e7\u00e3o do interc\u00e2mbio, cabendo exclusivamente \u00e0 institui\u00e7\u00e3o estrangeira a disponibiliza\u00e7\u00e3o da vaga.<\/p>\n<h3 class=\"main-t\">Bolsas<\/h3>\n<p>Consulte oportunidades de bolsas de interc\u00e2mbio em: <a href=\"https:\/\/uspdigital.usp.br\/mundus\/\" target=\"_blank\" rel=\"noopener\">https:\/\/uspdigital.usp.br\/mundus\/<br \/>\n<\/a>Confira regularmente\u00a0os programas externos que possuem negocia\u00e7\u00e3o\/parceria com a USP, como o\u00a0<a href=\"http:\/\/www.cienciasemfronteiras.gov.br\/web\/csf\/graduacao1\" target=\"_blank\" rel=\"noopener\">Programa Ci\u00eancia sem Fronteiras<\/a>\u00a0e o\u00a0<a href=\"https:\/\/www.santanderuniversidades.com.br\/bolsas\/Paginas\/default.aspx?gclid=Cj0KEQjwmri_BRCZpaHkuIH75_IBEiQAIG0rIQLu0q2xZwFc9tpLK486HAS93OA048TAJWN7jSkpwdUaAtd58P8HAQ\" target=\"_blank\" rel=\"noopener\">Programa Santander<\/a> &#8211; cujas informa\u00e7\u00f5es est\u00e3o dispon\u00edveis no\u00a0site da <a href=\"http:\/\/www.usp.br\/internationaloffice\/\" target=\"_blank\" rel=\"noopener\">AUCANI<\/a><strong>.<\/strong><\/p>\n<h3>Apoio Financeiro<\/h3>\n<p>Os processos de sele\u00e7\u00e3o n\u00e3o garantem a concess\u00e3o de apoio financeiro &#8211; exceto quando estabelecido no pr\u00f3prio edital. Os conv\u00eanios do IP ou da USP n\u00e3o\u00a0preveem bolsas de estudos. Portanto, o aluno que se propuser a participar de um interc\u00e2mbio deve estar preparado para responsabilizar-se pelas despesas de passagem a\u00e9rea, estadia, seguro-sa\u00fade e custos pessoais, utilizando recursos pr\u00f3prios, ou pleitear bolsa\/aux\u00edlio financeiro de programas da USP ou externos, observando os editais espec\u00edficos para este fim. Em geral, os conv\u00eanios estabelecem o n\u00famero de vagas, a isen\u00e7\u00e3o de taxas escolares e o reconhecimento dos cr\u00e9ditos.<\/p>\n","protected":false},"excerpt":{"rendered":"<p>\u00a0 \u00a0 \u00a0 \u00a0 \u00a0 \u00a0 \u00a0 \u00a0 \u00a0 \u00a0 \u00a0 \u00a0 \u00a0 \u00a0 \u00a0 \u00a0 \u00a0 \u00a0 \u00a0 \u00a0 \u00a0 \u00a0 \u00a0 \u00a0 \u00a0 \u00a0 \u00a0 \u00a0 \u00a0 \u00a0 \u00a0 \u00a0 \u00a0 \u00a0 \u00a0 \u00a0 \u00a0 \u00a0 \u00a0 \u00a0 Clique aqui para ver as institui\u00e7\u00f5es internacionais conveniadas para interc\u00e2mbio O Programa de Mobilidade Acad\u00eamica [&hellip;]<\/p>\n","protected":false},"author":2,"featured_media":0,"parent":0,"menu_order":0,"comment_status":"closed","ping_status":"closed","template":"","meta":{"_acf_changed":false,"footnotes":""},"categories":[414],"tags":[],"class_list":["post-9659","page","type-page","status-publish","hentry","category-intercambio"],"acf":[],"jetpack_sharing_enabled":true,"_links":{"self":[{"href":"https:\/\/www.ip.usp.br\/site\/wp-json\/wp\/v2\/pages\/9659","targetHints":{"allow":["GET"]}}],"collection":[{"href":"https:\/\/www.ip.usp.br\/site\/wp-json\/wp\/v2\/pages"}],"about":[{"href":"https:\/\/www.ip.usp.br\/site\/wp-json\/wp\/v2\/types\/page"}],"author":[{"embeddable":true,"href":"https:\/\/www.ip.usp.br\/site\/wp-json\/wp\/v2\/users\/2"}],"replies":[{"embeddable":true,"href":"https:\/\/www.ip.usp.br\/site\/wp-json\/wp\/v2\/comments?post=9659"}],"version-history":[{"count":22,"href":"https:\/\/www.ip.usp.br\/site\/wp-json\/wp\/v2\/pages\/9659\/revisions"}],"predecessor-version":[{"id":48554,"href":"https:\/\/www.ip.usp.br\/site\/wp-json\/wp\/v2\/pages\/9659\/revisions\/48554"}],"wp:attachment":[{"href":"https:\/\/www.ip.usp.br\/site\/wp-json\/wp\/v2\/media?parent=9659"}],"wp:term":[{"taxonomy":"category","embeddable":true,"href":"https:\/\/www.ip.usp.br\/site\/wp-json\/wp\/v2\/categories?post=9659"},{"taxonomy":"post_tag","embeddable":true,"href":"https:\/\/www.ip.usp.br\/site\/wp-json\/wp\/v2\/tags?post=9659"}],"curies":[{"name":"wp","href":"https:\/\/api.w.org\/{rel}","templated":true}]}}