{"id":9691,"date":"2016-09-22T15:14:15","date_gmt":"2016-09-22T18:14:15","guid":{"rendered":"https:\/\/www.ip.usp.br\/site\/?page_id=9691"},"modified":"2025-08-08T11:37:27","modified_gmt":"2025-08-08T14:37:27","slug":"posdoutorado","status":"publish","type":"page","link":"https:\/\/www.ip.usp.br\/site\/posdoutorado\/","title":{"rendered":"P\u00f3s-Doutorado"},"content":{"rendered":"<p><strong><em><u>CADASTRAMENTO INICIAL \u2013\u00a0<\/u>Conforme\u00a0<\/em><\/strong><strong><em>RESOLU\u00c7\u00c3O \u00a0CoPI N\u00ba 8689, DE 3 DE SETEMBRO DE 2024<\/em><\/strong><\/p>\n<p><strong>\u00a0<\/strong><\/p>\n<ul style=\"list-style-type: square;\">\n<li><a href=\"https:\/\/www.ip.usp.br\/site\/wp-content\/uploads\/2025\/08\/Formulario_Cadastro_Inicial__Pos-Doc.doc\" target=\"_blank\" rel=\"noopener\">Formul\u00e1rio para cadastramento inicial<\/a><\/li>\n<li>Projeto de Pesquisa<\/li>\n<li>Plano de Trabalho com cronograma de execu\u00e7\u00e3o<\/li>\n<li>Carta de Encaminhamento do Supervisor dando Aceite e Aprova\u00e7\u00e3o do Projeto Inicial, <strong>Assinada<\/strong><\/li>\n<li>Aprova\u00e7\u00e3o e ou Submiss\u00e3o pelo Comit\u00ea de \u00c9tica (ambiental, Animais ou Seres Humanos)<\/li>\n<li>Curr\u00edculo Lattes do (a) candidato (a). <strong>(RESUMIDO)<\/strong><\/li>\n<li>C\u00f3pia do RG. Para estrangeiros, RNE ou protocolo.<\/li>\n<\/ul>\n<p><strong>A carteira CNH n\u00e3o \u00e9 v\u00e1lida para a inscri\u00e7\u00e3o no programa.<\/strong><\/p>\n<ul style=\"list-style-type: square;\">\n<li>C\u00f3pia do CPF<\/li>\n<li>C\u00f3pia do Diploma de P\u00f3s-Gradua\u00e7\u00e3o ou Certificado de Conclus\u00e3o de P\u00f3s-Gradua\u00e7\u00e3o<\/li>\n<li>Foto 3&#215;4 digitalizada \u2013 <strong>enviar por email<\/strong>\u00a0<strong>em arquivo JPEG<\/strong>.<\/li>\n<\/ul>\n<p>&nbsp;<\/p>\n<p><strong>Programa SEM bolsa.<\/strong><\/p>\n<p><strong>\u00a0<\/strong><\/p>\n<ul style=\"list-style-type: square;\">\n<li>Termo de Ci\u00eancia. <strong>(<a href=\"https:\/\/www.ip.usp.br\/site\/wp-content\/uploads\/2019\/05\/ANEXO-I-TERMO-DE-CIENCIA-%E2%80%93-POS-DOUTORADO.doc\" target=\"_blank\" rel=\"noopener\">anexo I<\/a>)<\/strong>\u00a0(<strong><em>preenchido e assinado pela chefia imediata\u00a0onde Sr(a) tem v\u00ednculo empregat\u00edcio, ou\u00a0<\/em><\/strong><strong>com sua situa\u00e7\u00e3o atual nome e dados da empresa) caso seja aut\u00f4nomo, desempregado, empres\u00e1rio etc) e assinado\u00a0<em>pelo(a) Sr(a<\/em><\/strong>)<strong><em>\u00a0e supervisor(a).<\/em><\/strong><\/li>\n<li>Termo de compromisso de P\u00f3s-Doutorado \u2013 Modalidade sem bolsa. <strong>(<a href=\"https:\/\/www.ip.usp.br\/site\/wp-content\/uploads\/2019\/05\/ANEXO-II-TERMO-DE-COMPROMISSO-DE-POS-DOUTORADO-MODALIDADE-SEM-BOLSA-.doc\" target=\"_blank\" rel=\"noopener\">anexo II<\/a>)\u00a0<em>preenchido e assinado pelo(a) Sr(a<\/em><\/strong>)<strong><em>\u00a0e supervisor(a).<\/em><\/strong><\/li>\n<li>Declara\u00e7\u00e3o de Reconhecimento de Direitos de Propriedade Intelectual <strong>(<a href=\"https:\/\/www.ip.usp.br\/site\/wp-content\/uploads\/2019\/05\/ANEXO-III-DECLARA%C3%87%C3%83O-DE-RECONHECIMENTO-DE-DIREITOS-DE-PROPRIEDADE-INTELECTUAL-%E2%80%93-POS-DOUTORADO-.doc\" target=\"_blank\" rel=\"noopener\">anexo III<\/a>)<\/strong><\/li>\n<\/ul>\n<p>&nbsp;<\/p>\n<p><strong>Programa COM bolsa fornecida por ag\u00eancia de fomento.<\/strong><\/p>\n<p><strong>\u00a0<\/strong><\/p>\n<ul style=\"list-style-type: square;\">\n<li>C\u00f3pia do Termo de Outorga e Aceita\u00e7\u00e3o da Bolsa.<\/li>\n<li>Declara\u00e7\u00e3o de Reconhecimento de Direitos de Propriedade Intelectual <strong>(<a href=\"https:\/\/www.ip.usp.br\/site\/wp-content\/uploads\/2019\/05\/ANEXO-III-DECLARA%C3%87%C3%83O-DE-RECONHECIMENTO-DE-DIREITOS-DE-PROPRIEDADE-INTELECTUAL-%E2%80%93-POS-DOUTORADO-.doc\" target=\"_blank\" rel=\"noopener\">anexo III<\/a>)<\/strong><\/li>\n<\/ul>\n<p><strong>\u00a0<\/strong><\/p>\n<p><strong><em><u>PRORROGA\u00c7\u00c3O DO PROGRAMA<\/u><\/em><\/strong><\/p>\n<p><strong>\u00a0<\/strong><\/p>\n<ul style=\"list-style-type: square;\">\n<li>Plano de pesquisa (Relat\u00f3rio Parcial\u00a0 com cronograma da Prorroga\u00e7\u00e3o)<\/li>\n<li>Carta do\u00a0 Supervisor dando Aceite e Aprova\u00e7\u00e3o ao Pedido de Prorroga\u00e7\u00e3o do Projeto,\u00a0 <strong>Assinada<\/strong><\/li>\n<li>Para estrangeiros, RNE ou protocolo. Estrangeiros devem tamb\u00e9m enviar c\u00f3pia de p\u00e1gina do passaporte com visto de perman\u00eancia no Brasil, em vig\u00eancia, ou protocolo.<\/li>\n<\/ul>\n<p><strong>\u00a0<\/strong><\/p>\n<p><strong>Programa COM bolsa fornecida por ag\u00eancia de fomento.<\/strong><\/p>\n<p><strong>\u00a0<\/strong><\/p>\n<ul style=\"list-style-type: square;\">\n<li>C\u00f3pia do Termo de Prorroga\u00e7\u00e3o da Bolsa.<\/li>\n<li>C\u00f3pia do parecer da assessoria cient\u00edfica, da ag\u00eancia que a forneceu a bolsa<\/li>\n<\/ul>\n<p><strong>\u00a0\u00a0\u00a0\u00a0\u00a0\u00a0*somente em caso de mudan\u00e7a de bolsa.<\/strong><\/p>\n<ul style=\"list-style-type: square;\">\n<li>Declara\u00e7\u00e3o de Reconhecimento de Direitos de Propriedade Intelectual. <strong>(<a href=\"https:\/\/www.ip.usp.br\/site\/wp-content\/uploads\/2019\/05\/ANEXO-III-DECLARA%C3%87%C3%83O-DE-RECONHECIMENTO-DE-DIREITOS-DE-PROPRIEDADE-INTELECTUAL-%E2%80%93-POS-DOUTORADO-.doc\" target=\"_blank\" rel=\"noopener\">anexo III<\/a>)<\/strong><\/li>\n<\/ul>\n<p><strong>\u00a0<\/strong><\/p>\n<p><strong>Programa SEM bolsa.<\/strong><\/p>\n<p><strong>\u00a0<\/strong><\/p>\n<ul style=\"list-style-type: square;\">\n<li>Termo de Ci\u00eancia <strong>(<a href=\"https:\/\/www.ip.usp.br\/site\/wp-content\/uploads\/2019\/05\/ANEXO-I-TERMO-DE-CIENCIA-%E2%80%93-POS-DOUTORADO.doc\" target=\"_blank\" rel=\"noopener\">anexo I<\/a>)<\/strong>\u00a0(<strong><em>preenchido e assinado pela chefia imediata\u00a0onde Sr(a) tem v\u00ednculo empregat\u00edcio, ou<\/em>\u00a0com sua situa\u00e7\u00e3o atual (nome e dados da empresa) caso seja aut\u00f4nomo, desempregado, empres\u00e1rio etc ) e assinado\u00a0<em>pelo(a) Sr(a<\/em><\/strong>)<strong><em>\u00a0e supervisor(a).<\/em><\/strong><\/li>\n<li>Termo de compromisso de P\u00f3s-Doutorado \u2013 Modalidade sem bolsa<strong>.\u00a0(<a href=\"https:\/\/www.ip.usp.br\/site\/wp-content\/uploads\/2019\/05\/ANEXO-II-TERMO-DE-COMPROMISSO-DE-POS-DOUTORADO-MODALIDADE-SEM-BOLSA-.doc\" target=\"_blank\" rel=\"noopener\">anexo II<\/a>)<em>\u00a0preenchido e assinado pelo(a) Sr(a<\/em><\/strong>)<strong><em>\u00a0e supervisor(a).<\/em><\/strong><\/li>\n<li>Declara\u00e7\u00e3o de Reconhecimento de Direitos de Propriedade Intelectual. <strong>(<a href=\"https:\/\/www.ip.usp.br\/site\/wp-content\/uploads\/2019\/05\/ANEXO-III-DECLARA%C3%87%C3%83O-DE-RECONHECIMENTO-DE-DIREITOS-DE-PROPRIEDADE-INTELECTUAL-%E2%80%93-POS-DOUTORADO-.doc\" target=\"_blank\" rel=\"noopener\">anexo III<\/a>)<\/strong><\/li>\n<\/ul>\n<p><strong><em>\u00a0Assinatura do(a) Presidente da Comiss\u00e3o de Pesquisa e Inova\u00e7\u00e3o do IPUSP , nos anexos I e II, somos n\u00f3s\u00a0que colhemos,\u00a0 assim que toda documenta\u00e7\u00e3o for entregue corretamente<\/em><\/strong><\/p>\n<p>&nbsp;<\/p>\n<p><strong><em><u>ENCERRAMENTO DO PROGRAMA\u00a0 &#8211; COM BOLSA<\/u><\/em><\/strong><\/p>\n<p><strong>\u00a0<\/strong><\/p>\n<ul style=\"list-style-type: square;\">\n<li>Relat\u00f3rio Final <strong>\u00a0<\/strong><\/li>\n<li>Carta do\u00a0 Supervisor dando Aceite e Aprova\u00e7\u00e3o ao Pedido de Encerramento do Projeto,\u00a0 <strong>Assinada<\/strong><\/li>\n<li>Declara\u00e7\u00e3o de Reconhecimento de Direitos de Propriedade Intelectual. <strong>(<a href=\"https:\/\/www.ip.usp.br\/site\/wp-content\/uploads\/2019\/05\/ANEXO-III-DECLARA%C3%87%C3%83O-DE-RECONHECIMENTO-DE-DIREITOS-DE-PROPRIEDADE-INTELECTUAL-%E2%80%93-POS-DOUTORADO-.doc\" target=\"_blank\" rel=\"noopener\">anexo III<\/a>)<\/strong><\/li>\n<li>Parecer da Assessoria cient\u00edfica fornecida por ag\u00eancia de fomento.<\/li>\n<\/ul>\n<p>&nbsp;<\/p>\n<p><strong><em><u>ENCERRAMENTO DO PROGRAMA\u00a0 &#8211; SEM BOLSA<\/u><\/em><\/strong><\/p>\n<p><strong>\u00a0<\/strong><\/p>\n<ul style=\"list-style-type: square;\">\n<li>Relat\u00f3rio Final <strong>\u00a0<\/strong><\/li>\n<li>Carta do\u00a0 Supervisor dando Aceite e Aprova\u00e7\u00e3o ao Pedido de Encerramento do Projeto,\u00a0 <strong>Assinada<\/strong><\/li>\n<li>Declara\u00e7\u00e3o de Reconhecimento de Direitos de Propriedade Intelectual.<strong>(<a href=\"https:\/\/www.ip.usp.br\/site\/wp-content\/uploads\/2019\/05\/ANEXO-III-DECLARA%C3%87%C3%83O-DE-RECONHECIMENTO-DE-DIREITOS-DE-PROPRIEDADE-INTELECTUAL-%E2%80%93-POS-DOUTORADO-.doc\" target=\"_blank\" rel=\"noopener\">anexo III<\/a>)<\/strong><\/li>\n<\/ul>\n","protected":false},"excerpt":{"rendered":"<p>CADASTRAMENTO INICIAL \u2013\u00a0Conforme\u00a0RESOLU\u00c7\u00c3O \u00a0CoPI N\u00ba 8689, DE 3 DE SETEMBRO DE 2024 \u00a0 Formul\u00e1rio para cadastramento inicial Projeto de Pesquisa Plano de Trabalho com cronograma de execu\u00e7\u00e3o Carta de Encaminhamento do Supervisor dando Aceite e Aprova\u00e7\u00e3o do Projeto Inicial, Assinada Aprova\u00e7\u00e3o e ou Submiss\u00e3o pelo Comit\u00ea de \u00c9tica (ambiental, Animais ou Seres Humanos) Curr\u00edculo Lattes [&hellip;]<\/p>\n","protected":false},"author":2,"featured_media":0,"parent":0,"menu_order":0,"comment_status":"closed","ping_status":"closed","template":"","meta":{"_acf_changed":false,"footnotes":""},"categories":[515],"tags":[],"class_list":["post-9691","page","type-page","status-publish","hentry","category-pesquisa"],"acf":[],"jetpack_sharing_enabled":true,"_links":{"self":[{"href":"https:\/\/www.ip.usp.br\/site\/wp-json\/wp\/v2\/pages\/9691","targetHints":{"allow":["GET"]}}],"collection":[{"href":"https:\/\/www.ip.usp.br\/site\/wp-json\/wp\/v2\/pages"}],"about":[{"href":"https:\/\/www.ip.usp.br\/site\/wp-json\/wp\/v2\/types\/page"}],"author":[{"embeddable":true,"href":"https:\/\/www.ip.usp.br\/site\/wp-json\/wp\/v2\/users\/2"}],"replies":[{"embeddable":true,"href":"https:\/\/www.ip.usp.br\/site\/wp-json\/wp\/v2\/comments?post=9691"}],"version-history":[{"count":62,"href":"https:\/\/www.ip.usp.br\/site\/wp-json\/wp\/v2\/pages\/9691\/revisions"}],"predecessor-version":[{"id":52654,"href":"https:\/\/www.ip.usp.br\/site\/wp-json\/wp\/v2\/pages\/9691\/revisions\/52654"}],"wp:attachment":[{"href":"https:\/\/www.ip.usp.br\/site\/wp-json\/wp\/v2\/media?parent=9691"}],"wp:term":[{"taxonomy":"category","embeddable":true,"href":"https:\/\/www.ip.usp.br\/site\/wp-json\/wp\/v2\/categories?post=9691"},{"taxonomy":"post_tag","embeddable":true,"href":"https:\/\/www.ip.usp.br\/site\/wp-json\/wp\/v2\/tags?post=9691"}],"curies":[{"name":"wp","href":"https:\/\/api.w.org\/{rel}","templated":true}]}}