{"id":9744,"date":"2016-09-26T05:51:11","date_gmt":"2016-09-26T08:51:11","guid":{"rendered":"https:\/\/www.ip.usp.br\/site\/?page_id=9744"},"modified":"2026-03-06T15:51:03","modified_gmt":"2026-03-06T18:51:03","slug":"intercambio-nacional","status":"publish","type":"page","link":"https:\/\/www.ip.usp.br\/site\/intercambio-nacional\/","title":{"rendered":"Interc\u00e2mbio Nacional"},"content":{"rendered":"<p>Outra modalidade de interc\u00e2mbio dispon\u00edvel\u00a0no IPUSP \u00e9 o nacional. As inscri\u00e7\u00f5es\u00a0podem ser feitas por:<\/p>\n<ul>\n<li>alunos regularmente matriculados na gradua\u00e7\u00e3o do IPUSP que tenham a inten\u00e7\u00e3o de cursar Psicologia por 1 semestre fora da USP, em uma Institui\u00e7\u00e3o de Ensino Superior (IES) brasileira.<\/li>\n<li>alunos regularmente matriculados no curso de Psicologia de\u00a0uma Institui\u00e7\u00e3o de Ensino Superior (IES) brasileira que tenham a inten\u00e7\u00e3o de cursar 1 semestre na gradua\u00e7\u00e3o do IPUSP.<\/li>\n<\/ul>\n<p>Existe um\u00a0<a href=\"https:\/\/www.ip.usp.br\/site\/programa-de-intercambio-academico-entre-as-universidades-estaduais-paulistas\/\" target=\"_blank\" rel=\"noopener noreferrer\">Programa de Interc\u00e2mbio Acad\u00eamico entre as Universidades Estaduais Paulistas USP\/Unesp\/Unicamp<\/a>, por\u00e9m, afora isso, n\u00e3o h\u00e1 uma lista de institui\u00e7\u00f5es nacionais conveniadas\u00a0com o IPUSP ou com a\u00a0USP. Por isso, os alunos interessados devem contatar a <a href=\"https:\/\/www.ip.usp.br\/site\/ccint\/\" target=\"_blank\" rel=\"noopener noreferrer\">CCINT<\/a>,\u00a0o <a href=\"https:\/\/www.ip.usp.br\/site\/setor-de-convenios-nacionais\/\" target=\"_blank\" rel=\"noopener noreferrer\">Setor de Conv\u00eanios Nacionais<\/a>\u00a0ou mandar um e-mail para <a href=\"mailto:convenionacionalip@usp.br\">convenionacionalip@usp.br<\/a> para se informar sobre as inscri\u00e7\u00f5es.<\/p>\n<p>No caso dos estudantes da USP que queiram se candidatar ao interc\u00e2mbio em outras universidades, \u00e9 necess\u00e1rio\u00a0verificar quais s\u00e3o as normas, a documenta\u00e7\u00e3o e os prazos espec\u00edficos exigidos pela institui\u00e7\u00e3o de destino. Se o aluno for selecionado, a CCINT negociar\u00e1 com a universidade pretendida uma vaga individual e, se necess\u00e1rio, a isen\u00e7\u00e3o de taxas escolares. Por\u00e9m,\u00a0a indica\u00e7\u00e3o do aluno n\u00e3o garante a realiza\u00e7\u00e3o do interc\u00e2mbio, compete\u00a0exclusivamente \u00e0 institui\u00e7\u00e3o de destino\u00a0a disponibiliza\u00e7\u00e3o da vaga.<\/p>\n<p>Cabe ressaltar que o interc\u00e2mbio nacional\u00a0engloba tanto institui\u00e7\u00f5es p\u00fablicas quanto privadas, por isso, alunos de universidades particulares podem se inscrever no interc\u00e2mbio nacional do IPUSP e vice-versa.<\/p>\n<h3>Apoio financeiro<\/h3>\n<p>Os processos de sele\u00e7\u00e3o n\u00e3o garantem a concess\u00e3o de apoio financeiro aos alunos USP. Portanto, o aluno que se propuser a participar de um interc\u00e2mbio nacional deve estar preparado para responsabilizar-se pelas despesas de transporte, moradia, alimenta\u00e7\u00e3o\u00a0e custos pessoais, utilizando recursos pr\u00f3prios, ou pleitear bolsa\/aux\u00edlio financeiro de programas da USP ou externos, observando os editais espec\u00edficos para este fim. Em geral, os conv\u00eanios estabelecem o n\u00famero de vagas, a isen\u00e7\u00e3o de taxas escolares e o reconhecimento dos cr\u00e9ditos.<\/p>\n<h3>Formul\u00e1rios<\/h3>\n<p><a href=\"https:\/\/www.ip.usp.br\/site\/formulario-para-firmar-convenios-nacionais-entre-o-ipusp-e-empresas\/\">Formul\u00e1rio para firmar conv\u00eanios nacionais entre o IPUSP e empresas<\/a><\/p>\n<p><a href=\"https:\/\/www.ip.usp.br\/site\/wp-content\/uploads\/2016\/10\/FORMUL\u00c1RIO-ALUNOS-INT-NACIONAL.docx\">Formul\u00e1rio de candidatura de alunos (download)<\/a><\/p>\n","protected":false},"excerpt":{"rendered":"<p>Outra modalidade de interc\u00e2mbio dispon\u00edvel\u00a0no IPUSP \u00e9 o nacional. As inscri\u00e7\u00f5es\u00a0podem ser feitas por: alunos regularmente matriculados na gradua\u00e7\u00e3o do IPUSP que tenham a inten\u00e7\u00e3o de cursar Psicologia por 1 semestre fora da USP, em uma Institui\u00e7\u00e3o de Ensino Superior (IES) brasileira. alunos regularmente matriculados no curso de Psicologia de\u00a0uma Institui\u00e7\u00e3o de Ensino Superior (IES) [&hellip;]<\/p>\n","protected":false},"author":2,"featured_media":0,"parent":0,"menu_order":0,"comment_status":"closed","ping_status":"closed","template":"","meta":{"_acf_changed":false,"footnotes":""},"categories":[414],"tags":[],"class_list":["post-9744","page","type-page","status-publish","hentry","category-intercambio"],"acf":[],"jetpack_sharing_enabled":true,"_links":{"self":[{"href":"https:\/\/www.ip.usp.br\/site\/wp-json\/wp\/v2\/pages\/9744","targetHints":{"allow":["GET"]}}],"collection":[{"href":"https:\/\/www.ip.usp.br\/site\/wp-json\/wp\/v2\/pages"}],"about":[{"href":"https:\/\/www.ip.usp.br\/site\/wp-json\/wp\/v2\/types\/page"}],"author":[{"embeddable":true,"href":"https:\/\/www.ip.usp.br\/site\/wp-json\/wp\/v2\/users\/2"}],"replies":[{"embeddable":true,"href":"https:\/\/www.ip.usp.br\/site\/wp-json\/wp\/v2\/comments?post=9744"}],"version-history":[{"count":16,"href":"https:\/\/www.ip.usp.br\/site\/wp-json\/wp\/v2\/pages\/9744\/revisions"}],"predecessor-version":[{"id":28727,"href":"https:\/\/www.ip.usp.br\/site\/wp-json\/wp\/v2\/pages\/9744\/revisions\/28727"}],"wp:attachment":[{"href":"https:\/\/www.ip.usp.br\/site\/wp-json\/wp\/v2\/media?parent=9744"}],"wp:term":[{"taxonomy":"category","embeddable":true,"href":"https:\/\/www.ip.usp.br\/site\/wp-json\/wp\/v2\/categories?post=9744"},{"taxonomy":"post_tag","embeddable":true,"href":"https:\/\/www.ip.usp.br\/site\/wp-json\/wp\/v2\/tags?post=9744"}],"curies":[{"name":"wp","href":"https:\/\/api.w.org\/{rel}","templated":true}]}}